{"id":970,"date":"2017-11-01T18:29:09","date_gmt":"2017-11-01T20:29:09","guid":{"rendered":"http:\/\/sites.usp.br\/choices\/?page_id=970"},"modified":"2017-11-03T13:07:46","modified_gmt":"2017-11-03T15:07:46","slug":"biota-nos-zoos","status":"publish","type":"page","link":"https:\/\/sites.usp.br\/choices\/biota-nos-zoos\/","title":{"rendered":"Biota nos Zoos"},"content":{"rendered":"<h3>Conserva\u00e7\u00e3o da Biodiversidade em exposi\u00e7\u00f5es de zool\u00f3gicos e aqu\u00e1rios: da informa\u00e7\u00e3o ao engajamento<\/h3>\n<h5>P\u00e1gina do projeto Biota FAPESP -Educa\u00e7\u00e3o\u00a0processo 2016\/05836-8<\/h5>\n<div>A Conserva\u00e7\u00e3o da Biodiversidade \u00e9 tema recorrente em diversos espa\u00e7os sociais. Nas esferas pol\u00edtica, acad\u00eamica ou educacional, muitas s\u00e3o as a\u00e7\u00f5es que visam condi\u00e7\u00f5es otimizadas do ambiente natural. Entretanto, tamb\u00e9m s\u00e3o extensas as a\u00e7\u00f5es humanas que condicionam a atual crise ambiental, gerando tens\u00f5es e conflitos que permeiam o cotidiano dos cidad\u00e3os. Espa\u00e7os de Educa\u00e7\u00e3o N\u00e3o Formal t\u00eam sido considerados como locais em que as tens\u00f5es presentes no discurso conservacionista podem ser amplamente investigadas. Al\u00e9m disso, citados pelos brasileiros como um dos mais visitados locais de atividades cient\u00edfico-culturais, os zool\u00f3gicos e aqu\u00e1rios assumem-se como institui\u00e7\u00f5es fundamentais para a conserva\u00e7\u00e3o da biodiversidade. Nesse cen\u00e1rio, frente a seu numeroso p\u00fablico e sua potencial import\u00e2ncia para a conserva\u00e7\u00e3o da biodiversidade, torna-se relevante questionar o papel dos zool\u00f3gicos para a resolu\u00e7\u00e3o dessas contradi\u00e7\u00f5es. A partir do referencial te\u00f3rico da Teoria da Atividade, busca-se, nesta investiga\u00e7\u00e3o, compreender como se d\u00e3o as significa\u00e7\u00f5es e pr\u00e1ticas voltadas \u00e0 conserva\u00e7\u00e3o da biodiversidade, tanto pelos profissionais de institui\u00e7\u00f5es zool\u00f3gicas quanto pelos p\u00fablicos que as visitam, bem como ressaltar as negocia\u00e7\u00f5es estabelecidas entre os discursos desses sujeitos. Espera-se, com isso, elencar elementos, pressupostos e caracter\u00edsticas presentes nessas exposi\u00e7\u00f5es que possam otimizar o entendimento p\u00fablico da ci\u00eancia acerca da conserva\u00e7\u00e3o da biodiversidade e poss\u00edveis engajamentos. Al\u00e9m disso, considera-se como poss\u00edvel inova\u00e7\u00e3o da presente pesquisa o desenvolvimento de uma ferramenta metodol\u00f3gica que possibilite a an\u00e1lise tanto de discursos expostos quanto de discursos das audi\u00eancias, bem como a proposi\u00e7\u00e3o de a\u00e7\u00f5es organizadoras que permitam aos zool\u00f3gicos e aqu\u00e1rios o fortalecimento de sua miss\u00e3o como institui\u00e7\u00f5es voltadas para a conserva\u00e7\u00e3o da biodiversidade.<\/div>\n<div><\/div>\n<div>Conhe\u00e7a as institui\u00e7\u00f5es parceiras:<\/div>\n<div><\/div>\n<div><\/div>\n<div><\/div>\n<h5>Funda\u00e7\u00e3o Parque Zool\u00f3gico de S\u00e3o Paulo<\/h5>\n<div><a href=\"http:\/\/www.zoologico.com.br\" rel=\"attachment wp-att-971\"><img loading=\"lazy\" decoding=\"async\" class=\"alignnone size-full wp-image-971\" src=\"https:\/\/sites.usp.br\/choices\/wp-content\/uploads\/sites\/106\/2017\/11\/Zoologico-sp.png\" alt=\"\" width=\"204\" height=\"167\" \/><\/a><\/div>\n<div><\/div>\n<h5>Parque Zool\u00f3gico Quinzinho de Barros<\/h5>\n<div><a href=\"http:\/\/www.sorocaba.sp.gov.br\/zoo\/Default.aspx\" rel=\"attachment wp-att-973\"><img loading=\"lazy\" decoding=\"async\" class=\"alignnone size-medium wp-image-973\" src=\"https:\/\/sites.usp.br\/choices\/wp-content\/uploads\/sites\/106\/2017\/11\/Zool\u00f3gico-de-Sorocaba-Quinzinho-de-Barros-300x197.jpg\" alt=\"\" width=\"300\" height=\"197\" srcset=\"https:\/\/sites.usp.br\/choices\/wp-content\/uploads\/sites\/106\/2017\/11\/Zool\u00f3gico-de-Sorocaba-Quinzinho-de-Barros-300x197.jpg 300w, https:\/\/sites.usp.br\/choices\/wp-content\/uploads\/sites\/106\/2017\/11\/Zool\u00f3gico-de-Sorocaba-Quinzinho-de-Barros.jpg 400w\" sizes=\"auto, (max-width: 300px) 100vw, 300px\" \/><\/a><\/div>\n<div><\/div>\n<div><\/div>\n<h5>Zool\u00f3gico de Bauru<\/h5>\n<div><a href=\"http:\/\/www.bauru.sp.gov.br\/semma\/unidades_ambientais\/zoologico.aspx\" rel=\"attachment wp-att-972\"><img loading=\"lazy\" decoding=\"async\" class=\"alignnone size-full wp-image-972\" src=\"https:\/\/sites.usp.br\/choices\/wp-content\/uploads\/sites\/106\/2017\/11\/zoo-bauru.jpg\" alt=\"\" width=\"259\" height=\"194\" srcset=\"https:\/\/sites.usp.br\/choices\/wp-content\/uploads\/sites\/106\/2017\/11\/zoo-bauru.jpg 259w, https:\/\/sites.usp.br\/choices\/wp-content\/uploads\/sites\/106\/2017\/11\/zoo-bauru-80x60.jpg 80w\" sizes=\"auto, (max-width: 259px) 100vw, 259px\" \/><\/a><\/div>\n<div><\/div>\n<div><\/div>\n<h5>Jardim Zool\u00f3gico de Bras\u00edlia<\/h5>\n<div><a href=\"http:\/\/www.zoo.df.gov.br\/\" rel=\"attachment wp-att-974\"><img loading=\"lazy\" decoding=\"async\" class=\"alignnone size-medium wp-image-974\" src=\"https:\/\/sites.usp.br\/choices\/wp-content\/uploads\/sites\/106\/2017\/11\/zoo-brasilia-300x200.gif\" alt=\"\" width=\"300\" height=\"200\" srcset=\"https:\/\/sites.usp.br\/choices\/wp-content\/uploads\/sites\/106\/2017\/11\/zoo-brasilia-300x200.gif 300w, https:\/\/sites.usp.br\/choices\/wp-content\/uploads\/sites\/106\/2017\/11\/zoo-brasilia-400x266.gif 400w\" sizes=\"auto, (max-width: 300px) 100vw, 300px\" \/><\/a><\/div>\n<div><\/div>\n<div><\/div>\n<h5>Parque das Aves<\/h5>\n<div><a href=\"http:\/\/www.parquedasaves.com.br\/pt\/\" rel=\"attachment wp-att-975\"><img loading=\"lazy\" decoding=\"async\" class=\"alignnone size-medium wp-image-975\" src=\"https:\/\/sites.usp.br\/choices\/wp-content\/uploads\/sites\/106\/2017\/11\/parquedasaves-300x132.jpg\" alt=\"\" width=\"300\" height=\"132\" srcset=\"https:\/\/sites.usp.br\/choices\/wp-content\/uploads\/sites\/106\/2017\/11\/parquedasaves-300x132.jpg 300w, https:\/\/sites.usp.br\/choices\/wp-content\/uploads\/sites\/106\/2017\/11\/parquedasaves.jpg 339w\" sizes=\"auto, (max-width: 300px) 100vw, 300px\" \/><\/a><\/div>\n<div><\/div>\n<div><\/div>\n<h5>Museu Paraense Em\u00edlio Goeldi<\/h5>\n<div><a href=\"http:\/\/www.museu-goeldi.br\/portal\/\" rel=\"attachment wp-att-976\"><img loading=\"lazy\" decoding=\"async\" class=\"alignnone size-medium wp-image-976\" src=\"https:\/\/sites.usp.br\/choices\/wp-content\/uploads\/sites\/106\/2017\/11\/museu-300x160.jpg\" alt=\"\" width=\"300\" height=\"160\" srcset=\"https:\/\/sites.usp.br\/choices\/wp-content\/uploads\/sites\/106\/2017\/11\/museu-300x160.jpg 300w, https:\/\/sites.usp.br\/choices\/wp-content\/uploads\/sites\/106\/2017\/11\/museu.jpg 307w\" sizes=\"auto, (max-width: 300px) 100vw, 300px\" \/><\/a><\/div>\n<div><\/div>\n<div><\/div>\n<h5>Parque Zoobot\u00e2nico Cam\u00e2ra Arruda<\/h5>\n<div><a href=\"https:\/\/www.joaopessoa.pb.gov.br\/zoobica\/\" rel=\"attachment wp-att-977\"><img loading=\"lazy\" decoding=\"async\" class=\"alignnone size-full wp-image-977\" src=\"https:\/\/sites.usp.br\/choices\/wp-content\/uploads\/sites\/106\/2017\/11\/bica.png\" alt=\"\" width=\"225\" height=\"224\" srcset=\"https:\/\/sites.usp.br\/choices\/wp-content\/uploads\/sites\/106\/2017\/11\/bica.png 225w, https:\/\/sites.usp.br\/choices\/wp-content\/uploads\/sites\/106\/2017\/11\/bica-150x150.png 150w, https:\/\/sites.usp.br\/choices\/wp-content\/uploads\/sites\/106\/2017\/11\/bica-45x45.png 45w, https:\/\/sites.usp.br\/choices\/wp-content\/uploads\/sites\/106\/2017\/11\/bica-200x200.png 200w\" sizes=\"auto, (max-width: 225px) 100vw, 225px\" \/><\/a><\/div>\n<div><\/div>\n<div><\/div>\n<h5>Aqu\u00e1rio Marinho do Rio de Janeiro<\/h5>\n<div><a href=\"http:\/\/www.aquariomarinhodorio.com.br\/\" rel=\"attachment wp-att-978\"><img loading=\"lazy\" decoding=\"async\" class=\"alignnone wp-image-978\" src=\"https:\/\/sites.usp.br\/choices\/wp-content\/uploads\/sites\/106\/2017\/11\/aquario.png\" alt=\"\" width=\"184\" height=\"160\" \/><\/a><\/div>\n<div><\/div>\n<div><\/div>\n<h5>Parque Zool\u00f3gico de Barcelona<\/h5>\n<div><a href=\"http:\/\/www.zoobarcelona.cat\/\" rel=\"attachment wp-att-979\"><img loading=\"lazy\" decoding=\"async\" class=\"alignnone wp-image-979\" src=\"https:\/\/sites.usp.br\/choices\/wp-content\/uploads\/sites\/106\/2017\/11\/logo-zoo-barcelona.png\" alt=\"\" width=\"175\" height=\"131\" srcset=\"https:\/\/sites.usp.br\/choices\/wp-content\/uploads\/sites\/106\/2017\/11\/logo-zoo-barcelona.png 92w, https:\/\/sites.usp.br\/choices\/wp-content\/uploads\/sites\/106\/2017\/11\/logo-zoo-barcelona-80x60.png 80w\" sizes=\"auto, (max-width: 175px) 100vw, 175px\" \/><\/a><\/div>\n<div><\/div>\n<div><\/div>\n<h5>Zoo Berlin<\/h5>\n<div><a href=\"https:\/\/www.zoo-berlin.de\/de\" rel=\"attachment wp-att-981\"><img loading=\"lazy\" decoding=\"async\" class=\"alignnone size-full wp-image-981\" src=\"https:\/\/sites.usp.br\/choices\/wp-content\/uploads\/sites\/106\/2017\/11\/zooberlin.jpg\" alt=\"\" width=\"269\" height=\"188\" \/><\/a><\/div>\n<div><\/div>\n<div><\/div>\n<h5>Ocean\u00e1rio de Lisboa<\/h5>\n<div><a href=\"https:\/\/www.oceanario.pt\/\" rel=\"attachment wp-att-982\"><img loading=\"lazy\" decoding=\"async\" class=\"alignnone size-full wp-image-982\" src=\"https:\/\/sites.usp.br\/choices\/wp-content\/uploads\/sites\/106\/2017\/11\/ocean\u00e1rio.png\" alt=\"\" width=\"196\" height=\"124\" \/><\/a><\/div>\n","protected":false},"excerpt":{"rendered":"<p>Conserva\u00e7\u00e3o da Biodiversidade em exposi\u00e7\u00f5es de zool\u00f3gicos e aqu\u00e1rios: da informa\u00e7\u00e3o ao engajamento P\u00e1gina do projeto Biota FAPESP -Educa\u00e7\u00e3o\u00a0processo 2016\/05836-8 A Conserva\u00e7\u00e3o da Biodiversidade \u00e9 tema recorrente em diversos espa\u00e7os sociais. Nas esferas pol\u00edtica, acad\u00eamica ou educacional, muitas s\u00e3o as a\u00e7\u00f5es que visam condi\u00e7\u00f5es otimizadas do ambiente natural. Entretanto, tamb\u00e9m s\u00e3o extensas as a\u00e7\u00f5es humanas que condicionam a atual crise ambiental, gerando tens\u00f5es e conflitos que permeiam o cotidiano dos cidad\u00e3os. Espa\u00e7os de Educa\u00e7\u00e3o N\u00e3o Formal t\u00eam sido considerados como locais em que as tens\u00f5es presentes no discurso conservacionista podem ser amplamente investigadas. Al\u00e9m disso, citados pelos brasileiros como um dos mais visitados locais de atividades cient\u00edfico-culturais, os zool\u00f3gicos e aqu\u00e1rios assumem-se como institui\u00e7\u00f5es fundamentais para a conserva\u00e7\u00e3o da biodiversidade. Nesse cen\u00e1rio, frente a seu numeroso p\u00fablico e sua potencial import\u00e2ncia para a conserva\u00e7\u00e3o da biodiversidade, torna-se relevante questionar o papel dos zool\u00f3gicos para a resolu\u00e7\u00e3o dessas contradi\u00e7\u00f5es. A partir do referencial te\u00f3rico da Teoria da Atividade, busca-se, nesta investiga\u00e7\u00e3o, compreender como se d\u00e3o as significa\u00e7\u00f5es e pr\u00e1ticas voltadas \u00e0 conserva\u00e7\u00e3o da biodiversidade, tanto pelos profissionais de institui\u00e7\u00f5es zool\u00f3gicas quanto pelos p\u00fablicos que as visitam, bem como ressaltar as negocia\u00e7\u00f5es estabelecidas entre os discursos desses sujeitos. Espera-se, com isso, elencar [&#8230;]<\/p>\n","protected":false},"author":188,"featured_media":0,"parent":0,"menu_order":0,"comment_status":"closed","ping_status":"closed","template":"","meta":{"footnotes":"","_links_to":"","_links_to_target":""},"class_list":["post-970","page","type-page","status-publish","hentry"],"_links":{"self":[{"href":"https:\/\/sites.usp.br\/choices\/wp-json\/wp\/v2\/pages\/970","targetHints":{"allow":["GET"]}}],"collection":[{"href":"https:\/\/sites.usp.br\/choices\/wp-json\/wp\/v2\/pages"}],"about":[{"href":"https:\/\/sites.usp.br\/choices\/wp-json\/wp\/v2\/types\/page"}],"author":[{"embeddable":true,"href":"https:\/\/sites.usp.br\/choices\/wp-json\/wp\/v2\/users\/188"}],"replies":[{"embeddable":true,"href":"https:\/\/sites.usp.br\/choices\/wp-json\/wp\/v2\/comments?post=970"}],"version-history":[{"count":3,"href":"https:\/\/sites.usp.br\/choices\/wp-json\/wp\/v2\/pages\/970\/revisions"}],"predecessor-version":[{"id":986,"href":"https:\/\/sites.usp.br\/choices\/wp-json\/wp\/v2\/pages\/970\/revisions\/986"}],"wp:attachment":[{"href":"https:\/\/sites.usp.br\/choices\/wp-json\/wp\/v2\/media?parent=970"}],"curies":[{"name":"wp","href":"https:\/\/api.w.org\/{rel}","templated":true}]}}