{"id":11,"date":"2013-12-04T15:48:21","date_gmt":"2013-12-04T15:48:21","guid":{"rendered":"http:\/\/cibelerusso.wordpress.com\/?page_id=11"},"modified":"2025-07-22T12:22:10","modified_gmt":"2025-07-22T14:22:10","slug":"ensino","status":"publish","type":"page","link":"https:\/\/sites.usp.br\/cibelerusso\/ensino\/","title":{"rendered":"Ensino"},"content":{"rendered":"<p><strong>Curso de atualiza\u00e7\u00e3o (para graduados)<\/strong><br \/>\n<strong><a href=\"https:\/\/cdpo.icmc.usp.br\/\">Curso Estat\u00edstica e Otimiza\u00e7\u00e3o para Ci\u00eancia de Dados e Pesquisa Operacional<\/a><\/p>\n<p><a href=\"https:\/\/cemeai.icmc.usp.br\/MBA\/\">MBA em Ci\u00eancias de Dados<\/a><\/p>\n<p><a href=\"https:\/\/mba.iabigdata.icmc.usp.br\/\">MBA em Intelig\u00eancia Artificial &amp; Big Data<\/a><\/strong><\/p>\n<p><strong>Cursos de gradua\u00e7\u00e3o:<br \/>\n<\/strong><strong><a href=\"https:\/\/edisciplinas.usp.br\/course\/view.php?id=95147\">SME0221 Introdu\u00e7\u00e3o \u00e0 Infer\u00eancia Estat\u00edstica<\/a><br \/>\n<a href=\"https:\/\/edisciplinas.usp.br\/course\/view.php?id=95148\">SME0803 Visualiza\u00e7\u00e3o e Explora\u00e7\u00e3o de Dados<\/a><br \/>\n<\/strong>SME0890 Direcionamento acad\u00eamico I<br \/>\nSME0824 Gest\u00e3o da Qualidade<br \/>\nSME0891 Direcionamento acad\u00eamico II<br \/>\nSME0826 Metodologia Cient\u00edfica II<br \/>\nSME0890 Direcionamento acad\u00eamico I<br \/>\nSME0825 Metodologia Cient\u00edfica I<br \/>\nSME0824 Gest\u00e3o da Qualidade<br \/>\n<a href=\"https:\/\/edisciplinas.usp.br\/course\/view.php?id=70264#section-0\" target=\"_blank\" rel=\"noopener\">SME0822 An\u00e1lise Multivariada<\/a><br \/>\n<a href=\"http:\/\/cibelerusso.com\/EST506\">EST506 An\u00e1lise Multivariada (PIPGES)<\/a><br \/>\n<a href=\"http:\/\/cibelerusso.com\/SME0824\">SME0824 Gest\u00e3o da Qualidade<\/a><a href=\"http:\/\/cibelerusso.com\/SME0824\"><br \/>\n<\/a><a href=\"http:\/\/cibelerusso.com\/projetos2017\">SME0814 SME0815 SME0880 SME0881 Projeto supervisionado e de gradua\u00e7\u00e3o em Estat\u00edstica<\/a><br \/>\n<a href=\"http:\/\/cibelerusso.com\/Projetos\" target=\"_blank\" rel=\"noopener\">Projeto supervisionado e de gradua\u00e7\u00e3o em Estat\u00edstica<\/a><br \/>\n<a href=\"http:\/\/cibelerusso.com\/Projetos\" target=\"_blank\" rel=\"noopener\"> (SME0814, SME0815, SME0880, SME0881)<\/a><br \/>\n<a href=\"http:\/\/cibelerusso.com\/ensino\/sme0123-estatistica-bcc-a\/\" target=\"_blank\" rel=\"noopener\">SME0123 Estat\u00edstica &#8211; \u00a0BCC A<\/a><br \/>\n<a href=\"http:\/\/cibelerusso.com\/ensino\/sme0123-estatistica-bcc-b\/\" target=\"_blank\" rel=\"noopener\">SME0123 Estat\u00edstica &#8211; \u00a0BCC B<\/a><strong><br \/>\n<\/strong><a title=\"SME0819 \u00c1lgebra Matricial Aplicada \u00e0 Estat\u00edstica\" href=\"http:\/\/cibelerusso.com\/ensino\/sme0819-algebra-matricial\/\" target=\"_blank\" rel=\"noopener\">SME0819 \u00c1lgebra Matricial Aplicada \u00e0 Estat\u00edstica<\/a><br \/>\n<a title=\"SME0812 Modelos Lineares\" href=\"http:\/\/cibelerusso.com\/ensino\/sme0812-modelos-lineares\" target=\"_blank\" rel=\"noopener\">SME0812 Modelos Lineares<br \/>\n<\/a><a href=\"http:\/\/cibelerusso.com\/2014\/04\/02\/est0507-modelos-lineares\/\">EST0507\u00a0Modelos Lineares &#8211; P\u00f3s-gradua\u00e7\u00e3o em Estat\u00edstica PIPGEs<br \/>\n<\/a><a href=\"http:\/\/wiki.icmc.usp.br\/index.php\/SME-320\" target=\"_blank\" rel=\"noopener\">SME0320 Estat\u00edstica I &#8211; Engenharia El\u00e9trica &#8211; Automa\u00e7\u00e3o<\/a><a title=\"SME0822 An\u00e1lise Multivariada\" href=\"http:\/\/wiki.icmc.usp.br\/index.php\/SME0822\" target=\"_blank\" rel=\"noopener\"><br \/>\n<\/a><a href=\"http:\/\/wiki.icmc.usp.br\/index.php\/SME0820\" target=\"_blank\" rel=\"noopener\">SME0820 An\u00e1lise de Regress\u00e3o &#8211; Estat\u00edstica<br \/>\n<\/a><a href=\"http:\/\/wiki.icmc.usp.br\/index.php\/SME0822\" target=\"_blank\" rel=\"noopener\">SME0822 An\u00e1lise Multivariada &#8211; Estat\u00edstica<\/a><br \/>\n<a title=\"Modelos de regress\u00e3o para dados correlacionados\" href=\"http:\/\/cibelerusso.com\/2014\/09\/26\/minicurso2013\/\">Modelos de Regress\u00e3o para dados correlacionados<\/a>\u00a0&#8211; Mini-curso do 1st Workshop on Probabilistic and Statistical Methods<\/p>\n","protected":false},"excerpt":{"rendered":"<p>Curso de atualiza\u00e7\u00e3o (para graduados) Curso Estat\u00edstica e Otimiza\u00e7\u00e3o para Ci\u00eancia de Dados e Pesquisa Operacional MBA em Ci\u00eancias de Dados MBA em Intelig\u00eancia Artificial &amp; Big Data Cursos de gradua\u00e7\u00e3o: SME0221 Introdu\u00e7\u00e3o \u00e0 Infer\u00eancia Estat\u00edstica SME0803 Visualiza\u00e7\u00e3o e Explora\u00e7\u00e3o de Dados SME0890 Direcionamento acad\u00eamico I SME0824 Gest\u00e3o da Qualidade SME0891 Direcionamento acad\u00eamico II SME0826 Metodologia Cient\u00edfica II SME0890 Direcionamento acad\u00eamico I SME0825 Metodologia Cient\u00edfica I SME0824 Gest\u00e3o da Qualidade SME0822 An\u00e1lise Multivariada EST506 An\u00e1lise Multivariada (PIPGES) SME0824 Gest\u00e3o da Qualidade SME0814 SME0815 SME0880 SME0881 Projeto supervisionado e de gradua\u00e7\u00e3o em Estat\u00edstica Projeto supervisionado e de gradua\u00e7\u00e3o em Estat\u00edstica (SME0814, SME0815, SME0880, SME0881) SME0123 Estat\u00edstica &#8211; \u00a0BCC A SME0123 Estat\u00edstica &#8211; \u00a0BCC B SME0819 \u00c1lgebra Matricial Aplicada \u00e0 Estat\u00edstica SME0812 Modelos Lineares EST0507\u00a0Modelos Lineares &#8211; P\u00f3s-gradua\u00e7\u00e3o em Estat\u00edstica PIPGEs SME0320 Estat\u00edstica I &#8211; Engenharia El\u00e9trica &#8211; Automa\u00e7\u00e3o SME0820 An\u00e1lise de Regress\u00e3o &#8211; Estat\u00edstica SME0822 An\u00e1lise Multivariada &#8211; Estat\u00edstica Modelos de Regress\u00e3o para dados correlacionados\u00a0&#8211; Mini-curso do 1st Workshop on Probabilistic and Statistical Methods<\/p>\n","protected":false},"author":23118,"featured_media":0,"parent":0,"menu_order":4,"comment_status":"closed","ping_status":"closed","template":"","meta":{"footnotes":"","_links_to":"","_links_to_target":""},"class_list":["post-11","page","type-page","status-publish","hentry"],"_links":{"self":[{"href":"https:\/\/sites.usp.br\/cibelerusso\/wp-json\/wp\/v2\/pages\/11","targetHints":{"allow":["GET"]}}],"collection":[{"href":"https:\/\/sites.usp.br\/cibelerusso\/wp-json\/wp\/v2\/pages"}],"about":[{"href":"https:\/\/sites.usp.br\/cibelerusso\/wp-json\/wp\/v2\/types\/page"}],"author":[{"embeddable":true,"href":"https:\/\/sites.usp.br\/cibelerusso\/wp-json\/wp\/v2\/users\/23118"}],"replies":[{"embeddable":true,"href":"https:\/\/sites.usp.br\/cibelerusso\/wp-json\/wp\/v2\/comments?post=11"}],"version-history":[{"count":3,"href":"https:\/\/sites.usp.br\/cibelerusso\/wp-json\/wp\/v2\/pages\/11\/revisions"}],"predecessor-version":[{"id":864,"href":"https:\/\/sites.usp.br\/cibelerusso\/wp-json\/wp\/v2\/pages\/11\/revisions\/864"}],"wp:attachment":[{"href":"https:\/\/sites.usp.br\/cibelerusso\/wp-json\/wp\/v2\/media?parent=11"}],"curies":[{"name":"wp","href":"https:\/\/api.w.org\/{rel}","templated":true}]}}