{"id":13,"date":"2013-12-04T15:48:45","date_gmt":"2013-12-04T17:48:45","guid":{"rendered":"http:\/\/cibelerusso.wordpress.com\/?page_id=13"},"modified":"2013-12-04T15:48:45","modified_gmt":"2013-12-04T17:48:45","slug":"pesquisa","status":"publish","type":"page","link":"https:\/\/sites.usp.br\/cibelerusso\/pesquisa\/","title":{"rendered":"Pesquisa"},"content":{"rendered":"<h2><a id=\"principais_interesses\" name=\"principais_interesses\"><\/a>Principais interesses<\/h2>\n<div>\nModelos de regress\u00e3o<br \/>\nModelos n\u00e3o lineares<br \/>\nModelos com efeitos mistos<br \/>\nModelos el\u00edpticos<br \/>\nModelos semiparam\u00e9tricos<br \/>\nValida\u00e7\u00e3o e diagn\u00f3stico de influ\u00eancia<\/div>\n","protected":false},"excerpt":{"rendered":"<p>Principais interesses Modelos de regress\u00e3o Modelos n\u00e3o lineares Modelos com efeitos mistos Modelos el\u00edpticos Modelos semiparam\u00e9tricos Valida\u00e7\u00e3o e diagn\u00f3stico de influ\u00eancia<\/p>\n","protected":false},"author":23118,"featured_media":0,"parent":0,"menu_order":3,"comment_status":"closed","ping_status":"closed","template":"","meta":{"footnotes":"","_links_to":"","_links_to_target":""},"class_list":["post-13","page","type-page","status-publish","hentry"],"_links":{"self":[{"href":"https:\/\/sites.usp.br\/cibelerusso\/wp-json\/wp\/v2\/pages\/13","targetHints":{"allow":["GET"]}}],"collection":[{"href":"https:\/\/sites.usp.br\/cibelerusso\/wp-json\/wp\/v2\/pages"}],"about":[{"href":"https:\/\/sites.usp.br\/cibelerusso\/wp-json\/wp\/v2\/types\/page"}],"author":[{"embeddable":true,"href":"https:\/\/sites.usp.br\/cibelerusso\/wp-json\/wp\/v2\/users\/23118"}],"replies":[{"embeddable":true,"href":"https:\/\/sites.usp.br\/cibelerusso\/wp-json\/wp\/v2\/comments?post=13"}],"version-history":[{"count":0,"href":"https:\/\/sites.usp.br\/cibelerusso\/wp-json\/wp\/v2\/pages\/13\/revisions"}],"wp:attachment":[{"href":"https:\/\/sites.usp.br\/cibelerusso\/wp-json\/wp\/v2\/media?parent=13"}],"curies":[{"name":"wp","href":"https:\/\/api.w.org\/{rel}","templated":true}]}}