{"id":15,"date":"2013-12-04T15:49:10","date_gmt":"2013-12-04T15:49:10","guid":{"rendered":"http:\/\/cibelerusso.wordpress.com\/?page_id=15"},"modified":"2022-07-02T16:31:28","modified_gmt":"2022-07-02T18:31:28","slug":"alunos-orientados","status":"publish","type":"page","link":"https:\/\/sites.usp.br\/cibelerusso\/alunos-orientados\/","title":{"rendered":"Orienta\u00e7\u00f5es"},"content":{"rendered":"<h5><strong><span style=\"text-decoration:underline\">Doutorado<\/span><\/strong><\/h5>\n<p>Fabiano Rodrigues Coelho (em andamento)<br \/>\nCamila Xavier S\u00e1 Peixoto Pinheiro (em andamento)<br \/>\nJos\u00e9 Clelto Barros Gomes<br \/>\nMarcos Antonio Alves Pereira <\/p>\n<h5><a id=\"mestrado\" name=\"mestrado\"><\/a><strong><span style=\"text-decoration:underline\">Mestrado<\/span><\/strong><\/h5>\n<p>Luna Wagner Cunha (em andamento)<br \/>\nWellington Yuanhe Zhao (em andamento)<br \/>\nRafael Rocha de Oliveira Garcia<br \/>\nJuliana Marambaia Maia<br \/>\nFabiano Rodrigues Coelho<br \/>\nRobson Jos\u00e9 Mariano Machado<br \/>\nMarina Mitie Gishifu Osio<\/p>\n<h5><a id=\"iniciacao_cientifica\" name=\"iniciacao_cientifica\"><\/a><span style=\"text-decoration:underline\"><strong>Inicia\u00e7\u00e3o Cient\u00edfica<\/strong><\/span><\/h5>\n<p>Julie Camolesi da Silva (em andamento)<br \/>\nLucas Roberto de Oliveira Lopes (em andamento)<br \/>\nFrancisco Rosa Dias de Miranda (em andamento)<br \/>\nThais Parron Alves (em andamento)<br \/>\nEduardo Prospero Santana (em andamento)<br \/>\nGiovanni Wesley da Costa (em andamento)<br \/>\nGabriel Victor de Jesus Lima<br \/>\nFlaviane Louzeiro da Silva<br \/>\nGabriel Gomes Ferreira<br \/>\nNat\u00e1lia Fernanda Poles<br \/>\nDaniele Nobrega Bitencourt<br \/>\nGabriela Passos<br \/>\nCecilia Pereira Sassi<\/p>\n<h5><a id=\"trabalho_de_conclusao_de_curso\" name=\"trabalho_de_conclusao_de_curso\"><\/a><strong><span style=\"text-decoration:underline\">Trabalho de conclus\u00e3o de curso<\/span><\/strong><\/h5>\n<p>Thales de Lima Kobosighawa (Engenharia da Computa\u00e7\u00e3o)<br \/>\nLaura Pereira de Gouveia (Engenharia da Computa\u00e7\u00e3o)<br \/>\nLuna Wagner Cunha (Bacharelado em Estat\u00edstica)<br \/>\nMarina Mitie Gishifu Osio (Bacharelado em Estat\u00edstica)<br \/>\nLuis Gustavo Alvares (Bacharelado em Estat\u00edstica)<br \/>\nGabriela Passos (Bacharelado em Estat\u00edstica)<br \/>\nGabriel Henrique Scapin (Bacharelado em Matem\u00e1tica Aplicada e Computa\u00e7\u00e3o Cient\u00edfica)<\/p>\n<h5><a id=\"Especializa\u00e7\u00e3o\" name=\"Especializa\u00e7\u00e3o\"><\/a><strong><span style=\"text-decoration:underline\">Especializa\u00e7\u00e3o<\/span><\/strong><\/h5>\n<p>Priscila Falc\u00e3o Hohberg (MBA em Ci\u00eancias de Dados)<br \/>\nBeatriz Setsuko Ogino (MBA em Ci\u00eancias de Dados)<br \/>\nRog\u00e9rio Carvalho (MBA em Ci\u00eancias de Dados)<br \/>\nNat\u00e1lia Souza Santos (MBA em Ci\u00eancias de Dados)<\/p>\n","protected":false},"excerpt":{"rendered":"<p>Doutorado Fabiano Rodrigues Coelho (em andamento) Camila Xavier S\u00e1 Peixoto Pinheiro (em andamento) Jos\u00e9 Clelto Barros Gomes Marcos Antonio Alves Pereira Mestrado Luna Wagner Cunha (em andamento) Wellington Yuanhe Zhao (em andamento) Rafael Rocha de Oliveira Garcia Juliana Marambaia Maia Fabiano Rodrigues Coelho Robson Jos\u00e9 Mariano Machado Marina Mitie Gishifu Osio Inicia\u00e7\u00e3o Cient\u00edfica Julie Camolesi da Silva (em andamento) Lucas Roberto de Oliveira Lopes (em andamento) Francisco Rosa Dias de Miranda (em andamento) Thais Parron Alves (em andamento) Eduardo Prospero Santana (em andamento) Giovanni Wesley da Costa (em andamento) Gabriel Victor de Jesus Lima Flaviane Louzeiro da Silva Gabriel Gomes Ferreira Nat\u00e1lia Fernanda Poles Daniele Nobrega Bitencourt Gabriela Passos Cecilia Pereira Sassi Trabalho de conclus\u00e3o de curso Thales de Lima Kobosighawa (Engenharia da Computa\u00e7\u00e3o) Laura Pereira de Gouveia (Engenharia da Computa\u00e7\u00e3o) Luna Wagner Cunha (Bacharelado em Estat\u00edstica) Marina Mitie Gishifu Osio (Bacharelado em Estat\u00edstica) Luis Gustavo Alvares (Bacharelado em Estat\u00edstica) Gabriela Passos (Bacharelado em Estat\u00edstica) Gabriel Henrique Scapin (Bacharelado em Matem\u00e1tica Aplicada e Computa\u00e7\u00e3o Cient\u00edfica) Especializa\u00e7\u00e3o Priscila Falc\u00e3o Hohberg (MBA em Ci\u00eancias de Dados) Beatriz Setsuko Ogino (MBA em Ci\u00eancias de Dados) Rog\u00e9rio Carvalho (MBA em Ci\u00eancias de Dados) Nat\u00e1lia Souza Santos (MBA em Ci\u00eancias de Dados)<\/p>\n","protected":false},"author":23118,"featured_media":0,"parent":0,"menu_order":6,"comment_status":"closed","ping_status":"closed","template":"","meta":{"footnotes":"","_links_to":"","_links_to_target":""},"class_list":["post-15","page","type-page","status-publish","hentry"],"_links":{"self":[{"href":"https:\/\/sites.usp.br\/cibelerusso\/wp-json\/wp\/v2\/pages\/15","targetHints":{"allow":["GET"]}}],"collection":[{"href":"https:\/\/sites.usp.br\/cibelerusso\/wp-json\/wp\/v2\/pages"}],"about":[{"href":"https:\/\/sites.usp.br\/cibelerusso\/wp-json\/wp\/v2\/types\/page"}],"author":[{"embeddable":true,"href":"https:\/\/sites.usp.br\/cibelerusso\/wp-json\/wp\/v2\/users\/23118"}],"replies":[{"embeddable":true,"href":"https:\/\/sites.usp.br\/cibelerusso\/wp-json\/wp\/v2\/comments?post=15"}],"version-history":[{"count":2,"href":"https:\/\/sites.usp.br\/cibelerusso\/wp-json\/wp\/v2\/pages\/15\/revisions"}],"predecessor-version":[{"id":730,"href":"https:\/\/sites.usp.br\/cibelerusso\/wp-json\/wp\/v2\/pages\/15\/revisions\/730"}],"wp:attachment":[{"href":"https:\/\/sites.usp.br\/cibelerusso\/wp-json\/wp\/v2\/media?parent=15"}],"curies":[{"name":"wp","href":"https:\/\/api.w.org\/{rel}","templated":true}]}}