{"id":157,"date":"2019-06-11T13:15:56","date_gmt":"2019-06-11T15:15:56","guid":{"rendered":"http:\/\/sites.usp.br\/cibelerusso\/?page_id=157"},"modified":"2025-07-22T12:16:44","modified_gmt":"2025-07-22T14:16:44","slug":"pagina-inicial-com-elementor","status":"publish","type":"page","link":"https:\/\/sites.usp.br\/cibelerusso\/","title":{"rendered":"Cibele Russo"},"content":{"rendered":"<p style=\"text-align: left;\"><a href=\"https:\/\/sites.usp.br\/cibelerusso\/wp-content\/uploads\/sites\/1133\/2024\/03\/Cibele.jpeg\"><img loading=\"lazy\" decoding=\"async\" class=\"wp-image-816 alignleft\" src=\"https:\/\/sites.usp.br\/cibelerusso\/wp-content\/uploads\/sites\/1133\/2024\/03\/Cibele-273x300.jpeg\" alt=\"\" width=\"273\" height=\"300\" \/><\/a>Bacharel em Matem\u00e1tica Aplicada e Computa\u00e7\u00e3o Cient\u00edfica (2004), mestre em Ci\u00eancias de Computa\u00e7\u00e3o e Matem\u00e1tica Computacional (2006) e doutora em Estat\u00edstica pela Universidade de S\u00e3o Paulo (2010). Atualmente \u00e9 Professora Doutora e Livre-Docente do Departamento de Matem\u00e1tica Aplicada e Estat\u00edstica do ICMC USP em S\u00e3o Carlos. Atua como docente e pesquisadora nas \u00e1reas de Estat\u00edstica e Ci\u00eancia de Dados, com \u00eanfase em modelagem estat\u00edstica e aprendizado de m\u00e1quina, incluindo modelos el\u00edpticos, modelos com efeitos mistos, diagn\u00f3stico de influ\u00eancia, valida\u00e7\u00e3o de modelos, modelos com erros nas vari\u00e1veis, modelos com vari\u00e1veis latentes, teoria de resposta ao item. Foi pesquisadora visitante no Erasmus Medical Center em Rotterdam, Pa\u00edses Baixos, em 2013-2014. Foi coordenadora do Bacharelado em Estat\u00edstica e Ci\u00eancia de Dados do ICMC USP entre 2018 e 2022, \u00e9 orientadora de doutorado, mestrado, inicia\u00e7\u00e3o cient\u00edfica, projetos de gradua\u00e7\u00e3o e especializa\u00e7\u00e3o. \u00c9 professora e orientadora no MBA em Ci\u00eancias de Dados do CeMEAI ICMC USP e no MBA em Intelig\u00eancia Artificial e Big Data do ICMC USP. Tem mais de 530 cita\u00e7\u00f5es e \u00edndice h 10 segundo o <a href=\"https:\/\/scholar.google.com.br\/citations?user=nGGeov8AAAAJ&amp;amp\">Google Scholar<\/a>.<br \/>\n\u00c9 m\u00e3e de dois filhos e esteve em licen\u00e7a maternidade em 2016 e 2019.<\/p>\n<p>LinkTree:\u00a0<a href=\"http:\/\/linktr.ee\/cibelerusso\">linktr.ee\/cibelerusso<\/a><\/p>\n","protected":false},"excerpt":{"rendered":"<p>Bacharel em Matem\u00e1tica Aplicada e Computa\u00e7\u00e3o Cient\u00edfica (2004), mestre em Ci\u00eancias de Computa\u00e7\u00e3o e Matem\u00e1tica Computacional (2006) e doutora em Estat\u00edstica pela Universidade de S\u00e3o Paulo (2010). Atualmente \u00e9 Professora Doutora e Livre-Docente do Departamento de Matem\u00e1tica Aplicada e Estat\u00edstica do ICMC USP em S\u00e3o Carlos. Atua como docente e pesquisadora nas \u00e1reas de Estat\u00edstica e Ci\u00eancia de Dados, com \u00eanfase em modelagem estat\u00edstica e aprendizado de m\u00e1quina, incluindo modelos el\u00edpticos, modelos com efeitos mistos, diagn\u00f3stico de influ\u00eancia, valida\u00e7\u00e3o de modelos, modelos com erros nas vari\u00e1veis, modelos com vari\u00e1veis latentes, teoria de resposta ao item. Foi pesquisadora visitante no Erasmus Medical Center em Rotterdam, Pa\u00edses Baixos, em 2013-2014. Foi coordenadora do Bacharelado em Estat\u00edstica e Ci\u00eancia de Dados do ICMC USP entre 2018 e 2022, \u00e9 orientadora de doutorado, mestrado, inicia\u00e7\u00e3o cient\u00edfica, projetos de gradua\u00e7\u00e3o e especializa\u00e7\u00e3o. \u00c9 professora e orientadora no MBA em Ci\u00eancias de Dados do CeMEAI ICMC USP e no MBA em Intelig\u00eancia Artificial e Big Data do ICMC USP. Tem mais de 530 cita\u00e7\u00f5es e \u00edndice h 10 segundo o Google Scholar. \u00c9 m\u00e3e de dois filhos e esteve em licen\u00e7a maternidade em 2016 e 2019. LinkTree:\u00a0linktr.ee\/cibelerusso<\/p>\n","protected":false},"author":1,"featured_media":0,"parent":0,"menu_order":0,"comment_status":"closed","ping_status":"closed","template":"","meta":{"footnotes":"","_links_to":"","_links_to_target":""},"class_list":["post-157","page","type-page","status-publish","hentry"],"_links":{"self":[{"href":"https:\/\/sites.usp.br\/cibelerusso\/wp-json\/wp\/v2\/pages\/157","targetHints":{"allow":["GET"]}}],"collection":[{"href":"https:\/\/sites.usp.br\/cibelerusso\/wp-json\/wp\/v2\/pages"}],"about":[{"href":"https:\/\/sites.usp.br\/cibelerusso\/wp-json\/wp\/v2\/types\/page"}],"author":[{"embeddable":true,"href":"https:\/\/sites.usp.br\/cibelerusso\/wp-json\/wp\/v2\/users\/1"}],"replies":[{"embeddable":true,"href":"https:\/\/sites.usp.br\/cibelerusso\/wp-json\/wp\/v2\/comments?post=157"}],"version-history":[{"count":4,"href":"https:\/\/sites.usp.br\/cibelerusso\/wp-json\/wp\/v2\/pages\/157\/revisions"}],"predecessor-version":[{"id":863,"href":"https:\/\/sites.usp.br\/cibelerusso\/wp-json\/wp\/v2\/pages\/157\/revisions\/863"}],"wp:attachment":[{"href":"https:\/\/sites.usp.br\/cibelerusso\/wp-json\/wp\/v2\/media?parent=157"}],"curies":[{"name":"wp","href":"https:\/\/api.w.org\/{rel}","templated":true}]}}