{"id":17,"date":"2013-12-04T15:49:39","date_gmt":"2013-12-04T15:49:39","guid":{"rendered":"http:\/\/cibelerusso.wordpress.com\/?page_id=17"},"modified":"2023-12-10T20:38:30","modified_gmt":"2023-12-10T22:38:30","slug":"links","status":"publish","type":"page","link":"https:\/\/sites.usp.br\/cibelerusso\/links\/","title":{"rendered":"Links"},"content":{"rendered":"<p><strong><a href=\"https:\/\/rpubs.com\/cibelerusso\/listadevideoaulas\">Lista de v\u00eddeo-aulas do Canal Cibele Russo: Estat\u00edstica e Ci\u00eancia de Dados<\/a><\/strong><\/p>\n<p><a href=\"http:\/\/www.r-project.org\/\">The R Project for Statistical Computing<br \/>\n<\/a><a href=\"http:\/\/www.doornik.com\/ox\/\">Ox &#8211; An Object-Oriented Matrix Language<\/a><br \/>\n<a style=\"line-height:1.5em\" title=\"http:\/\/mcmc-jags.sourceforge.net\/\" href=\"http:\/\/mcmc-jags.sourceforge.net\/\" rel=\"nofollow\">JAGS &#8211; Just Another Gibbs Sampler<br \/>\n<\/a><a title=\"http:\/\/ftp.iinet.net.au\/pub\/FreeBSD\/distfiles\/mcmc-jags\/jags_user_manual.pdf\" href=\"http:\/\/ftp.iinet.net.au\/pub\/FreeBSD\/distfiles\/mcmc-jags\/jags_user_manual.pdf\" rel=\"nofollow\">JAGS manual<br \/>\n<\/a><a style=\"line-height:1.5em\" title=\"http:\/\/www.r-inla.org\/\" href=\"http:\/\/www.r-inla.org\/\" rel=\"nofollow\">The R-INLA project<br \/>\n<\/a><a title=\"http:\/\/www.math.ntnu.no\/~hrue\/r-inla.org\/doc\/inla-manual\/inla-manual.pdf\/\" href=\"http:\/\/www.math.ntnu.no\/~hrue\/r-inla.org\/doc\/inla-manual\/inla-manual.pdf\/\" rel=\"nofollow\">INLA manual<\/a><\/p>\n<hr \/>\n<p><a title=\"http:\/\/www.erasmusmc.nl\/\" href=\"http:\/\/www.erasmusmc.nl\/\" rel=\"nofollow\">Erasmus Medical Center, Rotterdam, The Netherlands<\/a><br \/>\n<a title=\"http:\/\/www.usp.br\" href=\"http:\/\/www.usp.br\/\" rel=\"nofollow\">Universidade de S\u00e3o Paulo<\/a><br \/>\n<a title=\"http:\/\/www.icmc.usp.br\" href=\"http:\/\/www.icmc.usp.br\/\" rel=\"nofollow\">Instituto de Ci\u00eancias Matem\u00e1ticas e de Computa\u00e7\u00e3o<\/a><br \/>\n<a title=\"http:\/\/www.ime.usp.br\" href=\"http:\/\/www.ime.usp.br\/\" rel=\"nofollow\">Instituto de Matem\u00e1tica e Estat\u00edstica<\/a><\/p>\n","protected":false},"excerpt":{"rendered":"<p>Lista de v\u00eddeo-aulas do Canal Cibele Russo: Estat\u00edstica e Ci\u00eancia de Dados The R Project for Statistical Computing Ox &#8211; An Object-Oriented Matrix Language JAGS &#8211; Just Another Gibbs Sampler JAGS manual The R-INLA project INLA manual Erasmus Medical Center, Rotterdam, The Netherlands Universidade de S\u00e3o Paulo Instituto de Ci\u00eancias Matem\u00e1ticas e de Computa\u00e7\u00e3o Instituto de Matem\u00e1tica e Estat\u00edstica<\/p>\n","protected":false},"author":23118,"featured_media":0,"parent":0,"menu_order":7,"comment_status":"closed","ping_status":"closed","template":"","meta":{"footnotes":"","_links_to":"","_links_to_target":""},"class_list":["post-17","page","type-page","status-publish","hentry"],"_links":{"self":[{"href":"https:\/\/sites.usp.br\/cibelerusso\/wp-json\/wp\/v2\/pages\/17","targetHints":{"allow":["GET"]}}],"collection":[{"href":"https:\/\/sites.usp.br\/cibelerusso\/wp-json\/wp\/v2\/pages"}],"about":[{"href":"https:\/\/sites.usp.br\/cibelerusso\/wp-json\/wp\/v2\/types\/page"}],"author":[{"embeddable":true,"href":"https:\/\/sites.usp.br\/cibelerusso\/wp-json\/wp\/v2\/users\/23118"}],"replies":[{"embeddable":true,"href":"https:\/\/sites.usp.br\/cibelerusso\/wp-json\/wp\/v2\/comments?post=17"}],"version-history":[{"count":2,"href":"https:\/\/sites.usp.br\/cibelerusso\/wp-json\/wp\/v2\/pages\/17\/revisions"}],"predecessor-version":[{"id":855,"href":"https:\/\/sites.usp.br\/cibelerusso\/wp-json\/wp\/v2\/pages\/17\/revisions\/855"}],"wp:attachment":[{"href":"https:\/\/sites.usp.br\/cibelerusso\/wp-json\/wp\/v2\/media?parent=17"}],"curies":[{"name":"wp","href":"https:\/\/api.w.org\/{rel}","templated":true}]}}