{"id":2,"date":"2012-09-02T20:05:14","date_gmt":"2012-09-02T20:05:14","guid":{"rendered":"http:\/\/cibelerusso.wordpress.com\/?page_id=2"},"modified":"2022-10-20T16:44:01","modified_gmt":"2022-10-20T18:44:01","slug":"arquivos","status":"publish","type":"page","link":"https:\/\/sites.usp.br\/cibelerusso\/arquivos\/","title":{"rendered":"Arquivos"},"content":{"rendered":"<h3 id=\"perspectivas-e-oportunidades-para-estat-sticos-e-estat-sticas-na-emergente-ci-ncia-de-dados\">Perspectivas e oportunidades para estat\u00edsticos e estat\u00edsticas na emergente ci\u00eancia de dados &#8211; UFAM 2022<\/h3>\n<p><a href=\"https:\/\/sites.usp.br\/cibelerusso\/wp-content\/uploads\/sites\/1133\/2022\/10\/Perspectivas-e-oportunidades-para-estatisticos-e-estatisticas-na-emergente-ciencia-de-dados.pdf\">Perspectivas e oportunidades para estat\u00edsticos e estat\u00edsticas na emergente ci\u00eancia de dados<\/a><\/p>\n<p>Notebook: Abrir com google colab <a href=\"https:\/\/colab.research.google.com\/drive\/1TIKw6eaGcg-To_ZuFSSrPnI39pGcm3tL#scrollTo=GEbxiDiNnTHk\">https:\/\/colab.research.google.com\/drive\/1TIKw6eaGcg-To_ZuFSSrPnI39pGcm3tL#scrollTo=GEbxiDiNnTHk<\/a><\/p>\n<p>______________________________________________________________________________________________________________<\/p>\n<p>Minicurso &#8220;Modelos de regress\u00e3o para dados correlacionados&#8221; &#8211; Programa de Ver\u00e3o em Estat\u00edstica 2013 &#8211; ICMC-USP e UFSCar<\/p>\n<p><a title=\"Aula 1\" href=\"http:\/\/www.icmc.usp.br\/pessoas\/cibele\/minicurso\/MiniCurso1.pdf\" target=\"_blank\" rel=\"noopener\">Aula 1<\/a><br \/>\n<a title=\"Aula 2\" href=\"http:\/\/www.icmc.usp.br\/pessoas\/cibele\/minicurso\/MiniCurso2.pdf\" target=\"_blank\" rel=\"noopener\">Aula 2<\/a> &#8211; <a title=\"Comandos\" href=\"http:\/\/www.icmc.usp.br\/pessoas\/cibele\/minicurso\/Aula2Comandos.R\" target=\"_blank\" rel=\"noopener\">Comandos<\/a><br \/>\n<a title=\"Aula 3\" href=\"http:\/\/www.icmc.usp.br\/pessoas\/cibele\/minicurso\/MiniCurso3.pdf\" target=\"_blank\" rel=\"noopener\">Aula 3<\/a><br \/>\n<a title=\"Aula 4\" href=\"http:\/\/www.icmc.usp.br\/pessoas\/cibele\/minicurso\/MiniCurso4.pdf\" target=\"_blank\" rel=\"noopener\">Aula 4<\/a> &#8211; <a title=\"Comandos\" href=\"http:\/\/www.icmc.usp.br\/pessoas\/cibele\/minicurso\/Aula4Comandos.r\" target=\"_blank\" rel=\"noopener\">Comandos<\/a><br \/>\n<a title=\"Aula 5\" href=\"http:\/\/www.icmc.usp.br\/pessoas\/cibele\/minicurso\/MiniCurso5.pdf\" target=\"_blank\" rel=\"noopener\">Aula 5\u00a0<\/a><\/p>\n","protected":false},"excerpt":{"rendered":"<p>Perspectivas e oportunidades para estat\u00edsticos e estat\u00edsticas na emergente ci\u00eancia de dados &#8211; UFAM 2022 Perspectivas e oportunidades para estat\u00edsticos e estat\u00edsticas na emergente ci\u00eancia de dados Notebook: Abrir com google colab https:\/\/colab.research.google.com\/drive\/1TIKw6eaGcg-To_ZuFSSrPnI39pGcm3tL#scrollTo=GEbxiDiNnTHk ______________________________________________________________________________________________________________ Minicurso &#8220;Modelos de regress\u00e3o para dados correlacionados&#8221; &#8211; Programa de Ver\u00e3o em Estat\u00edstica 2013 &#8211; ICMC-USP e UFSCar Aula 1 Aula 2 &#8211; Comandos Aula 3 Aula 4 &#8211; Comandos Aula 5\u00a0<\/p>\n","protected":false},"author":23118,"featured_media":0,"parent":0,"menu_order":8,"comment_status":"closed","ping_status":"closed","template":"","meta":{"footnotes":"","_links_to":"","_links_to_target":""},"class_list":["post-2","page","type-page","status-publish","hentry"],"_links":{"self":[{"href":"https:\/\/sites.usp.br\/cibelerusso\/wp-json\/wp\/v2\/pages\/2","targetHints":{"allow":["GET"]}}],"collection":[{"href":"https:\/\/sites.usp.br\/cibelerusso\/wp-json\/wp\/v2\/pages"}],"about":[{"href":"https:\/\/sites.usp.br\/cibelerusso\/wp-json\/wp\/v2\/types\/page"}],"author":[{"embeddable":true,"href":"https:\/\/sites.usp.br\/cibelerusso\/wp-json\/wp\/v2\/users\/23118"}],"replies":[{"embeddable":true,"href":"https:\/\/sites.usp.br\/cibelerusso\/wp-json\/wp\/v2\/comments?post=2"}],"version-history":[{"count":4,"href":"https:\/\/sites.usp.br\/cibelerusso\/wp-json\/wp\/v2\/pages\/2\/revisions"}],"predecessor-version":[{"id":824,"href":"https:\/\/sites.usp.br\/cibelerusso\/wp-json\/wp\/v2\/pages\/2\/revisions\/824"}],"wp:attachment":[{"href":"https:\/\/sites.usp.br\/cibelerusso\/wp-json\/wp\/v2\/media?parent=2"}],"curies":[{"name":"wp","href":"https:\/\/api.w.org\/{rel}","templated":true}]}}