{"id":737,"date":"2022-07-03T10:41:18","date_gmt":"2022-07-03T12:41:18","guid":{"rendered":"https:\/\/sites.usp.br\/cibelerusso\/?page_id=737"},"modified":"2022-07-03T16:27:28","modified_gmt":"2022-07-03T18:27:28","slug":"cv2","status":"publish","type":"page","link":"https:\/\/sites.usp.br\/cibelerusso\/cv2\/","title":{"rendered":"CV"},"content":{"rendered":"<h5><a id=\"formacao_academica\" name=\"formacao_academica\"><\/a><strong>Forma\u00e7\u00e3o acad\u00eamica<\/strong><\/h5>\n<div>\n<p>2001-2004: Bacharelado em Matem\u00e1tica Aplicada e Computa\u00e7\u00e3o Cient\u00edfica &#8211; ICMC USP<br \/>\n2005-2006: Mestrado em Ci\u00eancias de Computa\u00e7\u00e3o e Matem\u00e1tica Computacional &#8211; ICMC USP<br \/>\n2006-2010: Doutorado em Estat\u00edstica &#8211; IME USP<\/p>\n<p>2010-2011: P\u00f3s doutorado em Estat\u00edstica &#8211; IME USP<br \/>\n2013: Post-Doctorate in Biostatistics &#8211; Erasmus University Rotterdam, The Netherlands<\/p>\n<\/div>\n<h5><a id=\"curriculo_lattes\" name=\"curriculo_lattes\"><\/a><strong>Curr\u00edculo<\/strong><\/h5>\n<p><a href=\"https:\/\/scholar.google.com.br\/citations?user=nGGeov8AAAAJ&amp;amp\" target=\"_new\" rel=\"noopener\"><img decoding=\"async\" src=\"https:\/\/sites.usp.br\/cibelerusso\/wp-content\/uploads\/sites\/1133\/2022\/07\/scholar.png\" \/>Google Scholar<\/a><\/p>\n<p><a href=\"https:\/\/orcid.org\/0000-0003-1356-0245\" target=\"_new\" rel=\"noopener\"><img decoding=\"async\" src=\"https:\/\/sites.usp.br\/cibelerusso\/wp-content\/uploads\/sites\/1133\/2022\/07\/orcidID.png\" \/>Orcid ID<\/a><\/p>\n<p><a href=\"https:\/\/www.researchgate.net\/profile\/Cibele-Russo\" target=\"_new\" rel=\"noopener\"><img decoding=\"async\" src=\"https:\/\/sites.usp.br\/cibelerusso\/wp-content\/uploads\/sites\/1133\/2022\/07\/rg.png\" \/>ResearchGate<\/a><\/p>\n<p><a href=\"http:\/\/lattes.cnpq.br\/1011098065426388\" target=\"_new\" rel=\"noopener\"><img decoding=\"async\" src=\"https:\/\/sites.usp.br\/cibelerusso\/wp-content\/uploads\/sites\/1133\/2022\/07\/lattes.png\" \/>Lattes<\/a><\/p>\n<p><a href=\"https:\/\/linktr.ee\/cibelerusso\" target=\"_new\" rel=\"noopener\"><img decoding=\"async\" src=\"https:\/\/sites.usp.br\/cibelerusso\/wp-content\/uploads\/sites\/1133\/2022\/07\/icons8-linktree-16.png\" \/>LinkTree<\/a><\/p>\n","protected":false},"excerpt":{"rendered":"<p>Forma\u00e7\u00e3o acad\u00eamica 2001-2004: Bacharelado em Matem\u00e1tica Aplicada e Computa\u00e7\u00e3o Cient\u00edfica &#8211; ICMC USP 2005-2006: Mestrado em Ci\u00eancias de Computa\u00e7\u00e3o e Matem\u00e1tica Computacional &#8211; ICMC USP 2006-2010: Doutorado em Estat\u00edstica &#8211; IME USP 2010-2011: P\u00f3s doutorado em Estat\u00edstica &#8211; IME USP 2013: Post-Doctorate in Biostatistics &#8211; Erasmus University Rotterdam, The Netherlands Curr\u00edculo Google Scholar Orcid ID ResearchGate Lattes LinkTree<\/p>\n","protected":false},"author":23118,"featured_media":0,"parent":0,"menu_order":0,"comment_status":"closed","ping_status":"closed","template":"","meta":{"footnotes":"","_links_to":"","_links_to_target":""},"class_list":["post-737","page","type-page","status-publish","hentry"],"_links":{"self":[{"href":"https:\/\/sites.usp.br\/cibelerusso\/wp-json\/wp\/v2\/pages\/737","targetHints":{"allow":["GET"]}}],"collection":[{"href":"https:\/\/sites.usp.br\/cibelerusso\/wp-json\/wp\/v2\/pages"}],"about":[{"href":"https:\/\/sites.usp.br\/cibelerusso\/wp-json\/wp\/v2\/types\/page"}],"author":[{"embeddable":true,"href":"https:\/\/sites.usp.br\/cibelerusso\/wp-json\/wp\/v2\/users\/23118"}],"replies":[{"embeddable":true,"href":"https:\/\/sites.usp.br\/cibelerusso\/wp-json\/wp\/v2\/comments?post=737"}],"version-history":[{"count":4,"href":"https:\/\/sites.usp.br\/cibelerusso\/wp-json\/wp\/v2\/pages\/737\/revisions"}],"predecessor-version":[{"id":810,"href":"https:\/\/sites.usp.br\/cibelerusso\/wp-json\/wp\/v2\/pages\/737\/revisions\/810"}],"wp:attachment":[{"href":"https:\/\/sites.usp.br\/cibelerusso\/wp-json\/wp\/v2\/media?parent=737"}],"curies":[{"name":"wp","href":"https:\/\/api.w.org\/{rel}","templated":true}]}}