{"id":777,"date":"2022-07-03T12:05:41","date_gmt":"2022-07-03T14:05:41","guid":{"rendered":"https:\/\/sites.usp.br\/cibelerusso\/?page_id=777"},"modified":"2023-12-10T20:35:31","modified_gmt":"2023-12-10T22:35:31","slug":"links-2","status":"publish","type":"page","link":"https:\/\/sites.usp.br\/cibelerusso\/en\/links-2\/","title":{"rendered":"Links"},"content":{"rendered":"<p><a href=\"https:\/\/rpubs.com\/cibelerusso\/listadevideoaulas\">Lista de v\u00eddeo-aulas do Canal Cibele Russo: Estat\u00edstica e Ci\u00eancia de Dados<\/a><\/p>\n<p><a href=\"http:\/\/www.r-project.org\/\">The R Project for Statistical Computing<br \/>\n<\/a><a href=\"http:\/\/www.doornik.com\/ox\/\">Ox &#8211; An Object-Oriented Matrix Language<\/a><br \/>\n<a style=\"line-height:1.5em\" title=\"http:\/\/mcmc-jags.sourceforge.net\/\" href=\"http:\/\/mcmc-jags.sourceforge.net\/\" rel=\"nofollow\">JAGS &#8211; Just Another Gibbs Sampler<br \/>\n<\/a><a title=\"http:\/\/ftp.iinet.net.au\/pub\/FreeBSD\/distfiles\/mcmc-jags\/jags_user_manual.pdf\" href=\"http:\/\/ftp.iinet.net.au\/pub\/FreeBSD\/distfiles\/mcmc-jags\/jags_user_manual.pdf\" rel=\"nofollow\">JAGS manual<br \/>\n<\/a><a style=\"line-height:1.5em\" title=\"http:\/\/www.r-inla.org\/\" href=\"http:\/\/www.r-inla.org\/\" rel=\"nofollow\">The R-INLA project<br \/>\n<\/a><a title=\"http:\/\/www.math.ntnu.no\/~hrue\/r-inla.org\/doc\/inla-manual\/inla-manual.pdf\/\" href=\"http:\/\/www.math.ntnu.no\/~hrue\/r-inla.org\/doc\/inla-manual\/inla-manual.pdf\/\" rel=\"nofollow\">INLA manual<\/a><\/p>\n<hr \/>\n<p><a title=\"http:\/\/www.erasmusmc.nl\/\" href=\"http:\/\/www.erasmusmc.nl\/\" rel=\"nofollow\">Erasmus Medical Center, Rotterdam, The Netherlands<\/a><br \/>\n<a title=\"https:\/\/www5.usp.br\/#english\" href=\"https:\/\/www5.usp.br\/#english\" rel=\"nofollow\">University of S\u00e3o Paulo (USP) \/ Universidade de S\u00e3o Paulo<\/a><br \/>\n<a title=\"https:\/\/www.icmc.usp.br\/en\/\" href=\"https:\/\/www.icmc.usp.br\/en\/\" rel=\"nofollow\">Institute of Mathematical and Computer Sciences (ICMC-USP)<\/a><br \/>\n<a title=\"https:\/\/www.ime.usp.br\/en\/home\/\" href=\"https:\/\/www.ime.usp.br\/en\/home\/\" rel=\"nofollow\">Institute of Mathematics and Statistics (IME-USP)<\/a><\/p>\n","protected":false},"excerpt":{"rendered":"<p>Lista de v\u00eddeo-aulas do Canal Cibele Russo: Estat\u00edstica e Ci\u00eancia de Dados The R Project for Statistical Computing Ox &#8211; An Object-Oriented Matrix Language JAGS &#8211; Just Another Gibbs Sampler JAGS manual The R-INLA project INLA manual Erasmus Medical Center, Rotterdam, The Netherlands University of S\u00e3o Paulo (USP) \/ Universidade de S\u00e3o Paulo Institute of Mathematical and Computer Sciences (ICMC-USP) Institute of Mathematics and Statistics (IME-USP)<\/p>\n","protected":false},"author":23118,"featured_media":0,"parent":0,"menu_order":7,"comment_status":"closed","ping_status":"closed","template":"","meta":{"footnotes":"","_links_to":"","_links_to_target":""},"class_list":["post-777","page","type-page","status-publish","hentry"],"_links":{"self":[{"href":"https:\/\/sites.usp.br\/cibelerusso\/wp-json\/wp\/v2\/pages\/777","targetHints":{"allow":["GET"]}}],"collection":[{"href":"https:\/\/sites.usp.br\/cibelerusso\/wp-json\/wp\/v2\/pages"}],"about":[{"href":"https:\/\/sites.usp.br\/cibelerusso\/wp-json\/wp\/v2\/types\/page"}],"author":[{"embeddable":true,"href":"https:\/\/sites.usp.br\/cibelerusso\/wp-json\/wp\/v2\/users\/23118"}],"replies":[{"embeddable":true,"href":"https:\/\/sites.usp.br\/cibelerusso\/wp-json\/wp\/v2\/comments?post=777"}],"version-history":[{"count":3,"href":"https:\/\/sites.usp.br\/cibelerusso\/wp-json\/wp\/v2\/pages\/777\/revisions"}],"predecessor-version":[{"id":852,"href":"https:\/\/sites.usp.br\/cibelerusso\/wp-json\/wp\/v2\/pages\/777\/revisions\/852"}],"wp:attachment":[{"href":"https:\/\/sites.usp.br\/cibelerusso\/wp-json\/wp\/v2\/media?parent=777"}],"curies":[{"name":"wp","href":"https:\/\/api.w.org\/{rel}","templated":true}]}}