{"id":781,"date":"2022-07-03T12:09:44","date_gmt":"2022-07-03T14:09:44","guid":{"rendered":"https:\/\/sites.usp.br\/cibelerusso\/?page_id=781"},"modified":"2022-07-03T12:21:14","modified_gmt":"2022-07-03T14:21:14","slug":"contact-information","status":"publish","type":"page","link":"https:\/\/sites.usp.br\/cibelerusso\/en\/contact-information\/","title":{"rendered":"Contact Info"},"content":{"rendered":"<h2><a id=\"academic_address\" name=\"academic_address\"><\/a>Academic Address<\/h2>\n<div>\n<p>Cibele Maria Russo Novelli<br \/>\nInstituto de Ci\u00eancias Matem\u00e1ticas e de Computa\u00e7\u00e3o &#8211; USP<br \/>\nAvenida Trabalhador S\u00e3o Carlense, 400 &#8211; Centro<br \/>\nCEP: 13566-590 &#8211; S\u00e3o Carlos &#8211; SP &#8211; BRAZIL<\/p>\n<p>Fone: +55 (16) 3373-6606 &#8211; Fax: +55 (16) 3373-9650 (secretaria)<br \/>\nE-mail: cibele [@] icmc . usp . br<\/p>\n<\/div>\n","protected":false},"excerpt":{"rendered":"<p>Academic Address Cibele Maria Russo Novelli Instituto de Ci\u00eancias Matem\u00e1ticas e de Computa\u00e7\u00e3o &#8211; USP Avenida Trabalhador S\u00e3o Carlense, 400 &#8211; Centro CEP: 13566-590 &#8211; S\u00e3o Carlos &#8211; SP &#8211; BRAZIL Fone: +55 (16) 3373-6606 &#8211; Fax: +55 (16) 3373-9650 (secretaria) E-mail: cibele [@] icmc . usp . br<\/p>\n","protected":false},"author":23118,"featured_media":0,"parent":0,"menu_order":9,"comment_status":"closed","ping_status":"closed","template":"","meta":{"footnotes":"","_links_to":"","_links_to_target":""},"class_list":["post-781","page","type-page","status-publish","hentry"],"_links":{"self":[{"href":"https:\/\/sites.usp.br\/cibelerusso\/wp-json\/wp\/v2\/pages\/781","targetHints":{"allow":["GET"]}}],"collection":[{"href":"https:\/\/sites.usp.br\/cibelerusso\/wp-json\/wp\/v2\/pages"}],"about":[{"href":"https:\/\/sites.usp.br\/cibelerusso\/wp-json\/wp\/v2\/types\/page"}],"author":[{"embeddable":true,"href":"https:\/\/sites.usp.br\/cibelerusso\/wp-json\/wp\/v2\/users\/23118"}],"replies":[{"embeddable":true,"href":"https:\/\/sites.usp.br\/cibelerusso\/wp-json\/wp\/v2\/comments?post=781"}],"version-history":[{"count":4,"href":"https:\/\/sites.usp.br\/cibelerusso\/wp-json\/wp\/v2\/pages\/781\/revisions"}],"predecessor-version":[{"id":786,"href":"https:\/\/sites.usp.br\/cibelerusso\/wp-json\/wp\/v2\/pages\/781\/revisions\/786"}],"wp:attachment":[{"href":"https:\/\/sites.usp.br\/cibelerusso\/wp-json\/wp\/v2\/media?parent=781"}],"curies":[{"name":"wp","href":"https:\/\/api.w.org\/{rel}","templated":true}]}}