{"id":231,"date":"2023-03-13T18:13:30","date_gmt":"2023-03-13T20:13:30","guid":{"rendered":"https:\/\/sites.usp.br\/cibio\/?page_id=231"},"modified":"2023-03-13T18:19:39","modified_gmt":"2023-03-13T20:19:39","slug":"reunioes","status":"publish","type":"page","link":"https:\/\/sites.usp.br\/cibio\/reunioes\/","title":{"rendered":"Reuni\u00f5es"},"content":{"rendered":"<p>A CIBio\/EACH-USP se re\u00fane ordinariamente uma vez por ano no m\u00eas de dezembro. Demandas dos pesquisadores envolvendo trabalhos com OGMs podem ser tratadas diretamente com a CIBio\/EACH-USP (egfnunez@usp.br) em qualquer momento do ano. Caso necess\u00e1rio reuni\u00f5es extraordin\u00e1rias ser\u00e3o convocadas.<\/p>\n","protected":false},"excerpt":{"rendered":"<p>A CIBio\/EACH-USP se re\u00fane ordinariamente uma vez por ano no m\u00eas de dezembro. Demandas dos pesquisadores envolvendo trabalhos com OGMs podem ser tratadas diretamente com a CIBio\/EACH-USP (egfnunez@usp.br) em qualquer momento do ano. Caso necess\u00e1rio reuni\u00f5es extraordin\u00e1rias ser\u00e3o convocadas.<\/p>\n","protected":false},"author":1010,"featured_media":0,"parent":0,"menu_order":0,"comment_status":"closed","ping_status":"closed","template":"","meta":{"footnotes":"","_links_to":"","_links_to_target":""},"class_list":["post-231","page","type-page","status-publish","hentry"],"_links":{"self":[{"href":"https:\/\/sites.usp.br\/cibio\/wp-json\/wp\/v2\/pages\/231","targetHints":{"allow":["GET"]}}],"collection":[{"href":"https:\/\/sites.usp.br\/cibio\/wp-json\/wp\/v2\/pages"}],"about":[{"href":"https:\/\/sites.usp.br\/cibio\/wp-json\/wp\/v2\/types\/page"}],"author":[{"embeddable":true,"href":"https:\/\/sites.usp.br\/cibio\/wp-json\/wp\/v2\/users\/1010"}],"replies":[{"embeddable":true,"href":"https:\/\/sites.usp.br\/cibio\/wp-json\/wp\/v2\/comments?post=231"}],"version-history":[{"count":2,"href":"https:\/\/sites.usp.br\/cibio\/wp-json\/wp\/v2\/pages\/231\/revisions"}],"predecessor-version":[{"id":237,"href":"https:\/\/sites.usp.br\/cibio\/wp-json\/wp\/v2\/pages\/231\/revisions\/237"}],"wp:attachment":[{"href":"https:\/\/sites.usp.br\/cibio\/wp-json\/wp\/v2\/media?parent=231"}],"curies":[{"name":"wp","href":"https:\/\/api.w.org\/{rel}","templated":true}]}}