{"id":64,"date":"2014-02-12T11:28:54","date_gmt":"2014-02-12T13:28:54","guid":{"rendered":"http:\/\/sites.usp.br\/cibio\/?page_id=64"},"modified":"2023-03-13T18:10:32","modified_gmt":"2023-03-13T20:10:32","slug":"pagina-2","status":"publish","type":"page","link":"https:\/\/sites.usp.br\/cibio\/pagina-2\/","title":{"rendered":"Capacita\u00e7\u00e3o"},"content":{"rendered":"<p>A CIBio\/EACH-USP disponibiliza para os pesquisadores que trabalham ou trabalhar\u00e3o com OGMs na EACH um curso virtual e um formul\u00e1rio avaliativo online sobre as principais Resolu\u00e7\u00f5es Normativas da CTNBio. O treinamento deve ser solicitado pelo pesquisador principal, respons\u00e1vel pelo projeto \u00e0 CIBio\/EACH-USP (<a href=\"mailto:egfnunez@usp.br\">egfnunez@usp.br<\/a>).<\/p>\n","protected":false},"excerpt":{"rendered":"<p>A CIBio\/EACH-USP disponibiliza para os pesquisadores que trabalham ou trabalhar\u00e3o com OGMs na EACH um curso virtual e um formul\u00e1rio avaliativo online sobre as principais Resolu\u00e7\u00f5es Normativas da CTNBio. O treinamento deve ser solicitado pelo pesquisador principal, respons\u00e1vel pelo projeto \u00e0 CIBio\/EACH-USP (egfnunez@usp.br).<\/p>\n","protected":false},"author":1,"featured_media":0,"parent":0,"menu_order":0,"comment_status":"closed","ping_status":"closed","template":"","meta":{"footnotes":"","_links_to":"","_links_to_target":""},"class_list":["post-64","page","type-page","status-publish","hentry"],"_links":{"self":[{"href":"https:\/\/sites.usp.br\/cibio\/wp-json\/wp\/v2\/pages\/64","targetHints":{"allow":["GET"]}}],"collection":[{"href":"https:\/\/sites.usp.br\/cibio\/wp-json\/wp\/v2\/pages"}],"about":[{"href":"https:\/\/sites.usp.br\/cibio\/wp-json\/wp\/v2\/types\/page"}],"author":[{"embeddable":true,"href":"https:\/\/sites.usp.br\/cibio\/wp-json\/wp\/v2\/users\/1"}],"replies":[{"embeddable":true,"href":"https:\/\/sites.usp.br\/cibio\/wp-json\/wp\/v2\/comments?post=64"}],"version-history":[{"count":4,"href":"https:\/\/sites.usp.br\/cibio\/wp-json\/wp\/v2\/pages\/64\/revisions"}],"predecessor-version":[{"id":230,"href":"https:\/\/sites.usp.br\/cibio\/wp-json\/wp\/v2\/pages\/64\/revisions\/230"}],"wp:attachment":[{"href":"https:\/\/sites.usp.br\/cibio\/wp-json\/wp\/v2\/media?parent=64"}],"curies":[{"name":"wp","href":"https:\/\/api.w.org\/{rel}","templated":true}]}}