{"id":79,"date":"2014-02-24T16:51:20","date_gmt":"2014-02-24T18:51:20","guid":{"rendered":"http:\/\/sites.usp.br\/cibio\/?page_id=79"},"modified":"2023-03-13T16:53:57","modified_gmt":"2023-03-13T18:53:57","slug":"pagina-inicial","status":"publish","type":"page","link":"https:\/\/sites.usp.br\/cibio\/","title":{"rendered":"Mensagem da CIBio\/EACH-USP"},"content":{"rendered":"<p>A Comiss\u00e3o Interna de Biosseguran\u00e7a da EACH-USP (CIBio\/EACH-USP), convida a\u00a0 todos os pesquisadores que pretendem realizar atividades (pesquisa, transporte e conserva\u00e7\u00e3o) com organismos geneticamente modificados (OGMs) nas instala\u00e7\u00f5es da EACH que entrem em contato com a CIBio\/EACH-USP (egfnunez@usp.br) antes de come\u00e7arem as atividades para receberem orienta\u00e7\u00f5es, treinamentos em conformidade com as Resolu\u00e7\u00f5es Normativas da Comiss\u00e3o T\u00e9cnica Nacional de Biosseguran\u00e7a (<a href=\"http:\/\/ctnbio.mctic.gov.br\/resolucoes-normativas\">CTNBio<\/a>). Aqueles que j\u00e1 realizam pedimos que cada ano no in\u00edcio do m\u00eas de mar\u00e7o notifiquem \u00e0 CIBio CIBio\/EACH-USP sobre os progressos e finaliza\u00e7\u00e3o dos projetos envolvendo OGMs.<\/p>\n<h2>Compet\u00eancias da CIBio<\/h2>\n<p align=\"JUSTIFY\"><span style=\"font-family: Arial; font-size: small;\">I \u2013 Manter informados os trabalhadores e demais membros da coletividade, quando suscet\u00edveis de serem afetados pela atividade, sobre as quest\u00f5es relacionadas com a sa\u00fade e a seguran\u00e7a, bem como sobre os procedimentos em caso de acidentes;<\/span><\/p>\n<p align=\"JUSTIFY\"><span style=\"font-family: Arial; font-size: small;\">II \u2013 Estabelecer programas preventivos e de inspe\u00e7\u00e3o para garantir o funcionamento das instala\u00e7\u00f5es sob sua responsabilidade, dentro dos padr\u00f5es e normas de biosseguran\u00e7a, definidos pela CTNBio na regulamenta\u00e7\u00e3o desta Lei;<\/span><\/p>\n<p align=\"JUSTIFY\"><span style=\"font-family: Arial; font-size: small;\">III \u2013 Encaminhar \u00e0 CTNBio os documentos cuja rela\u00e7\u00e3o ser\u00e1 estabelecida na regulamenta\u00e7\u00e3o desta Lei, para efeito de an\u00e1lise, registro ou autoriza\u00e7\u00e3o do \u00f3rg\u00e3o competente, quando couber;<\/span><\/p>\n<p align=\"JUSTIFY\"><span style=\"font-family: Arial; font-size: small;\">IV \u2013 Manter registro do acompanhamento individual de cada atividade ou projeto em desenvolvimento que envolvam OGM ou seus derivados;<\/span><\/p>\n<p align=\"JUSTIFY\"><span style=\"font-family: Arial; font-size: small;\">V \u2013 Notificar \u00e0 CTNBio, aos \u00f3rg\u00e3os e entidades de registro e fiscaliza\u00e7\u00e3o, referidos no art. 16 desta Lei, e \u00e0s entidades de trabalhadores o resultado de avalia\u00e7\u00f5es de risco a que est\u00e3o submetidas as pessoas expostas, bem como qualquer acidente ou incidente que possa provocar a dissemina\u00e7\u00e3o de agente biol\u00f3gico;<\/span><\/p>\n<p align=\"JUSTIFY\"><span style=\"font-family: Arial; font-size: small;\">VI \u2013 Investigar a ocorr\u00eancia de acidentes e as enfermidades possivelmente relacionados a OGM e seus derivados e notificar suas conclus\u00f5es e provid\u00eancias \u00e0 CTNBio.<\/span><\/p>\n<h2><\/h2>\n","protected":false},"excerpt":{"rendered":"<p>A Comiss\u00e3o Interna de Biosseguran\u00e7a da EACH-USP (CIBio\/EACH-USP), convida a\u00a0 todos os pesquisadores que pretendem realizar atividades (pesquisa, transporte e conserva\u00e7\u00e3o) com organismos geneticamente modificados (OGMs) nas instala\u00e7\u00f5es da EACH que entrem em contato com a CIBio\/EACH-USP (egfnunez@usp.br) antes de come\u00e7arem as atividades para receberem orienta\u00e7\u00f5es, treinamentos em conformidade com as Resolu\u00e7\u00f5es Normativas da Comiss\u00e3o [&hellip;]<\/p>\n","protected":false},"author":1,"featured_media":0,"parent":0,"menu_order":0,"comment_status":"closed","ping_status":"closed","template":"","meta":{"footnotes":"","_links_to":"","_links_to_target":""},"class_list":["post-79","page","type-page","status-publish","hentry"],"_links":{"self":[{"href":"https:\/\/sites.usp.br\/cibio\/wp-json\/wp\/v2\/pages\/79","targetHints":{"allow":["GET"]}}],"collection":[{"href":"https:\/\/sites.usp.br\/cibio\/wp-json\/wp\/v2\/pages"}],"about":[{"href":"https:\/\/sites.usp.br\/cibio\/wp-json\/wp\/v2\/types\/page"}],"author":[{"embeddable":true,"href":"https:\/\/sites.usp.br\/cibio\/wp-json\/wp\/v2\/users\/1"}],"replies":[{"embeddable":true,"href":"https:\/\/sites.usp.br\/cibio\/wp-json\/wp\/v2\/comments?post=79"}],"version-history":[{"count":4,"href":"https:\/\/sites.usp.br\/cibio\/wp-json\/wp\/v2\/pages\/79\/revisions"}],"predecessor-version":[{"id":181,"href":"https:\/\/sites.usp.br\/cibio\/wp-json\/wp\/v2\/pages\/79\/revisions\/181"}],"wp:attachment":[{"href":"https:\/\/sites.usp.br\/cibio\/wp-json\/wp\/v2\/media?parent=79"}],"curies":[{"name":"wp","href":"https:\/\/api.w.org\/{rel}","templated":true}]}}