{"id":244,"date":"2019-07-23T17:26:34","date_gmt":"2019-07-23T19:26:34","guid":{"rendered":"http:\/\/sites.usp.br\/ciclocuratorial\/?page_id=244"},"modified":"2020-08-17T15:19:01","modified_gmt":"2020-08-17T17:19:01","slug":"instituicoes","status":"publish","type":"page","link":"https:\/\/sites.usp.br\/ciclocuratorial\/instituicoes\/","title":{"rendered":"Institui\u00e7\u00f5es"},"content":{"rendered":"<p><a href=\"http:\/\/sites.usp.br\/ciclocuratorial\/instituicoes\/fapesp\/\">FAPESP &#8211; Funda\u00e7\u00e3o de Amparo \u00e0 Pesquisa do Estado de S\u00e3o Paulo<\/a><br \/>\n<a href=\"http:\/\/sites.usp.br\/ciclocuratorial\/instituicoes\/instituto-de-fisica-usp\/\">Instituto de F\u00edsica da USP<\/a><br \/>\n<a href=\"http:\/\/sites.usp.br\/ciclocuratorial\/instituicoes\/mae-usp\/\">Museu de Arqueologia e Etnologia da USP<\/a><br \/>\n<a href=\"http:\/\/sites.usp.br\/ciclocuratorial\/mac-usp\/\">Museu de Arte Contempor\u00e2nea da USP<\/a><br \/>\n<a href=\"http:\/\/sites.usp.br\/ciclocuratorial\/instituicoes\/mz-usp\/\">Museu de Zoologia da USP<\/a><br \/>\n<a href=\"http:\/\/sites.usp.br\/ciclocuratorial\/mp-usp\/\">Museu Paulista &#8211; USP<\/a><\/p>\n","protected":false},"excerpt":{"rendered":"<p>FAPESP &#8211; Funda\u00e7\u00e3o de Amparo \u00e0 Pesquisa do Estado de S\u00e3o Paulo Instituto de F\u00edsica da USP Museu de Arqueologia e Etnologia da USP Museu de Arte Contempor\u00e2nea da USP Museu de Zoologia da USP Museu Paulista &#8211; USP<\/p>\n","protected":false},"author":1,"featured_media":0,"parent":0,"menu_order":0,"comment_status":"closed","ping_status":"closed","template":"","meta":{"footnotes":"","_links_to":"","_links_to_target":""},"class_list":["post-244","page","type-page","status-publish","hentry"],"_links":{"self":[{"href":"https:\/\/sites.usp.br\/ciclocuratorial\/wp-json\/wp\/v2\/pages\/244","targetHints":{"allow":["GET"]}}],"collection":[{"href":"https:\/\/sites.usp.br\/ciclocuratorial\/wp-json\/wp\/v2\/pages"}],"about":[{"href":"https:\/\/sites.usp.br\/ciclocuratorial\/wp-json\/wp\/v2\/types\/page"}],"author":[{"embeddable":true,"href":"https:\/\/sites.usp.br\/ciclocuratorial\/wp-json\/wp\/v2\/users\/1"}],"replies":[{"embeddable":true,"href":"https:\/\/sites.usp.br\/ciclocuratorial\/wp-json\/wp\/v2\/comments?post=244"}],"version-history":[{"count":4,"href":"https:\/\/sites.usp.br\/ciclocuratorial\/wp-json\/wp\/v2\/pages\/244\/revisions"}],"predecessor-version":[{"id":433,"href":"https:\/\/sites.usp.br\/ciclocuratorial\/wp-json\/wp\/v2\/pages\/244\/revisions\/433"}],"wp:attachment":[{"href":"https:\/\/sites.usp.br\/ciclocuratorial\/wp-json\/wp\/v2\/media?parent=244"}],"curies":[{"name":"wp","href":"https:\/\/api.w.org\/{rel}","templated":true}]}}