{"id":290,"date":"2019-07-23T18:59:37","date_gmt":"2019-07-23T20:59:37","guid":{"rendered":"http:\/\/sites.usp.br\/ciclocuratorial\/?page_id=290"},"modified":"2020-08-17T15:42:01","modified_gmt":"2020-08-17T17:42:01","slug":"mac-usp","status":"publish","type":"page","link":"https:\/\/sites.usp.br\/ciclocuratorial\/instituicoes\/mac-usp\/","title":{"rendered":"MAC USP"},"content":{"rendered":"<p><strong><a href=\"https:\/\/sites.usp.br\/ciclocuratorial\/wp-content\/uploads\/sites\/557\/2020\/08\/fachada-mac-usp-antigo-detran-sp.jpeg\"><img loading=\"lazy\" decoding=\"async\" class=\"size-medium wp-image-439 alignleft\" src=\"https:\/\/sites.usp.br\/ciclocuratorial\/wp-content\/uploads\/sites\/557\/2020\/08\/fachada-mac-usp-antigo-detran-sp-300x203.jpeg\" alt=\"\" width=\"300\" height=\"203\" srcset=\"https:\/\/sites.usp.br\/ciclocuratorial\/wp-content\/uploads\/sites\/557\/2020\/08\/fachada-mac-usp-antigo-detran-sp-300x203.jpeg 300w, https:\/\/sites.usp.br\/ciclocuratorial\/wp-content\/uploads\/sites\/557\/2020\/08\/fachada-mac-usp-antigo-detran-sp-400x271.jpeg 400w, https:\/\/sites.usp.br\/ciclocuratorial\/wp-content\/uploads\/sites\/557\/2020\/08\/fachada-mac-usp-antigo-detran-sp.jpeg 550w\" sizes=\"auto, (max-width: 300px) 100vw, 300px\" \/><\/a>Museu de Arte Contempor\u00e2nea da Universidade de S\u00e3o Paulo (MAC USP)<\/strong><\/p>\n<p>O Museu de Arte Contempor\u00e2nea da Universidade de S\u00e3o Paulo (MAC USP) \u00e9 um museu p\u00fablico universit\u00e1rio de pesquisa e ensino, com um acervo de import\u00e2ncia internacional da arte dos s\u00e9culos XX e XXI. Das 1.691 obras recebidas do antigo Museu de Arte Moderna de S\u00e3o Paulo (MAM SP), o MAC USP atingiu recentemente a marca de 10.000 obras em seu acervo. Em 2012, instalou-se em uma nova sede, o chamado Pal\u00e1cio da Agricultura, pr\u00e9dio projetado por Oscar Niemeyer e equipe no Parque Ibirapuera, para a celebra\u00e7\u00e3o do IV Centen\u00e1rio da cidade de S\u00e3o Paulo em 1954. Assim, seu acervo art\u00edstico tem um espa\u00e7o \u00e0 sua altura para sua exibi\u00e7\u00e3o e aprecia\u00e7\u00e3o do p\u00fablico. Em 2019, o MAC USP recebeu mais de 350.000 visitantes.<br \/>\nSua miss\u00e3o \u00e9 promover o estudo e dissemina\u00e7\u00e3o de seu acervo, bem como sua conserva\u00e7\u00e3o, salvaguarda, restaura\u00e7\u00e3o, expans\u00e3o e seu reconhecimento como patrim\u00f4nio art\u00edstico brasileiro e internacional. Al\u00e9m disso, o Museu tem por objetivo desenvolver a doc\u00eancia, a pesquisa e atividades de cultura e extens\u00e3o nas \u00e1reas de Museologia, Hist\u00f3ria, Teoria e Cr\u00edtica da Arte, e Educa\u00e7\u00e3o e Arte em Museus, fomentando interc\u00e2mbios acad\u00eamicos e culturais com institui\u00e7\u00f5es afins no brasil e no exterior. O MAC USP tem ainda a miss\u00e3o de promover as pr\u00e1ticas art\u00edsticas contempor\u00e2neas.<\/p>\n<p>Suas atividades curatoriais se desenvolvem a partir da reflex\u00e3o cr\u00edtica baseada na pesquisa interdisciplinar em hist\u00f3ria, teoria e cr\u00edtica da arte moderna e contempor\u00e2nea, definidora de sua pol\u00edtica de aquisi\u00e7\u00e3o. Seus curadores s\u00e3o, ao mesmo tempo, professores e pesquisadores da Universidade, diretamente ligados ao Museu. Portanto, ao contr\u00e1rio de museus universit\u00e1rios nos Estados Unidos, por exemplo, o MAC USP tem um quadro docente pr\u00f3prio. Desde 2000, o MAC USP \u00e9 a principal unidade da USP ligada ao Programa Interunidades em Est\u00e9tica e Hist\u00f3ria da Arte (PGEHA &#8211;\u00a0 http:\/\/www.pgeha2.webhostusp.sti.usp.br\/index.php\/en\/ ). O programa prov\u00ea certificados de Mestrado acad\u00eamico e Doutorado para estudantes interessados nas suas linhas de pesquisa, contando atualmente com uma m\u00e9dia de cem alunos por ano, sob orienta\u00e7\u00e3o de seus docentes e em suas disciplinas. O Museu \u00e9 uma das unidades fundadoras Programa Interunidades em Museologia (PPGMUs, criado em 2012 -https:\/\/sites.usp.br\/ppgmus\/ ), que oferece o Mestrado acad\u00eamico e conta com a participa\u00e7\u00e3o dos quatro museus estatut\u00e1rios da Universidade de S\u00e3o Paulo, permitindo a seus alunos uma forma\u00e7\u00e3o interdisciplinar.<\/p>\n<p>Saiba mais: <a href=\"http:\/\/www.mac.usp.br\" target=\"_blank\" rel=\"noopener noreferrer\">http:\/\/www.mac.usp.br<\/a><\/p>\n<p><strong>Museum of Contemporary Art of the University of S\u00e3o Paulo (MAC USP)<\/strong><\/p>\n<p>The Museum of Contemporary Art of the University of S\u00e3o Paulo (MAC USP) is a research and education public university museum, with a collection of national and international importance of 20th and 21st centuries art. From the 1,691 works received from the former Museu de Arte Moderna de S\u00e3o Paulo (MAM SP), MAC USP has more recently reached the mark of 10,000 works in its collections. In 2012, MAC USP moved into a new venue, the so-called Palace of Agriculture, one of the buildings designed by Oscar Niemeyer and team in the Ibirapuera Park, to celebrate the IV Centennial of the city of S\u00e3o Paulo in 1954. In this way, its artistic collection now has a worthy space for its presentation and enjoyment by the general public. In 2019, the museum received over 350,000 visitors.<\/p>\n<p>MAC USP&#8217;s mission is to promote the study and dissemination of the collection as well as its conservation, protection, restauration, expansion and recognition as a Brazilian artistic heritage in Brazil and abroad. In addition, the Museum seeks to develop teaching, research and extension in the fields of Museology, History, Theory and Criticism of Art, and Education and Art in Museums, encouraging scientific and cultural exchange with similar institutions in Brazil and abroad and promoting contemporary artistic practice.<\/p>\n<p>Its curatorial activities are developed from critical reflection grounded in interdisciplinary research in history, theory and criticism of modern and contemporary art, which also defines its collecting policies. Its curators are professors and researchers from the University, directly linked to the Museum &#8211; and not to another department as is the case with US university museums. Since 2000, MAC USP is the main University department engaged in the Inter-unity Graduate Program in Aesthetics and Art History (PGEHA, see:\u00a0 http:\/\/www.pgeha2.webhostusp.sti.usp.br\/index.php\/en\/ ). The Program has the academic MA and the PhD diplomas for students who are interested in specializing in it, and has an average of one hundred students a year, under supervision and in its seminar courses. The Museum is also part of the Inter-unity Program in Museology (PPGMUs, see: https:\/\/sites.usp.br\/ppgmus\/ ), which offers the academic MA and has the participation of the four University of S\u00e3o Paulo museums, allowing the students to have an interdisciplinary education.<\/p>\n<p>More: <a href=\"http:\/\/www.mac.usp.br\" target=\"_blank\" rel=\"noopener noreferrer\">http:\/\/www.mac.usp.br<\/a><\/p>\n","protected":false},"excerpt":{"rendered":"<p>Museu de Arte Contempor\u00e2nea da Universidade de S\u00e3o Paulo (MAC USP) O Museu de Arte Contempor\u00e2nea da Universidade de S\u00e3o Paulo (MAC USP) \u00e9 um museu p\u00fablico universit\u00e1rio de pesquisa e ensino, com um acervo de import\u00e2ncia internacional da arte &hellip; <a href=\"https:\/\/sites.usp.br\/ciclocuratorial\/instituicoes\/mac-usp\/\">Continue reading <span class=\"meta-nav\">&rarr;<\/span><\/a><\/p>\n","protected":false},"author":1,"featured_media":0,"parent":244,"menu_order":0,"comment_status":"closed","ping_status":"closed","template":"","meta":{"footnotes":"","_links_to":"","_links_to_target":""},"class_list":["post-290","page","type-page","status-publish","hentry"],"_links":{"self":[{"href":"https:\/\/sites.usp.br\/ciclocuratorial\/wp-json\/wp\/v2\/pages\/290","targetHints":{"allow":["GET"]}}],"collection":[{"href":"https:\/\/sites.usp.br\/ciclocuratorial\/wp-json\/wp\/v2\/pages"}],"about":[{"href":"https:\/\/sites.usp.br\/ciclocuratorial\/wp-json\/wp\/v2\/types\/page"}],"author":[{"embeddable":true,"href":"https:\/\/sites.usp.br\/ciclocuratorial\/wp-json\/wp\/v2\/users\/1"}],"replies":[{"embeddable":true,"href":"https:\/\/sites.usp.br\/ciclocuratorial\/wp-json\/wp\/v2\/comments?post=290"}],"version-history":[{"count":3,"href":"https:\/\/sites.usp.br\/ciclocuratorial\/wp-json\/wp\/v2\/pages\/290\/revisions"}],"predecessor-version":[{"id":440,"href":"https:\/\/sites.usp.br\/ciclocuratorial\/wp-json\/wp\/v2\/pages\/290\/revisions\/440"}],"up":[{"embeddable":true,"href":"https:\/\/sites.usp.br\/ciclocuratorial\/wp-json\/wp\/v2\/pages\/244"}],"wp:attachment":[{"href":"https:\/\/sites.usp.br\/ciclocuratorial\/wp-json\/wp\/v2\/media?parent=290"}],"curies":[{"name":"wp","href":"https:\/\/api.w.org\/{rel}","templated":true}]}}