{"id":292,"date":"2019-07-23T18:59:37","date_gmt":"2019-07-23T20:59:37","guid":{"rendered":"http:\/\/sites.usp.br\/ciclocuratorial\/?page_id=292"},"modified":"2020-08-17T15:22:39","modified_gmt":"2020-08-17T17:22:39","slug":"mp-usp","status":"publish","type":"page","link":"https:\/\/sites.usp.br\/ciclocuratorial\/instituicoes\/mp-usp\/","title":{"rendered":"MP USP"},"content":{"rendered":"<p><a style=\"font-weight: bold; background-color: transparent;\" href=\"https:\/\/sites.usp.br\/ciclocuratorial\/wp-content\/uploads\/sites\/557\/2020\/01\/menor_1280px-Webysther_20190304150324_-_Parque_da_Independ\u00eancia.jpg\"><img loading=\"lazy\" decoding=\"async\" class=\"size-medium wp-image-344 alignleft\" src=\"https:\/\/sites.usp.br\/ciclocuratorial\/wp-content\/uploads\/sites\/557\/2020\/01\/menor_1280px-Webysther_20190304150324_-_Parque_da_Independ\u00eancia-300x187.jpg\" alt=\"\" width=\"300\" height=\"187\" srcset=\"https:\/\/sites.usp.br\/ciclocuratorial\/wp-content\/uploads\/sites\/557\/2020\/01\/menor_1280px-Webysther_20190304150324_-_Parque_da_Independ\u00eancia-300x187.jpg 300w, https:\/\/sites.usp.br\/ciclocuratorial\/wp-content\/uploads\/sites\/557\/2020\/01\/menor_1280px-Webysther_20190304150324_-_Parque_da_Independ\u00eancia-400x250.jpg 400w, https:\/\/sites.usp.br\/ciclocuratorial\/wp-content\/uploads\/sites\/557\/2020\/01\/menor_1280px-Webysther_20190304150324_-_Parque_da_Independ\u00eancia.jpg 567w\" sizes=\"auto, (max-width: 300px) 100vw, 300px\" \/><\/a><\/p>\n<p><strong>Museu Paulista de Universidade de S\u00e3o Paulo <\/strong><\/p>\n<p>Criado por decreto-lei de 1894, o Museu do Ipiranga \u00e9 o museu p\u00fablico mais antigo da cidade de S\u00e3o Paulo. Nasceu como museu enciclop\u00e9dico e, desde 1989, \u00e9 um museu especializado em hist\u00f3ria da cultura material da sociedade brasileira. Em 1923, o Museu Paulista estabeleceu uma extens\u00e3o na cidade de Itu \u2013 o Museu Republicano de Itu, dedicado \u00e0 mem\u00f3ria dos primeiros anos de forma\u00e7\u00e3o da Rep\u00fablica brasileira e que \u00e9 hoje um polo de pesquisa, ensino e extens\u00e3o com voca\u00e7\u00e3o para a hist\u00f3ria regional paulista a partir da cultura material. As duas institui\u00e7\u00f5es passaram a integrar a Universidade de S\u00e3o Paulo em 1963.<\/p>\n<p>O Museu Paulista (Museu do Ipiranga e Museu Republicano de Itu) \u00e9 um museu universit\u00e1rio e como tal est\u00e1 comprometido com a pesquisa associada \u00e0s suas cole\u00e7\u00f5es. O Museu oferece cursos de extens\u00e3o e disciplinas de gradua\u00e7\u00e3o e de p\u00f3s-gradua\u00e7\u00e3o; possui programa de inicia\u00e7\u00e3o cient\u00edfica e recebe pesquisadores em p\u00f3s-doutorado e professores visitantes. Integra, juntamente com os outros tr\u00eas museus estatut\u00e1rios da USP, o Programa de P\u00f3s-Gradua\u00e7\u00e3o Interunidades em Museologia.<\/p>\n<p>Os edif\u00edcios-monumentos, os acervos centen\u00e1rios e os lugares simb\u00f3licos que as sedes de S\u00e3o Paulo e de Itu ocupam nas cidades singularizam o Museu Paulista como uma institui\u00e7\u00e3o que conjuga as a\u00e7\u00f5es cient\u00edficas, culturais e educacionais que caracterizam um museu universit\u00e1rio com as de espa\u00e7os de mem\u00f3ria fundamentais no imagin\u00e1rio social brasileiro.<\/p>\n<p>Saiba mais: <a href=\"http:\/\/www.mp.usp.br\/\" target=\"_blank\" rel=\"noopener noreferrer\">http:\/\/www.mp.usp.br\/<\/a><\/p>\n","protected":false},"excerpt":{"rendered":"<p>Museu Paulista de Universidade de S\u00e3o Paulo Criado por decreto-lei de 1894, o Museu do Ipiranga \u00e9 o museu p\u00fablico mais antigo da cidade de S\u00e3o Paulo. Nasceu como museu enciclop\u00e9dico e, desde 1989, \u00e9 um museu especializado em hist\u00f3ria &hellip; <a href=\"https:\/\/sites.usp.br\/ciclocuratorial\/instituicoes\/mp-usp\/\">Continue reading <span class=\"meta-nav\">&rarr;<\/span><\/a><\/p>\n","protected":false},"author":1,"featured_media":0,"parent":244,"menu_order":0,"comment_status":"closed","ping_status":"closed","template":"","meta":{"footnotes":"","_links_to":"","_links_to_target":""},"class_list":["post-292","page","type-page","status-publish","hentry"],"_links":{"self":[{"href":"https:\/\/sites.usp.br\/ciclocuratorial\/wp-json\/wp\/v2\/pages\/292","targetHints":{"allow":["GET"]}}],"collection":[{"href":"https:\/\/sites.usp.br\/ciclocuratorial\/wp-json\/wp\/v2\/pages"}],"about":[{"href":"https:\/\/sites.usp.br\/ciclocuratorial\/wp-json\/wp\/v2\/types\/page"}],"author":[{"embeddable":true,"href":"https:\/\/sites.usp.br\/ciclocuratorial\/wp-json\/wp\/v2\/users\/1"}],"replies":[{"embeddable":true,"href":"https:\/\/sites.usp.br\/ciclocuratorial\/wp-json\/wp\/v2\/comments?post=292"}],"version-history":[{"count":4,"href":"https:\/\/sites.usp.br\/ciclocuratorial\/wp-json\/wp\/v2\/pages\/292\/revisions"}],"predecessor-version":[{"id":434,"href":"https:\/\/sites.usp.br\/ciclocuratorial\/wp-json\/wp\/v2\/pages\/292\/revisions\/434"}],"up":[{"embeddable":true,"href":"https:\/\/sites.usp.br\/ciclocuratorial\/wp-json\/wp\/v2\/pages\/244"}],"wp:attachment":[{"href":"https:\/\/sites.usp.br\/ciclocuratorial\/wp-json\/wp\/v2\/media?parent=292"}],"curies":[{"name":"wp","href":"https:\/\/api.w.org\/{rel}","templated":true}]}}