{"id":297,"date":"2019-07-23T18:59:37","date_gmt":"2019-07-23T20:59:37","guid":{"rendered":"http:\/\/sites.usp.br\/ciclocuratorial\/?page_id=297"},"modified":"2020-08-17T14:33:11","modified_gmt":"2020-08-17T16:33:11","slug":"fapesp","status":"publish","type":"page","link":"https:\/\/sites.usp.br\/ciclocuratorial\/instituicoes\/fapesp\/","title":{"rendered":"FAPESP"},"content":{"rendered":"<div>A Funda\u00e7\u00e3o de Amparo \u00e0 Pesquisa do Estado de S\u00e3o Paulo \u00e9 uma das principais ag\u00eancias de fomento \u00e0 pesquisa cient\u00edfica e tecnol\u00f3gica do pa\u00eds. Com autonomia garantida por lei, a FAPESP est\u00e1 ligada \u00e0 Secretaria de Desenvolvimento Econ\u00f4mico.<\/div>\n<div><\/div>\n<div>\n<p>Com um or\u00e7amento anual correspondente a 1% do total da receita tribut\u00e1ria do Estado, a FAPESP apoia a pesquisa e financia a investiga\u00e7\u00e3o, o interc\u00e2mbio e a divulga\u00e7\u00e3o da ci\u00eancia e da tecnologia produzida em S\u00e3o Paulo.<\/p>\n<\/div>\n<p>Saiba mas: <a href=\"http:\/\/www.fapesp.br\/\" target=\"_blank\" rel=\"noopener noreferrer\">http:\/\/www.fapesp.br\/<\/a><\/p>\n","protected":false},"excerpt":{"rendered":"<p>A Funda\u00e7\u00e3o de Amparo \u00e0 Pesquisa do Estado de S\u00e3o Paulo \u00e9 uma das principais ag\u00eancias de fomento \u00e0 pesquisa cient\u00edfica e tecnol\u00f3gica do pa\u00eds. Com autonomia garantida por lei, a FAPESP est\u00e1 ligada \u00e0 Secretaria de Desenvolvimento Econ\u00f4mico. Com &hellip; <a href=\"https:\/\/sites.usp.br\/ciclocuratorial\/instituicoes\/fapesp\/\">Continue reading <span class=\"meta-nav\">&rarr;<\/span><\/a><\/p>\n","protected":false},"author":1,"featured_media":0,"parent":244,"menu_order":0,"comment_status":"closed","ping_status":"closed","template":"","meta":{"footnotes":"","_links_to":"","_links_to_target":""},"class_list":["post-297","page","type-page","status-publish","hentry"],"_links":{"self":[{"href":"https:\/\/sites.usp.br\/ciclocuratorial\/wp-json\/wp\/v2\/pages\/297","targetHints":{"allow":["GET"]}}],"collection":[{"href":"https:\/\/sites.usp.br\/ciclocuratorial\/wp-json\/wp\/v2\/pages"}],"about":[{"href":"https:\/\/sites.usp.br\/ciclocuratorial\/wp-json\/wp\/v2\/types\/page"}],"author":[{"embeddable":true,"href":"https:\/\/sites.usp.br\/ciclocuratorial\/wp-json\/wp\/v2\/users\/1"}],"replies":[{"embeddable":true,"href":"https:\/\/sites.usp.br\/ciclocuratorial\/wp-json\/wp\/v2\/comments?post=297"}],"version-history":[{"count":2,"href":"https:\/\/sites.usp.br\/ciclocuratorial\/wp-json\/wp\/v2\/pages\/297\/revisions"}],"predecessor-version":[{"id":414,"href":"https:\/\/sites.usp.br\/ciclocuratorial\/wp-json\/wp\/v2\/pages\/297\/revisions\/414"}],"up":[{"embeddable":true,"href":"https:\/\/sites.usp.br\/ciclocuratorial\/wp-json\/wp\/v2\/pages\/244"}],"wp:attachment":[{"href":"https:\/\/sites.usp.br\/ciclocuratorial\/wp-json\/wp\/v2\/media?parent=297"}],"curies":[{"name":"wp","href":"https:\/\/api.w.org\/{rel}","templated":true}]}}