{"id":2885,"date":"2025-06-17T12:58:57","date_gmt":"2025-06-17T15:58:57","guid":{"rendered":"https:\/\/sites.usp.br\/cipa-ffclrp\/?page_id=2885"},"modified":"2025-06-17T13:00:36","modified_gmt":"2025-06-17T16:00:36","slug":"reunioes","status":"publish","type":"page","link":"https:\/\/sites.usp.br\/cipa-ffclrp\/reunioes\/","title":{"rendered":"Reuni\u00f5es"},"content":{"rendered":"\t\t<div data-elementor-type=\"wp-page\" data-elementor-id=\"2885\" class=\"elementor elementor-2885\" data-elementor-post-type=\"page\">\n\t\t\t\t\t\t<section class=\"elementor-section elementor-top-section elementor-element elementor-element-ae22fb3 elementor-section-boxed elementor-section-height-default elementor-section-height-default\" data-id=\"ae22fb3\" data-element_type=\"section\">\n\t\t\t\t\t\t<div class=\"elementor-container elementor-column-gap-default\">\n\t\t\t\t\t<div class=\"elementor-column elementor-col-100 elementor-top-column elementor-element elementor-element-5c663d1\" data-id=\"5c663d1\" data-element_type=\"column\">\n\t\t\t<div class=\"elementor-widget-wrap elementor-element-populated\">\n\t\t\t\t\t\t<div class=\"elementor-element elementor-element-beff4cc elementor-widget elementor-widget-heading\" data-id=\"beff4cc\" data-element_type=\"widget\" data-widget_type=\"heading.default\">\n\t\t\t\t<div class=\"elementor-widget-container\">\n\t\t\t<h2 class=\"elementor-heading-title elementor-size-default\">Calend\u00e1rio de Reuni\u00f5es<\/h2>\t\t<\/div>\n\t\t\t\t<\/div>\n\t\t\t\t\t<\/div>\n\t\t<\/div>\n\t\t\t\t\t<\/div>\n\t\t<\/section>\n\t\t\t\t<section class=\"elementor-section elementor-top-section elementor-element elementor-element-27c0016 elementor-section-boxed elementor-section-height-default elementor-section-height-default\" data-id=\"27c0016\" data-element_type=\"section\">\n\t\t\t\t\t\t<div class=\"elementor-container elementor-column-gap-default\">\n\t\t\t\t\t<div class=\"elementor-column elementor-col-100 elementor-top-column elementor-element elementor-element-918583b\" data-id=\"918583b\" data-element_type=\"column\">\n\t\t\t<div class=\"elementor-widget-wrap elementor-element-populated\">\n\t\t\t\t\t\t<div class=\"elementor-element elementor-element-677297e elementor-widget elementor-widget-text-editor\" data-id=\"677297e\" data-element_type=\"widget\" data-widget_type=\"text-editor.default\">\n\t\t\t\t<div class=\"elementor-widget-container\">\n\t\t\t\t\t\t\t<table>\n    <tbody><tr class=\"mainheader\">\n\t<th>Dia<\/th>\n\t<th>M\u00eas\/Ano<\/th>\n    <\/tr>\n\n    <tr>\n<td>27<\/td> <td>Fevereiro\/2024<\/td><\/tr>\n<tr>\n<td>19<\/td> <td>Mar\u00e7o\/2024<\/td><\/tr>\n<tr>\n<td>30<\/td> <td>Abril\/2024<\/td><\/tr>\n<tr>\n<td>28<\/td> <td>Maio\/2024<\/td><\/tr>\n<tr>\n<td>10<\/td> <td>Junho\/2024<\/td><\/tr>\n<tr>\n<td>30<\/td> <td>Julho\/2024<\/td><\/tr>\n<tr>\n<td>27<\/td> <td>Agosto\/2024<\/td><\/tr>\n<tr>\n<td>26<\/td> <td>Setembro\/2024<\/td><\/tr>\n<tr>\n<td>29<\/td> <td>Outubro\/2024<\/td><\/tr>\n<tr>\n<td>26<\/td> <td>Novembro\/2024<\/td><\/tr>\n\n<\/tbody><\/table>\t\t\t\t\t\t<\/div>\n\t\t\t\t<\/div>\n\t\t\t\t\t<\/div>\n\t\t<\/div>\n\t\t\t\t\t<\/div>\n\t\t<\/section>\n\t\t\t\t<\/div>\n\t\t","protected":false},"excerpt":{"rendered":"<p>Calend\u00e1rio de Reuni\u00f5es Dia M\u00eas\/Ano 27 Fevereiro\/2024 19 Mar\u00e7o\/2024 30 Abril\/2024 28 Maio\/2024 10 Junho\/2024 30 Julho\/2024 27 Agosto\/2024 26 Setembro\/2024 29 Outubro\/2024 26 Novembro\/2024<\/p>\n","protected":false},"author":1243,"featured_media":0,"parent":0,"menu_order":0,"comment_status":"closed","ping_status":"closed","template":"","meta":{"_monsterinsights_skip_tracking":false,"_monsterinsights_sitenote_active":false,"_monsterinsights_sitenote_note":"","_monsterinsights_sitenote_category":0,"footnotes":"","_links_to":"","_links_to_target":""},"class_list":["post-2885","page","type-page","status-publish","hentry","entry"],"_links":{"self":[{"href":"https:\/\/sites.usp.br\/cipa-ffclrp\/wp-json\/wp\/v2\/pages\/2885","targetHints":{"allow":["GET"]}}],"collection":[{"href":"https:\/\/sites.usp.br\/cipa-ffclrp\/wp-json\/wp\/v2\/pages"}],"about":[{"href":"https:\/\/sites.usp.br\/cipa-ffclrp\/wp-json\/wp\/v2\/types\/page"}],"author":[{"embeddable":true,"href":"https:\/\/sites.usp.br\/cipa-ffclrp\/wp-json\/wp\/v2\/users\/1243"}],"replies":[{"embeddable":true,"href":"https:\/\/sites.usp.br\/cipa-ffclrp\/wp-json\/wp\/v2\/comments?post=2885"}],"version-history":[{"count":3,"href":"https:\/\/sites.usp.br\/cipa-ffclrp\/wp-json\/wp\/v2\/pages\/2885\/revisions"}],"predecessor-version":[{"id":2888,"href":"https:\/\/sites.usp.br\/cipa-ffclrp\/wp-json\/wp\/v2\/pages\/2885\/revisions\/2888"}],"wp:attachment":[{"href":"https:\/\/sites.usp.br\/cipa-ffclrp\/wp-json\/wp\/v2\/media?parent=2885"}],"curies":[{"name":"wp","href":"https:\/\/api.w.org\/{rel}","templated":true}]}}