{"id":3896,"date":"2025-02-03T22:52:10","date_gmt":"2025-02-04T01:52:10","guid":{"rendered":"https:\/\/sites.usp.br\/cipaeach\/?page_id=3896"},"modified":"2025-09-06T00:38:30","modified_gmt":"2025-09-06T03:38:30","slug":"linha-do-tempo","status":"publish","type":"page","link":"https:\/\/sites.usp.br\/cipaeach\/linha-do-tempo\/","title":{"rendered":"Linha do Tempo"},"content":{"rendered":"\t\t<div data-elementor-type=\"wp-page\" data-elementor-id=\"3896\" class=\"elementor elementor-3896\" data-elementor-post-type=\"page\">\n\t\t\t\t<div class=\"elementor-element elementor-element-6ad47d2 e-flex e-con-boxed e-con e-parent\" data-id=\"6ad47d2\" data-element_type=\"container\">\n\t\t\t\t\t<div class=\"e-con-inner\">\n\t\t\t\t<div class=\"elementor-element elementor-element-0002e16 elementor-invisible elementor-widget elementor-widget-heading\" data-id=\"0002e16\" data-element_type=\"widget\" data-settings=\"{&quot;_animation&quot;:&quot;fadeIn&quot;}\" data-widget_type=\"heading.default\">\n\t\t\t\t<div class=\"elementor-widget-container\">\n\t\t\t<h2 class=\"elementor-heading-title elementor-size-default\">A\u00e7\u00f5es da CIPA ao longo do Tempo<\/h2>\t\t<\/div>\n\t\t\t\t<\/div>\n\t\t\t\t\t<\/div>\n\t\t\t\t<\/div>\n\t\t<div class=\"elementor-element elementor-element-35fb899 e-flex e-con-boxed e-con e-parent\" data-id=\"35fb899\" data-element_type=\"container\" data-settings=\"{&quot;background_background&quot;:&quot;slideshow&quot;,&quot;background_slideshow_gallery&quot;:[{&quot;id&quot;:3899,&quot;url&quot;:&quot;https:\\\/\\\/sites.usp.br\\\/cipaeach\\\/wp-content\\\/uploads\\\/sites\\\/1452\\\/2025\\\/02\\\/1.png&quot;},{&quot;id&quot;:3900,&quot;url&quot;:&quot;https:\\\/\\\/sites.usp.br\\\/cipaeach\\\/wp-content\\\/uploads\\\/sites\\\/1452\\\/2025\\\/02\\\/2.png&quot;},{&quot;id&quot;:3901,&quot;url&quot;:&quot;https:\\\/\\\/sites.usp.br\\\/cipaeach\\\/wp-content\\\/uploads\\\/sites\\\/1452\\\/2025\\\/02\\\/3.png&quot;},{&quot;id&quot;:3902,&quot;url&quot;:&quot;https:\\\/\\\/sites.usp.br\\\/cipaeach\\\/wp-content\\\/uploads\\\/sites\\\/1452\\\/2025\\\/02\\\/4.png&quot;},{&quot;id&quot;:3903,&quot;url&quot;:&quot;https:\\\/\\\/sites.usp.br\\\/cipaeach\\\/wp-content\\\/uploads\\\/sites\\\/1452\\\/2025\\\/02\\\/5.png&quot;},{&quot;id&quot;:3904,&quot;url&quot;:&quot;https:\\\/\\\/sites.usp.br\\\/cipaeach\\\/wp-content\\\/uploads\\\/sites\\\/1452\\\/2025\\\/02\\\/6.png&quot;},{&quot;id&quot;:3905,&quot;url&quot;:&quot;https:\\\/\\\/sites.usp.br\\\/cipaeach\\\/wp-content\\\/uploads\\\/sites\\\/1452\\\/2025\\\/02\\\/7.png&quot;},{&quot;id&quot;:3906,&quot;url&quot;:&quot;https:\\\/\\\/sites.usp.br\\\/cipaeach\\\/wp-content\\\/uploads\\\/sites\\\/1452\\\/2025\\\/02\\\/8.png&quot;},{&quot;id&quot;:3907,&quot;url&quot;:&quot;https:\\\/\\\/sites.usp.br\\\/cipaeach\\\/wp-content\\\/uploads\\\/sites\\\/1452\\\/2025\\\/02\\\/9.png&quot;}],&quot;shape_divider_top&quot;:&quot;mountains&quot;,&quot;background_slideshow_loop&quot;:&quot;yes&quot;,&quot;background_slideshow_slide_duration&quot;:5000,&quot;background_slideshow_slide_transition&quot;:&quot;fade&quot;,&quot;background_slideshow_transition_duration&quot;:500}\">\n\t\t\t\t\t<div class=\"e-con-inner\">\n\t\t\t\t<div class=\"elementor-shape elementor-shape-top\" data-negative=\"false\">\n\t\t\t<svg xmlns=\"http:\/\/www.w3.org\/2000\/svg\" viewBox=\"0 0 1000 100\" preserveAspectRatio=\"none\">\n\t<path class=\"elementor-shape-fill\" opacity=\"0.33\" d=\"M473,67.3c-203.9,88.3-263.1-34-320.3,0C66,119.1,0,59.7,0,59.7V0h1000v59.7 c0,0-62.1,26.1-94.9,29.3c-32.8,3.3-62.8-12.3-75.8-22.1C806,49.6,745.3,8.7,694.9,4.7S492.4,59,473,67.3z\"\/>\n\t<path class=\"elementor-shape-fill\" opacity=\"0.66\" d=\"M734,67.3c-45.5,0-77.2-23.2-129.1-39.1c-28.6-8.7-150.3-10.1-254,39.1 s-91.7-34.4-149.2,0C115.7,118.3,0,39.8,0,39.8V0h1000v36.5c0,0-28.2-18.5-92.1-18.5C810.2,18.1,775.7,67.3,734,67.3z\"\/>\n\t<path class=\"elementor-shape-fill\" d=\"M766.1,28.9c-200-57.5-266,65.5-395.1,19.5C242,1.8,242,5.4,184.8,20.6C128,35.8,132.3,44.9,89.9,52.5C28.6,63.7,0,0,0,0 h1000c0,0-9.9,40.9-83.6,48.1S829.6,47,766.1,28.9z\"\/>\n<\/svg>\t\t<\/div>\n\t\t\t\t<div class=\"elementor-element elementor-element-9f4763b elementor-widget elementor-widget-eael-post-timeline\" data-id=\"9f4763b\" data-element_type=\"widget\" data-widget_type=\"eael-post-timeline.default\">\n\t\t\t\t<div class=\"elementor-widget-container\">\n\t\t\t<div id=\"eael-post-timeline-9f4763b\" class=\"eael-post-timeline timeline-layout-card eael-post-timeline-arrow-middle\">\n            <div class=\"eael-post-timeline eael-post-appender eael-post-appender-9f4763b\"><article class=\"eael-timeline-post\">\n    <div class=\"eael-timeline-bullet\"><\/div>\n    <div class=\"eael-timeline-post-inner\">\n        <a class=\"eael-timeline-post-link\" href=\"https:\/\/sites.usp.br\/cipaeach\/abril-verde-campanha-de-prevencao-de-acidentes-e-doencas-ocupacionais\/\" title=\"Abril Verde \u2013 Campanha de Preven\u00e7\u00e3o de Acidentes e Doen\u00e7as Ocupacionais\">\n            <time datetime=\"28 de abril de 2026\">28 de abril de 2026<\/time>\n            <div class=\"eael-timeline-post-image\" style=\"background-image: url(https:\/\/sites.usp.br\/cipaeach\/wp-content\/uploads\/sites\/1452\/2026\/04\/abril_verde_cipa-200x300.png)\"><\/div><div class=\"eael-timeline-content\"><div class=\"eael-timeline-post-title\">\n\t\t                    <h2 class=\"eael-timeline-post-title-text\">Abril Verde \u2013 Campanha de Preven\u00e7\u00e3o de Acidentes e Doen\u00e7as Ocupacionais<\/h2>\n\t\t                <\/div><\/div><\/a>\n    <\/div>\n    <div class=\"eael-timeline-clear\"><\/div>\n<\/article><article class=\"eael-timeline-post\">\n    <div class=\"eael-timeline-bullet\"><\/div>\n    <div class=\"eael-timeline-post-inner\">\n        <a class=\"eael-timeline-post-link\" href=\"https:\/\/sites.usp.br\/cipaeach\/nova-gestao-da-cipa-da-each-usp-toma-posse\/\" title=\"Nova gest\u00e3o da CIPA da EACH\/USP toma posse\">\n            <time datetime=\"27 de abril de 2026\">27 de abril de 2026<\/time>\n            <div class=\"eael-timeline-post-image\" style=\"background-image: url(https:\/\/sites.usp.br\/cipaeach\/wp-content\/uploads\/sites\/1452\/2026\/04\/foto-563x353-1-300x188.jpg)\"><\/div><div class=\"eael-timeline-content\"><div class=\"eael-timeline-post-title\">\n\t\t                    <h2 class=\"eael-timeline-post-title-text\">Nova gest\u00e3o da CIPA da EACH\/USP toma posse<\/h2>\n\t\t                <\/div><\/div><\/a>\n    <\/div>\n    <div class=\"eael-timeline-clear\"><\/div>\n<\/article><article class=\"eael-timeline-post\">\n    <div class=\"eael-timeline-bullet\"><\/div>\n    <div class=\"eael-timeline-post-inner\">\n        <a class=\"eael-timeline-post-link\" href=\"https:\/\/sites.usp.br\/cipaeach\/marco-ergonomia\/\" title=\"\ud83e\ude91MAR\u00c7O \u2013 ERGONOMIA\">\n            <time datetime=\"22 de mar\u00e7o de 2026\">22 de mar\u00e7o de 2026<\/time>\n            <div class=\"eael-timeline-post-image\" style=\"background-image: url(https:\/\/sites.usp.br\/cipaeach\/wp-content\/uploads\/sites\/1452\/2026\/03\/Marco-\u2013-Ergonomia-no-Trabalho-e1774219749965.png)\"><\/div><div class=\"eael-timeline-content\"><div class=\"eael-timeline-post-title\">\n\t\t                    <h2 class=\"eael-timeline-post-title-text\">\ud83e\ude91MAR\u00c7O \u2013 ERGONOMIA<\/h2>\n\t\t                <\/div><\/div><\/a>\n    <\/div>\n    <div class=\"eael-timeline-clear\"><\/div>\n<\/article><article class=\"eael-timeline-post\">\n    <div class=\"eael-timeline-bullet\"><\/div>\n    <div class=\"eael-timeline-post-inner\">\n        <a class=\"eael-timeline-post-link\" href=\"https:\/\/sites.usp.br\/cipaeach\/participe-da-eleicao-da-cipa-sua-voz-faz-a-diferenca\/\" title=\"Participe da elei\u00e7\u00e3o da CIPA \u2013 Sua voz faz a diferen\u00e7a\">\n            <time datetime=\"2 de mar\u00e7o de 2026\">2 de mar\u00e7o de 2026<\/time>\n            <div class=\"eael-timeline-post-image\" style=\"background-image: url(https:\/\/sites.usp.br\/cipaeach\/wp-content\/uploads\/sites\/1452\/2026\/03\/presidencia-CIPA-2-300x200.png)\"><\/div><div class=\"eael-timeline-content\"><div class=\"eael-timeline-post-title\">\n\t\t                    <h2 class=\"eael-timeline-post-title-text\">Participe da elei\u00e7\u00e3o da CIPA \u2013 Sua voz faz a diferen\u00e7a<\/h2>\n\t\t                <\/div><\/div><\/a>\n    <\/div>\n    <div class=\"eael-timeline-clear\"><\/div>\n<\/article><article class=\"eael-timeline-post\">\n    <div class=\"eael-timeline-bullet\"><\/div>\n    <div class=\"eael-timeline-post-inner\">\n        <a class=\"eael-timeline-post-link\" href=\"https:\/\/sites.usp.br\/cipaeach\/fevereiro-primeiros-socorros\/\" title=\"\ud83d\ude91 FEVEREIRO \u2013 PRIMEIROS SOCORROS\">\n            <time datetime=\"23 de fevereiro de 2026\">23 de fevereiro de 2026<\/time>\n            <div class=\"eael-timeline-post-image\" style=\"background-image: url(https:\/\/sites.usp.br\/cipaeach\/wp-content\/uploads\/sites\/1452\/2026\/02\/fevereiro-300x200.png)\"><\/div><div class=\"eael-timeline-content\"><div class=\"eael-timeline-post-title\">\n\t\t                    <h2 class=\"eael-timeline-post-title-text\">\ud83d\ude91 FEVEREIRO \u2013 PRIMEIROS SOCORROS<\/h2>\n\t\t                <\/div><\/div><\/a>\n    <\/div>\n    <div class=\"eael-timeline-clear\"><\/div>\n<\/article><article class=\"eael-timeline-post\">\n    <div class=\"eael-timeline-bullet\"><\/div>\n    <div class=\"eael-timeline-post-inner\">\n        <a class=\"eael-timeline-post-link\" href=\"https:\/\/sites.usp.br\/cipaeach\/janeiro-seguranca-fora-do-trabalho\/\" title=\"\ud83c\udf1e JANEIRO \u2013 Seguran\u00e7a Fora do Trabalho\">\n            <time datetime=\"1 de janeiro de 2026\">1 de janeiro de 2026<\/time>\n            <div class=\"eael-timeline-post-image\" style=\"background-image: url(https:\/\/sites.usp.br\/cipaeach\/wp-content\/uploads\/sites\/1452\/2026\/01\/janeiro-branco-300x200.png)\"><\/div><div class=\"eael-timeline-content\"><div class=\"eael-timeline-post-title\">\n\t\t                    <h2 class=\"eael-timeline-post-title-text\">\ud83c\udf1e JANEIRO \u2013 Seguran\u00e7a Fora do Trabalho<\/h2>\n\t\t                <\/div><\/div><\/a>\n    <\/div>\n    <div class=\"eael-timeline-clear\"><\/div>\n<\/article><article class=\"eael-timeline-post\">\n    <div class=\"eael-timeline-bullet\"><\/div>\n    <div class=\"eael-timeline-post-inner\">\n        <a class=\"eael-timeline-post-link\" href=\"https:\/\/sites.usp.br\/cipaeach\/cipa-da-each-usp-participa-de-bate-papo-do-novembro-azul-no-instituto-de-geociencias-igc\/\" title=\"CIPA da EACH-USP participa de bate-papo do Novembro Azul no Instituto de Geoci\u00eancias &#8211; IGc\">\n            <time datetime=\"22 de dezembro de 2025\">22 de dezembro de 2025<\/time>\n            <div class=\"eael-timeline-post-image\" style=\"background-image: url(https:\/\/sites.usp.br\/cipaeach\/wp-content\/uploads\/sites\/1452\/2025\/12\/EF213AAC-6EFB-402C-A057-82808AD7FC091-300x225.jpg)\"><\/div><div class=\"eael-timeline-content\"><div class=\"eael-timeline-post-title\">\n\t\t                    <h2 class=\"eael-timeline-post-title-text\">CIPA da EACH-USP participa de bate-papo do Novembro Azul no Instituto de Geoci\u00eancias &#8211; IGc<\/h2>\n\t\t                <\/div><\/div><\/a>\n    <\/div>\n    <div class=\"eael-timeline-clear\"><\/div>\n<\/article><article class=\"eael-timeline-post\">\n    <div class=\"eael-timeline-bullet\"><\/div>\n    <div class=\"eael-timeline-post-inner\">\n        <a class=\"eael-timeline-post-link\" href=\"https:\/\/sites.usp.br\/cipaeach\/dezembro-vermelho-acidentes-em-servico-prevencao-tambem-salva-vidas\/\" title=\"Dezembro Vermelho \u2013 Acidentes em Servi\u00e7o: preven\u00e7\u00e3o tamb\u00e9m salva vidas\">\n            <time datetime=\"21 de dezembro de 2025\">21 de dezembro de 2025<\/time>\n            <div class=\"eael-timeline-post-image\" style=\"background-image: url(https:\/\/sites.usp.br\/cipaeach\/wp-content\/uploads\/sites\/1452\/2025\/12\/campanha-cipa-dezembro-300x200.png)\"><\/div><div class=\"eael-timeline-content\"><div class=\"eael-timeline-post-title\">\n\t\t                    <h2 class=\"eael-timeline-post-title-text\">Dezembro Vermelho \u2013 Acidentes em Servi\u00e7o: preven\u00e7\u00e3o tamb\u00e9m salva vidas<\/h2>\n\t\t                <\/div><\/div><\/a>\n    <\/div>\n    <div class=\"eael-timeline-clear\"><\/div>\n<\/article><article class=\"eael-timeline-post\">\n    <div class=\"eael-timeline-bullet\"><\/div>\n    <div class=\"eael-timeline-post-inner\">\n        <a class=\"eael-timeline-post-link\" href=\"https:\/\/sites.usp.br\/cipaeach\/novembro-como-proceder-em-casos-de-emergencia\/\" title=\"NOVEMBRO &#8211; Como Proceder em Casos de Emerg\u00eancia\">\n            <time datetime=\"27 de novembro de 2025\">27 de novembro de 2025<\/time>\n            <div class=\"eael-timeline-post-image\" style=\"background-image: url(https:\/\/sites.usp.br\/cipaeach\/wp-content\/uploads\/sites\/1452\/2025\/11\/COMO-PROCEDER-EM-CASOS-DE-EMERGENCIA-300x200.png)\"><\/div><div class=\"eael-timeline-content\"><div class=\"eael-timeline-post-title\">\n\t\t                    <h2 class=\"eael-timeline-post-title-text\">NOVEMBRO &#8211; Como Proceder em Casos de Emerg\u00eancia<\/h2>\n\t\t                <\/div><\/div><\/a>\n    <\/div>\n    <div class=\"eael-timeline-clear\"><\/div>\n<\/article><article class=\"eael-timeline-post\">\n    <div class=\"eael-timeline-bullet\"><\/div>\n    <div class=\"eael-timeline-post-inner\">\n        <a class=\"eael-timeline-post-link\" href=\"https:\/\/sites.usp.br\/cipaeach\/cipeiro-participa-de-palestra-sobre-inteligencia-financeira-na-sipat-da-fea-usp\/\" title=\"Cipeiro participa de palestra sobre intelig\u00eancia financeira na SIPAT da FEA-USP\">\n            <time datetime=\"30 de outubro de 2025\">30 de outubro de 2025<\/time>\n            <div class=\"eael-timeline-content\"><div class=\"eael-timeline-post-title\">\n\t\t                    <h2 class=\"eael-timeline-post-title-text\">Cipeiro participa de palestra sobre intelig\u00eancia financeira na SIPAT da FEA-USP<\/h2>\n\t\t                <\/div><\/div><\/a>\n    <\/div>\n    <div class=\"eael-timeline-clear\"><\/div>\n<\/article><article class=\"eael-timeline-post\">\n    <div class=\"eael-timeline-bullet\"><\/div>\n    <div class=\"eael-timeline-post-inner\">\n        <a class=\"eael-timeline-post-link\" href=\"https:\/\/sites.usp.br\/cipaeach\/nota-de-pesar-jussara-barbosa\/\" title=\"Nota de pesar \u2013 Jussara Barbosa\">\n            <time datetime=\"23 de outubro de 2025\">23 de outubro de 2025<\/time>\n            <div class=\"eael-timeline-post-image\" style=\"background-image: url(https:\/\/sites.usp.br\/cipaeach\/wp-content\/uploads\/sites\/1452\/2025\/10\/luto-jussara-200x300.png)\"><\/div><div class=\"eael-timeline-content\"><div class=\"eael-timeline-post-title\">\n\t\t                    <h2 class=\"eael-timeline-post-title-text\">Nota de pesar \u2013 Jussara Barbosa<\/h2>\n\t\t                <\/div><\/div><\/a>\n    <\/div>\n    <div class=\"eael-timeline-clear\"><\/div>\n<\/article><article class=\"eael-timeline-post\">\n    <div class=\"eael-timeline-bullet\"><\/div>\n    <div class=\"eael-timeline-post-inner\">\n        <a class=\"eael-timeline-post-link\" href=\"https:\/\/sites.usp.br\/cipaeach\/outubro-a-importancia-da-sinalizacao-de-seguranca\/\" title=\"OUTUBRO \u2013 A Import\u00e2ncia da Sinaliza\u00e7\u00e3o de Seguran\u00e7a\">\n            <time datetime=\"11 de outubro de 2025\">11 de outubro de 2025<\/time>\n            <div class=\"eael-timeline-post-image\" style=\"background-image: url(https:\/\/sites.usp.br\/cipaeach\/wp-content\/uploads\/sites\/1452\/2025\/10\/10-Outubro-Sinalizacao-de-Seguranca-200x300.png)\"><\/div><div class=\"eael-timeline-content\"><div class=\"eael-timeline-post-title\">\n\t\t                    <h2 class=\"eael-timeline-post-title-text\">OUTUBRO \u2013 A Import\u00e2ncia da Sinaliza\u00e7\u00e3o de Seguran\u00e7a<\/h2>\n\t\t                <\/div><\/div><\/a>\n    <\/div>\n    <div class=\"eael-timeline-clear\"><\/div>\n<\/article><article class=\"eael-timeline-post\">\n    <div class=\"eael-timeline-bullet\"><\/div>\n    <div class=\"eael-timeline-post-inner\">\n        <a class=\"eael-timeline-post-link\" href=\"https:\/\/sites.usp.br\/cipaeach\/socializacao-de-conhecimentos-sobre-o-sua-na-each-usp\/\" title=\"Socializa\u00e7\u00e3o de Conhecimentos sobre o SUA na EACH\/USP\">\n            <time datetime=\"26 de setembro de 2025\">26 de setembro de 2025<\/time>\n            <div class=\"eael-timeline-post-image\" style=\"background-image: url(https:\/\/sites.usp.br\/cipaeach\/wp-content\/uploads\/sites\/1452\/2025\/09\/PHOTO-2025-09-26-16-32-28-218x300.jpg)\"><\/div><div class=\"eael-timeline-content\"><div class=\"eael-timeline-post-title\">\n\t\t                    <h2 class=\"eael-timeline-post-title-text\">Socializa\u00e7\u00e3o de Conhecimentos sobre o SUA na EACH\/USP<\/h2>\n\t\t                <\/div><\/div><\/a>\n    <\/div>\n    <div class=\"eael-timeline-clear\"><\/div>\n<\/article><article class=\"eael-timeline-post\">\n    <div class=\"eael-timeline-bullet\"><\/div>\n    <div class=\"eael-timeline-post-inner\">\n        <a class=\"eael-timeline-post-link\" href=\"https:\/\/sites.usp.br\/cipaeach\/reveja-a-sipat-2025-da-each-usp\/\" title=\"Reveja a SIPAT 2025 da EACH-USP\">\n            <time datetime=\"23 de setembro de 2025\">23 de setembro de 2025<\/time>\n            <div class=\"eael-timeline-post-image\" style=\"background-image: url(https:\/\/sites.usp.br\/cipaeach\/wp-content\/uploads\/sites\/1452\/2025\/09\/14a-Semana-Interna-de-Prevencao-de-Acidentes-de-Trabalho1-300x157.png)\"><\/div><div class=\"eael-timeline-content\"><div class=\"eael-timeline-post-title\">\n\t\t                    <h2 class=\"eael-timeline-post-title-text\">Reveja a SIPAT 2025 da EACH-USP<\/h2>\n\t\t                <\/div><\/div><\/a>\n    <\/div>\n    <div class=\"eael-timeline-clear\"><\/div>\n<\/article><article class=\"eael-timeline-post\">\n    <div class=\"eael-timeline-bullet\"><\/div>\n    <div class=\"eael-timeline-post-inner\">\n        <a class=\"eael-timeline-post-link\" href=\"https:\/\/sites.usp.br\/cipaeach\/setembro-prevencao-e-combate-a-incendio\/\" title=\"SETEMBRO \u2013 Preven\u00e7\u00e3o e Combate a Inc\u00eandio\">\n            <time datetime=\"11 de setembro de 2025\">11 de setembro de 2025<\/time>\n            <div class=\"eael-timeline-post-image\" style=\"background-image: url(https:\/\/sites.usp.br\/cipaeach\/wp-content\/uploads\/sites\/1452\/2025\/09\/setembro-200x300.png)\"><\/div><div class=\"eael-timeline-content\"><div class=\"eael-timeline-post-title\">\n\t\t                    <h2 class=\"eael-timeline-post-title-text\">SETEMBRO \u2013 Preven\u00e7\u00e3o e Combate a Inc\u00eandio<\/h2>\n\t\t                <\/div><\/div><\/a>\n    <\/div>\n    <div class=\"eael-timeline-clear\"><\/div>\n<\/article><article class=\"eael-timeline-post\">\n    <div class=\"eael-timeline-bullet\"><\/div>\n    <div class=\"eael-timeline-post-inner\">\n        <a class=\"eael-timeline-post-link\" href=\"https:\/\/sites.usp.br\/cipaeach\/14a-sipat-da-each-usp-reune-mais-de-200-participantes-em-cinco-dias-de-atividades\/\" title=\"14\u00aa SIPAT da EACH-USP re\u00fane mais de 200 participantes em cinco dias de atividades\">\n            <time datetime=\"5 de setembro de 2025\">5 de setembro de 2025<\/time>\n            <div class=\"eael-timeline-post-image\" style=\"background-image: url(https:\/\/sites.usp.br\/cipaeach\/wp-content\/uploads\/sites\/1452\/2025\/09\/AD9I5563-300x200.jpg)\"><\/div><div class=\"eael-timeline-content\"><div class=\"eael-timeline-post-title\">\n\t\t                    <h2 class=\"eael-timeline-post-title-text\">14\u00aa SIPAT da EACH-USP re\u00fane mais de 200 participantes em cinco dias de atividades<\/h2>\n\t\t                <\/div><\/div><\/a>\n    <\/div>\n    <div class=\"eael-timeline-clear\"><\/div>\n<\/article><article class=\"eael-timeline-post\">\n    <div class=\"eael-timeline-bullet\"><\/div>\n    <div class=\"eael-timeline-post-inner\">\n        <a class=\"eael-timeline-post-link\" href=\"https:\/\/sites.usp.br\/cipaeach\/sipat-2025-inscricoes\/\" title=\"SIPAT 2025 \u2013 Inscri\u00e7\u00f5es\">\n            <time datetime=\"29 de agosto de 2025\">29 de agosto de 2025<\/time>\n            <div class=\"eael-timeline-post-image\" style=\"background-image: url(https:\/\/sites.usp.br\/cipaeach\/wp-content\/uploads\/sites\/1452\/2025\/08\/14a-Semana-Interna-de-Prevencao-de-Acidentes-de-Trabalho-2-300x157.png)\"><\/div><div class=\"eael-timeline-content\"><div class=\"eael-timeline-post-title\">\n\t\t                    <h2 class=\"eael-timeline-post-title-text\">SIPAT 2025 \u2013 Inscri\u00e7\u00f5es<\/h2>\n\t\t                <\/div><\/div><\/a>\n    <\/div>\n    <div class=\"eael-timeline-clear\"><\/div>\n<\/article><article class=\"eael-timeline-post\">\n    <div class=\"eael-timeline-bullet\"><\/div>\n    <div class=\"eael-timeline-post-inner\">\n        <a class=\"eael-timeline-post-link\" href=\"https:\/\/sites.usp.br\/cipaeach\/esquenta-para-a-sipat-cipeiros-participam-de-palestra-sobre-longevidade-e-qualidade-de-vida\/\" title=\"Esquenta para a SIPAT: Cipeiros participam de palestra sobre longevidade e qualidade de vida\">\n            <time datetime=\"29 de agosto de 2025\">29 de agosto de 2025<\/time>\n            <div class=\"eael-timeline-post-image\" style=\"background-image: url(https:\/\/sites.usp.br\/cipaeach\/wp-content\/uploads\/sites\/1452\/2025\/08\/A43FD1D4-C5CD-406D-A619-30F547E7F56A-300x225.jpg)\"><\/div><div class=\"eael-timeline-content\"><div class=\"eael-timeline-post-title\">\n\t\t                    <h2 class=\"eael-timeline-post-title-text\">Esquenta para a SIPAT: Cipeiros participam de palestra sobre longevidade e qualidade de vida<\/h2>\n\t\t                <\/div><\/div><\/a>\n    <\/div>\n    <div class=\"eael-timeline-clear\"><\/div>\n<\/article><article class=\"eael-timeline-post\">\n    <div class=\"eael-timeline-bullet\"><\/div>\n    <div class=\"eael-timeline-post-inner\">\n        <a class=\"eael-timeline-post-link\" href=\"https:\/\/sites.usp.br\/cipaeach\/14a-semana-interna-de-prevencao-de-acidentes-de-trabalho\/\" title=\"14\u00aa Semana Interna de Preven\u00e7\u00e3o de Acidentes de Trabalho\">\n            <time datetime=\"25 de agosto de 2025\">25 de agosto de 2025<\/time>\n            <div class=\"eael-timeline-post-image\" style=\"background-image: url(https:\/\/sites.usp.br\/cipaeach\/wp-content\/uploads\/sites\/1452\/2025\/08\/14a-Semana-Interna-de-Prevencao-de-Acidentes-de-Trabalho-1-300x157.png)\"><\/div><div class=\"eael-timeline-content\"><div class=\"eael-timeline-post-title\">\n\t\t                    <h2 class=\"eael-timeline-post-title-text\">14\u00aa Semana Interna de Preven\u00e7\u00e3o de Acidentes de Trabalho<\/h2>\n\t\t                <\/div><\/div><\/a>\n    <\/div>\n    <div class=\"eael-timeline-clear\"><\/div>\n<\/article><article class=\"eael-timeline-post\">\n    <div class=\"eael-timeline-bullet\"><\/div>\n    <div class=\"eael-timeline-post-inner\">\n        <a class=\"eael-timeline-post-link\" href=\"https:\/\/sites.usp.br\/cipaeach\/vem-ai-a-sipat-2025-na-each\/\" title=\"Vem a\u00ed a SIPAT 2025 na EACH!\">\n            <time datetime=\"22 de agosto de 2025\">22 de agosto de 2025<\/time>\n            <div class=\"eael-timeline-post-image\" style=\"background-image: url(https:\/\/sites.usp.br\/cipaeach\/wp-content\/uploads\/sites\/1452\/2025\/08\/ChatGPT-Image-22-de-ago.-de-2025-00_42_37-300x160.png)\"><\/div><div class=\"eael-timeline-content\"><div class=\"eael-timeline-post-title\">\n\t\t                    <h2 class=\"eael-timeline-post-title-text\">Vem a\u00ed a SIPAT 2025 na EACH!<\/h2>\n\t\t                <\/div><\/div><\/a>\n    <\/div>\n    <div class=\"eael-timeline-clear\"><\/div>\n<\/article><\/div>\n\t\t<\/div>            <div class=\"eael-load-more-button-wrap eael-infinity-scroll\" data-offset=\"-200\">\n                <button class=\"eael-load-more-button\" id=\"eael-load-more-btn-9f4763b\" data-widget-id=\"9f4763b\" data-widget=\"9f4763b\" data-page-id=\"3896\" data-template=\"{&quot;dir&quot;:&quot;lite&quot;,&quot;file_name&quot;:&quot;card.php&quot;,&quot;name&quot;:&quot;Post-Timeline&quot;}\" data-class=\"Essential_Addons_Elementor\\Elements\\Post_Timeline\" data-layout=\"\" data-page=\"1\" data-args=\"orderby=date&amp;order=desc&amp;ignore_sticky_posts=1&amp;post_status=publish&amp;posts_per_page=20&amp;offset=0&amp;post_type=post\" data-max-page=\"3\">\n                    <span class=\"eael-btn-loader button__loader\"><\/span>\n                    <span class=\"eael_load_more_text\"><\/span>\n                <\/button>\n            <\/div>\n            \t\t<\/div>\n\t\t\t\t<\/div>\n\t\t\t\t\t<\/div>\n\t\t\t\t<\/div>\n\t\t\t\t<\/div>\n\t\t","protected":false},"excerpt":{"rendered":"<p>A\u00e7\u00f5es da CIPA ao longo do Tempo 5 de setembro de 2025 14\u00aa SIPAT da EACH-USP re\u00fane mais de 200 participantes em cinco dias de atividades 29 de agosto de 2025 SIPAT 2025 \u2013 Inscri\u00e7\u00f5es 29 de agosto de 2025 Esquenta para a SIPAT: Cipeiros participam de palestra sobre longevidade e qualidade de vida 25 [&hellip;]<\/p>\n","protected":false},"author":23936,"featured_media":0,"parent":0,"menu_order":0,"comment_status":"closed","ping_status":"closed","template":"elementor_header_footer","meta":{"_monsterinsights_skip_tracking":false,"_monsterinsights_sitenote_active":false,"_monsterinsights_sitenote_note":"","_monsterinsights_sitenote_category":0,"footnotes":"","_links_to":"","_links_to_target":""},"class_list":["post-3896","page","type-page","status-publish","hentry","entry","has-media"],"jetpack_sharing_enabled":true,"_links":{"self":[{"href":"https:\/\/sites.usp.br\/cipaeach\/wp-json\/wp\/v2\/pages\/3896","targetHints":{"allow":["GET"]}}],"collection":[{"href":"https:\/\/sites.usp.br\/cipaeach\/wp-json\/wp\/v2\/pages"}],"about":[{"href":"https:\/\/sites.usp.br\/cipaeach\/wp-json\/wp\/v2\/types\/page"}],"author":[{"embeddable":true,"href":"https:\/\/sites.usp.br\/cipaeach\/wp-json\/wp\/v2\/users\/23936"}],"replies":[{"embeddable":true,"href":"https:\/\/sites.usp.br\/cipaeach\/wp-json\/wp\/v2\/comments?post=3896"}],"version-history":[{"count":4,"href":"https:\/\/sites.usp.br\/cipaeach\/wp-json\/wp\/v2\/pages\/3896\/revisions"}],"predecessor-version":[{"id":4782,"href":"https:\/\/sites.usp.br\/cipaeach\/wp-json\/wp\/v2\/pages\/3896\/revisions\/4782"}],"wp:attachment":[{"href":"https:\/\/sites.usp.br\/cipaeach\/wp-json\/wp\/v2\/media?parent=3896"}],"curies":[{"name":"wp","href":"https:\/\/api.w.org\/{rel}","templated":true}]}}