{"id":4009,"date":"2025-05-21T23:07:38","date_gmt":"2025-05-22T02:07:38","guid":{"rendered":"https:\/\/sites.usp.br\/cipaeach\/?page_id=4009"},"modified":"2025-06-17T18:13:35","modified_gmt":"2025-06-17T21:13:35","slug":"normas-regulamentadoras","status":"publish","type":"page","link":"https:\/\/sites.usp.br\/cipaeach\/normas-regulamentadoras\/","title":{"rendered":"Normas Regulamentadoras"},"content":{"rendered":"\t\t<div data-elementor-type=\"wp-page\" data-elementor-id=\"4009\" class=\"elementor elementor-4009\" data-elementor-post-type=\"page\">\n\t\t\t\t<div class=\"elementor-element elementor-element-bc2c91c e-flex e-con-boxed e-con e-parent\" data-id=\"bc2c91c\" data-element_type=\"container\">\n\t\t\t\t\t<div class=\"e-con-inner\">\n\t\t\t\t<div class=\"elementor-element elementor-element-8a96457 elementor-widget elementor-widget-image\" data-id=\"8a96457\" data-element_type=\"widget\" data-widget_type=\"image.default\">\n\t\t\t\t<div class=\"elementor-widget-container\">\n\t\t\t\t\t\t\t\t\t\t\t\t\t<img fetchpriority=\"high\" decoding=\"async\" width=\"1024\" height=\"366\" src=\"https:\/\/sites.usp.br\/cipaeach\/wp-content\/uploads\/sites\/1452\/2025\/05\/\u00a9-Kurhan-Fotolia.com_-1024x366-1.jpg\" class=\"attachment-large size-large wp-image-4036\" alt=\"\" srcset=\"https:\/\/sites.usp.br\/cipaeach\/wp-content\/uploads\/sites\/1452\/2025\/05\/\u00a9-Kurhan-Fotolia.com_-1024x366-1.jpg 1024w, https:\/\/sites.usp.br\/cipaeach\/wp-content\/uploads\/sites\/1452\/2025\/05\/\u00a9-Kurhan-Fotolia.com_-1024x366-1-300x107.jpg 300w, https:\/\/sites.usp.br\/cipaeach\/wp-content\/uploads\/sites\/1452\/2025\/05\/\u00a9-Kurhan-Fotolia.com_-1024x366-1-768x275.jpg 768w, https:\/\/sites.usp.br\/cipaeach\/wp-content\/uploads\/sites\/1452\/2025\/05\/\u00a9-Kurhan-Fotolia.com_-1024x366-1-400x143.jpg 400w\" sizes=\"(max-width: 1024px) 100vw, 1024px\" \/>\t\t\t\t\t\t\t\t\t\t\t\t\t<\/div>\n\t\t\t\t<\/div>\n\t\t\t\t\t<\/div>\n\t\t\t\t<\/div>\n\t\t<div class=\"elementor-element elementor-element-f0a7cb2 e-flex e-con-boxed e-con e-parent\" data-id=\"f0a7cb2\" data-element_type=\"container\">\n\t\t\t\t\t<div class=\"e-con-inner\">\n\t\t<div class=\"elementor-element elementor-element-d8cff56 e-con-full e-flex e-con e-child\" data-id=\"d8cff56\" data-element_type=\"container\">\n\t\t\t\t<div class=\"elementor-element elementor-element-cc09cc2 elementor-widget elementor-widget-heading\" data-id=\"cc09cc2\" data-element_type=\"widget\" data-widget_type=\"heading.default\">\n\t\t\t\t<div class=\"elementor-widget-container\">\n\t\t\t<h2 class=\"elementor-heading-title elementor-size-default\">Normas Regulamentadoras<\/h2>\t\t<\/div>\n\t\t\t\t<\/div>\n\t\t\t\t<div class=\"elementor-element elementor-element-9406630 elementor-widget__width-initial elementor-widget elementor-widget-text-editor\" data-id=\"9406630\" data-element_type=\"widget\" data-widget_type=\"text-editor.default\">\n\t\t\t\t<div class=\"elementor-widget-container\">\n\t\t\t\t\t\t\t<p style=\"text-align: justify;\">As normas abaixo tratam da Seguran\u00e7a e Sa\u00fade no Trabalho e\u00a0regulamenta\u00e7\u00e3o da CIPA quanto a sua constitui\u00e7\u00e3o, organiza\u00e7\u00e3o, atribui\u00e7\u00f5es, funcionamento, treinamento e processo eleitoral.<\/p>\n<p style=\"text-align: justify;\">Confira na \u00edntegra o conte\u00fado das NR na p\u00e1gina:\n<a href=\"https:\/\/www.gov.br\/trabalho-e-emprego\/pt-br\/assuntos\/inspecao-do-trabalho\/seguranca-e-saude-no-trabalho\/ctpp-nrs\/normas-regulamentadoras-nrs\" target=\"_blank\" rel=\"noopener\">Secretaria de Inspe\u00e7\u00e3o do Trabalho \u2013 Normas Regulamentadoras<\/a>.<\/p>\t\t\t\t\t\t<\/div>\n\t\t\t\t<\/div>\n\t\t\t\t<\/div>\n\t\t<div class=\"elementor-element elementor-element-4ea6741 e-con-full e-flex e-con e-child\" data-id=\"4ea6741\" data-element_type=\"container\">\n\t\t\t\t<div class=\"elementor-element elementor-element-f8631b0 elementor-widget elementor-widget-video\" data-id=\"f8631b0\" data-element_type=\"widget\" data-settings=\"{&quot;youtube_url&quot;:&quot;https:\\\/\\\/www.youtube.com\\\/watch?v=liESs_sYrWk&amp;ab_channel=TribunalSuperiordoTrabalho&quot;,&quot;video_type&quot;:&quot;youtube&quot;,&quot;controls&quot;:&quot;yes&quot;}\" data-widget_type=\"video.default\">\n\t\t\t\t<div class=\"elementor-widget-container\">\n\t\t\t\t\t<div class=\"elementor-wrapper elementor-open-inline\">\n\t\t\t<div class=\"elementor-video\"><\/div>\t\t<\/div>\n\t\t\t\t<\/div>\n\t\t\t\t<\/div>\n\t\t\t\t<\/div>\n\t\t\t\t\t<\/div>\n\t\t\t\t<\/div>\n\t\t<div class=\"elementor-element elementor-element-41b9cdc8 e-flex e-con-boxed e-con e-parent\" data-id=\"41b9cdc8\" data-element_type=\"container\">\n\t\t\t\t\t<div class=\"e-con-inner\">\n\t\t\t\t<div class=\"elementor-element elementor-element-7b2b7f8c elementor-widget elementor-widget-text-editor\" data-id=\"7b2b7f8c\" data-element_type=\"widget\" data-widget_type=\"text-editor.default\">\n\t\t\t\t<div class=\"elementor-widget-container\">\n\t\t\t\t\t\t\t<div><p class=\"callout\"><strong><a class=\"internal-link\" title=\"\" href=\"https:\/\/www.gov.br\/trabalho-e-emprego\/pt-br\/acesso-a-informacao\/participacao-social\/conselhos-e-orgaos-colegiados\/comissao-tripartite-partitaria-permanente\/normas-regulamentadora\/normas-regulamentadoras-vigentes\/nr-1\" target=\"_blank\" rel=\"noopener\" data-tippreview-image=\"\" data-tippreview-title=\"\" data-tippreview-enabled=\"false\">NR-1 &#8211; DISPOSI\u00c7\u00d5ES GERAIS E GERENCIAMENTO DE RISCOS OCUPACIONAIS<\/a><\/strong><\/p><p class=\"callout\"><strong><a class=\"internal-link\" title=\"\" href=\"https:\/\/www.gov.br\/trabalho-e-emprego\/pt-br\/acesso-a-informacao\/participacao-social\/conselhos-e-orgaos-colegiados\/comissao-tripartite-partitaria-permanente\/normas-regulamentadora\/normas-regulamentadoras-vigentes\/norma-regulamentadora-no-2-nr-2\" target=\"_blank\" rel=\"noopener\" data-tippreview-image=\"\" data-tippreview-title=\"\" data-tippreview-enabled=\"false\">NR-2 &#8211; INSPE\u00c7\u00c3O PR\u00c9VIA (REVOGADA)<\/a><\/strong><\/p><p class=\"callout\"><strong><a class=\"internal-link\" title=\"\" href=\"https:\/\/www.gov.br\/trabalho-e-emprego\/pt-br\/acesso-a-informacao\/participacao-social\/conselhos-e-orgaos-colegiados\/comissao-tripartite-partitaria-permanente\/normas-regulamentadora\/normas-regulamentadoras-vigentes\/norma-regulamentadora-no-3-nr-3\" target=\"_blank\" rel=\"noopener\" data-tippreview-image=\"\" data-tippreview-title=\"\" data-tippreview-enabled=\"false\">NR-3 &#8211; EMBARGO E INTERDI\u00c7\u00c3O<\/a><\/strong><\/p><p class=\"callout\"><strong><a class=\"internal-link\" title=\"\" href=\"https:\/\/www.gov.br\/trabalho-e-emprego\/pt-br\/acesso-a-informacao\/participacao-social\/conselhos-e-orgaos-colegiados\/comissao-tripartite-partitaria-permanente\/normas-regulamentadora\/normas-regulamentadoras-vigentes\/norma-regulamentadora-no-4-nr-4\" target=\"_blank\" rel=\"noopener\" data-tippreview-image=\"\" data-tippreview-title=\"\" data-tippreview-enabled=\"false\">NR-4 &#8211; SERVI\u00c7OS ESPECIALIZADOS EM SEGURAN\u00c7A E EM MEDICINA DO TRABALHO<\/a><\/strong><\/p><p class=\"callout\"><strong><a class=\"internal-link\" title=\"\" href=\"https:\/\/www.gov.br\/trabalho-e-emprego\/pt-br\/acesso-a-informacao\/participacao-social\/conselhos-e-orgaos-colegiados\/comissao-tripartite-partitaria-permanente\/normas-regulamentadora\/normas-regulamentadoras-vigentes\/norma-regulamentadora-no-5-nr-5\" target=\"_blank\" rel=\"noopener\" data-tippreview-image=\"\" data-tippreview-title=\"\" data-tippreview-enabled=\"false\">NR-5 &#8211; COMISS\u00c3O INTERNA DE PREVEN\u00c7\u00c3O DE ACIDENTES<\/a><\/strong><\/p><p class=\"callout\"><strong><a class=\"internal-link\" title=\"\" href=\"https:\/\/www.gov.br\/trabalho-e-emprego\/pt-br\/acesso-a-informacao\/participacao-social\/conselhos-e-orgaos-colegiados\/comissao-tripartite-partitaria-permanente\/normas-regulamentadora\/normas-regulamentadoras-vigentes\/norma-regulamentadora-no-6-nr-6\" target=\"_blank\" rel=\"noopener\" data-tippreview-image=\"\" data-tippreview-title=\"\" data-tippreview-enabled=\"false\">NR-6 &#8211; EQUIPAMENTO DE PROTE\u00c7\u00c3O INDIVIDUAL &#8211; EPI<\/a><\/strong><\/p><p class=\"callout\"><strong><a class=\"internal-link\" title=\"\" href=\"https:\/\/www.gov.br\/trabalho-e-emprego\/pt-br\/acesso-a-informacao\/participacao-social\/conselhos-e-orgaos-colegiados\/comissao-tripartite-partitaria-permanente\/normas-regulamentadora\/normas-regulamentadoras-vigentes\/norma-regulamentadora-no-7-nr-7\" target=\"_blank\" rel=\"noopener\" data-tippreview-image=\"\" data-tippreview-title=\"\" data-tippreview-enabled=\"false\">NR-7 &#8211; PROGRAMA DE CONTROLE M\u00c9DICO DE SA\u00daDE OCUPACIONAL<\/a><\/strong><\/p><p class=\"callout\"><strong><a class=\"internal-link\" title=\"\" href=\"https:\/\/www.gov.br\/trabalho-e-emprego\/pt-br\/acesso-a-informacao\/participacao-social\/conselhos-e-orgaos-colegiados\/comissao-tripartite-partitaria-permanente\/normas-regulamentadora\/normas-regulamentadoras-vigentes\/norma-regulamentadora-no-8-nr-8\" target=\"_blank\" rel=\"noopener\" data-tippreview-image=\"\" data-tippreview-title=\"\" data-tippreview-enabled=\"false\">NR-8 &#8211; EDIFICA\u00c7\u00d5ES<\/a><\/strong><\/p><p class=\"callout\"><strong><a class=\"internal-link\" title=\"\" href=\"https:\/\/www.gov.br\/trabalho-e-emprego\/pt-br\/acesso-a-informacao\/participacao-social\/conselhos-e-orgaos-colegiados\/comissao-tripartite-partitaria-permanente\/normas-regulamentadora\/normas-regulamentadoras-vigentes\/norma-regulamentadora-no-9-nr-9\" target=\"_blank\" rel=\"noopener\" data-tippreview-image=\"\" data-tippreview-title=\"\" data-tippreview-enabled=\"false\">NR-9 &#8211; AVALIA\u00c7\u00c3O E CONTROLE DAS EXPOSI\u00c7\u00d5ES OCUPACIONAIS A AGENTES F\u00cdSICOS, QU\u00cdMICOS E BIOL\u00d3GICOS<\/a><\/strong><\/p><p class=\"callout\"><strong><a class=\"internal-link\" title=\"\" href=\"https:\/\/www.gov.br\/trabalho-e-emprego\/pt-br\/acesso-a-informacao\/participacao-social\/conselhos-e-orgaos-colegiados\/comissao-tripartite-partitaria-permanente\/normas-regulamentadora\/normas-regulamentadoras-vigentes\/norma-regulamentadora-no-10-nr-10\" target=\"_blank\" rel=\"noopener\" data-tippreview-image=\"\" data-tippreview-title=\"\" data-tippreview-enabled=\"false\">NR-10 &#8211; SEGURAN\u00c7A EM INSTALA\u00c7\u00d5ES E SERVI\u00c7OS EM ELETRICIDADE<\/a><\/strong><\/p><p class=\"callout\"><strong><a class=\"internal-link\" title=\"\" href=\"https:\/\/www.gov.br\/trabalho-e-emprego\/pt-br\/acesso-a-informacao\/participacao-social\/conselhos-e-orgaos-colegiados\/comissao-tripartite-partitaria-permanente\/normas-regulamentadora\/normas-regulamentadoras-vigentes\/norma-regulamentadora-no-11-nr-11\" target=\"_blank\" rel=\"noopener\" data-tippreview-image=\"\" data-tippreview-title=\"\" data-tippreview-enabled=\"false\">NR-11 &#8211; TRANSPORTE, MOVIMENTA\u00c7\u00c3O, ARMAZENAGEM E MANUSEIO DE MATERIAIS<\/a><\/strong><\/p><p class=\"callout\"><strong><a class=\"internal-link\" href=\"https:\/\/www.gov.br\/trabalho-e-emprego\/pt-br\/acesso-a-informacao\/participacao-social\/conselhos-e-orgaos-colegiados\/comissao-tripartite-partitaria-permanente\/normas-regulamentadora\/normas-regulamentadoras-vigentes\/norma-regulamentadora-no-12-nr-12\" target=\"_blank\" rel=\"noopener\" data-tippreview-image=\"\" data-tippreview-title=\"\" data-tippreview-enabled=\"true\" data-tippy=\"\">NR-12 &#8211; SEGURAN\u00c7A NO TRABALHO EM M\u00c1QUINAS E EQUIPAMENTOS<\/a><\/strong><\/p><p class=\"callout\"><strong><a class=\"internal-link\" title=\"\" href=\"https:\/\/www.gov.br\/trabalho-e-emprego\/pt-br\/acesso-a-informacao\/participacao-social\/conselhos-e-orgaos-colegiados\/comissao-tripartite-partitaria-permanente\/normas-regulamentadora\/normas-regulamentadoras-vigentes\/norma-regulamentadora-no-13-nr-13\" target=\"_blank\" rel=\"noopener\" data-tippreview-image=\"\" data-tippreview-title=\"\" data-tippreview-enabled=\"false\">NR-13 &#8211; CALDEIRAS, VASOS DE PRESS\u00c3O E TUBULA\u00c7\u00d5ES E TANQUES MET\u00c1LICOS DE ARMAZENAMENTO<\/a><\/strong><\/p><p class=\"callout\"><strong><a class=\"internal-link\" title=\"\" href=\"https:\/\/www.gov.br\/trabalho-e-emprego\/pt-br\/acesso-a-informacao\/participacao-social\/conselhos-e-orgaos-colegiados\/comissao-tripartite-partitaria-permanente\/normas-regulamentadora\/normas-regulamentadoras-vigentes\/norma-regulamentadora-no-14-nr-14\" target=\"_blank\" rel=\"noopener\" data-tippreview-image=\"\" data-tippreview-title=\"\" data-tippreview-enabled=\"false\">NR-14 &#8211; FORNOS<\/a><\/strong><\/p><p class=\"callout\"><strong><a class=\"internal-link\" href=\"https:\/\/www.gov.br\/trabalho-e-emprego\/pt-br\/acesso-a-informacao\/participacao-social\/conselhos-e-orgaos-colegiados\/comissao-tripartite-partitaria-permanente\/normas-regulamentadora\/normas-regulamentadoras-vigentes\/norma-regulamentadora-no-15-nr-15\" target=\"_blank\" rel=\"noopener\" data-tippreview-image=\"\" data-tippreview-title=\"\" data-tippreview-enabled=\"true\" data-tippy=\"\">NR-15 &#8211; ATIVIDADES E OPERA\u00c7\u00d5ES INSALUBRES<\/a><\/strong><\/p><p class=\"callout\"><strong><a class=\"internal-link\" title=\"\" href=\"https:\/\/www.gov.br\/trabalho-e-emprego\/pt-br\/acesso-a-informacao\/participacao-social\/conselhos-e-orgaos-colegiados\/comissao-tripartite-partitaria-permanente\/normas-regulamentadora\/normas-regulamentadoras-vigentes\/norma-regulamentadora-no-16-nr-16\" target=\"_blank\" rel=\"noopener\" data-tippreview-image=\"\" data-tippreview-title=\"\" data-tippreview-enabled=\"false\">NR-16 &#8211; ATIVIDADES E OPERA\u00c7\u00d5ES PERIGOSAS<\/a><\/strong><\/p><p class=\"callout\"><strong><a class=\"internal-link\" title=\"\" href=\"https:\/\/www.gov.br\/trabalho-e-emprego\/pt-br\/acesso-a-informacao\/participacao-social\/conselhos-e-orgaos-colegiados\/comissao-tripartite-partitaria-permanente\/normas-regulamentadora\/normas-regulamentadoras-vigentes\/norma-regulamentadora-no-17-nr-17\" target=\"_blank\" rel=\"noopener\" data-tippreview-image=\"\" data-tippreview-title=\"\" data-tippreview-enabled=\"false\">NR-17 &#8211; ERGONOMIA<\/a><br \/><\/strong><\/p><p class=\"callout\"><strong><a class=\"internal-link\" title=\"\" href=\"https:\/\/www.gov.br\/trabalho-e-emprego\/pt-br\/acesso-a-informacao\/participacao-social\/conselhos-e-orgaos-colegiados\/comissao-tripartite-partitaria-permanente\/normas-regulamentadora\/normas-regulamentadoras-vigentes\/norma-regulamentadora-no-18-nr-18\" target=\"_blank\" rel=\"noopener\" data-tippreview-image=\"\" data-tippreview-title=\"\" data-tippreview-enabled=\"false\">NR-18 &#8211; SEGURAN\u00c7A E SA\u00daDE NO TRABALHO NA IND\u00daSTRIA DA CONSTRU\u00c7\u00c3O<\/a><\/strong><\/p><p class=\"callout\"><strong><a class=\"internal-link\" title=\"\" href=\"https:\/\/www.gov.br\/trabalho-e-emprego\/pt-br\/acesso-a-informacao\/participacao-social\/conselhos-e-orgaos-colegiados\/comissao-tripartite-partitaria-permanente\/normas-regulamentadora\/normas-regulamentadoras-vigentes\/norma-regulamentadora-no-19-nr-19\" target=\"_blank\" rel=\"noopener\" data-tippreview-image=\"\" data-tippreview-title=\"\" data-tippreview-enabled=\"false\">NR-19 &#8211; EXPLOSIVOS<\/a><\/strong><\/p><p class=\"callout\"><strong><a class=\"internal-link\" title=\"\" href=\"https:\/\/www.gov.br\/trabalho-e-emprego\/pt-br\/acesso-a-informacao\/participacao-social\/conselhos-e-orgaos-colegiados\/comissao-tripartite-partitaria-permanente\/normas-regulamentadora\/normas-regulamentadoras-vigentes\/norma-regulamentadora-no-20-nr-20\" target=\"_blank\" rel=\"noopener\" data-tippreview-image=\"\" data-tippreview-title=\"\" data-tippreview-enabled=\"false\">NR-20 &#8211; SEGURAN\u00c7A E SA\u00daDE NO TRABALHO COM INFLAM\u00c1VEIS E COMBUST\u00cdVEIS<\/a><\/strong><\/p><p class=\"callout\"><strong><a class=\"internal-link\" title=\"\" href=\"https:\/\/www.gov.br\/trabalho-e-emprego\/pt-br\/acesso-a-informacao\/participacao-social\/conselhos-e-orgaos-colegiados\/comissao-tripartite-partitaria-permanente\/normas-regulamentadora\/normas-regulamentadoras-vigentes\/norma-regulamentadora-no-21-nr-21\" target=\"_blank\" rel=\"noopener\" data-tippreview-image=\"\" data-tippreview-title=\"\" data-tippreview-enabled=\"false\">NR-21 &#8211; TRABALHOS A C\u00c9U ABERTO<\/a><\/strong><\/p><p class=\"callout\"><strong><a class=\"internal-link\" title=\"\" href=\"https:\/\/www.gov.br\/trabalho-e-emprego\/pt-br\/acesso-a-informacao\/participacao-social\/conselhos-e-orgaos-colegiados\/comissao-tripartite-partitaria-permanente\/normas-regulamentadora\/normas-regulamentadoras-vigentes\/norma-regulamentadora-no-22-nr-22\" target=\"_blank\" rel=\"noopener\" data-tippreview-image=\"\" data-tippreview-title=\"\" data-tippreview-enabled=\"false\">NR-22 &#8211; SEGURAN\u00c7A E SA\u00daDE OCUPACIONAL NA MINERA\u00c7\u00c3O<\/a><\/strong><\/p><p class=\"callout\"><strong><a class=\"internal-link\" title=\"\" href=\"https:\/\/www.gov.br\/trabalho-e-emprego\/pt-br\/acesso-a-informacao\/participacao-social\/conselhos-e-orgaos-colegiados\/comissao-tripartite-partitaria-permanente\/normas-regulamentadora\/normas-regulamentadoras-vigentes\/norma-regulamentadora-no-23-nr-23\" target=\"_blank\" rel=\"noopener\" data-tippreview-image=\"\" data-tippreview-title=\"\" data-tippreview-enabled=\"false\">NR-23 &#8211; PROTE\u00c7\u00c3O CONTRA INC\u00caNDIOS<\/a><\/strong><\/p><p class=\"callout\"><strong><a class=\"internal-link\" title=\"\" href=\"https:\/\/www.gov.br\/trabalho-e-emprego\/pt-br\/acesso-a-informacao\/participacao-social\/conselhos-e-orgaos-colegiados\/comissao-tripartite-partitaria-permanente\/normas-regulamentadora\/normas-regulamentadoras-vigentes\/norma-regulamentadora-no-24-nr-24\" target=\"_blank\" rel=\"noopener\" data-tippreview-image=\"\" data-tippreview-title=\"\" data-tippreview-enabled=\"false\">NR-24 &#8211; CONDI\u00c7\u00d5ES SANIT\u00c1RIAS E DE CONFORTO NOS LOCAIS DE TRABALHO<\/a><\/strong><\/p><p class=\"callout\"><strong><a class=\"internal-link\" title=\"\" href=\"https:\/\/www.gov.br\/trabalho-e-emprego\/pt-br\/acesso-a-informacao\/participacao-social\/conselhos-e-orgaos-colegiados\/comissao-tripartite-partitaria-permanente\/normas-regulamentadora\/normas-regulamentadoras-vigentes\/norma-regulamentadora-no-25-nr-25\" target=\"_blank\" rel=\"noopener\" data-tippreview-image=\"\" data-tippreview-title=\"\" data-tippreview-enabled=\"false\">NR-25 &#8211; RES\u00cdDUOS INDUSTRIAIS<\/a><\/strong><\/p><p class=\"callout\"><strong><a class=\"internal-link\" title=\"\" href=\"https:\/\/www.gov.br\/trabalho-e-emprego\/pt-br\/acesso-a-informacao\/participacao-social\/conselhos-e-orgaos-colegiados\/comissao-tripartite-partitaria-permanente\/normas-regulamentadora\/normas-regulamentadoras-vigentes\/norma-regulamentadora-no-26-nr-26\" target=\"_blank\" rel=\"noopener\" data-tippreview-image=\"\" data-tippreview-title=\"\" data-tippreview-enabled=\"false\">NR-26 &#8211; SINALIZA\u00c7\u00c3O DE SEGURAN\u00c7A<\/a><\/strong><\/p><p class=\"callout\"><strong><a class=\"internal-link\" title=\"\" href=\"https:\/\/www.gov.br\/trabalho-e-emprego\/pt-br\/acesso-a-informacao\/participacao-social\/conselhos-e-orgaos-colegiados\/comissao-tripartite-partitaria-permanente\/normas-regulamentadora\/normas-regulamentadoras-vigentes\/norma-regulamentadora-no-27-nr-27\" target=\"_blank\" rel=\"noopener\" data-tippreview-image=\"\" data-tippreview-title=\"\" data-tippreview-enabled=\"false\">NR-27 &#8211; REGISTRO PROFISSIONAL DO T\u00c9CNICO DE SEGURAN\u00c7A DO TRABALHO (REVOGADA)<\/a><\/strong><\/p><p class=\"callout\"><strong><a class=\"internal-link\" title=\"\" href=\"https:\/\/www.gov.br\/trabalho-e-emprego\/pt-br\/acesso-a-informacao\/participacao-social\/conselhos-e-orgaos-colegiados\/comissao-tripartite-partitaria-permanente\/normas-regulamentadora\/normas-regulamentadoras-vigentes\/norma-regulamentadora-no-28-nr-28\" target=\"_blank\" rel=\"noopener\" data-tippreview-image=\"\" data-tippreview-title=\"\" data-tippreview-enabled=\"false\">NR-28 &#8211; FISCALIZA\u00c7\u00c3O E PENALIDADES<\/a><\/strong><\/p><p class=\"callout\"><strong><a class=\"internal-link\" title=\"\" href=\"https:\/\/www.gov.br\/trabalho-e-emprego\/pt-br\/acesso-a-informacao\/participacao-social\/conselhos-e-orgaos-colegiados\/comissao-tripartite-partitaria-permanente\/normas-regulamentadora\/normas-regulamentadoras-vigentes\/norma-regulamentadora-no-29-nr-29\" target=\"_blank\" rel=\"noopener\" data-tippreview-image=\"\" data-tippreview-title=\"\" data-tippreview-enabled=\"false\">NR-29 &#8211; NORMA REGULAMENTADORA DE SEGURAN\u00c7A E SA\u00daDE NO TRABALHO PORTU\u00c1RIO<\/a><\/strong><\/p><p class=\"callout\"><strong><a class=\"internal-link\" title=\"\" href=\"https:\/\/www.gov.br\/trabalho-e-emprego\/pt-br\/acesso-a-informacao\/participacao-social\/conselhos-e-orgaos-colegiados\/comissao-tripartite-partitaria-permanente\/normas-regulamentadora\/normas-regulamentadoras-vigentes\/norma-regulamentadora-no-30-nr-30\" target=\"_blank\" rel=\"noopener\" data-tippreview-image=\"\" data-tippreview-title=\"\" data-tippreview-enabled=\"false\">NR-30 &#8211; SEGURAN\u00c7A E SA\u00daDE NO TRABALHO AQUAVI\u00c1RIO<\/a><\/strong><\/p><p class=\"callout\"><strong><a class=\"internal-link\" title=\"\" href=\"https:\/\/www.gov.br\/trabalho-e-emprego\/pt-br\/acesso-a-informacao\/participacao-social\/conselhos-e-orgaos-colegiados\/comissao-tripartite-partitaria-permanente\/normas-regulamentadora\/normas-regulamentadoras-vigentes\/norma-regulamentadora-no-31-nr-31\" target=\"_blank\" rel=\"noopener\" data-tippreview-image=\"\" data-tippreview-title=\"\" data-tippreview-enabled=\"false\">NR-31 &#8211; SEGURAN\u00c7A E SA\u00daDE NO TRABALHO NA AGRICULTURA, PECU\u00c1RIA SILVICULTURA, EXPLORA\u00c7\u00c3O FLORESTAL E AQUICULTURA<\/a><\/strong><\/p><p class=\"callout\"><strong><a class=\"internal-link\" title=\"\" href=\"https:\/\/www.gov.br\/trabalho-e-emprego\/pt-br\/acesso-a-informacao\/participacao-social\/conselhos-e-orgaos-colegiados\/comissao-tripartite-partitaria-permanente\/normas-regulamentadora\/normas-regulamentadoras-vigentes\/norma-regulamentadora-no-32-nr-32\" target=\"_blank\" rel=\"noopener\" data-tippreview-image=\"\" data-tippreview-title=\"\" data-tippreview-enabled=\"false\">NR-32 &#8211; SEGURAN\u00c7A E SA\u00daDE NO TRABALHO EM SERVI\u00c7OS DE SA\u00daDE<\/a><\/strong><\/p><p class=\"callout\"><strong><a class=\"internal-link\" title=\"\" href=\"https:\/\/www.gov.br\/trabalho-e-emprego\/pt-br\/acesso-a-informacao\/participacao-social\/conselhos-e-orgaos-colegiados\/comissao-tripartite-partitaria-permanente\/normas-regulamentadora\/normas-regulamentadoras-vigentes\/norma-regulamentadora-no-33-nr-33\" target=\"_blank\" rel=\"noopener\" data-tippreview-image=\"\" data-tippreview-title=\"\" data-tippreview-enabled=\"false\">NR-33 &#8211; SEGURAN\u00c7A E SA\u00daDE NOS TRABALHOS EM ESPA\u00c7OS CONFINADOS<\/a><\/strong><\/p><p class=\"callout\"><strong><a class=\"internal-link\" title=\"\" href=\"https:\/\/www.gov.br\/trabalho-e-emprego\/pt-br\/acesso-a-informacao\/participacao-social\/conselhos-e-orgaos-colegiados\/comissao-tripartite-partitaria-permanente\/normas-regulamentadora\/normas-regulamentadoras-vigentes\/norma-regulamentadora-no-34-nr-34\" target=\"_blank\" rel=\"noopener\" data-tippreview-image=\"\" data-tippreview-title=\"\" data-tippreview-enabled=\"false\">NR-34 &#8211; CONDI\u00c7\u00d5ES E MEIO AMBIENTE DE TRABALHO NA IND\u00daSTRIA DA CONSTRU\u00c7\u00c3O, REPARA\u00c7\u00c3O E DESMONTE NAVAL<\/a><\/strong><\/p><p class=\"callout\"><strong><a class=\"internal-link\" title=\"\" href=\"https:\/\/www.gov.br\/trabalho-e-emprego\/pt-br\/acesso-a-informacao\/participacao-social\/conselhos-e-orgaos-colegiados\/comissao-tripartite-partitaria-permanente\/normas-regulamentadora\/normas-regulamentadoras-vigentes\/norma-regulamentadora-no-35-nr-35\" target=\"_blank\" rel=\"noopener\" data-tippreview-image=\"\" data-tippreview-title=\"\" data-tippreview-enabled=\"false\">NR-35 &#8211; TRABALHO EM ALTURA<\/a><\/strong><\/p><p class=\"callout\"><strong><a class=\"internal-link\" title=\"\" href=\"https:\/\/www.gov.br\/trabalho-e-emprego\/pt-br\/acesso-a-informacao\/participacao-social\/conselhos-e-orgaos-colegiados\/comissao-tripartite-partitaria-permanente\/normas-regulamentadora\/normas-regulamentadoras-vigentes\/norma-regulamentadora-no-36-nr-36\" target=\"_blank\" rel=\"noopener\" data-tippreview-image=\"\" data-tippreview-title=\"\" data-tippreview-enabled=\"false\">NR-36 &#8211; SEGURAN\u00c7A E SA\u00daDE NO TRABALHO EM EMPRESAS DE ABATE E PROCESSAMENTO DE CARNES E DERIVADOS<\/a><\/strong><\/p><p class=\"callout\"><strong><a class=\"internal-link\" href=\"https:\/\/www.gov.br\/trabalho-e-emprego\/pt-br\/assuntos\/inspecao-do-trabalho\/seguranca-e-saude-no-trabalho\/ctpp-nrs\/norma-regulamentadora-no-37-nr-37\" target=\"_blank\" rel=\"noopener\" data-tippreview-image=\"\" data-tippreview-title=\"\" data-tippreview-enabled=\"true\" data-tippy=\"\">NR-37 &#8211; SEGURAN\u00c7A E SA\u00daDE EM PLATAFORMAS DE PETR\u00d3LEO<\/a><\/strong><\/p><p class=\"callout\"><strong><a class=\"internal-link\" href=\"https:\/\/www.gov.br\/trabalho-e-emprego\/pt-br\/acesso-a-informacao\/participacao-social\/conselhos-e-orgaos-colegiados\/comissao-tripartite-partitaria-permanente\/normas-regulamentadora\/normas-regulamentadoras-vigentes\/norma-regulamentadora-no-38-nr-38\" target=\"_blank\" rel=\"noopener\" data-tippreview-image=\"\" data-tippreview-title=\"\" data-tippreview-enabled=\"true\" data-tippy=\"\">NR-38 &#8211; SEGURAN\u00c7A E SA\u00daDE NO TRABALHO NAS ATIVIDADES DE LIMPEZA URBANA E MANEJO DE RES\u00cdDUOS S\u00d3LIDOS<\/a><\/strong><\/p><\/div>\t\t\t\t\t\t<\/div>\n\t\t\t\t<\/div>\n\t\t\t\t\t<\/div>\n\t\t\t\t<\/div>\n\t\t\t\t<\/div>\n\t\t","protected":false},"excerpt":{"rendered":"<p>Normas Regulamentadoras As normas abaixo tratam da Seguran\u00e7a e Sa\u00fade no Trabalho e\u00a0regulamenta\u00e7\u00e3o da CIPA quanto a sua constitui\u00e7\u00e3o, organiza\u00e7\u00e3o, atribui\u00e7\u00f5es, funcionamento, treinamento e processo eleitoral. Confira na \u00edntegra o conte\u00fado das NR na p\u00e1gina: Secretaria de Inspe\u00e7\u00e3o do Trabalho \u2013 Normas Regulamentadoras. https:\/\/www.youtube.com\/watch?v=liESs_sYrWk&#038;ab_channel=TribunalSuperiordoTrabalho NR-1 &#8211; DISPOSI\u00c7\u00d5ES GERAIS E GERENCIAMENTO DE RISCOS OCUPACIONAIS NR-2 &#8211; [&hellip;]<\/p>\n","protected":false},"author":23936,"featured_media":0,"parent":0,"menu_order":0,"comment_status":"closed","ping_status":"closed","template":"elementor_header_footer","meta":{"_monsterinsights_skip_tracking":false,"_monsterinsights_sitenote_active":false,"_monsterinsights_sitenote_note":"","_monsterinsights_sitenote_category":0,"footnotes":"","_links_to":"","_links_to_target":""},"class_list":["post-4009","page","type-page","status-publish","hentry","entry"],"jetpack_sharing_enabled":true,"_links":{"self":[{"href":"https:\/\/sites.usp.br\/cipaeach\/wp-json\/wp\/v2\/pages\/4009","targetHints":{"allow":["GET"]}}],"collection":[{"href":"https:\/\/sites.usp.br\/cipaeach\/wp-json\/wp\/v2\/pages"}],"about":[{"href":"https:\/\/sites.usp.br\/cipaeach\/wp-json\/wp\/v2\/types\/page"}],"author":[{"embeddable":true,"href":"https:\/\/sites.usp.br\/cipaeach\/wp-json\/wp\/v2\/users\/23936"}],"replies":[{"embeddable":true,"href":"https:\/\/sites.usp.br\/cipaeach\/wp-json\/wp\/v2\/comments?post=4009"}],"version-history":[{"count":4,"href":"https:\/\/sites.usp.br\/cipaeach\/wp-json\/wp\/v2\/pages\/4009\/revisions"}],"predecessor-version":[{"id":4335,"href":"https:\/\/sites.usp.br\/cipaeach\/wp-json\/wp\/v2\/pages\/4009\/revisions\/4335"}],"wp:attachment":[{"href":"https:\/\/sites.usp.br\/cipaeach\/wp-json\/wp\/v2\/media?parent=4009"}],"curies":[{"name":"wp","href":"https:\/\/api.w.org\/{rel}","templated":true}]}}