{"id":201,"date":"2023-03-06T09:12:20","date_gmt":"2023-03-06T12:12:20","guid":{"rendered":"https:\/\/sites.usp.br\/circular\/?page_id=201"},"modified":"2023-03-10T12:53:04","modified_gmt":"2023-03-10T15:53:04","slug":"hospedagem","status":"publish","type":"page","link":"https:\/\/sites.usp.br\/circular\/hospedagem\/","title":{"rendered":"Hospedagem"},"content":{"rendered":"<p>Aos convidados e palestrantes n\u00e3o residentes de S\u00e3o Paulo-SP, abaixo seguem sugest\u00f5es de tr\u00eas hot\u00e9is pr\u00f3ximos ao <em>campus<\/em> da USP.<\/p>\n<h3><\/h3>\n<h3>IBIS Styles &#8211; Faria Lima<\/h3>\n<p><a class=\"text-link trigger-anchor\" href=\"https:\/\/all.accor.com\/hotel\/A1B6\/index.pt-br.shtml?y_source=1_MTUzNjI1MDYtNDgzLWxvY2F0aW9uLndlYnNpdGU%3D#section-location\" data-event-action=\"infos - click on cta\" data-event-label=\"see the map\">Rua Tavares Cabral 61, Pinheiros, 5423030\u00a0SAO PAULO, Brasil<\/a><\/p>\n<p>Bem localizado, o ibis S\u00e3o Paulo Faria Lima \u00e9 perfeito para quem vem \u00e0 S\u00e3o Paulo para viagens de neg\u00f3cio e reuni\u00f5es. Com seu design cool, baseado em artes de rua e grafites, os quartos s\u00e3o confort\u00e1veis e contam com duas op\u00e7\u00f5es, para casais e solteiros com cama dupla. O wi-fi \u00e9 liberado e tem escrivaninha no quarto para trabalhar, mas o Business Center est\u00e1 \u00e0 sua disposi\u00e7\u00e3o. Dist\u00e2ncia de 21 minutos do Aeroporto de S\u00e3o Paulo\/Congonhas.<\/p>\n<p><img fetchpriority=\"high\" decoding=\"async\" class=\"alignleft wp-image-151 size-medium\" src=\"https:\/\/sites.usp.br\/circular\/wp-content\/uploads\/sites\/1263\/2023\/03\/ibis-farialima-300x225.jpg\" alt=\"\" width=\"300\" height=\"225\" srcset=\"https:\/\/sites.usp.br\/circular\/wp-content\/uploads\/sites\/1263\/2023\/03\/ibis-farialima-300x225.jpg 300w, https:\/\/sites.usp.br\/circular\/wp-content\/uploads\/sites\/1263\/2023\/03\/ibis-farialima-1024x768.jpg 1024w, https:\/\/sites.usp.br\/circular\/wp-content\/uploads\/sites\/1263\/2023\/03\/ibis-farialima-768x576.jpg 768w, https:\/\/sites.usp.br\/circular\/wp-content\/uploads\/sites\/1263\/2023\/03\/ibis-farialima-1536x1152.jpg 1536w, https:\/\/sites.usp.br\/circular\/wp-content\/uploads\/sites\/1263\/2023\/03\/ibis-farialima-80x60.jpg 80w, https:\/\/sites.usp.br\/circular\/wp-content\/uploads\/sites\/1263\/2023\/03\/ibis-farialima.jpg 2048w\" sizes=\"(max-width: 300px) 100vw, 300px\" \/><\/p>\n<p><img decoding=\"async\" class=\"alignleft wp-image-152 size-medium\" src=\"https:\/\/sites.usp.br\/circular\/wp-content\/uploads\/sites\/1263\/2023\/03\/ibis-farialima2-300x225.jpg\" alt=\"\" width=\"300\" height=\"225\" srcset=\"https:\/\/sites.usp.br\/circular\/wp-content\/uploads\/sites\/1263\/2023\/03\/ibis-farialima2-300x225.jpg 300w, https:\/\/sites.usp.br\/circular\/wp-content\/uploads\/sites\/1263\/2023\/03\/ibis-farialima2-1024x768.jpg 1024w, https:\/\/sites.usp.br\/circular\/wp-content\/uploads\/sites\/1263\/2023\/03\/ibis-farialima2-768x576.jpg 768w, https:\/\/sites.usp.br\/circular\/wp-content\/uploads\/sites\/1263\/2023\/03\/ibis-farialima2-1536x1152.jpg 1536w, https:\/\/sites.usp.br\/circular\/wp-content\/uploads\/sites\/1263\/2023\/03\/ibis-farialima2-80x60.jpg 80w, https:\/\/sites.usp.br\/circular\/wp-content\/uploads\/sites\/1263\/2023\/03\/ibis-farialima2.jpg 2048w\" sizes=\"(max-width: 300px) 100vw, 300px\" \/><\/p>\n<p>&nbsp;<\/p>\n<p>&nbsp;<\/p>\n<p>&nbsp;<\/p>\n<p>&nbsp;<\/p>\n<p>&nbsp;<\/p>\n<p>&nbsp;<\/p>\n<p>Para mais informa\u00e7\u00f5es, acesse:\u00a0<a href=\"https:\/\/all.accor.com\/hotel\/A1B6\/index.pt-br.shtml?y_source=1_MTUzNjI1MDYtNDgzLWxvY2F0aW9uLndlYnNpdGU%3D\" target=\"_blank\" rel=\"noopener\">https:\/\/all.accor.com\/hotel\/A1B6\/index.pt-br.shtml?y_source=1_MTUzNjI1MDYtNDgzLWxvY2F0aW9uLndlYnNpdGU%3D<\/a><\/p>\n<h3><\/h3>\n<p>&nbsp;<\/p>\n<h3>Quality Faria Lima<\/h3>\n<p>Rua Diogo Moreira , 247, Pinheiros, S\u00e3o Paulo, CEP 05423-010, Brazil<\/p>\n<p>O Quality Faria Lima est\u00e1 localizado h\u00e1 500 metros do metr\u00f4 Faria Lima, pr\u00f3ximo aos Shoppings Eldorado e Iguatemi. O hotel disp\u00f5e de apartamentos com ar condicionado, frigobar abastecido, janelas anti-ru\u00eddos, mesa para trabalho, wi-fi, TV a cabo, cofre digital, ferro, t\u00e1bua de passar roupas e secador de cabelo.<\/p>\n<p><img decoding=\"async\" class=\"wp-image-153 alignleft\" src=\"https:\/\/sites.usp.br\/circular\/wp-content\/uploads\/sites\/1263\/2023\/03\/quality-farialima-300x200.jpg\" alt=\"\" width=\"290\" height=\"193\" srcset=\"https:\/\/sites.usp.br\/circular\/wp-content\/uploads\/sites\/1263\/2023\/03\/quality-farialima-300x200.jpg 300w, https:\/\/sites.usp.br\/circular\/wp-content\/uploads\/sites\/1263\/2023\/03\/quality-farialima.jpg 720w\" sizes=\"(max-width: 290px) 100vw, 290px\" \/><img loading=\"lazy\" decoding=\"async\" class=\"alignnone size-medium wp-image-154\" src=\"https:\/\/sites.usp.br\/circular\/wp-content\/uploads\/sites\/1263\/2023\/03\/quality-farialima2-e1677684677551-300x195.jpg\" alt=\"\" width=\"300\" height=\"195\" srcset=\"https:\/\/sites.usp.br\/circular\/wp-content\/uploads\/sites\/1263\/2023\/03\/quality-farialima2-e1677684677551-300x195.jpg 300w, https:\/\/sites.usp.br\/circular\/wp-content\/uploads\/sites\/1263\/2023\/03\/quality-farialima2-e1677684677551.jpg 714w\" sizes=\"(max-width: 300px) 100vw, 300px\" \/><\/p>\n<p>&nbsp;<\/p>\n<p>Para mais informa\u00e7\u00f5es, acesse:\u00a0<a href=\"https:\/\/www.reserveatlantica.com.br\/hotel\/quality-faria-lima\" target=\"_blank\" rel=\"noopener\">https:\/\/www.reserveatlantica.com.br\/hotel\/quality-faria-lima<\/a><\/p>\n<p>&nbsp;<\/p>\n<h3>George V Alto de Pinheiros<\/h3>\n<p>Pra\u00e7a Roquete Pinto, 09, Pinheiros, S\u00e3o Paulo, CEP 05420-020, Brazil<\/p>\n<p>Instalado em um dos bairros mais valorizados da cidade, e a cerca de 500 metros do Instituto Tomie Ohtake, o George V Alto de Pinheiros apresenta apartamentos com cozinha equipada e varanda. As acomoda\u00e7\u00f5es possuem ainda Wi-Fi, ar-condicionado, chinelos, hidromassagem, televis\u00e3o, Wi-Fi, micro-ondas e cofre. As unidades de categorias superiores podem apresentar tamb\u00e9m alguns dos itens a seguir: dois quartos, sala de estar, duas vagas na garagem e banheiro em m\u00e1rmore. Aqui o visitante usufrui de piscina, academia, sauna, espa\u00e7o de eventos e estacionamento gratuito.<\/p>\n<p><img loading=\"lazy\" decoding=\"async\" class=\"size-medium wp-image-155 alignleft\" src=\"https:\/\/sites.usp.br\/circular\/wp-content\/uploads\/sites\/1263\/2023\/03\/gerogev-200x300.jpg\" alt=\"\" width=\"200\" height=\"300\" srcset=\"https:\/\/sites.usp.br\/circular\/wp-content\/uploads\/sites\/1263\/2023\/03\/gerogev-200x300.jpg 200w, https:\/\/sites.usp.br\/circular\/wp-content\/uploads\/sites\/1263\/2023\/03\/gerogev.jpg 600w\" sizes=\"(max-width: 200px) 100vw, 200px\" \/> <img loading=\"lazy\" decoding=\"async\" class=\"size-medium wp-image-156 alignleft\" src=\"https:\/\/sites.usp.br\/circular\/wp-content\/uploads\/sites\/1263\/2023\/03\/gerogev2-300x300.jpg\" alt=\"\" width=\"300\" height=\"300\" srcset=\"https:\/\/sites.usp.br\/circular\/wp-content\/uploads\/sites\/1263\/2023\/03\/gerogev2-300x300.jpg 300w, https:\/\/sites.usp.br\/circular\/wp-content\/uploads\/sites\/1263\/2023\/03\/gerogev2-150x150.jpg 150w, https:\/\/sites.usp.br\/circular\/wp-content\/uploads\/sites\/1263\/2023\/03\/gerogev2-768x768.jpg 768w, https:\/\/sites.usp.br\/circular\/wp-content\/uploads\/sites\/1263\/2023\/03\/gerogev2-600x600.jpg 600w, https:\/\/sites.usp.br\/circular\/wp-content\/uploads\/sites\/1263\/2023\/03\/gerogev2-45x45.jpg 45w, https:\/\/sites.usp.br\/circular\/wp-content\/uploads\/sites\/1263\/2023\/03\/gerogev2.jpg 900w\" sizes=\"(max-width: 300px) 100vw, 300px\" \/><\/p>\n<p>&nbsp;<\/p>\n<p>&nbsp;<\/p>\n<p>&nbsp;<\/p>\n<p>&nbsp;<\/p>\n<p>&nbsp;<\/p>\n<p>&nbsp;<\/p>\n<p>&nbsp;<\/p>\n<p>&nbsp;<\/p>\n<p>Para mais informa\u00e7\u00f5es, acesse:\u00a0<a href=\"https:\/\/www.gvap.com.br\/\" target=\"_blank\" rel=\"noopener\">https:\/\/www.gvap.com.br\/<\/a><\/p>\n","protected":false},"excerpt":{"rendered":"<p>Aos convidados e palestrantes n\u00e3o residentes de S\u00e3o Paulo-SP, abaixo seguem sugest\u00f5es de tr\u00eas hot\u00e9is pr\u00f3ximos ao campus da USP. IBIS Styles &#8211; Faria Lima Rua Tavares Cabral 61, Pinheiros, 5423030\u00a0SAO PAULO, Brasil Bem localizado, o ibis S\u00e3o Paulo Faria Lima \u00e9 perfeito para quem vem \u00e0 S\u00e3o Paulo para viagens de neg\u00f3cio e reuni\u00f5es. [&hellip;]<\/p>\n","protected":false},"author":23464,"featured_media":0,"parent":0,"menu_order":0,"comment_status":"closed","ping_status":"closed","template":"","meta":{"ocean_post_layout":"","ocean_both_sidebars_style":"","ocean_both_sidebars_content_width":0,"ocean_both_sidebars_sidebars_width":0,"ocean_sidebar":"0","ocean_second_sidebar":"0","ocean_disable_margins":"enable","ocean_add_body_class":"","ocean_shortcode_before_top_bar":"","ocean_shortcode_after_top_bar":"","ocean_shortcode_before_header":"","ocean_shortcode_after_header":"","ocean_has_shortcode":"","ocean_shortcode_after_title":"","ocean_shortcode_before_footer_widgets":"","ocean_shortcode_after_footer_widgets":"","ocean_shortcode_before_footer_bottom":"","ocean_shortcode_after_footer_bottom":"","ocean_display_top_bar":"default","ocean_display_header":"default","ocean_header_style":"","ocean_center_header_left_menu":"0","ocean_custom_header_template":"0","ocean_custom_logo":0,"ocean_custom_retina_logo":0,"ocean_custom_logo_max_width":0,"ocean_custom_logo_tablet_max_width":0,"ocean_custom_logo_mobile_max_width":0,"ocean_custom_logo_max_height":0,"ocean_custom_logo_tablet_max_height":0,"ocean_custom_logo_mobile_max_height":0,"ocean_header_custom_menu":"0","ocean_menu_typo_font_family":"0","ocean_menu_typo_font_subset":"","ocean_menu_typo_font_size":0,"ocean_menu_typo_font_size_tablet":0,"ocean_menu_typo_font_size_mobile":0,"ocean_menu_typo_font_size_unit":"px","ocean_menu_typo_font_weight":"","ocean_menu_typo_font_weight_tablet":"","ocean_menu_typo_font_weight_mobile":"","ocean_menu_typo_transform":"","ocean_menu_typo_transform_tablet":"","ocean_menu_typo_transform_mobile":"","ocean_menu_typo_line_height":0,"ocean_menu_typo_line_height_tablet":0,"ocean_menu_typo_line_height_mobile":0,"ocean_menu_typo_line_height_unit":"","ocean_menu_typo_spacing":0,"ocean_menu_typo_spacing_tablet":0,"ocean_menu_typo_spacing_mobile":0,"ocean_menu_typo_spacing_unit":"","ocean_menu_link_color":"","ocean_menu_link_color_hover":"","ocean_menu_link_color_active":"","ocean_menu_link_background":"","ocean_menu_link_hover_background":"","ocean_menu_link_active_background":"","ocean_menu_social_links_bg":"","ocean_menu_social_hover_links_bg":"","ocean_menu_social_links_color":"","ocean_menu_social_hover_links_color":"","ocean_disable_title":"default","ocean_disable_heading":"default","ocean_post_title":"","ocean_post_subheading":"","ocean_post_title_style":"","ocean_post_title_background_color":"","ocean_post_title_background":0,"ocean_post_title_bg_image_position":"","ocean_post_title_bg_image_attachment":"","ocean_post_title_bg_image_repeat":"","ocean_post_title_bg_image_size":"","ocean_post_title_height":0,"ocean_post_title_bg_overlay":0.5,"ocean_post_title_bg_overlay_color":"","ocean_disable_breadcrumbs":"default","ocean_breadcrumbs_color":"","ocean_breadcrumbs_separator_color":"","ocean_breadcrumbs_links_color":"","ocean_breadcrumbs_links_hover_color":"","ocean_display_footer_widgets":"default","ocean_display_footer_bottom":"default","ocean_custom_footer_template":"0","footnotes":"","_links_to":"","_links_to_target":""},"class_list":["post-201","page","type-page","status-publish","hentry","entry"],"_links":{"self":[{"href":"https:\/\/sites.usp.br\/circular\/wp-json\/wp\/v2\/pages\/201","targetHints":{"allow":["GET"]}}],"collection":[{"href":"https:\/\/sites.usp.br\/circular\/wp-json\/wp\/v2\/pages"}],"about":[{"href":"https:\/\/sites.usp.br\/circular\/wp-json\/wp\/v2\/types\/page"}],"author":[{"embeddable":true,"href":"https:\/\/sites.usp.br\/circular\/wp-json\/wp\/v2\/users\/23464"}],"replies":[{"embeddable":true,"href":"https:\/\/sites.usp.br\/circular\/wp-json\/wp\/v2\/comments?post=201"}],"version-history":[{"count":3,"href":"https:\/\/sites.usp.br\/circular\/wp-json\/wp\/v2\/pages\/201\/revisions"}],"predecessor-version":[{"id":272,"href":"https:\/\/sites.usp.br\/circular\/wp-json\/wp\/v2\/pages\/201\/revisions\/272"}],"wp:attachment":[{"href":"https:\/\/sites.usp.br\/circular\/wp-json\/wp\/v2\/media?parent=201"}],"curies":[{"name":"wp","href":"https:\/\/api.w.org\/{rel}","templated":true}]}}