{"id":25,"date":"2023-02-24T12:51:37","date_gmt":"2023-02-24T15:51:37","guid":{"rendered":"https:\/\/sites.usp.br\/circular\/?page_id=25"},"modified":"2023-03-09T14:32:24","modified_gmt":"2023-03-09T17:32:24","slug":"inscricoes","status":"publish","type":"page","link":"https:\/\/sites.usp.br\/circular\/inscricoes\/","title":{"rendered":"Inscri\u00e7\u00f5es"},"content":{"rendered":"<h3>Confira nossos valores de inscri\u00e7\u00e3o<\/h3>\n<p><img fetchpriority=\"high\" decoding=\"async\" class=\"aligncenter wp-image-246 \" src=\"https:\/\/sites.usp.br\/circular\/wp-content\/uploads\/sites\/1263\/2023\/03\/categorias-isncricao.jpg\" alt=\"\" width=\"778\" height=\"218\" srcset=\"https:\/\/sites.usp.br\/circular\/wp-content\/uploads\/sites\/1263\/2023\/03\/categorias-isncricao.jpg 1074w, https:\/\/sites.usp.br\/circular\/wp-content\/uploads\/sites\/1263\/2023\/03\/categorias-isncricao-300x84.jpg 300w, https:\/\/sites.usp.br\/circular\/wp-content\/uploads\/sites\/1263\/2023\/03\/categorias-isncricao-1024x287.jpg 1024w, https:\/\/sites.usp.br\/circular\/wp-content\/uploads\/sites\/1263\/2023\/03\/categorias-isncricao-768x215.jpg 768w\" sizes=\"(max-width: 778px) 100vw, 778px\" \/><\/p>\n<h3><\/h3>\n<h3><\/h3>\n<p>&nbsp;<\/p>\n<h3><strong>Informa\u00e7\u00f5es sobre as inscri\u00e7\u00f5es<\/strong><\/h3>\n<p>As inscri\u00e7\u00f5es podem ser realizadas pelo link:<strong><a href=\"https:\/\/forms.office.com\/r\/U2Ab4cR3fz\" target=\"_blank\" rel=\"noopener\">Formul\u00e1rio de inscri\u00e7\u00e3o<\/a><\/strong><\/p>\n<p>Associados ao Conselho Brasileiro de Constru\u00e7\u00e3o Sustent\u00e1vel (CBCS) possuem desconto na inscri\u00e7\u00e3o.<\/p>\n<p>Estudantes de gradua\u00e7\u00e3o e p\u00f3s-gradua\u00e7\u00e3o dever\u00e3o enviar c\u00f3pia do atestado de matr\u00edcula digitalizados em pdf, al\u00e9m do comprovante de pagamento para o email: <strong>circularidade@cics.prp.usp.br<\/strong><\/p>\n<p>Profissionais dever\u00e3o enviar o comprovante de pagamento para o e-mail <strong>circularidade@cics.prp.usp.br<\/strong><\/p>\n<p>A inscri\u00e7\u00e3o s\u00f3 ser\u00e1 efetivada mediante resposta de confirma\u00e7\u00e3o de pagamento.<\/p>\n<h3><\/h3>\n<p>&nbsp;<\/p>\n<p>&nbsp;<\/p>\n<h3><strong>Modos de pagamento<\/strong><\/h3>\n<p><img decoding=\"async\" class=\"aligncenter wp-image-247 \" src=\"https:\/\/sites.usp.br\/circular\/wp-content\/uploads\/sites\/1263\/2023\/03\/Pagamento-1024x385.jpg\" alt=\"\" width=\"832\" height=\"313\" srcset=\"https:\/\/sites.usp.br\/circular\/wp-content\/uploads\/sites\/1263\/2023\/03\/Pagamento-1024x385.jpg 1024w, https:\/\/sites.usp.br\/circular\/wp-content\/uploads\/sites\/1263\/2023\/03\/Pagamento-300x113.jpg 300w, https:\/\/sites.usp.br\/circular\/wp-content\/uploads\/sites\/1263\/2023\/03\/Pagamento-768x288.jpg 768w, https:\/\/sites.usp.br\/circular\/wp-content\/uploads\/sites\/1263\/2023\/03\/Pagamento-1200x453.jpg 1200w, https:\/\/sites.usp.br\/circular\/wp-content\/uploads\/sites\/1263\/2023\/03\/Pagamento.jpg 1206w\" sizes=\"(max-width: 832px) 100vw, 832px\" \/><\/p>\n<p>&nbsp;<\/p>\n<p>Qualquer d\u00favida, entre em contato com <strong>circularidade@cics.prp.usp.br<\/strong><\/p>\n","protected":false},"excerpt":{"rendered":"<p>Confira nossos valores de inscri\u00e7\u00e3o &nbsp; Informa\u00e7\u00f5es sobre as inscri\u00e7\u00f5es As inscri\u00e7\u00f5es podem ser realizadas pelo link:Formul\u00e1rio de inscri\u00e7\u00e3o Associados ao Conselho Brasileiro de Constru\u00e7\u00e3o Sustent\u00e1vel (CBCS) possuem desconto na inscri\u00e7\u00e3o. Estudantes de gradua\u00e7\u00e3o e p\u00f3s-gradua\u00e7\u00e3o dever\u00e3o enviar c\u00f3pia do atestado de matr\u00edcula digitalizados em pdf, al\u00e9m do comprovante de pagamento para o email: circularidade@cics.prp.usp.br [&hellip;]<\/p>\n","protected":false},"author":23464,"featured_media":0,"parent":0,"menu_order":0,"comment_status":"closed","ping_status":"closed","template":"","meta":{"ocean_post_layout":"","ocean_both_sidebars_style":"","ocean_both_sidebars_content_width":0,"ocean_both_sidebars_sidebars_width":0,"ocean_sidebar":"0","ocean_second_sidebar":"0","ocean_disable_margins":"enable","ocean_add_body_class":"","ocean_shortcode_before_top_bar":"","ocean_shortcode_after_top_bar":"","ocean_shortcode_before_header":"","ocean_shortcode_after_header":"","ocean_has_shortcode":"","ocean_shortcode_after_title":"","ocean_shortcode_before_footer_widgets":"","ocean_shortcode_after_footer_widgets":"","ocean_shortcode_before_footer_bottom":"","ocean_shortcode_after_footer_bottom":"","ocean_display_top_bar":"default","ocean_display_header":"default","ocean_header_style":"","ocean_center_header_left_menu":"0","ocean_custom_header_template":"0","ocean_custom_logo":0,"ocean_custom_retina_logo":0,"ocean_custom_logo_max_width":0,"ocean_custom_logo_tablet_max_width":0,"ocean_custom_logo_mobile_max_width":0,"ocean_custom_logo_max_height":0,"ocean_custom_logo_tablet_max_height":0,"ocean_custom_logo_mobile_max_height":0,"ocean_header_custom_menu":"0","ocean_menu_typo_font_family":"0","ocean_menu_typo_font_subset":"","ocean_menu_typo_font_size":0,"ocean_menu_typo_font_size_tablet":0,"ocean_menu_typo_font_size_mobile":0,"ocean_menu_typo_font_size_unit":"px","ocean_menu_typo_font_weight":"","ocean_menu_typo_font_weight_tablet":"","ocean_menu_typo_font_weight_mobile":"","ocean_menu_typo_transform":"","ocean_menu_typo_transform_tablet":"","ocean_menu_typo_transform_mobile":"","ocean_menu_typo_line_height":0,"ocean_menu_typo_line_height_tablet":0,"ocean_menu_typo_line_height_mobile":0,"ocean_menu_typo_line_height_unit":"","ocean_menu_typo_spacing":0,"ocean_menu_typo_spacing_tablet":0,"ocean_menu_typo_spacing_mobile":0,"ocean_menu_typo_spacing_unit":"","ocean_menu_link_color":"","ocean_menu_link_color_hover":"","ocean_menu_link_color_active":"","ocean_menu_link_background":"","ocean_menu_link_hover_background":"","ocean_menu_link_active_background":"","ocean_menu_social_links_bg":"","ocean_menu_social_hover_links_bg":"","ocean_menu_social_links_color":"","ocean_menu_social_hover_links_color":"","ocean_disable_title":"default","ocean_disable_heading":"default","ocean_post_title":"","ocean_post_subheading":"","ocean_post_title_style":"","ocean_post_title_background_color":"","ocean_post_title_background":0,"ocean_post_title_bg_image_position":"","ocean_post_title_bg_image_attachment":"","ocean_post_title_bg_image_repeat":"","ocean_post_title_bg_image_size":"","ocean_post_title_height":0,"ocean_post_title_bg_overlay":0.5,"ocean_post_title_bg_overlay_color":"","ocean_disable_breadcrumbs":"default","ocean_breadcrumbs_color":"","ocean_breadcrumbs_separator_color":"","ocean_breadcrumbs_links_color":"","ocean_breadcrumbs_links_hover_color":"","ocean_display_footer_widgets":"default","ocean_display_footer_bottom":"default","ocean_custom_footer_template":"0","footnotes":"","_links_to":"","_links_to_target":""},"class_list":["post-25","page","type-page","status-publish","hentry","entry"],"_links":{"self":[{"href":"https:\/\/sites.usp.br\/circular\/wp-json\/wp\/v2\/pages\/25","targetHints":{"allow":["GET"]}}],"collection":[{"href":"https:\/\/sites.usp.br\/circular\/wp-json\/wp\/v2\/pages"}],"about":[{"href":"https:\/\/sites.usp.br\/circular\/wp-json\/wp\/v2\/types\/page"}],"author":[{"embeddable":true,"href":"https:\/\/sites.usp.br\/circular\/wp-json\/wp\/v2\/users\/23464"}],"replies":[{"embeddable":true,"href":"https:\/\/sites.usp.br\/circular\/wp-json\/wp\/v2\/comments?post=25"}],"version-history":[{"count":4,"href":"https:\/\/sites.usp.br\/circular\/wp-json\/wp\/v2\/pages\/25\/revisions"}],"predecessor-version":[{"id":251,"href":"https:\/\/sites.usp.br\/circular\/wp-json\/wp\/v2\/pages\/25\/revisions\/251"}],"wp:attachment":[{"href":"https:\/\/sites.usp.br\/circular\/wp-json\/wp\/v2\/media?parent=25"}],"curies":[{"name":"wp","href":"https:\/\/api.w.org\/{rel}","templated":true}]}}