{"id":39,"date":"2023-02-24T13:28:07","date_gmt":"2023-02-24T16:28:07","guid":{"rendered":"https:\/\/sites.usp.br\/circular\/?page_id=39"},"modified":"2023-03-14T09:25:12","modified_gmt":"2023-03-14T12:25:12","slug":"comissao-organizadora","status":"publish","type":"page","link":"https:\/\/sites.usp.br\/circular\/comissao-organizadora\/","title":{"rendered":"Comiss\u00e3o organizadora"},"content":{"rendered":"<h3>Maria Alice Camargo Gonzales<\/h3>\n<p><img decoding=\"async\" class=\"alignleft wp-image-193\" src=\"https:\/\/sites.usp.br\/circular\/wp-content\/uploads\/sites\/1263\/2023\/03\/eU-300x298.png\" alt=\"\" width=\"143\" height=\"142\" srcset=\"https:\/\/sites.usp.br\/circular\/wp-content\/uploads\/sites\/1263\/2023\/03\/eU-300x298.png 300w, https:\/\/sites.usp.br\/circular\/wp-content\/uploads\/sites\/1263\/2023\/03\/eU-150x150.png 150w, https:\/\/sites.usp.br\/circular\/wp-content\/uploads\/sites\/1263\/2023\/03\/eU-600x600.png 600w, https:\/\/sites.usp.br\/circular\/wp-content\/uploads\/sites\/1263\/2023\/03\/eU-45x45.png 45w, https:\/\/sites.usp.br\/circular\/wp-content\/uploads\/sites\/1263\/2023\/03\/eU.png 637w\" sizes=\"(max-width: 143px) 100vw, 143px\" \/>Doutoranda no Programa de Design da FAU USP, \u00e9 formada pela Faculdade de Arquitetura e Urbanismo da USP, e mestre em Ci\u00eancias pelo Programa de Mestrado Profissional em Inova\u00e7\u00e3o na Constru\u00e7\u00e3o Civil &#8211; POLI USP. Trabalha no IRIS &#8211; Pesquisa Interdisciplinar para Solu\u00e7\u00f5es inovadoras, no Centro de Inova\u00e7\u00e3o InovaUSP, respons\u00e1vel pelas atividades de design para a solu\u00e7\u00e3o de problemas complexos, como din\u00e2micas de\u00a0idea\u00e7\u00e3o e prototipagem de baixa resolu\u00e7\u00e3o. \u00c9 co-autora do projeto do FAB LAB Insper.<\/p>\n<p>&nbsp;<\/p>\n<p><a href=\"https:\/\/www.linkedin.com\/in\/maria-alice-gonzales-13a7a346\/\" target=\"_blank\" rel=\"noopener\">LinkedIn Maria Alice<\/a><\/p>\n<p>&nbsp;<\/p>\n<p>&nbsp;<\/p>\n<h2>Mayara Regina Munaro<\/h2>\n<p style=\"text-align: left;\"><img decoding=\"async\" class=\"alignleft wp-image-58\" src=\"https:\/\/sites.usp.br\/circular\/wp-content\/uploads\/sites\/1263\/2023\/02\/WhatsApp-Image-2023-02-23-at-16.42.18-150x150.jpeg\" alt=\"\" width=\"137\" height=\"137\" srcset=\"https:\/\/sites.usp.br\/circular\/wp-content\/uploads\/sites\/1263\/2023\/02\/WhatsApp-Image-2023-02-23-at-16.42.18-150x150.jpeg 150w, https:\/\/sites.usp.br\/circular\/wp-content\/uploads\/sites\/1263\/2023\/02\/WhatsApp-Image-2023-02-23-at-16.42.18-600x600.jpeg 600w, https:\/\/sites.usp.br\/circular\/wp-content\/uploads\/sites\/1263\/2023\/02\/WhatsApp-Image-2023-02-23-at-16.42.18-45x45.jpeg 45w\" sizes=\"(max-width: 137px) 100vw, 137px\" \/>Engenheira civil pela PUCPR, especialista em Engenharia de Log\u00edstica e Opera\u00e7\u00f5es pela PUCPR, mestre em Engenharia e Ci\u00eancia dos Materiais pela UFPR e Doutora em Engenharia Civil pela Universidade Federal do Paran\u00e1 (UFPR), com atua\u00e7\u00e3o na linha de pesquisa de economia circular e sustentabilidade no ambiente constru\u00eddo. Atualmente, faz est\u00e1gio de P\u00f3s-Doutorado na UFPR, na linha de pesquisa de Gest\u00e3o da Constru\u00e7\u00e3o civil, e na Universidade de S\u00e3o Paulo (USP) no \u00e2mbito do Programa USP Sustentabilidade (USPSusten) da Superintend\u00eancia de Gest\u00e3o Ambiental (SGA). Tem participa\u00e7\u00e3o na rede internacional EcoEico e interesse nos temas ligados \u00e0 sustentabilidade das edifica\u00e7\u00f5es, economia circular, banco de materiais, efici\u00eancia energ\u00e9tica, desempenho de materiais e novas tecnologias construtivas.<\/p>\n<p><a href=\"https:\/\/www.linkedin.com\/in\/mayara-regina-munaro-4b8b57138\/\" target=\"_blank\" rel=\"noopener\">LinkedIn Mayara<\/a><\/p>\n<p>&nbsp;<\/p>\n<h2>S\u00e9rgio Cirelli Angulo<\/h2>\n<p><a href=\"https:\/\/sites.usp.br\/circular\/wp-content\/uploads\/sites\/1263\/2023\/02\/Sergio-ANGULO.jpg\"><img decoding=\"async\" class=\"alignleft wp-image-87\" src=\"https:\/\/sites.usp.br\/circular\/wp-content\/uploads\/sites\/1263\/2023\/02\/Sergio-ANGULO-150x150.jpg\" alt=\"\" width=\"137\" height=\"137\" srcset=\"https:\/\/sites.usp.br\/circular\/wp-content\/uploads\/sites\/1263\/2023\/02\/Sergio-ANGULO-150x150.jpg 150w, https:\/\/sites.usp.br\/circular\/wp-content\/uploads\/sites\/1263\/2023\/02\/Sergio-ANGULO-300x300.jpg 300w, https:\/\/sites.usp.br\/circular\/wp-content\/uploads\/sites\/1263\/2023\/02\/Sergio-ANGULO-45x45.jpg 45w, https:\/\/sites.usp.br\/circular\/wp-content\/uploads\/sites\/1263\/2023\/02\/Sergio-ANGULO.jpg 512w\" sizes=\"(max-width: 137px) 100vw, 137px\" \/><\/a><\/p>\n<p>Engenheiro Civil pela Universidade Estadual de Londrina, mestre em Engenharia de Constru\u00e7\u00e3o Civil e Urbana pela Escola Polit\u00e9cnica da Universidade de S\u00e3o Paulo e doutor em Engenharia de Constru\u00e7\u00e3o Civil e Urbana pela USP. P\u00f3s-doutorado em Eng. Minas pela USP, pela Bauhaus Universit\u00e4t Weimar e pela University of Illinois at Urbana-Champaign. Atua como docente da Escola Polit\u00e9cnica da Universidade de S\u00e3o Paulo em regime de dedica\u00e7\u00e3o exclusiva. Especializado em gest\u00e3o de res\u00edduos da constru\u00e7\u00e3o, tecnologia de reciclagem e desenvolvimento de materiais de constru\u00e7\u00e3o.<\/p>\n<p>&nbsp;<\/p>\n<p><a href=\"https:\/\/www.linkedin.com\/in\/sergio-angulo-12b04620\/\">LinkedIn S\u00e9rgio<\/a><\/p>\n<p>&nbsp;<\/p>\n<p>&nbsp;<\/p>\n<h2>Vanderley Moacyr Jhon<\/h2>\n<p><img loading=\"lazy\" decoding=\"async\" class=\"alignleft wp-image-88\" src=\"https:\/\/sites.usp.br\/circular\/wp-content\/uploads\/sites\/1263\/2023\/02\/Foto-Vanderley-M.-John-300x300.jpg\" alt=\"\" width=\"137\" height=\"137\" srcset=\"https:\/\/sites.usp.br\/circular\/wp-content\/uploads\/sites\/1263\/2023\/02\/Foto-Vanderley-M.-John-300x300.jpg 300w, https:\/\/sites.usp.br\/circular\/wp-content\/uploads\/sites\/1263\/2023\/02\/Foto-Vanderley-M.-John-150x150.jpg 150w, https:\/\/sites.usp.br\/circular\/wp-content\/uploads\/sites\/1263\/2023\/02\/Foto-Vanderley-M.-John-45x45.jpg 45w, https:\/\/sites.usp.br\/circular\/wp-content\/uploads\/sites\/1263\/2023\/02\/Foto-Vanderley-M.-John.jpg 304w\" sizes=\"(max-width: 137px) 100vw, 137px\" \/>Engenheiro Civil, mestre em Engenharia Civil pela Universidade Federal do Rio Grande do Sul e Doutor em Engenharia Civil pela Universidade de S\u00e3o Paulo. P\u00f3s-doutorado no Royal Institute of Technology da Su\u00e9cia. Professor Titular da Escola Polit\u00e9cnica da USP. \u00c9 coordenador do INCT Tecnologias Ecoeficientes Avan\u00e7adas em Produtos Ciment\u00edcios (CEMtec <a href=\"http:\/\/www.cemtec.org\">www.cemtec.org<\/a>), da Unidade EMBRAPII Poli USP Materiais, do IRIS Interdisciplinary Research for Innovative Solutions, parte do inovaUSP. \u00c9 membro do Conselho Executivo da Agencia USP Inova\u00e7\u00e3o desde 2012. Especializado em Materiais e Componentes de Constru\u00e7\u00e3o e Constru\u00e7\u00e3o Sustent\u00e1vel atua em temas como cimento, fibrocimento, uso de res\u00edduos como mat\u00e9rias primas, materiais e desenvolvimento sustent\u00e1vel, materiais avan\u00e7ados, argamassas de revestimento e colantes, durabilidade, comp\u00f3sitos aplicados \u00e0 constru\u00e7\u00e3o civil e m\u00e9todos simplificados de avalia\u00e7\u00e3o do ciclo de vida.<\/p>\n<p><a href=\"https:\/\/www.linkedin.com\/in\/vanderley-m-john-5525283\/\" target=\"_blank\" rel=\"noopener\">LinkedIn Vanderley<\/a><\/p>\n","protected":false},"excerpt":{"rendered":"<p>Maria Alice Camargo Gonzales Doutoranda no Programa de Design da FAU USP, \u00e9 formada pela Faculdade de Arquitetura e Urbanismo da USP, e mestre em Ci\u00eancias pelo Programa de Mestrado Profissional em Inova\u00e7\u00e3o na Constru\u00e7\u00e3o Civil &#8211; POLI USP. Trabalha no IRIS &#8211; Pesquisa Interdisciplinar para Solu\u00e7\u00f5es inovadoras, no Centro de Inova\u00e7\u00e3o InovaUSP, respons\u00e1vel pelas [&hellip;]<\/p>\n","protected":false},"author":23464,"featured_media":0,"parent":0,"menu_order":0,"comment_status":"closed","ping_status":"closed","template":"","meta":{"ocean_post_layout":"","ocean_both_sidebars_style":"","ocean_both_sidebars_content_width":0,"ocean_both_sidebars_sidebars_width":0,"ocean_sidebar":"0","ocean_second_sidebar":"0","ocean_disable_margins":"enable","ocean_add_body_class":"","ocean_shortcode_before_top_bar":"","ocean_shortcode_after_top_bar":"","ocean_shortcode_before_header":"","ocean_shortcode_after_header":"","ocean_has_shortcode":"","ocean_shortcode_after_title":"","ocean_shortcode_before_footer_widgets":"","ocean_shortcode_after_footer_widgets":"","ocean_shortcode_before_footer_bottom":"","ocean_shortcode_after_footer_bottom":"","ocean_display_top_bar":"default","ocean_display_header":"default","ocean_header_style":"","ocean_center_header_left_menu":"0","ocean_custom_header_template":"0","ocean_custom_logo":0,"ocean_custom_retina_logo":0,"ocean_custom_logo_max_width":0,"ocean_custom_logo_tablet_max_width":0,"ocean_custom_logo_mobile_max_width":0,"ocean_custom_logo_max_height":0,"ocean_custom_logo_tablet_max_height":0,"ocean_custom_logo_mobile_max_height":0,"ocean_header_custom_menu":"0","ocean_menu_typo_font_family":"0","ocean_menu_typo_font_subset":"","ocean_menu_typo_font_size":0,"ocean_menu_typo_font_size_tablet":0,"ocean_menu_typo_font_size_mobile":0,"ocean_menu_typo_font_size_unit":"px","ocean_menu_typo_font_weight":"","ocean_menu_typo_font_weight_tablet":"","ocean_menu_typo_font_weight_mobile":"","ocean_menu_typo_transform":"","ocean_menu_typo_transform_tablet":"","ocean_menu_typo_transform_mobile":"","ocean_menu_typo_line_height":0,"ocean_menu_typo_line_height_tablet":0,"ocean_menu_typo_line_height_mobile":0,"ocean_menu_typo_line_height_unit":"","ocean_menu_typo_spacing":0,"ocean_menu_typo_spacing_tablet":0,"ocean_menu_typo_spacing_mobile":0,"ocean_menu_typo_spacing_unit":"","ocean_menu_link_color":"","ocean_menu_link_color_hover":"","ocean_menu_link_color_active":"","ocean_menu_link_background":"","ocean_menu_link_hover_background":"","ocean_menu_link_active_background":"","ocean_menu_social_links_bg":"","ocean_menu_social_hover_links_bg":"","ocean_menu_social_links_color":"","ocean_menu_social_hover_links_color":"","ocean_disable_title":"default","ocean_disable_heading":"default","ocean_post_title":"","ocean_post_subheading":"","ocean_post_title_style":"","ocean_post_title_background_color":"","ocean_post_title_background":0,"ocean_post_title_bg_image_position":"","ocean_post_title_bg_image_attachment":"","ocean_post_title_bg_image_repeat":"","ocean_post_title_bg_image_size":"","ocean_post_title_height":0,"ocean_post_title_bg_overlay":0.5,"ocean_post_title_bg_overlay_color":"","ocean_disable_breadcrumbs":"default","ocean_breadcrumbs_color":"","ocean_breadcrumbs_separator_color":"","ocean_breadcrumbs_links_color":"","ocean_breadcrumbs_links_hover_color":"","ocean_display_footer_widgets":"default","ocean_display_footer_bottom":"default","ocean_custom_footer_template":"0","footnotes":"","_links_to":"","_links_to_target":""},"class_list":["post-39","page","type-page","status-publish","hentry","entry"],"_links":{"self":[{"href":"https:\/\/sites.usp.br\/circular\/wp-json\/wp\/v2\/pages\/39","targetHints":{"allow":["GET"]}}],"collection":[{"href":"https:\/\/sites.usp.br\/circular\/wp-json\/wp\/v2\/pages"}],"about":[{"href":"https:\/\/sites.usp.br\/circular\/wp-json\/wp\/v2\/types\/page"}],"author":[{"embeddable":true,"href":"https:\/\/sites.usp.br\/circular\/wp-json\/wp\/v2\/users\/23464"}],"replies":[{"embeddable":true,"href":"https:\/\/sites.usp.br\/circular\/wp-json\/wp\/v2\/comments?post=39"}],"version-history":[{"count":4,"href":"https:\/\/sites.usp.br\/circular\/wp-json\/wp\/v2\/pages\/39\/revisions"}],"predecessor-version":[{"id":278,"href":"https:\/\/sites.usp.br\/circular\/wp-json\/wp\/v2\/pages\/39\/revisions\/278"}],"wp:attachment":[{"href":"https:\/\/sites.usp.br\/circular\/wp-json\/wp\/v2\/media?parent=39"}],"curies":[{"name":"wp","href":"https:\/\/api.w.org\/{rel}","templated":true}]}}