{"id":43,"date":"2023-02-24T13:29:36","date_gmt":"2023-02-24T16:29:36","guid":{"rendered":"https:\/\/sites.usp.br\/circular\/?page_id=43"},"modified":"2023-03-01T11:21:04","modified_gmt":"2023-03-01T14:21:04","slug":"local","status":"publish","type":"page","link":"https:\/\/sites.usp.br\/circular\/local\/","title":{"rendered":"Local"},"content":{"rendered":"<h3 style=\"text-align: center;\">A Universidade de S\u00e3o Paulo (USP)<\/h3>\n<p><img fetchpriority=\"high\" decoding=\"async\" class=\"aligncenter wp-image-137 size-full\" src=\"https:\/\/sites.usp.br\/circular\/wp-content\/uploads\/sites\/1263\/2023\/03\/campus_capital-960x322-1.jpg\" alt=\"\" width=\"960\" height=\"322\" srcset=\"https:\/\/sites.usp.br\/circular\/wp-content\/uploads\/sites\/1263\/2023\/03\/campus_capital-960x322-1.jpg 960w, https:\/\/sites.usp.br\/circular\/wp-content\/uploads\/sites\/1263\/2023\/03\/campus_capital-960x322-1-300x101.jpg 300w, https:\/\/sites.usp.br\/circular\/wp-content\/uploads\/sites\/1263\/2023\/03\/campus_capital-960x322-1-768x258.jpg 768w\" sizes=\"(max-width: 960px) 100vw, 960px\" \/><\/p>\n<p>Criada em 1934, USP \u00e9 uma\u00a0<strong>universidade p\u00fablica<\/strong>, mantida pelo Estado de S\u00e3o Paulo e ligada \u00e0 Secretaria de Desenvolvimento Econ\u00f4mico. \u00c9 a maior e mais importante universidade p\u00fablica do Brasil. A USP possui 11 <em>campi<\/em> em sete munic\u00edpios localizados no Estado de S\u00e3o Paulo, o que corresponde a uma \u00e1rea territorial de 76.437.742 m\u00b2\u00a0e uma \u00e1rea edificada de 2.006.244 m\u00b2.<\/p>\n<p>O talento e dedica\u00e7\u00e3o dos mais de 5.000 docentes, alunos e funcion\u00e1rios t\u00eam sido reconhecidos por diferentes\u00a0<strong>rankings mundiais<\/strong>, criados para medir a qualidade das universidades a partir de diversos crit\u00e9rios, principalmente os relacionados \u00e0 produtividade cient\u00edfica.<\/p>\n<p>Esse desempenho, gerado ao longo de mais de oito d\u00e9cadas de uma intensa\u00a0<strong>busca pela excel\u00eancia<\/strong>, permite \u00e0 USP integrar um seleto grupo de institui\u00e7\u00f5es de padr\u00e3o mundial. Sua gradua\u00e7\u00e3o \u00e9 formada por 183 cursos, dedicados a todas as \u00e1reas do conhecimento, distribu\u00eddos em 42 unidades de ensino e pesquisa, com mais de 58 mil alunos. A p\u00f3s-gradua\u00e7\u00e3o \u00e9 composta por 239 programas, com cerca de 30 mil matriculados. Atualmente, a USP \u00e9 respons\u00e1vel por\u00a0<strong>mais de 20% da produ\u00e7\u00e3o cient\u00edfica brasileira<\/strong>.<\/p>\n<p>A <strong>c<\/strong><strong>idade Universit\u00e1ria \u201cArmando de Salles Oliveira\u201d<\/strong>\u200b, campus da capital do Estado, possui \u00e1rea constru\u00edda de 889.034,37 m\u00b2\u200b em um terreno de 3.648.944,40 m\u00b2\u200b. No campus da capital est\u00e3o presentes as seguintes escolas e institui\u00e7\u00f5es:<\/p>\n<ul>\n<li><a href=\"http:\/\/each.uspnet.usp.br\/\">Escola de Artes, Ci\u00eancias e Humanidades (EACH)<\/a><\/li>\n<li><a href=\"http:\/\/www.eca.usp.br\/\">Escola de Comunica\u00e7\u00f5es e Artes (ECA)<\/a><\/li>\n<li><a href=\"http:\/\/www.eefe.usp.br\/\">Escola de Educa\u00e7\u00e3o F\u00edsica e Esporte (EEFE)<\/a><\/li>\n<li><a href=\"http:\/\/www.ee.usp.br\/\">Escola de Enfermagem (EE)<\/a><\/li>\n<li><a href=\"http:\/\/www.poli.usp.br\/\">Escola Polit\u00e9cnica (Poli)<\/a><\/li>\n<li><a href=\"http:\/\/www.fau.usp.br\/\">Faculdade de Arquitetura e Urbanismo (FAU)<\/a><\/li>\n<li><a href=\"http:\/\/www.fcf.usp.br\/\">Faculdade de Ci\u00eancias Farmac\u00eauticas (FCF)<\/a><\/li>\n<li><a href=\"http:\/\/www.direito.usp.br\/\">Faculdade de Direito (FD)<\/a><\/li>\n<li><a href=\"http:\/\/www.fea.usp.br\/\">Faculdade de Economia, Administra\u00e7\u00e3o, Contabilidade e Atu\u00e1ria (FEA)<\/a><\/li>\n<li><a href=\"http:\/\/www.fe.usp.br\/\">Faculdade de Educa\u00e7\u00e3o (FE)<\/a><\/li>\n<li><a href=\"http:\/\/www.fflch.usp.br\/\">Faculdade de Filosofia, Letras e Ci\u00eancias Humanas (FFLCH)<\/a><\/li>\n<li><a href=\"http:\/\/www.fm.usp.br\/\">Faculdade de Medicina (FM)<\/a><\/li>\n<li><a href=\"http:\/\/www.fmvz.usp.br\/\">Faculdade de Medicina Veterin\u00e1ria e Zootecnia (FMVZ)<\/a><\/li>\n<li><a href=\"http:\/\/www.fo.usp.br\/\">Faculdade de Odontologia (FO)<\/a><\/li>\n<li><a href=\"http:\/\/www.fsp.usp.br\/\">Faculdade de Sa\u00fade P\u00fablica (FSP)<\/a><\/li>\n<li><a href=\"http:\/\/www.iag.usp.br\/\">Instituto de Astronomia, Geof\u00edsica e Ci\u00eancias Atmosf\u00e9ricas (IAG)<\/a><\/li>\n<li><a href=\"http:\/\/www.ib.usp.br\/\">Instituto de Bioci\u00eancias (IB)<\/a><\/li>\n<li><a href=\"http:\/\/www.icb.usp.br\/\">Instituto de Ci\u00eancias Biom\u00e9dicas (ICB)<\/a><\/li>\n<li><a href=\"http:\/\/www.iee.usp.br\/\">Instituto de Energia e Ambiente (IEE)<\/a><\/li>\n<li><a href=\"http:\/\/www.iea.usp.br\/\">Instituto de Estudos Avan\u00e7ados (IEA)<\/a><\/li>\n<li><a href=\"http:\/\/www.ieb.usp.br\/\">Instituto de Estudos Brasileiros (IEB)<\/a><\/li>\n<li><a href=\"http:\/\/www.if.usp.br\/\">Instituto de F\u00edsica (IF)<\/a><\/li>\n<li><a href=\"http:\/\/www.igc.usp.br\/\">Instituto de Geoci\u00eancias (IGc)<\/a><\/li>\n<li><a href=\"http:\/\/www.ime.usp.br\/\">Instituto de Matem\u00e1tica e Estat\u00edstica (IME)<\/a><\/li>\n<li><a href=\"http:\/\/www.imt.usp.br\/\">Instituto de Medicina Tropical de S\u00e3o Paulo (IMT)<\/a><\/li>\n<li><a href=\"http:\/\/www.ip.usp.br\/\">Instituto de Psicologia (IP)<\/a><\/li>\n<li><a href=\"http:\/\/www.iq.usp.br\/\">Instituto de Qu\u00edmica (IQ)<\/a><\/li>\n<li><a href=\"http:\/\/www.iri.usp.br\/\">Instituto de Rela\u00e7\u00f5es Internacionais (IRI)<\/a><\/li>\n<li><a href=\"http:\/\/www.io.usp.br\/\">Instituto Oceanogr\u00e1fico (IO)<\/a><\/li>\n<\/ul>\n<p>Para mais informa\u00e7\u00f5es acesse:\u00a0<a href=\"https:\/\/www5.usp.br\/\">https:\/\/www5.usp.br\/<\/a><\/p>\n","protected":false},"excerpt":{"rendered":"<p>A Universidade de S\u00e3o Paulo (USP) Criada em 1934, USP \u00e9 uma\u00a0universidade p\u00fablica, mantida pelo Estado de S\u00e3o Paulo e ligada \u00e0 Secretaria de Desenvolvimento Econ\u00f4mico. \u00c9 a maior e mais importante universidade p\u00fablica do Brasil. A USP possui 11 campi em sete munic\u00edpios localizados no Estado de S\u00e3o Paulo, o que corresponde a uma [&hellip;]<\/p>\n","protected":false},"author":23464,"featured_media":0,"parent":0,"menu_order":0,"comment_status":"closed","ping_status":"closed","template":"","meta":{"ocean_post_layout":"","ocean_both_sidebars_style":"","ocean_both_sidebars_content_width":0,"ocean_both_sidebars_sidebars_width":0,"ocean_sidebar":"0","ocean_second_sidebar":"0","ocean_disable_margins":"enable","ocean_add_body_class":"","ocean_shortcode_before_top_bar":"","ocean_shortcode_after_top_bar":"","ocean_shortcode_before_header":"","ocean_shortcode_after_header":"","ocean_has_shortcode":"","ocean_shortcode_after_title":"","ocean_shortcode_before_footer_widgets":"","ocean_shortcode_after_footer_widgets":"","ocean_shortcode_before_footer_bottom":"","ocean_shortcode_after_footer_bottom":"","ocean_display_top_bar":"default","ocean_display_header":"default","ocean_header_style":"","ocean_center_header_left_menu":"0","ocean_custom_header_template":"0","ocean_custom_logo":0,"ocean_custom_retina_logo":0,"ocean_custom_logo_max_width":0,"ocean_custom_logo_tablet_max_width":0,"ocean_custom_logo_mobile_max_width":0,"ocean_custom_logo_max_height":0,"ocean_custom_logo_tablet_max_height":0,"ocean_custom_logo_mobile_max_height":0,"ocean_header_custom_menu":"0","ocean_menu_typo_font_family":"0","ocean_menu_typo_font_subset":"","ocean_menu_typo_font_size":0,"ocean_menu_typo_font_size_tablet":0,"ocean_menu_typo_font_size_mobile":0,"ocean_menu_typo_font_size_unit":"px","ocean_menu_typo_font_weight":"","ocean_menu_typo_font_weight_tablet":"","ocean_menu_typo_font_weight_mobile":"","ocean_menu_typo_transform":"","ocean_menu_typo_transform_tablet":"","ocean_menu_typo_transform_mobile":"","ocean_menu_typo_line_height":0,"ocean_menu_typo_line_height_tablet":0,"ocean_menu_typo_line_height_mobile":0,"ocean_menu_typo_line_height_unit":"","ocean_menu_typo_spacing":0,"ocean_menu_typo_spacing_tablet":0,"ocean_menu_typo_spacing_mobile":0,"ocean_menu_typo_spacing_unit":"","ocean_menu_link_color":"","ocean_menu_link_color_hover":"","ocean_menu_link_color_active":"","ocean_menu_link_background":"","ocean_menu_link_hover_background":"","ocean_menu_link_active_background":"","ocean_menu_social_links_bg":"","ocean_menu_social_hover_links_bg":"","ocean_menu_social_links_color":"","ocean_menu_social_hover_links_color":"","ocean_disable_title":"default","ocean_disable_heading":"default","ocean_post_title":"","ocean_post_subheading":"","ocean_post_title_style":"","ocean_post_title_background_color":"","ocean_post_title_background":0,"ocean_post_title_bg_image_position":"","ocean_post_title_bg_image_attachment":"","ocean_post_title_bg_image_repeat":"","ocean_post_title_bg_image_size":"","ocean_post_title_height":0,"ocean_post_title_bg_overlay":0.5,"ocean_post_title_bg_overlay_color":"","ocean_disable_breadcrumbs":"default","ocean_breadcrumbs_color":"","ocean_breadcrumbs_separator_color":"","ocean_breadcrumbs_links_color":"","ocean_breadcrumbs_links_hover_color":"","ocean_display_footer_widgets":"default","ocean_display_footer_bottom":"default","ocean_custom_footer_template":"0","footnotes":"","_links_to":"","_links_to_target":""},"class_list":["post-43","page","type-page","status-publish","hentry","entry"],"_links":{"self":[{"href":"https:\/\/sites.usp.br\/circular\/wp-json\/wp\/v2\/pages\/43","targetHints":{"allow":["GET"]}}],"collection":[{"href":"https:\/\/sites.usp.br\/circular\/wp-json\/wp\/v2\/pages"}],"about":[{"href":"https:\/\/sites.usp.br\/circular\/wp-json\/wp\/v2\/types\/page"}],"author":[{"embeddable":true,"href":"https:\/\/sites.usp.br\/circular\/wp-json\/wp\/v2\/users\/23464"}],"replies":[{"embeddable":true,"href":"https:\/\/sites.usp.br\/circular\/wp-json\/wp\/v2\/comments?post=43"}],"version-history":[{"count":4,"href":"https:\/\/sites.usp.br\/circular\/wp-json\/wp\/v2\/pages\/43\/revisions"}],"predecessor-version":[{"id":142,"href":"https:\/\/sites.usp.br\/circular\/wp-json\/wp\/v2\/pages\/43\/revisions\/142"}],"wp:attachment":[{"href":"https:\/\/sites.usp.br\/circular\/wp-json\/wp\/v2\/media?parent=43"}],"curies":[{"name":"wp","href":"https:\/\/api.w.org\/{rel}","templated":true}]}}