{"id":70,"date":"2023-02-24T15:06:09","date_gmt":"2023-02-24T18:06:09","guid":{"rendered":"https:\/\/sites.usp.br\/circular\/?page_id=70"},"modified":"2023-03-06T09:34:22","modified_gmt":"2023-03-06T12:34:22","slug":"sessoes-tematicas","status":"publish","type":"page","link":"https:\/\/sites.usp.br\/circular\/sessoes-tematicas\/","title":{"rendered":"Sess\u00f5es tem\u00e1ticas"},"content":{"rendered":"<p>A jornada da USP busca refletir sobre temas que auxiliem na redu\u00e7\u00e3o dos gases de efeito estufa relacionados a cadeia produtiva\/construtiva da constru\u00e7\u00e3o civil. Para isso, foram considerados diferentes modelos de neg\u00f3cios circulares e pol\u00edticas p\u00fablicas relacionados \u00e0 circularidade do setor.<\/p>\n<p>As sess\u00f5es foram organizadas de modo a abranger as diferentes etapas do ciclo de vida da edifica\u00e7\u00e3o, diferentes m\u00e9todos construtivos e tipos de materiais e, principalmente, diferentes modelos de neg\u00f3cios visando o uso eficiente de recursos e o reaproveitamento de res\u00edduos s\u00f3lidos relacionados \u00e0 ind\u00fastria construtiva. Por fim, uma sess\u00e3o foi criada para refletirmos sobre esses dois dias de jornada e sobre o potencial informacional gerado, bem como, sobre os futuros encaminhamentos da jornada.<\/p>\n<p>Assim, a jornada ter\u00e1 sete sess\u00f5es tem\u00e1ticas organizadas em:<\/p>\n<h3 style=\"text-align: left;\"><strong>Estrat\u00e9gias empresariais para a circularidade e baixo carbono<\/strong><\/h3>\n<p style=\"text-align: left;\"><span style=\"color: #808080;\">A\u00e7\u00f5es e inova\u00e7\u00f5es de grandes ind\u00fastrias na ado\u00e7\u00e3o de princ\u00edpios circulares em seus produtos e modelos de neg\u00f3cios<\/span><\/p>\n<h3 style=\"text-align: left;\"><strong>Constru\u00e7\u00e3o como servi\u00e7o<\/strong><\/h3>\n<p style=\"text-align: left;\"><span style=\"color: #808080;\">A agrega\u00e7\u00e3o de valor aos produtos de constru\u00e7\u00e3o para oferecer solu\u00e7\u00f5es de servi\u00e7os relacionados a eles.<\/span><\/p>\n<h3 style=\"text-align: left;\"><strong>Inova\u00e7\u00e3o no uso de Res\u00edduos de Constru\u00e7\u00e3o e Demoli\u00e7\u00e3o (RCD)<\/strong><\/h3>\n<p style=\"text-align: left;\"><span style=\"color: #808080;\">Cria\u00e7\u00e3o de valor circular por meio de res\u00edduos de constru\u00e7\u00e3o e demoli\u00e7\u00e3o<\/span><\/p>\n<h3 style=\"text-align: left;\"><strong>Pol\u00edticas e ferramentas p\u00fablicas para a circularidade<\/strong><\/h3>\n<p style=\"text-align: left;\"><span style=\"color: #808080;\">O papel do governo como acelerador na transi\u00e7\u00e3o circular do setor construtivo<\/span><\/p>\n<h3 style=\"text-align: left;\"><strong>Madeira e a circularidade da constru\u00e7\u00e3o<\/strong><\/h3>\n<p style=\"text-align: left;\"><span style=\"color: #808080;\">Solu\u00e7\u00f5es construtivas em madeira e seus aspectos relacionados com a economia circular<\/span><\/p>\n<h3 style=\"text-align: left;\"><strong>A recupera\u00e7\u00e3o de recursos e as poss\u00edveis simbioses industriais na cadeia construtiva<\/strong><\/h3>\n<p style=\"text-align: left;\"><span style=\"color: #808080;\">A recupera\u00e7\u00e3o do estoque urbano e de res\u00edduos s\u00f3lidos na fabrica\u00e7\u00e3o de novos produtos<\/span><\/p>\n<h3 style=\"text-align: left;\"><strong>Reflex\u00f5es finais da jornada<\/strong><\/h3>\n<p style=\"text-align: left;\"><span style=\"color: #808080;\">Considera\u00e7\u00f5es finais sobre o evento, boas pr\u00e1ticas e futuros encaminhamentos para o setor<\/span><\/p>\n","protected":false},"excerpt":{"rendered":"<p>A jornada da USP busca refletir sobre temas que auxiliem na redu\u00e7\u00e3o dos gases de efeito estufa relacionados a cadeia produtiva\/construtiva da constru\u00e7\u00e3o civil. Para isso, foram considerados diferentes modelos de neg\u00f3cios circulares e pol\u00edticas p\u00fablicas relacionados \u00e0 circularidade do setor. As sess\u00f5es foram organizadas de modo a abranger as diferentes etapas do ciclo de [&hellip;]<\/p>\n","protected":false},"author":23464,"featured_media":0,"parent":0,"menu_order":0,"comment_status":"closed","ping_status":"closed","template":"","meta":{"ocean_post_layout":"","ocean_both_sidebars_style":"","ocean_both_sidebars_content_width":0,"ocean_both_sidebars_sidebars_width":0,"ocean_sidebar":"0","ocean_second_sidebar":"0","ocean_disable_margins":"enable","ocean_add_body_class":"","ocean_shortcode_before_top_bar":"","ocean_shortcode_after_top_bar":"","ocean_shortcode_before_header":"","ocean_shortcode_after_header":"","ocean_has_shortcode":"","ocean_shortcode_after_title":"","ocean_shortcode_before_footer_widgets":"","ocean_shortcode_after_footer_widgets":"","ocean_shortcode_before_footer_bottom":"","ocean_shortcode_after_footer_bottom":"","ocean_display_top_bar":"default","ocean_display_header":"default","ocean_header_style":"","ocean_center_header_left_menu":"0","ocean_custom_header_template":"0","ocean_custom_logo":0,"ocean_custom_retina_logo":0,"ocean_custom_logo_max_width":0,"ocean_custom_logo_tablet_max_width":0,"ocean_custom_logo_mobile_max_width":0,"ocean_custom_logo_max_height":0,"ocean_custom_logo_tablet_max_height":0,"ocean_custom_logo_mobile_max_height":0,"ocean_header_custom_menu":"0","ocean_menu_typo_font_family":"0","ocean_menu_typo_font_subset":"","ocean_menu_typo_font_size":0,"ocean_menu_typo_font_size_tablet":0,"ocean_menu_typo_font_size_mobile":0,"ocean_menu_typo_font_size_unit":"px","ocean_menu_typo_font_weight":"","ocean_menu_typo_font_weight_tablet":"","ocean_menu_typo_font_weight_mobile":"","ocean_menu_typo_transform":"","ocean_menu_typo_transform_tablet":"","ocean_menu_typo_transform_mobile":"","ocean_menu_typo_line_height":0,"ocean_menu_typo_line_height_tablet":0,"ocean_menu_typo_line_height_mobile":0,"ocean_menu_typo_line_height_unit":"","ocean_menu_typo_spacing":0,"ocean_menu_typo_spacing_tablet":0,"ocean_menu_typo_spacing_mobile":0,"ocean_menu_typo_spacing_unit":"","ocean_menu_link_color":"","ocean_menu_link_color_hover":"","ocean_menu_link_color_active":"","ocean_menu_link_background":"","ocean_menu_link_hover_background":"","ocean_menu_link_active_background":"","ocean_menu_social_links_bg":"","ocean_menu_social_hover_links_bg":"","ocean_menu_social_links_color":"","ocean_menu_social_hover_links_color":"","ocean_disable_title":"default","ocean_disable_heading":"default","ocean_post_title":"","ocean_post_subheading":"","ocean_post_title_style":"","ocean_post_title_background_color":"","ocean_post_title_background":0,"ocean_post_title_bg_image_position":"","ocean_post_title_bg_image_attachment":"","ocean_post_title_bg_image_repeat":"","ocean_post_title_bg_image_size":"","ocean_post_title_height":0,"ocean_post_title_bg_overlay":0.5,"ocean_post_title_bg_overlay_color":"","ocean_disable_breadcrumbs":"default","ocean_breadcrumbs_color":"","ocean_breadcrumbs_separator_color":"","ocean_breadcrumbs_links_color":"","ocean_breadcrumbs_links_hover_color":"","ocean_display_footer_widgets":"default","ocean_display_footer_bottom":"default","ocean_custom_footer_template":"0","footnotes":"","_links_to":"","_links_to_target":""},"class_list":["post-70","page","type-page","status-publish","hentry","entry"],"_links":{"self":[{"href":"https:\/\/sites.usp.br\/circular\/wp-json\/wp\/v2\/pages\/70","targetHints":{"allow":["GET"]}}],"collection":[{"href":"https:\/\/sites.usp.br\/circular\/wp-json\/wp\/v2\/pages"}],"about":[{"href":"https:\/\/sites.usp.br\/circular\/wp-json\/wp\/v2\/types\/page"}],"author":[{"embeddable":true,"href":"https:\/\/sites.usp.br\/circular\/wp-json\/wp\/v2\/users\/23464"}],"replies":[{"embeddable":true,"href":"https:\/\/sites.usp.br\/circular\/wp-json\/wp\/v2\/comments?post=70"}],"version-history":[{"count":4,"href":"https:\/\/sites.usp.br\/circular\/wp-json\/wp\/v2\/pages\/70\/revisions"}],"predecessor-version":[{"id":209,"href":"https:\/\/sites.usp.br\/circular\/wp-json\/wp\/v2\/pages\/70\/revisions\/209"}],"wp:attachment":[{"href":"https:\/\/sites.usp.br\/circular\/wp-json\/wp\/v2\/media?parent=70"}],"curies":[{"name":"wp","href":"https:\/\/api.w.org\/{rel}","templated":true}]}}