{"id":2767,"date":"2022-03-22T12:26:03","date_gmt":"2022-03-22T15:26:03","guid":{"rendered":"https:\/\/sites.usp.br\/cirexperimentalrp\/?page_id=2767"},"modified":"2025-03-12T22:10:49","modified_gmt":"2025-03-13T01:10:49","slug":"home","status":"publish","type":"page","link":"https:\/\/sites.usp.br\/cirexperimentalrp\/","title":{"rendered":"Home"},"content":{"rendered":"\t\t<div data-elementor-type=\"wp-page\" data-elementor-id=\"2767\" class=\"elementor elementor-2767\" data-elementor-post-type=\"page\">\n\t\t\t\t\t\t<section class=\"elementor-section elementor-top-section elementor-element elementor-element-0635cd9 elementor-section-boxed elementor-section-height-default elementor-section-height-default\" data-id=\"0635cd9\" data-element_type=\"section\">\n\t\t\t\t\t\t<div class=\"elementor-container elementor-column-gap-default\">\n\t\t\t\t\t<div class=\"elementor-column elementor-col-100 elementor-top-column elementor-element elementor-element-b7f3875\" data-id=\"b7f3875\" data-element_type=\"column\">\n\t\t\t<div class=\"elementor-widget-wrap elementor-element-populated\">\n\t\t\t\t\t\t<div class=\"elementor-element elementor-element-b30ca73 elementor-widget elementor-widget-heading\" data-id=\"b30ca73\" data-element_type=\"widget\" data-widget_type=\"heading.default\">\n\t\t\t\t<div class=\"elementor-widget-container\">\n\t\t\t<h2 class=\"elementor-heading-title elementor-size-default\">LABORAT\u00d3RIO DE CIRURGIA EXPERIMENTAL<br><br><\/h2>\t\t<\/div>\n\t\t\t\t<\/div>\n\t\t\t\t<div class=\"elementor-element elementor-element-35bda13 elementor-widget-divider--view-line elementor-widget elementor-widget-divider\" data-id=\"35bda13\" data-element_type=\"widget\" data-widget_type=\"divider.default\">\n\t\t\t\t<div class=\"elementor-widget-container\">\n\t\t\t\t\t<div class=\"elementor-divider\">\n\t\t\t<span class=\"elementor-divider-separator\">\n\t\t\t\t\t\t<\/span>\n\t\t<\/div>\n\t\t\t\t<\/div>\n\t\t\t\t<\/div>\n\t\t\t\t<div class=\"elementor-element elementor-element-8932566 elementor-widget elementor-widget-image\" data-id=\"8932566\" data-element_type=\"widget\" data-widget_type=\"image.default\">\n\t\t\t\t<div class=\"elementor-widget-container\">\n\t\t\t\t\t\t\t\t\t\t\t\t\t<img fetchpriority=\"high\" decoding=\"async\" width=\"211\" height=\"300\" src=\"https:\/\/sites.usp.br\/cirexperimentalrp\/wp-content\/uploads\/sites\/1057\/2025\/03\/Imagem1-211x300.png\" class=\"attachment-medium size-medium wp-image-2900\" alt=\"\" srcset=\"https:\/\/sites.usp.br\/cirexperimentalrp\/wp-content\/uploads\/sites\/1057\/2025\/03\/Imagem1-211x300.png 211w, https:\/\/sites.usp.br\/cirexperimentalrp\/wp-content\/uploads\/sites\/1057\/2025\/03\/Imagem1-400x568.png 400w, https:\/\/sites.usp.br\/cirexperimentalrp\/wp-content\/uploads\/sites\/1057\/2025\/03\/Imagem1.png 412w\" sizes=\"(max-width: 211px) 100vw, 211px\" \/>\t\t\t\t\t\t\t\t\t\t\t\t\t<\/div>\n\t\t\t\t<\/div>\n\t\t\t\t\t<\/div>\n\t\t<\/div>\n\t\t\t\t\t<\/div>\n\t\t<\/section>\n\t\t\t\t<section class=\"elementor-section elementor-top-section elementor-element elementor-element-741bf2a elementor-section-content-middle elementor-section-boxed elementor-section-height-default elementor-section-height-default\" data-id=\"741bf2a\" data-element_type=\"section\">\n\t\t\t\t\t\t<div class=\"elementor-container elementor-column-gap-default\">\n\t\t\t\t\t<div class=\"elementor-column elementor-col-100 elementor-top-column elementor-element elementor-element-fb8b396\" data-id=\"fb8b396\" data-element_type=\"column\">\n\t\t\t<div class=\"elementor-widget-wrap elementor-element-populated\">\n\t\t\t\t\t\t<div class=\"elementor-element elementor-element-5d24836 elementor-drop-cap-yes elementor-drop-cap-view-default elementor-widget elementor-widget-text-editor\" data-id=\"5d24836\" data-element_type=\"widget\" data-settings=\"{&quot;drop_cap&quot;:&quot;yes&quot;}\" data-widget_type=\"text-editor.default\">\n\t\t\t\t<div class=\"elementor-widget-container\">\n\t\t\t\t\t\t\t<p>O Departamento de Cirurgia e Anatomia da Faculdade de Medicina de Ribeir\u00e3o Preto (FMRP-USP) desempenha papel essencial no ensino m\u00e9dico, integrando disciplinas dentro dos eixos estabelecidos pelas Diretrizes Curriculares Nacionais (DCNs). O aprimoramento do Laborat\u00f3rio de Cirurgia Experimental visa melhorar a qualidade do ensino na gradua\u00e7\u00e3o, p\u00f3s-gradua\u00e7\u00e3o e cursos de extens\u00e3o.<\/p><p>Desde a sua funda\u00e7\u00e3o, a miss\u00e3o do Departamento de Cirurgia e Anatomia \u00e9 promover o ensino de cl\u00ednica cir\u00fargica e anatomia no n\u00edvel de gradua\u00e7\u00e3o em Medicina, forma\u00e7\u00e3o profissional em n\u00edvel de p\u00f3s-gradua\u00e7\u00e3o senso estrito e senso lato (resid\u00eancia m\u00e9dica, especializa\u00e7\u00e3o), desenvolver pesquisa avan\u00e7ada e prestar atendimento atualizado, eficaz e humano a pacientes portadores de doen\u00e7as pass\u00edveis de tratamento cir\u00fargico e a pacientes criticamente enfermos.<\/p><p>Devido \u00e0s suas peculiaridades de um Departamento de Cirurgia e Anatomia, as atividades de extens\u00e3o s\u00e3o fundamentais para o seu desenvolvimento, pois a capacita\u00e7\u00e3o, o aprimoramento e a atualiza\u00e7\u00e3o e a aquisi\u00e7\u00e3o de novas tecnologias pelos docentes depende muito da aplica\u00e7\u00e3o dos seus conhecimentos no tratamento cir\u00fargico dos pacientes.<\/p>\t\t\t\t\t\t<\/div>\n\t\t\t\t<\/div>\n\t\t\t\t<div class=\"elementor-element elementor-element-db22833 elementor-widget elementor-widget-image\" data-id=\"db22833\" data-element_type=\"widget\" data-widget_type=\"image.default\">\n\t\t\t\t<div class=\"elementor-widget-container\">\n\t\t\t\t\t\t\t\t\t\t\t\t\t<img decoding=\"async\" src=\"https:\/\/www.fmrp.usp.br\/wp-content\/uploads\/sites\/356\/2018\/02\/60.jpg\" title=\"\" alt=\"\" loading=\"lazy\" \/>\t\t\t\t\t\t\t\t\t\t\t\t\t<\/div>\n\t\t\t\t<\/div>\n\t\t\t\t\t<\/div>\n\t\t<\/div>\n\t\t\t\t\t<\/div>\n\t\t<\/section>\n\t\t\t\t<section class=\"elementor-section elementor-top-section elementor-element elementor-element-f289e92 elementor-section-boxed elementor-section-height-default elementor-section-height-default\" data-id=\"f289e92\" data-element_type=\"section\">\n\t\t\t\t\t\t<div class=\"elementor-container elementor-column-gap-default\">\n\t\t\t\t\t<div class=\"elementor-column elementor-col-100 elementor-top-column elementor-element elementor-element-6159024\" data-id=\"6159024\" data-element_type=\"column\">\n\t\t\t<div class=\"elementor-widget-wrap\">\n\t\t\t\t\t\t\t<\/div>\n\t\t<\/div>\n\t\t\t\t\t<\/div>\n\t\t<\/section>\n\t\t\t\t<\/div>\n\t\t","protected":false},"excerpt":{"rendered":"<p>LABORAT\u00d3RIO DE CIRURGIA EXPERIMENTAL O Departamento de Cirurgia e Anatomia da Faculdade de Medicina de Ribeir\u00e3o Preto (FMRP-USP) desempenha papel essencial no ensino m\u00e9dico, integrando disciplinas dentro dos eixos estabelecidos pelas Diretrizes Curriculares Nacionais (DCNs). O aprimoramento do Laborat\u00f3rio de Cirurgia Experimental visa melhorar a qualidade do ensino na gradua\u00e7\u00e3o, p\u00f3s-gradua\u00e7\u00e3o e cursos de extens\u00e3o. [&hellip;]<\/p>\n","protected":false},"author":635,"featured_media":0,"parent":0,"menu_order":0,"comment_status":"closed","ping_status":"closed","template":"","meta":{"ocean_post_layout":"","ocean_both_sidebars_style":"","ocean_both_sidebars_content_width":0,"ocean_both_sidebars_sidebars_width":0,"ocean_sidebar":"0","ocean_second_sidebar":"0","ocean_disable_margins":"enable","ocean_add_body_class":"","ocean_shortcode_before_top_bar":"","ocean_shortcode_after_top_bar":"","ocean_shortcode_before_header":"","ocean_shortcode_after_header":"","ocean_has_shortcode":"","ocean_shortcode_after_title":"","ocean_shortcode_before_footer_widgets":"","ocean_shortcode_after_footer_widgets":"","ocean_shortcode_before_footer_bottom":"","ocean_shortcode_after_footer_bottom":"","ocean_display_top_bar":"default","ocean_display_header":"default","ocean_header_style":"","ocean_center_header_left_menu":"0","ocean_custom_header_template":"0","ocean_custom_logo":0,"ocean_custom_retina_logo":0,"ocean_custom_logo_max_width":0,"ocean_custom_logo_tablet_max_width":0,"ocean_custom_logo_mobile_max_width":0,"ocean_custom_logo_max_height":0,"ocean_custom_logo_tablet_max_height":0,"ocean_custom_logo_mobile_max_height":0,"ocean_header_custom_menu":"0","ocean_menu_typo_font_family":"0","ocean_menu_typo_font_subset":"","ocean_menu_typo_font_size":0,"ocean_menu_typo_font_size_tablet":0,"ocean_menu_typo_font_size_mobile":0,"ocean_menu_typo_font_size_unit":"px","ocean_menu_typo_font_weight":"","ocean_menu_typo_font_weight_tablet":"","ocean_menu_typo_font_weight_mobile":"","ocean_menu_typo_transform":"","ocean_menu_typo_transform_tablet":"","ocean_menu_typo_transform_mobile":"","ocean_menu_typo_line_height":0,"ocean_menu_typo_line_height_tablet":0,"ocean_menu_typo_line_height_mobile":0,"ocean_menu_typo_line_height_unit":"","ocean_menu_typo_spacing":0,"ocean_menu_typo_spacing_tablet":0,"ocean_menu_typo_spacing_mobile":0,"ocean_menu_typo_spacing_unit":"","ocean_menu_link_color":"","ocean_menu_link_color_hover":"","ocean_menu_link_color_active":"","ocean_menu_link_background":"","ocean_menu_link_hover_background":"","ocean_menu_link_active_background":"","ocean_menu_social_links_bg":"","ocean_menu_social_hover_links_bg":"","ocean_menu_social_links_color":"","ocean_menu_social_hover_links_color":"","ocean_disable_title":"on","ocean_disable_heading":"default","ocean_post_title":"","ocean_post_subheading":"","ocean_post_title_style":"","ocean_post_title_background_color":"","ocean_post_title_background":0,"ocean_post_title_bg_image_position":"","ocean_post_title_bg_image_attachment":"","ocean_post_title_bg_image_repeat":"","ocean_post_title_bg_image_size":"","ocean_post_title_height":0,"ocean_post_title_bg_overlay":0.5,"ocean_post_title_bg_overlay_color":"","ocean_disable_breadcrumbs":"default","ocean_breadcrumbs_color":"","ocean_breadcrumbs_separator_color":"","ocean_breadcrumbs_links_color":"","ocean_breadcrumbs_links_hover_color":"","ocean_display_footer_widgets":"default","ocean_display_footer_bottom":"default","ocean_custom_footer_template":"0","footnotes":"","_links_to":"","_links_to_target":""},"class_list":["post-2767","page","type-page","status-publish","hentry","entry"],"_links":{"self":[{"href":"https:\/\/sites.usp.br\/cirexperimentalrp\/wp-json\/wp\/v2\/pages\/2767","targetHints":{"allow":["GET"]}}],"collection":[{"href":"https:\/\/sites.usp.br\/cirexperimentalrp\/wp-json\/wp\/v2\/pages"}],"about":[{"href":"https:\/\/sites.usp.br\/cirexperimentalrp\/wp-json\/wp\/v2\/types\/page"}],"author":[{"embeddable":true,"href":"https:\/\/sites.usp.br\/cirexperimentalrp\/wp-json\/wp\/v2\/users\/635"}],"replies":[{"embeddable":true,"href":"https:\/\/sites.usp.br\/cirexperimentalrp\/wp-json\/wp\/v2\/comments?post=2767"}],"version-history":[{"count":4,"href":"https:\/\/sites.usp.br\/cirexperimentalrp\/wp-json\/wp\/v2\/pages\/2767\/revisions"}],"predecessor-version":[{"id":2903,"href":"https:\/\/sites.usp.br\/cirexperimentalrp\/wp-json\/wp\/v2\/pages\/2767\/revisions\/2903"}],"wp:attachment":[{"href":"https:\/\/sites.usp.br\/cirexperimentalrp\/wp-json\/wp\/v2\/media?parent=2767"}],"curies":[{"name":"wp","href":"https:\/\/api.w.org\/{rel}","templated":true}]}}