{"id":562,"date":"2017-07-06T19:53:35","date_gmt":"2017-07-06T22:53:35","guid":{"rendered":"http:\/\/sites.usp.br\/climatologia\/?page_id=562"},"modified":"2018-12-03T01:21:40","modified_gmt":"2018-12-03T04:21:40","slug":"teses","status":"publish","type":"page","link":"https:\/\/sites.usp.br\/climatologia\/publicacoes\/teses\/","title":{"rendered":"Teses"},"content":{"rendered":"<p><span style=\"color: #333399;\"><strong>Teses de doutorado em andamento:<\/strong><\/span><\/p>\n<ul>\n<li>Diego Narciso Buarque Pereira<\/li>\n<\/ul>\n<p>Variabilidade Hidroclim\u00e1tica de Precipita\u00e7\u00e3o da Regi\u00e3o Hidrogr\u00e1fica do Paran\u00e1. In\u00edcio: 2017. Tese (Doutorado em Ci\u00eancias da Engenharia Ambiental) &#8211; Universidade de S\u00e3o Paulo. Orientador: Francisco Vecchia.<\/p>\n<ul>\n<li>\u00a0Rafael Perussi<\/li>\n<\/ul>\n<p>A Influ\u00eancia da Cobertura Vegetal Urbana na Temperatura e Umidade Atmosf\u00e9rica: Um Estudo Utilizando VANTs.\u00a0In\u00edcio: 2017. Tese (Doutorado em P\u00f3s-Gradua\u00e7\u00e3o em Engenharia Ambiental) &#8211; Escola de Engenharia de S\u00e3o Carlos &#8211; USP. Orientador: Adriano Rog\u00e9rio Bruno Tech.<\/p>\n<ul>\n<li>Bruno C\u00e9sar dos Santos<\/li>\n<\/ul>\n<p>Chuvas Orogr\u00e1ficas na Depress\u00e3o Perif\u00e9rica Paulista. In\u00edcio: 2017. Tese (Doutorado em P\u00f3s-Gradua\u00e7\u00e3o em Engenharia Ambiental) &#8211; Escola de Engenharia de S\u00e3o Carlos &#8211; USP. Orientador: Adriano Rog\u00e9rio Bruno Tech.<\/p>\n<ul>\n<li>Marcelo Eduardo de Oliveira<\/li>\n<\/ul>\n<p>Desenvolvimento de um e-Science Zoot\u00e9cnico para monitoramento e gerenciamento de uma rede de sensores sem fio, com \u00eanfase no controle t\u00e9rmico de ambientes produtivos. In\u00edcio: 2016. Tese (Doutorado em P\u00f3s-Gradua\u00e7\u00e3o em Engenharia Ambiental) &#8211; Escola de Engenharia de S\u00e3o Carlos &#8211; USP.\u00a0 Orientador: Adriano Rog\u00e9rio Bruno Tech.<\/p>\n<ul>\n<li>Bruno Eduardo Teixeira<\/li>\n<\/ul>\n<p>UTILIZA\u00c7\u00c3O DE VE\u00cdCULO A\u00c9REO N\u00c3O TRIPULADO DE ASAS ROTATIVAS, EM PROJETOS DE SENSORIAMENTO REMOTO PARA MONITORAMENTO DE PLANTIOS E DE \u00c1REAS CULTIVADAS. In\u00edcio: 2016. Tese (Doutorado em P\u00f3s-Gradua\u00e7\u00e3o em Engenharia Ambiental) &#8211; Escola de Engenharia de S\u00e3o Carlos &#8211; USP. Orientador: Adriano Rog\u00e9rio Bruno Tech.<\/p>\n<ul>\n<li>Rafael Gotardi Br\u00fassolo<\/li>\n<\/ul>\n<p>O clima urbano de Catanduva (SP). In\u00edcio: 2016. Tese (Doutorado em Ci\u00eancias da Engenharia Ambiental) &#8211; Universidade de S\u00e3o Paulo. Orientador: Francisco Vecchia.<\/p>\n<ul>\n<li>Rafael Grecco Sanches<\/li>\n<\/ul>\n<p>Climatologia Din\u00e2mica e aplica\u00e7\u00f5es estat\u00edsiticas. In\u00edcio: 2015. Tese (Doutorado em Ci\u00eancias da Engenharia Ambiental) &#8211; Universidade de S\u00e3o Paulo. Orientador: Francisco Vecchia.<\/p>\n<ul>\n<li>Maur\u00edcio Sanches Duarte Silva<\/li>\n<\/ul>\n<p>Proposta metodol\u00f3gica de avalia\u00e7\u00e3o de impacto do clima turismo, estudo de caso da regi\u00e3o central do Estado de S\u00e3o Paulo, per\u00edodo de 2012 a 2016. In\u00edcio: 2015. Tese (Doutorado em Ci\u00eancias da Engenharia Ambiental) &#8211; Universidade de S\u00e3o Paulo. Orientador: Francisco Vecchia.<\/p>\n<p>&nbsp;<\/p>\n<p><span style=\"color: #333399;\"><strong>Teses de doutorado conclu\u00eddas:<\/strong><\/span><\/p>\n<ul>\n<li>Gustavo Zen de Figueiredo Neves<\/li>\n<\/ul>\n<p>Climatologia Din\u00e2mica do Estado de Goi\u00e1s e Distrito Federal: aplicabilidade nos estudos ritmicos.\u00a0 Tese (Doutorado em Ci\u00eancias da Engenharia Ambiental) &#8211; Universidade de S\u00e3o Paulo &#8211; EESC-USP. 2018. Orientador: Francisco Vecchia.\u00a0<a href=\"http:\/\/www.teses.usp.br\/teses\/disponiveis\/18\/18139\/tde-22052018-174146\/pt-br.php\" target=\"_blank\" rel=\"noopener noreferrer\">http:\/\/www.teses.usp.br\/teses\/disponiveis\/18\/18139\/tde-22052018-174146\/pt-br.php<\/a><\/p>\n<ul>\n<li>Nuria Perez Gallardo<\/li>\n<\/ul>\n<p>Fachadas verdes: respuesta t\u00e9rmica de las edificaciones en funci\u00f3n de la radiaci\u00f3n solar. 2017. Tese (Doutorado em PPG Ci\u00eancias da Engenharia Ambiental) &#8211; Escola de Engenharia de S\u00e3o Carlos &#8211; EESC USP. 2017. Orientador: Francisco Vecchia.\u00a0<a href=\"http:\/\/www.teses.usp.br\/teses\/disponiveis\/18\/18139\/tde-08082017-165024\/pt-br.php\" target=\"_blank\" rel=\"noopener noreferrer\">http:\/\/www.teses.usp.br\/teses\/disponiveis\/18\/18139\/tde-08082017-165024\/pt-br.php<\/a><\/p>\n<ul>\n<li>Elis Dener Lima Alves<\/li>\n<\/ul>\n<p>An\u00e1lise das influ\u00eancias geourbanas no clima urbano da cidade de Ipor\u00e1 (GO): estudo de caso em cidade de pequeno porte. 2016. Tese (Doutorado em PPG Ci\u00eancias da Engenharia Ambiental) &#8211; Escola de Engenharia de S\u00e3o Carlos &#8211; EESC USP. 2016. Orientador: Francisco Vecchia. <a href=\"http:\/\/www.teses.usp.br\/teses\/disponiveis\/18\/18139\/tde-26082016-085246\/pt-br.php\" target=\"_blank\" rel=\"noopener noreferrer\">http:\/\/www.teses.usp.br\/teses\/disponiveis\/18\/18139\/tde-26082016-085246\/pt-br.php<\/a><\/p>\n<ul>\n<li>Grace Tib\u00e9rio Cardoso de Seixas<\/li>\n<\/ul>\n<p>Climatologia aplicada \u00e0 Arquitetura: investiga\u00e7\u00e3o experimental sobre a distribui\u00e7\u00e3o de temperaturas internas em duas c\u00e9lulas de teste.. 2015. Tese (Doutorado em PPG Ci\u00eancias da Engenharia Ambiental) &#8211; Escola de Engenharia de S\u00e3o Carlos &#8211; EESC USP. Orientador: Francisco Vecchia. <a href=\"http:\/\/www.teses.usp.br\/teses\/disponiveis\/18\/18139\/tde-04052015-101205\/en.php\" target=\"_blank\" rel=\"noopener noreferrer\">http:\/\/www.teses.usp.br\/teses\/disponiveis\/18\/18139\/tde-04052015-101205\/en.php<\/a><\/p>\n<ul>\n<li>Jaime Andr\u00e9s Quiroa Herrera<\/li>\n<\/ul>\n<p>Quantifica\u00e7\u00e3o e correla\u00e7\u00e3o das vari\u00e1veis do ciclo de vida energ\u00e9tico da edifica\u00e7\u00e3o: energia incorporada na envolvente arquitet\u00f4nica e consumo energ\u00e9tico pelo comportamento t\u00e9rmico. 2013. Tese (Doutorado em PPG Ci\u00eancias da Engenharia Ambiental) &#8211; Escola de Engenharia de S\u00e3o Carlos &#8211; EESC USP. Orientador: Francisco Vecchia. <a href=\"http:\/\/www.teses.usp.br\/teses\/disponiveis\/18\/18139\/tde-02052013-082403\/pt-br.php\" target=\"_blank\" rel=\"noopener noreferrer\">http:\/\/www.teses.usp.br\/teses\/disponiveis\/18\/18139\/tde-02052013-082403\/pt-br.php<\/a><\/p>\n<ul>\n<li>Antonio Luiz Ferrari<\/li>\n<\/ul>\n<p>Variabilidade e tend\u00eancia da temperatura e pluviosidade nos munic\u00edpios de Pirassununga, Rio claro, S\u00e3o Carlos e S\u00e3o Sim\u00e3o (SP): estudo sobre a mudan\u00e7a clim\u00e1tica de curto prazo em escala local. 2012. Tese (Doutorado em PPG Ci\u00eancias da Engenharia Ambiental) &#8211; Escola de Engenharia de S\u00e3o Carlos &#8211; EESC USP, . Orientador: Francisco Vecchia. <a href=\"http:\/\/www.teses.usp.br\/teses\/disponiveis\/18\/18139\/tde-23112012-133929\/en.php\" target=\"_blank\" rel=\"noopener noreferrer\">http:\/\/www.teses.usp.br\/teses\/disponiveis\/18\/18139\/tde-23112012-133929\/en.php<\/a><\/p>\n<ul>\n<li>Ludimila Fabiana da Silva<\/li>\n<\/ul>\n<p>Estudo do campo t\u00e9rmico da cidade de S\u00e3o Carlos (SP) em um epis\u00f3dio clim\u00e1tico de inverno. 2011. Tese (Doutorado em PPG Ci\u00eancias da Engenharia Ambiental) &#8211; Escola de Engenharia de S\u00e3o Carlos &#8211; EESC USP. Orientador: Francisco Vecchia. <a href=\"http:\/\/www.teses.usp.br\/teses\/disponiveis\/18\/18139\/tde-16082011-095156\/pt-br.php\" target=\"_blank\" rel=\"noopener noreferrer\">http:\/\/www.teses.usp.br\/teses\/disponiveis\/18\/18139\/tde-16082011-095156\/pt-br.php<\/a><\/p>\n<ul>\n<li>Ros\u00e2ngela de Oliveira Colabone<\/li>\n<\/ul>\n<p>Nevoeiro e din\u00e2mica atmosf\u00e9rica &#8211; uma contribui\u00e7\u00e3o ao estudo sobre ocorr\u00eancias de nevoeiro no aer\u00f3dromo da Academia da For\u00e7a A\u00e9rea &#8211; Pirassununga\/SP. 2011. Tese (Doutorado em PPG Ci\u00eancias da Engenharia Ambiental) &#8211; Escola de Engenharia de S\u00e3o Carlos &#8211; EESC USP. Orientador: Francisco Vecchia. <a href=\"http:\/\/www.teses.usp.br\/teses\/disponiveis\/18\/18139\/tde-19122011-143601\/pt-br.php\" target=\"_blank\" rel=\"noopener noreferrer\">http:\/\/www.teses.usp.br\/teses\/disponiveis\/18\/18139\/tde-19122011-143601\/pt-br.php<\/a><\/p>\n<ul>\n<li>Ricardo Victor Rodrigues Barbosa.<\/li>\n<\/ul>\n<p>Estudo do campo t\u00e9rmico urbano de S\u00e3o Carlos (SP): an\u00e1lise da intensidade da ilha de calor. 2009. Tese (Doutorado em PPG Ci\u00eancias da Engenharia Ambiental) &#8211; Escola de Engenharia de S\u00e3o Carlos &#8211; EESC USP. Orientador: Francisco Vecchia. <a href=\"http:\/\/www.teses.usp.br\/teses\/disponiveis\/18\/18139\/tde-14102010-095126\/pt-br.php\" target=\"_blank\" rel=\"noopener noreferrer\">http:\/\/www.teses.usp.br\/teses\/disponiveis\/18\/18139\/tde-14102010-095126\/pt-br.php<\/a><\/p>\n<ul>\n<li>Rosana Soares Bertocco Parisi<\/li>\n<\/ul>\n<p>Xucuru-Kariri: a reconstitui\u00e7\u00e3o da trajet\u00f3ria de um grupo ind\u00edgena remanejado e suas habita\u00e7\u00f5es em nova terra. 2008. Tese (Doutorado em PPG Ci\u00eancias da Engenharia Ambiental) &#8211; Escola de Engenharia de S\u00e3o Carlos &#8211; EESC USP. Orientador: Francisco Vecchia. <a href=\"http:\/\/www.teses.usp.br\/teses\/disponiveis\/18\/18139\/tde-08022011-095729\/pt-br.php\" target=\"_blank\" rel=\"noopener noreferrer\">http:\/\/www.teses.usp.br\/teses\/disponiveis\/18\/18139\/tde-08022011-095729\/pt-br.php<\/a><\/p>\n<ul>\n<li>Gabriel Casta\u00f1eda Nolasco<\/li>\n<\/ul>\n<p>Adapta\u00e7\u00e3o tecnol\u00f3gica para teto de habita\u00e7\u00e3o social: estudo de caso em Tuxla Guti\u00e9rrez, Chiapas, M\u00e9xico. 2008. Tese (Doutorado em PPG Ci\u00eancias da Engenharia Ambiental) &#8211; Escola de Engenharia de S\u00e3o Carlos &#8211; EESC USP. Orientador: Francisco Vecchia. <a href=\"http:\/\/www.teses.usp.br\/teses\/disponiveis\/18\/18139\/tde-18112008-161311\/es.php\" target=\"_blank\" rel=\"noopener noreferrer\">http:\/\/www.teses.usp.br\/teses\/disponiveis\/18\/18139\/tde-18112008-161311\/es.php<\/a><\/p>\n<ul>\n<li>Adeildo Cabral da Silva<\/li>\n<\/ul>\n<p>Avalia\u00e7\u00e3o do comportamento t\u00e9rmico de habita\u00e7\u00f5es P10X10 em San Antonio de los Ba\u00f1os (Cuba). 2005. 197 f. Tese (Doutorado em Ci\u00eancias da Engenharia Ambiental) &#8211; Escola de Engenharia de S\u00e3o Carlos. Orientador: Francisco Vecchia. <a href=\"http:\/\/www.teses.usp.br\/teses\/disponiveis\/18\/18139\/tde-03052016-152053\/pt-br.php\" target=\"_blank\" rel=\"noopener noreferrer\">http:\/\/www.teses.usp.br\/teses\/disponiveis\/18\/18139\/tde-03052016-152053\/pt-br.php<\/a><\/p>\n<p>&nbsp;<\/p>\n","protected":false},"excerpt":{"rendered":"<p>Teses de doutorado em andamento: Diego Narciso Buarque Pereira Variabilidade Hidroclim\u00e1tica de Precipita\u00e7\u00e3o da Regi\u00e3o Hidrogr\u00e1fica do Paran\u00e1. In\u00edcio: 2017.&#46;&#46;&#46;<\/p>\n","protected":false},"author":460,"featured_media":0,"parent":250,"menu_order":1,"comment_status":"closed","ping_status":"closed","template":"","meta":{"footnotes":"","_links_to":"","_links_to_target":""},"class_list":["post-562","page","type-page","status-publish","hentry"],"_links":{"self":[{"href":"https:\/\/sites.usp.br\/climatologia\/wp-json\/wp\/v2\/pages\/562","targetHints":{"allow":["GET"]}}],"collection":[{"href":"https:\/\/sites.usp.br\/climatologia\/wp-json\/wp\/v2\/pages"}],"about":[{"href":"https:\/\/sites.usp.br\/climatologia\/wp-json\/wp\/v2\/types\/page"}],"author":[{"embeddable":true,"href":"https:\/\/sites.usp.br\/climatologia\/wp-json\/wp\/v2\/users\/460"}],"replies":[{"embeddable":true,"href":"https:\/\/sites.usp.br\/climatologia\/wp-json\/wp\/v2\/comments?post=562"}],"version-history":[{"count":4,"href":"https:\/\/sites.usp.br\/climatologia\/wp-json\/wp\/v2\/pages\/562\/revisions"}],"predecessor-version":[{"id":857,"href":"https:\/\/sites.usp.br\/climatologia\/wp-json\/wp\/v2\/pages\/562\/revisions\/857"}],"up":[{"embeddable":true,"href":"https:\/\/sites.usp.br\/climatologia\/wp-json\/wp\/v2\/pages\/250"}],"wp:attachment":[{"href":"https:\/\/sites.usp.br\/climatologia\/wp-json\/wp\/v2\/media?parent=562"}],"curies":[{"name":"wp","href":"https:\/\/api.w.org\/{rel}","templated":true}]}}