{"id":563,"date":"2017-07-06T19:45:22","date_gmt":"2017-07-06T22:45:22","guid":{"rendered":"http:\/\/sites.usp.br\/climatologia\/?page_id=563"},"modified":"2018-12-03T02:38:33","modified_gmt":"2018-12-03T05:38:33","slug":"artigos-publicados","status":"publish","type":"page","link":"https:\/\/sites.usp.br\/climatologia\/publicacoes\/artigos-publicados\/","title":{"rendered":"Artigos Publicados"},"content":{"rendered":"<p><strong>Artigos publicados pelos atuais e antigos pesquisadores do n\u00facleo:<\/strong><\/p>\n<p><a href=\"\/\/sites.usp.br\/climatologia\/wp-content\/uploads\/sites\/267\/2017\/07\/Climatologia-din\u00e2mica-e-variab-clim\u00e1tica.pdf\" target=\"_blank\" rel=\"noopener noreferrer\">Climatologia Din\u00e2mica e Variabilidad<\/a><a href=\"\/\/sites.usp.br\/climatologia\/wp-content\/uploads\/sites\/267\/2017\/07\/Climatologia-din\u00e2mica-e-variab-clim\u00e1tica.pdf\" target=\"_blank\" rel=\"noopener noreferrer\">e Clim\u00e1tica<\/a><\/p>\n<p><a href=\"\/\/sites.usp.br\/climatologia\/wp-content\/uploads\/sites\/267\/2017\/07\/Conforto-e-Desempenho.pdf\" target=\"_blank\" rel=\"noopener noreferrer\">Conforto e Desempenho T\u00e9rmicos<\/a><\/p>\n<p><a href=\"\/\/sites.usp.br\/climatologia\/wp-content\/uploads\/sites\/267\/2017\/07\/Clima-Urbano.pdf\" target=\"_blank\" rel=\"noopener noreferrer\">Clima Urbano<\/a><\/p>\n<p><a href=\"\/\/sites.usp.br\/climatologia\/wp-content\/uploads\/sites\/267\/2017\/07\/Tecnologia-da-Informa\u00e7\u00e3o.pdf\" target=\"_blank\" rel=\"noopener noreferrer\">Tecnologia da Informa\u00e7\u00e3o<\/a><a id=\"hh\"><\/a><\/p>\n<p>&nbsp;<\/p>\n","protected":false},"excerpt":{"rendered":"<p>Artigos publicados pelos atuais e antigos pesquisadores do n\u00facleo: Climatologia Din\u00e2mica e Variabilidade Clim\u00e1tica Conforto e Desempenho T\u00e9rmicos Clima Urbano&#46;&#46;&#46;<\/p>\n","protected":false},"author":460,"featured_media":0,"parent":250,"menu_order":3,"comment_status":"closed","ping_status":"closed","template":"","meta":{"footnotes":"","_links_to":"","_links_to_target":""},"class_list":["post-563","page","type-page","status-publish","hentry"],"_links":{"self":[{"href":"https:\/\/sites.usp.br\/climatologia\/wp-json\/wp\/v2\/pages\/563","targetHints":{"allow":["GET"]}}],"collection":[{"href":"https:\/\/sites.usp.br\/climatologia\/wp-json\/wp\/v2\/pages"}],"about":[{"href":"https:\/\/sites.usp.br\/climatologia\/wp-json\/wp\/v2\/types\/page"}],"author":[{"embeddable":true,"href":"https:\/\/sites.usp.br\/climatologia\/wp-json\/wp\/v2\/users\/460"}],"replies":[{"embeddable":true,"href":"https:\/\/sites.usp.br\/climatologia\/wp-json\/wp\/v2\/comments?post=563"}],"version-history":[{"count":4,"href":"https:\/\/sites.usp.br\/climatologia\/wp-json\/wp\/v2\/pages\/563\/revisions"}],"predecessor-version":[{"id":571,"href":"https:\/\/sites.usp.br\/climatologia\/wp-json\/wp\/v2\/pages\/563\/revisions\/571"}],"up":[{"embeddable":true,"href":"https:\/\/sites.usp.br\/climatologia\/wp-json\/wp\/v2\/pages\/250"}],"wp:attachment":[{"href":"https:\/\/sites.usp.br\/climatologia\/wp-json\/wp\/v2\/media?parent=563"}],"curies":[{"name":"wp","href":"https:\/\/api.w.org\/{rel}","templated":true}]}}