{"id":900,"date":"2020-07-11T04:09:21","date_gmt":"2020-07-11T07:09:21","guid":{"rendered":"http:\/\/sites.usp.br\/climatologia\/?page_id=900"},"modified":"2020-07-22T02:47:30","modified_gmt":"2020-07-22T05:47:30","slug":"livro-climatologia-dinamica","status":"publish","type":"page","link":"https:\/\/sites.usp.br\/climatologia\/publicacoes\/livro-climatologia-dinamica\/","title":{"rendered":"Livro &#8220;Climatologia Din\u00e2mica: conceitos, t\u00e9cnicas e aplica\u00e7\u00f5es&#8221;"},"content":{"rendered":"<p><a href=\"https:\/\/sites.usp.br\/climatologia\/wp-content\/uploads\/sites\/267\/2020\/07\/Capa.jpg\"><img loading=\"lazy\" decoding=\"async\" class=\"wp-image-908 alignleft\" src=\"https:\/\/sites.usp.br\/climatologia\/wp-content\/uploads\/sites\/267\/2020\/07\/Capa.jpg\" alt=\"\" width=\"295\" height=\"416\" srcset=\"https:\/\/sites.usp.br\/climatologia\/wp-content\/uploads\/sites\/267\/2020\/07\/Capa.jpg 494w, https:\/\/sites.usp.br\/climatologia\/wp-content\/uploads\/sites\/267\/2020\/07\/Capa-213x300.jpg 213w, https:\/\/sites.usp.br\/climatologia\/wp-content\/uploads\/sites\/267\/2020\/07\/Capa-400x564.jpg 400w\" sizes=\"auto, (max-width: 295px) 100vw, 295px\" \/><\/a><\/p>\n<p style=\"text-align: justify;\"><span style=\"font-weight: 400;\">Este livro, concebido na forma de colet\u00e2nea, abrange um processo amplo de reflex\u00e3o sobre o estudo da climatologia nas \u00faltimas d\u00e9cadas no Brasil e tem o objetivo de sistematizar conhecimentos e informa\u00e7\u00f5es ao p\u00fablico acad\u00eamico de gradua\u00e7\u00e3o na \u00e1rea da Climatologia Din\u00e2mica. <\/span><\/p>\n<p style=\"text-align: justify;\"><span style=\"font-weight: 400;\">Seu conte\u00fado foi desenvolvido por meio das disserta\u00e7\u00f5es e teses defendidas, ou em fase de conclus\u00e3o, no N\u00facleo de Climatologia Aplicada ao Meio Ambiente, vinculado ao Programa de P\u00f3s-Gradua\u00e7\u00e3o em Ci\u00eancias da Engenharia Ambiental da Universidade de S\u00e3o Paulo \u2013 Escola de Engenharia de S\u00e3o Carlos (EESC-USP), desenvolvidas no Centro de Recursos H\u00eddricos e Estudos Ambientais (CRHEA-USP). <\/span><\/p>\n<p style=\"text-align: justify;\"><span style=\"font-weight: 400;\">Encontra-se, tamb\u00e9m, desdobramentos acumulados em mais de duas d\u00e9cadas dos ensaios, materiais did\u00e1ticos e notas de aula do ensino de gradua\u00e7\u00e3o do bacharelado em Engenharia Ambiental, na disciplina \u201cClimatologia Aplicada \u00e0 Engenharia Ambiental\u201d, do Departamento de Hidr\u00e1ulica e Saneamento, da EESC-USP. <\/span><\/p>\n<p style=\"text-align: justify;\"><span style=\"font-weight: 400;\">Participaram ativamente da elabora\u00e7\u00e3o deste livro os pesquisadores e professores do Laborat\u00f3rio de Tecnologia e Sistemas de Informa\u00e7\u00e3o, da Faculdade de Zootecnia e Engenharia de Alimentos da Universidade de S\u00e3o Paulo \u2013 Campus Pirassununga (FZEA-USP); Departamento de Ci\u00eancias Ambientais da Universidade Federal de S\u00e3o Carlos (DCAM-UFSCar) e pesquisadores da Divis\u00e3o de Ensino da Academia da For\u00e7a A\u00e9rea (AFA). Estendemos os agradecimentos a todos e todas que participaram direta e indiretamente para a constru\u00e7\u00e3o coletiva desta colet\u00e2nea.<\/span><\/p>\n<p style=\"text-align: center;\"><strong>Download do livro:<\/strong><\/p>\n<p style=\"text-align: center;\"><strong><a href=\"https:\/\/sites.usp.br\/climatologia\/wp-content\/uploads\/sites\/267\/2020\/07\/CLIMATOLOGIA-DIN\u00c2MICA_Conceitos-T\u00e9cnicas-e-Aplica\u00e7\u00f5es.pdf\" target=\"_blank\" rel=\"noopener noreferrer\">Climatologia Din\u00e2mica_conceitos t\u00e9cnicas e aplica\u00e7\u00f5es<\/a><\/strong><\/p>\n<p style=\"text-align: center;\">(Para vers\u00e3o impressa, envie mensagem no formul\u00e1rio de contato)<\/p>\n<p>&nbsp;<\/p>\n<p>Como citar:<\/p>\n<ul>\n<li class=\"uk-margin-top\" style=\"text-align: justify;\"><strong>ABNT<\/strong>\n<p class=\"csl-entry\">VECCHIA, Francisco Arthur da Silva; TECH, Adriano Rog\u00e9rio Bruno; NEVES, Gustavo Zen de Figueiredo. Climatologia din\u00e2mica: conceitos, t\u00e9cnicas e aplica\u00e7\u00f5es. [S.l: s.n.], 2020. DOI: 10.11606\/9786599048814.<\/p>\n<\/li>\n<li class=\"uk-margin-top\" style=\"text-align: justify;\"><strong>APA<\/strong>\n<div class=\"csl-entry\">Vecchia, F. A. da S., Tech, A. R. B., &amp; Neves, G. Z. de F. (2020). Climatologia din\u00e2mica: conceitos, t\u00e9cnicas e aplica\u00e7\u00f5es. S\u00e3o Carlos, SP: RiMa. doi:10.11606\/9786599048814<\/div>\n<\/li>\n<li class=\"uk-margin-top\" style=\"text-align: justify;\"><strong>NLM<\/strong>\n<p class=\"csl-entry\">Vecchia FA da S, Tech ARB, Neves GZ de F. Climatologia din\u00e2mica: conceitos, t\u00e9cnicas e aplica\u00e7\u00f5es. 2020.<\/p>\n<\/li>\n<li class=\"uk-margin-top\"><strong>Vancouver<\/strong>\n<div class=\"csl-bib-body\">\n<p class=\"csl-entry\" style=\"text-align: justify;\">Vecchia FA da S, Tech ARB, Neves GZ de F. Climatologia din\u00e2mica: conceitos, t\u00e9cnicas e aplica\u00e7\u00f5es. 2020.<\/p>\n<\/div>\n<\/li>\n<\/ul>\n","protected":false},"excerpt":{"rendered":"<p>Este livro, concebido na forma de colet\u00e2nea, abrange um processo amplo de reflex\u00e3o sobre o estudo da climatologia nas \u00faltimas&#46;&#46;&#46;<\/p>\n","protected":false},"author":460,"featured_media":0,"parent":250,"menu_order":0,"comment_status":"closed","ping_status":"closed","template":"","meta":{"footnotes":"","_links_to":"","_links_to_target":""},"class_list":["post-900","page","type-page","status-publish","hentry"],"_links":{"self":[{"href":"https:\/\/sites.usp.br\/climatologia\/wp-json\/wp\/v2\/pages\/900","targetHints":{"allow":["GET"]}}],"collection":[{"href":"https:\/\/sites.usp.br\/climatologia\/wp-json\/wp\/v2\/pages"}],"about":[{"href":"https:\/\/sites.usp.br\/climatologia\/wp-json\/wp\/v2\/types\/page"}],"author":[{"embeddable":true,"href":"https:\/\/sites.usp.br\/climatologia\/wp-json\/wp\/v2\/users\/460"}],"replies":[{"embeddable":true,"href":"https:\/\/sites.usp.br\/climatologia\/wp-json\/wp\/v2\/comments?post=900"}],"version-history":[{"count":4,"href":"https:\/\/sites.usp.br\/climatologia\/wp-json\/wp\/v2\/pages\/900\/revisions"}],"predecessor-version":[{"id":920,"href":"https:\/\/sites.usp.br\/climatologia\/wp-json\/wp\/v2\/pages\/900\/revisions\/920"}],"up":[{"embeddable":true,"href":"https:\/\/sites.usp.br\/climatologia\/wp-json\/wp\/v2\/pages\/250"}],"wp:attachment":[{"href":"https:\/\/sites.usp.br\/climatologia\/wp-json\/wp\/v2\/media?parent=900"}],"curies":[{"name":"wp","href":"https:\/\/api.w.org\/{rel}","templated":true}]}}