{"id":321,"date":"2019-07-18T15:13:33","date_gmt":"2019-07-18T17:13:33","guid":{"rendered":"http:\/\/sites.usp.br\/cms\/?page_id=321"},"modified":"2019-09-30T12:11:13","modified_gmt":"2019-09-30T14:11:13","slug":"experimentacao-e-producao","status":"publish","type":"page","link":"https:\/\/sites.usp.br\/cms\/experimentacao-e-producao\/","title":{"rendered":"Experimenta\u00e7\u00e3o e Produ\u00e7\u00e3o"},"content":{"rendered":"<p><a href=\"http:\/\/sites.usp.br\/cms\/curadorias-de-artistas\/\">Curadorias de artistas<\/a><br \/>\n<a href=\"http:\/\/sites.usp.br\/cms\/arte-e-ciencia-pesquisadores-e-suas-producoes\/\">Arte e ci\u00eancia: pesquisadores e suas produ\u00e7\u00f5es<\/a><br \/>\n<a href=\"http:\/\/sites.usp.br\/cms\/publicacoes\/\">Publica\u00e7\u00f5es<\/a><\/p>\n","protected":false},"excerpt":{"rendered":"<p>Curadorias de artistas Arte e ci\u00eancia: pesquisadores e suas produ\u00e7\u00f5es Publica\u00e7\u00f5es<\/p>\n","protected":false},"author":901,"featured_media":0,"parent":0,"menu_order":0,"comment_status":"closed","ping_status":"closed","template":"","meta":{"footnotes":"","_links_to":"","_links_to_target":""},"class_list":["post-321","page","type-page","status-publish","hentry"],"_links":{"self":[{"href":"https:\/\/sites.usp.br\/cms\/wp-json\/wp\/v2\/pages\/321","targetHints":{"allow":["GET"]}}],"collection":[{"href":"https:\/\/sites.usp.br\/cms\/wp-json\/wp\/v2\/pages"}],"about":[{"href":"https:\/\/sites.usp.br\/cms\/wp-json\/wp\/v2\/types\/page"}],"author":[{"embeddable":true,"href":"https:\/\/sites.usp.br\/cms\/wp-json\/wp\/v2\/users\/901"}],"replies":[{"embeddable":true,"href":"https:\/\/sites.usp.br\/cms\/wp-json\/wp\/v2\/comments?post=321"}],"version-history":[{"count":2,"href":"https:\/\/sites.usp.br\/cms\/wp-json\/wp\/v2\/pages\/321\/revisions"}],"predecessor-version":[{"id":413,"href":"https:\/\/sites.usp.br\/cms\/wp-json\/wp\/v2\/pages\/321\/revisions\/413"}],"wp:attachment":[{"href":"https:\/\/sites.usp.br\/cms\/wp-json\/wp\/v2\/media?parent=321"}],"curies":[{"name":"wp","href":"https:\/\/api.w.org\/{rel}","templated":true}]}}