{"id":336,"date":"2019-07-18T15:21:52","date_gmt":"2019-07-18T17:21:52","guid":{"rendered":"http:\/\/sites.usp.br\/cms\/?page_id=336"},"modified":"2019-09-30T12:07:18","modified_gmt":"2019-09-30T14:07:18","slug":"projeto-brincando-com-arte","status":"publish","type":"page","link":"https:\/\/sites.usp.br\/cms\/projeto-brincando-com-arte\/","title":{"rendered":"Projeto Brincando com Arte"},"content":{"rendered":"<div id=\"pl-336\"  class=\"panel-layout\" ><div id=\"pg-336-0\"  class=\"panel-grid panel-no-style\" ><div id=\"pgc-336-0-0\"  class=\"panel-grid-cell\" ><div id=\"panel-336-0-0-0\" class=\"so-panel widget widget_sow-editor panel-first-child\" data-index=\"0\" ><div\n\t\t\t\n\t\t\tclass=\"so-widget-sow-editor so-widget-sow-editor-base\"\n\t\t\t\n\t\t>\n<div class=\"siteorigin-widget-tinymce textwidget\">\n\t<p>P\u00e1gina em constru\u00e7\u00e3o.<\/p>\n<\/div>\n<\/div><\/div><div id=\"panel-336-0-0-1\" class=\"so-panel widget widget_media_image panel-last-child\" data-index=\"1\" ><img loading=\"lazy\" decoding=\"async\" width=\"960\" height=\"720\" src=\"https:\/\/sites.usp.br\/cms\/wp-content\/uploads\/sites\/539\/2019\/09\/Centro-Mario-Schenberg-revisado-por-Marcos-2.ppt-11.jpg\" class=\"image wp-image-385  attachment-full size-full\" alt=\"\" style=\"max-width: 100%; height: auto;\" srcset=\"https:\/\/sites.usp.br\/cms\/wp-content\/uploads\/sites\/539\/2019\/09\/Centro-Mario-Schenberg-revisado-por-Marcos-2.ppt-11.jpg 960w, https:\/\/sites.usp.br\/cms\/wp-content\/uploads\/sites\/539\/2019\/09\/Centro-Mario-Schenberg-revisado-por-Marcos-2.ppt-11-300x225.jpg 300w, https:\/\/sites.usp.br\/cms\/wp-content\/uploads\/sites\/539\/2019\/09\/Centro-Mario-Schenberg-revisado-por-Marcos-2.ppt-11-768x576.jpg 768w, https:\/\/sites.usp.br\/cms\/wp-content\/uploads\/sites\/539\/2019\/09\/Centro-Mario-Schenberg-revisado-por-Marcos-2.ppt-11-285x214.jpg 285w, https:\/\/sites.usp.br\/cms\/wp-content\/uploads\/sites\/539\/2019\/09\/Centro-Mario-Schenberg-revisado-por-Marcos-2.ppt-11-80x60.jpg 80w\" sizes=\"auto, (max-width: 960px) 100vw, 960px\" \/><\/div><\/div><\/div><\/div>","protected":false},"excerpt":{"rendered":"<p>P\u00e1gina em constru\u00e7\u00e3o.<\/p>\n","protected":false},"author":901,"featured_media":0,"parent":0,"menu_order":0,"comment_status":"closed","ping_status":"closed","template":"","meta":{"footnotes":"","_links_to":"","_links_to_target":""},"class_list":["post-336","page","type-page","status-publish","hentry"],"_links":{"self":[{"href":"https:\/\/sites.usp.br\/cms\/wp-json\/wp\/v2\/pages\/336","targetHints":{"allow":["GET"]}}],"collection":[{"href":"https:\/\/sites.usp.br\/cms\/wp-json\/wp\/v2\/pages"}],"about":[{"href":"https:\/\/sites.usp.br\/cms\/wp-json\/wp\/v2\/types\/page"}],"author":[{"embeddable":true,"href":"https:\/\/sites.usp.br\/cms\/wp-json\/wp\/v2\/users\/901"}],"replies":[{"embeddable":true,"href":"https:\/\/sites.usp.br\/cms\/wp-json\/wp\/v2\/comments?post=336"}],"version-history":[{"count":3,"href":"https:\/\/sites.usp.br\/cms\/wp-json\/wp\/v2\/pages\/336\/revisions"}],"predecessor-version":[{"id":408,"href":"https:\/\/sites.usp.br\/cms\/wp-json\/wp\/v2\/pages\/336\/revisions\/408"}],"wp:attachment":[{"href":"https:\/\/sites.usp.br\/cms\/wp-json\/wp\/v2\/media?parent=336"}],"curies":[{"name":"wp","href":"https:\/\/api.w.org\/{rel}","templated":true}]}}