{"id":342,"date":"2019-07-18T15:22:31","date_gmt":"2019-07-18T17:22:31","guid":{"rendered":"http:\/\/sites.usp.br\/cms\/?page_id=342"},"modified":"2019-07-18T15:22:31","modified_gmt":"2019-07-18T17:22:31","slug":"textos-de-arte-educadores","status":"publish","type":"page","link":"https:\/\/sites.usp.br\/cms\/textos-de-arte-educadores\/","title":{"rendered":"Textos de arte-educadores"},"content":{"rendered":"<p>P\u00e1gina em constru\u00e7\u00e3o.<\/p>\n","protected":false},"excerpt":{"rendered":"<p>P\u00e1gina em constru\u00e7\u00e3o.<\/p>\n","protected":false},"author":901,"featured_media":0,"parent":0,"menu_order":0,"comment_status":"closed","ping_status":"closed","template":"","meta":{"footnotes":"","_links_to":"","_links_to_target":""},"class_list":["post-342","page","type-page","status-publish","hentry"],"_links":{"self":[{"href":"https:\/\/sites.usp.br\/cms\/wp-json\/wp\/v2\/pages\/342","targetHints":{"allow":["GET"]}}],"collection":[{"href":"https:\/\/sites.usp.br\/cms\/wp-json\/wp\/v2\/pages"}],"about":[{"href":"https:\/\/sites.usp.br\/cms\/wp-json\/wp\/v2\/types\/page"}],"author":[{"embeddable":true,"href":"https:\/\/sites.usp.br\/cms\/wp-json\/wp\/v2\/users\/901"}],"replies":[{"embeddable":true,"href":"https:\/\/sites.usp.br\/cms\/wp-json\/wp\/v2\/comments?post=342"}],"version-history":[{"count":1,"href":"https:\/\/sites.usp.br\/cms\/wp-json\/wp\/v2\/pages\/342\/revisions"}],"predecessor-version":[{"id":344,"href":"https:\/\/sites.usp.br\/cms\/wp-json\/wp\/v2\/pages\/342\/revisions\/344"}],"wp:attachment":[{"href":"https:\/\/sites.usp.br\/cms\/wp-json\/wp\/v2\/media?parent=342"}],"curies":[{"name":"wp","href":"https:\/\/api.w.org\/{rel}","templated":true}]}}