{"id":79,"date":"2014-02-24T16:51:20","date_gmt":"2014-02-24T18:51:20","guid":{"rendered":"http:\/\/sites.usp.br\/cms\/?page_id=79"},"modified":"2022-09-20T02:05:22","modified_gmt":"2022-09-20T04:05:22","slug":"pagina-inicial","status":"publish","type":"page","link":"https:\/\/sites.usp.br\/cms\/","title":{"rendered":"P\u00e1gina Inicial"},"content":{"rendered":"<div id=\"pl-79\"  class=\"panel-layout\" ><div id=\"pg-79-0\"  class=\"panel-grid panel-no-style\" ><div id=\"pgc-79-0-0\"  class=\"panel-grid-cell\" ><div id=\"panel-79-0-0-0\" class=\"so-panel widget widget_sow-headline panel-first-child panel-last-child\" data-index=\"0\" ><div\n\t\t\t\n\t\t\tclass=\"so-widget-sow-headline so-widget-sow-headline-default-00879ba6474c-79\"\n\t\t\t\n\t\t><div class=\"sow-headline-container \">\n\t\t\t\t\t\t\t<h1 class=\"sow-headline\">\n\t\t\t\t\t\tSchenberg: Arte e Ci\u00eancia\t\t\t\t\t\t<\/h1>\n\t\t\t\t\t\t\t\t\t\t\t<div class=\"decoration\">\n\t\t\t\t\t\t<div class=\"decoration-inside\"><\/div>\n\t\t\t\t\t<\/div>\n\t\t\t\t\t\t\t\t\t\t\t<h3 class=\"sow-sub-headline\">\n\t\t\t\t\t\tCentro Mario Schenberg de Documenta\u00e7\u00e3o da Pesquisa em Artes - ECA\/USP\t\t\t\t\t\t<\/h3>\n\t\t\t\t\t\t<\/div>\n<\/div><\/div><\/div><\/div><div id=\"pg-79-1\"  class=\"panel-grid panel-no-style\" ><div id=\"pgc-79-1-0\"  class=\"panel-grid-cell\" ><div id=\"panel-79-1-0-0\" class=\"so-panel widget widget_media_image panel-first-child\" data-index=\"1\" ><img loading=\"lazy\" decoding=\"async\" width=\"960\" height=\"720\" src=\"https:\/\/sites.usp.br\/cms\/wp-content\/uploads\/sites\/539\/2019\/09\/Centro-Mario-Schenberg-revisado-por-Marcos-2.ppt.jpg\" class=\"image wp-image-394  attachment-full size-full\" alt=\"\" style=\"max-width: 100%; height: auto;\" srcset=\"https:\/\/sites.usp.br\/cms\/wp-content\/uploads\/sites\/539\/2019\/09\/Centro-Mario-Schenberg-revisado-por-Marcos-2.ppt.jpg 960w, https:\/\/sites.usp.br\/cms\/wp-content\/uploads\/sites\/539\/2019\/09\/Centro-Mario-Schenberg-revisado-por-Marcos-2.ppt-300x225.jpg 300w, https:\/\/sites.usp.br\/cms\/wp-content\/uploads\/sites\/539\/2019\/09\/Centro-Mario-Schenberg-revisado-por-Marcos-2.ppt-768x576.jpg 768w, https:\/\/sites.usp.br\/cms\/wp-content\/uploads\/sites\/539\/2019\/09\/Centro-Mario-Schenberg-revisado-por-Marcos-2.ppt-285x214.jpg 285w, https:\/\/sites.usp.br\/cms\/wp-content\/uploads\/sites\/539\/2019\/09\/Centro-Mario-Schenberg-revisado-por-Marcos-2.ppt-80x60.jpg 80w\" sizes=\"auto, (max-width: 960px) 100vw, 960px\" \/><\/div><div id=\"panel-79-1-0-1\" class=\"so-panel widget widget_media_image panel-last-child\" data-index=\"2\" ><img loading=\"lazy\" decoding=\"async\" width=\"960\" height=\"720\" src=\"https:\/\/sites.usp.br\/cms\/wp-content\/uploads\/sites\/539\/2019\/09\/Centro-Mario-Schenberg-revisado-por-Marcos-2.ppt-1.jpg\" class=\"image wp-image-375  attachment-full size-full\" alt=\"\" style=\"max-width: 100%; height: auto;\" srcset=\"https:\/\/sites.usp.br\/cms\/wp-content\/uploads\/sites\/539\/2019\/09\/Centro-Mario-Schenberg-revisado-por-Marcos-2.ppt-1.jpg 960w, https:\/\/sites.usp.br\/cms\/wp-content\/uploads\/sites\/539\/2019\/09\/Centro-Mario-Schenberg-revisado-por-Marcos-2.ppt-1-300x225.jpg 300w, https:\/\/sites.usp.br\/cms\/wp-content\/uploads\/sites\/539\/2019\/09\/Centro-Mario-Schenberg-revisado-por-Marcos-2.ppt-1-768x576.jpg 768w, https:\/\/sites.usp.br\/cms\/wp-content\/uploads\/sites\/539\/2019\/09\/Centro-Mario-Schenberg-revisado-por-Marcos-2.ppt-1-285x214.jpg 285w, https:\/\/sites.usp.br\/cms\/wp-content\/uploads\/sites\/539\/2019\/09\/Centro-Mario-Schenberg-revisado-por-Marcos-2.ppt-1-80x60.jpg 80w\" sizes=\"auto, (max-width: 960px) 100vw, 960px\" \/><\/div><\/div><\/div><div id=\"pg-79-2\"  class=\"panel-grid panel-no-style\" ><div id=\"pgc-79-2-0\"  class=\"panel-grid-cell\" ><div id=\"panel-79-2-0-0\" class=\"so-panel widget widget_media_image panel-first-child panel-last-child\" data-index=\"3\" ><img loading=\"lazy\" decoding=\"async\" width=\"300\" height=\"212\" src=\"https:\/\/sites.usp.br\/cms\/wp-content\/uploads\/sites\/539\/2022\/09\/ConvitePresencial-300x212.jpeg\" class=\"image wp-image-501  attachment-medium size-medium\" alt=\"\" style=\"max-width: 100%; height: auto;\" srcset=\"https:\/\/sites.usp.br\/cms\/wp-content\/uploads\/sites\/539\/2022\/09\/ConvitePresencial-300x212.jpeg 300w, https:\/\/sites.usp.br\/cms\/wp-content\/uploads\/sites\/539\/2022\/09\/ConvitePresencial-1024x724.jpeg 1024w, https:\/\/sites.usp.br\/cms\/wp-content\/uploads\/sites\/539\/2022\/09\/ConvitePresencial-768x543.jpeg 768w, https:\/\/sites.usp.br\/cms\/wp-content\/uploads\/sites\/539\/2022\/09\/ConvitePresencial.jpeg 1280w\" sizes=\"auto, (max-width: 300px) 100vw, 300px\" \/><\/div><\/div><div id=\"pgc-79-2-1\"  class=\"panel-grid-cell\" ><div id=\"panel-79-2-1-0\" class=\"so-panel widget widget_text panel-first-child panel-last-child\" data-index=\"4\" ><h3 class=\"widget-title\">Janelas da Arte &#8211; Instala\u00e7\u00f5es e Depoimentos<\/h3>\t\t\t<div class=\"textwidget\"><p>De 21 a 28 de setembro no INOVA USP.<\/p>\n<p>Av. Prof. L\u00facio Martins Rodrigues, 370 &#8211; Butant\u00e3, S\u00e3o Paulo<\/p>\n<p>Confira a <a href=\"https:\/\/sites.usp.br\/cms\/wp-content\/uploads\/sites\/539\/2022\/09\/PROGRAMACAO.jpg\">programa\u00e7\u00e3o aqui<\/a>. Apresentar comprovante de vacina\u00e7\u00e3o.<br \/>\nInforma\u00e7\u00f5es e agendamento: janelasdaarte@gmail.com<\/p>\n<\/div>\n\t\t<\/div><\/div><\/div><div id=\"pg-79-3\"  class=\"panel-grid panel-no-style\" ><div id=\"pgc-79-3-0\"  class=\"panel-grid-cell\" ><div id=\"panel-79-3-0-0\" class=\"so-panel widget widget_media_image panel-first-child panel-last-child\" data-index=\"5\" ><img loading=\"lazy\" decoding=\"async\" width=\"300\" height=\"169\" src=\"https:\/\/sites.usp.br\/cms\/wp-content\/uploads\/sites\/539\/2020\/12\/image_2020-12-19_192215-300x169.png\" class=\"image wp-image-445  attachment-medium size-medium\" alt=\"Exposi\u00e7\u00e3o Janelas da Arte\" style=\"max-width: 100%; height: auto;\" srcset=\"https:\/\/sites.usp.br\/cms\/wp-content\/uploads\/sites\/539\/2020\/12\/image_2020-12-19_192215-300x169.png 300w, https:\/\/sites.usp.br\/cms\/wp-content\/uploads\/sites\/539\/2020\/12\/image_2020-12-19_192215-1024x577.png 1024w, https:\/\/sites.usp.br\/cms\/wp-content\/uploads\/sites\/539\/2020\/12\/image_2020-12-19_192215-768x433.png 768w, https:\/\/sites.usp.br\/cms\/wp-content\/uploads\/sites\/539\/2020\/12\/image_2020-12-19_192215-310x174.png 310w, https:\/\/sites.usp.br\/cms\/wp-content\/uploads\/sites\/539\/2020\/12\/image_2020-12-19_192215.png 1080w\" sizes=\"auto, (max-width: 300px) 100vw, 300px\" \/><\/div><\/div><div id=\"pgc-79-3-1\"  class=\"panel-grid-cell\" ><div id=\"panel-79-3-1-0\" class=\"so-panel widget widget_text panel-first-child panel-last-child\" data-index=\"6\" ><h3 class=\"widget-title\">Exposi\u00e7\u00e3o Janelas da Arte<\/h3>\t\t\t<div class=\"textwidget\"><p><span style=\"font-weight: 400; font-size: 20px;\">Em um primeiro momento, JANELAS DA ARTE apresenta-se on line; no momento oportuno, ser\u00e1 presencial. <\/span><br \/>\n<span style=\"font-size: 20px;\"><br \/>\nAcesse a exposi\u00e7\u00e3o: <a href=\"https:\/\/docs.google.com\/presentation\/d\/e\/2PACX-1vREy_13OwMacTgDH4_NRxsB-0PvXMPGKYKspKaMiRmoExqig9Q9PB2fLzn9e0K696h3dgEfbf2b5opx\/pub?start=true&amp;loop=false&amp;delayms=5000\">Fase 1 (2020)<\/a> e \u00a0<a href=\"https:\/\/docs.google.com\/presentation\/d\/e\/2PACX-1vT7x-d_a_RC15XNzY5odUFTMUSvdLI50LWrcls8DFSFr5iFO9-XotywujgomsHw8PTxIGypE2AVfLEp\/pub?start=false&amp;loop=false&amp;delayms=10000\">Fase 2 (2020 a 2022)<\/a><\/span><\/p>\n<\/div>\n\t\t<\/div><\/div><\/div><div id=\"pg-79-4\"  class=\"panel-grid panel-has-style\" ><div class=\"panel-row-style panel-row-style-for-79-4\" ><div id=\"pgc-79-4-0\"  class=\"panel-grid-cell\" ><div id=\"panel-79-4-0-0\" class=\"so-panel widget widget_sow-image panel-first-child\" data-index=\"7\" ><div\n\t\t\t\n\t\t\tclass=\"so-widget-sow-image so-widget-sow-image-default-8b5b6f678277-79\"\n\t\t\t\n\t\t>\n<div class=\"sow-image-container\">\n\t\t\t<a href=\"http:\/\/sites.usp.br\/padrao5\/destaque-1-4\/\"\n\t\t\t\t\t>\n\t\t\t<img \n\tsrc=\"https:\/\/sites.usp.br\/cms\/wp-content\/uploads\/sites\/539\/2019\/06\/Imagem1.jpg\" width=\"348\" height=\"267\" srcset=\"https:\/\/sites.usp.br\/cms\/wp-content\/uploads\/sites\/539\/2019\/06\/Imagem1.jpg 348w, https:\/\/sites.usp.br\/cms\/wp-content\/uploads\/sites\/539\/2019\/06\/Imagem1-300x230.jpg 300w, https:\/\/sites.usp.br\/cms\/wp-content\/uploads\/sites\/539\/2019\/06\/Imagem1-80x60.jpg 80w\" sizes=\"(max-width: 348px) 100vw, 348px\" title=\"Mario Schenberg\" alt=\"\" \t\tclass=\"so-widget-image\"\/>\n\t\t\t<\/a><\/div>\n\n<\/div><\/div><div id=\"panel-79-4-0-1\" class=\"so-panel widget widget_sow-editor panel-last-child\" data-index=\"8\" ><div\n\t\t\t\n\t\t\tclass=\"so-widget-sow-editor so-widget-sow-editor-base\"\n\t\t\t\n\t\t><h3 class=\"widget-title\">Mario Schenberg<\/h3>\n<div class=\"siteorigin-widget-tinymce textwidget\">\n\t<p><span style=\"color: #f39c12;\"><a href=\"http:\/\/sites.usp.br\/cms\/schenberg\/\">Leia mais<\/a><\/span><\/p>\n<\/div>\n<\/div><\/div><\/div><div id=\"pgc-79-4-1\"  class=\"panel-grid-cell\" ><div id=\"panel-79-4-1-0\" class=\"so-panel widget widget_sow-image panel-first-child\" data-index=\"9\" ><div\n\t\t\t\n\t\t\tclass=\"so-widget-sow-image so-widget-sow-image-default-8b5b6f678277-79\"\n\t\t\t\n\t\t>\n<div class=\"sow-image-container\">\n\t\t\t<a href=\"http:\/\/sites.usp.br\/padrao5\/destaque-2\"\n\t\t\t\t\t>\n\t\t\t<img \n\tsrc=\"https:\/\/sites.usp.br\/cms\/wp-content\/uploads\/sites\/539\/2019\/06\/Imagem3.jpg\" width=\"354\" height=\"510\" srcset=\"https:\/\/sites.usp.br\/cms\/wp-content\/uploads\/sites\/539\/2019\/06\/Imagem3.jpg 354w, https:\/\/sites.usp.br\/cms\/wp-content\/uploads\/sites\/539\/2019\/06\/Imagem3-208x300.jpg 208w\" sizes=\"(max-width: 354px) 100vw, 354px\" title=\"Experimental\" alt=\"\" \t\tclass=\"so-widget-image\"\/>\n\t\t\t<\/a><\/div>\n\n<\/div><\/div><div id=\"panel-79-4-1-1\" class=\"so-panel widget widget_sow-editor panel-last-child\" data-index=\"10\" ><div\n\t\t\t\n\t\t\tclass=\"so-widget-sow-editor so-widget-sow-editor-base\"\n\t\t\t\n\t\t><h3 class=\"widget-title\">Experimenta\u00e7\u00e3o e Produ\u00e7\u00e3o<\/h3>\n<div class=\"siteorigin-widget-tinymce textwidget\">\n\t<p><span style=\"color: #f39c12;\"><a href=\"http:\/\/sites.usp.br\/cms\/experimentacao\/\">Leia mais<\/a><\/span><\/p>\n<\/div>\n<\/div><\/div><\/div><div id=\"pgc-79-4-2\"  class=\"panel-grid-cell\" ><div id=\"panel-79-4-2-0\" class=\"so-panel widget widget_sow-image panel-first-child\" data-index=\"11\" ><div\n\t\t\t\n\t\t\tclass=\"so-widget-sow-image so-widget-sow-image-default-8b5b6f678277-79\"\n\t\t\t\n\t\t>\n<div class=\"sow-image-container\">\n\t\t\t<a href=\"http:\/\/sites.usp.br\/padrao5\/destaque-3\"\n\t\t\t\t\t>\n\t\t\t<img \n\tsrc=\"https:\/\/sites.usp.br\/cms\/wp-content\/uploads\/sites\/539\/2019\/06\/Imagem2.jpg\" width=\"1446\" height=\"964\" srcset=\"https:\/\/sites.usp.br\/cms\/wp-content\/uploads\/sites\/539\/2019\/06\/Imagem2.jpg 1446w, https:\/\/sites.usp.br\/cms\/wp-content\/uploads\/sites\/539\/2019\/06\/Imagem2-300x200.jpg 300w, https:\/\/sites.usp.br\/cms\/wp-content\/uploads\/sites\/539\/2019\/06\/Imagem2-768x512.jpg 768w, https:\/\/sites.usp.br\/cms\/wp-content\/uploads\/sites\/539\/2019\/06\/Imagem2-1024x683.jpg 1024w, https:\/\/sites.usp.br\/cms\/wp-content\/uploads\/sites\/539\/2019\/06\/Imagem2-750x500.jpg 750w, https:\/\/sites.usp.br\/cms\/wp-content\/uploads\/sites\/539\/2019\/06\/Imagem2-272x182.jpg 272w, https:\/\/sites.usp.br\/cms\/wp-content\/uploads\/sites\/539\/2019\/06\/Imagem2-400x267.jpg 400w\" sizes=\"(max-width: 1446px) 100vw, 1446px\" title=\"Educa\u00e7\u00e3o e Arte\" alt=\"\" \t\tclass=\"so-widget-image\"\/>\n\t\t\t<\/a><\/div>\n\n<\/div><\/div><div id=\"panel-79-4-2-1\" class=\"so-panel widget widget_sow-editor panel-last-child\" data-index=\"12\" ><div\n\t\t\t\n\t\t\tclass=\"so-widget-sow-editor so-widget-sow-editor-base\"\n\t\t\t\n\t\t><h3 class=\"widget-title\">Educa\u00e7\u00e3o e Arte<\/h3>\n<div class=\"siteorigin-widget-tinymce textwidget\">\n\t<p><span style=\"color: #f39c12;\"><a href=\"http:\/\/sites.usp.br\/cms\/educacao-e-arte\/\">Leia mais<\/a><\/span><\/p>\n<\/div>\n<\/div><\/div><\/div><\/div><\/div><div id=\"pg-79-5\"  class=\"panel-grid panel-no-style\" ><div id=\"pgc-79-5-0\"  class=\"panel-grid-cell\" ><div id=\"panel-79-5-0-0\" class=\"so-panel widget widget_sow-editor panel-first-child\" data-index=\"13\" ><div class=\"panel-widget-style panel-widget-style-for-79-5-0-0\" ><div\n\t\t\t\n\t\t\tclass=\"so-widget-sow-editor so-widget-sow-editor-base\"\n\t\t\t\n\t\t>\n<div class=\"siteorigin-widget-tinymce textwidget\">\n\t<h2 style=\"text-align: left\"><span style=\"color: #000000\">NOT\u00cdCIAS<\/span><\/h2>\n<\/div>\n<\/div><\/div><\/div><div id=\"panel-79-5-0-1\" class=\"so-panel widget widget_rpwe_widget rpwe_widget recent-posts-extended panel-last-child\" data-index=\"14\" ><div  class=\"rpwe-block\"><ul class=\"rpwe-ul\"><li class=\"rpwe-li rpwe-clearfix\"><h3 class=\"rpwe-title\"><a href=\"https:\/\/sites.usp.br\/cms\/noticia-1\/\" target=\"_self\">Ciclo de palestras aborda a vida de Leonardo da Vinci e renascentismo<\/a><\/h3><time class=\"rpwe-time published\" datetime=\"2019-06-05T00:08:52-02:00\">05\/06\/2019<\/time><div class=\"rpwe-summary\">Entre os dias 11, 12 e 13 de junho das 13h \u00e0s 14h, acontecer\u00e1 no Pr\u00e9dio Central da Escola de Comunica\u00e7\u00f5es e Artes (ECA) da USP um ciclo de palestras &hellip;<a href=\"https:\/\/sites.usp.br\/cms\/noticia-1\/\" class=\"more-link\">Leia mais \u00bb<\/a><\/div><\/li><\/ul><\/div><!-- Generated by http:\/\/wordpress.org\/plugins\/recent-posts-widget-extended\/ --><\/div><\/div><div id=\"pgc-79-5-1\"  class=\"panel-grid-cell\" ><div id=\"panel-79-5-1-0\" class=\"so-panel widget widget_text panel-first-child panel-last-child\" data-index=\"15\" ><h3 class=\"widget-title\">Espa\u00e7o Leonardo<\/h3>\t\t\t<div class=\"textwidget\"><p>Site<a href=\"http:\/\/espacoleonardo.wordpress.com\"> ESPA\u00c7O LEONARDO<\/a><\/p>\n<\/div>\n\t\t<\/div><\/div><\/div><\/div>","protected":false},"excerpt":{"rendered":"<p>Schenberg: Arte e Ci\u00eancia Centro Mario Schenberg de Documenta\u00e7\u00e3o da Pesquisa em Artes &#8211; ECA\/USP Janelas da Arte &#8211; Instala\u00e7\u00f5es e Depoimentos De 21 a 28 de setembro no INOVA USP. Av. Prof. L\u00facio Martins Rodrigues, 370 &#8211; Butant\u00e3, S\u00e3o Paulo Confira a programa\u00e7\u00e3o aqui. Apresentar comprovante de vacina\u00e7\u00e3o. Informa\u00e7\u00f5es e agendamento: janelasdaarte@gmail.com Exposi\u00e7\u00e3o Janelas<a href=\"https:\/\/sites.usp.br\/cms\/\">[&#8230;]<\/a><\/p>\n","protected":false},"author":1,"featured_media":0,"parent":0,"menu_order":2,"comment_status":"closed","ping_status":"closed","template":"template-fullwidth-no-title.php","meta":{"footnotes":"","_links_to":"","_links_to_target":""},"class_list":["post-79","page","type-page","status-publish","hentry"],"_links":{"self":[{"href":"https:\/\/sites.usp.br\/cms\/wp-json\/wp\/v2\/pages\/79","targetHints":{"allow":["GET"]}}],"collection":[{"href":"https:\/\/sites.usp.br\/cms\/wp-json\/wp\/v2\/pages"}],"about":[{"href":"https:\/\/sites.usp.br\/cms\/wp-json\/wp\/v2\/types\/page"}],"author":[{"embeddable":true,"href":"https:\/\/sites.usp.br\/cms\/wp-json\/wp\/v2\/users\/1"}],"replies":[{"embeddable":true,"href":"https:\/\/sites.usp.br\/cms\/wp-json\/wp\/v2\/comments?post=79"}],"version-history":[{"count":7,"href":"https:\/\/sites.usp.br\/cms\/wp-json\/wp\/v2\/pages\/79\/revisions"}],"predecessor-version":[{"id":511,"href":"https:\/\/sites.usp.br\/cms\/wp-json\/wp\/v2\/pages\/79\/revisions\/511"}],"wp:attachment":[{"href":"https:\/\/sites.usp.br\/cms\/wp-json\/wp\/v2\/media?parent=79"}],"curies":[{"name":"wp","href":"https:\/\/api.w.org\/{rel}","templated":true}]}}