{"id":1200,"date":"2021-09-15T12:53:47","date_gmt":"2021-09-15T14:53:47","guid":{"rendered":"https:\/\/sites.usp.br\/codage\/?page_id=1200"},"modified":"2022-04-26T13:01:00","modified_gmt":"2022-04-26T15:01:00","slug":"circulares-2018","status":"publish","type":"page","link":"https:\/\/sites.usp.br\/codage\/comunicados\/circular-codage\/circulares-2018\/","title":{"rendered":"Circulares 2018"},"content":{"rendered":"<p><a href=\"https:\/\/sites.usp.br\/codage\/wp-content\/uploads\/sites\/264\/2021\/09\/CODAGE-CIRC-025_2018.pdf\">CODAGE CIRC 025_2018 <\/a>&#8211; (Ref. C\u00f4mputo faltas abonadas)<\/p>\n<p><a href=\"https:\/\/sites.usp.br\/codage\/wp-content\/uploads\/sites\/264\/2021\/09\/CODAGE-CIRC-022_2018.pdf\">CODAGE CIRC 022_2018<\/a> &#8211; (Processo de controle e an\u00e1lise de horas excedentes)<\/p>\n<p><a href=\"https:\/\/sites.usp.br\/codage\/wp-content\/uploads\/sites\/264\/2021\/09\/CODAGE-CIRC-020_2018.pdf\">CODAGE CIRC 020_2018<\/a> &#8211; (Orienta\u00e7\u00e3o sobre Encerramento do Exerc\u00edcio)<\/p>\n<p><a href=\"https:\/\/sites.usp.br\/codage\/wp-content\/uploads\/sites\/264\/2021\/09\/CODAGE-CIRC-017_2018.pdf\">CODAGE CIRC 017_2018<\/a> &#8211; (Informa\u00e7\u00f5es sobre Acordo Coletivo de Trabalho- 2018-2019)<\/p>\n<p><a href=\"https:\/\/sites.usp.br\/codage\/wp-content\/uploads\/sites\/264\/2021\/09\/CODAGE-CIRC-016_2018-com-anexo_19092018_162535-1.pdf\">CODAGE CIRC 016_2018<\/a> &#8211; (Diretrizes Atualizadas Acordo Coletivo de Trabalho &#8211; 2017-2018)<\/p>\n<p><a href=\"https:\/\/sites.usp.br\/codage\/wp-content\/uploads\/sites\/264\/2021\/09\/CODAGE-CIRC-010_2018.pdf\">CODAGE CIRC 010_2018<\/a> &#8211; (Programa de Mobilidade USP)<\/p>\n<p style=\"text-align: left;\"><a href=\"https:\/\/sites.usp.br\/codage\/wp-content\/uploads\/sites\/264\/2021\/09\/CODAGE-CIRC-008_2018.pdf\">CODAGE CIRC 008_2018<\/a>-(Ref. contrata\u00e7\u00e3o solu\u00e7\u00e3o pgto. por meio eletr\u00f4nico: pontos de vendas, lojas e\/ou tesourarias da USP)<\/p>\n<p><a href=\"https:\/\/sites.usp.br\/codage\/wp-content\/uploads\/sites\/264\/2021\/09\/CODAGE-CIRC-007_2018-mesclado.pdf\">CODAGE CIRC 007_2018<\/a> &#8211; (Contrata\u00e7\u00e3o de servi\u00e7os de desembara\u00e7o aduaneiro &#8211; Preg\u00e3o)<\/p>\n<p><a href=\"https:\/\/sites.usp.br\/codage\/wp-content\/uploads\/sites\/264\/2021\/09\/CODAGE-CIRC-006_2018.pdf\">CODAGE CIRC 006_2018<\/a> &#8211; (Informa\u00e7\u00f5es sobre nova metodologia de utiliza\u00e7\u00e3o do Sistema POOL &#8211; Ve\u00edculos)<\/p>\n<p><a href=\"https:\/\/sites.usp.br\/codage\/wp-content\/uploads\/sites\/264\/2021\/09\/CODAGE-CIRC-005_2018.pdf\">CODAGE CIRC 005_2018<\/a> &#8211; (Segundo Aditamento Acordo Coletivo de Trabalho 2017\/2018)<\/p>\n<p><a href=\"https:\/\/sites.usp.br\/codage\/wp-content\/uploads\/sites\/264\/2021\/09\/CODAGE-CIRC-004_2018.pdf\">CODAGE CIRC 004_2018<\/a> &#8211; (Complementa\u00e7\u00e3o of\u00edcio CODAGE\/CIRC\/28\/2015- USP &#8211; uso racional insumos administrativos)<\/p>\n<p><a href=\"https:\/\/sites.usp.br\/codage\/wp-content\/uploads\/sites\/264\/2021\/09\/CODAGE-CIRC-003_2018.pdf\">CODAGE CIRC 003_2018<\/a> &#8211; (Redu\u00e7\u00e3o parque equipamentos reprogr\u00e1ficos)<\/p>\n<p><a href=\"https:\/\/sites.usp.br\/codage\/wp-content\/uploads\/sites\/264\/2021\/09\/CODAGE-CIRC-002_2018.pdf\">CODAGE CIRC 002_2018<\/a> &#8211; (Sobre Acordo Coletivo de Trabalho 2017-2018, compensa\u00e7\u00e3o at\u00e9 31\/03\/2018)<\/p>\n<p><a href=\"https:\/\/sites.usp.br\/codage\/wp-content\/uploads\/sites\/264\/2021\/09\/CODAGE-CIRC-001_2018.pdf\">CODAGE CIRC 001_2018<\/a> &#8211; (Orienta\u00e7\u00e3o sobre RAIS &#8211; Rela\u00e7\u00e3o Anual de Informa\u00e7\u00f5es Sociais)<\/p>\n","protected":false},"excerpt":{"rendered":"<p>CODAGE CIRC 025_2018 &#8211; (Ref. C\u00f4mputo faltas abonadas) CODAGE CIRC 022_2018 &#8211; (Processo de controle e an\u00e1lise de horas excedentes) CODAGE CIRC 020_2018 &#8211; (Orienta\u00e7\u00e3o sobre Encerramento do Exerc\u00edcio) CODAGE CIRC 017_2018 &#8211; (Informa\u00e7\u00f5es&#46;&#46;&#46;<\/p>\n","protected":false},"author":70,"featured_media":0,"parent":540,"menu_order":9,"comment_status":"closed","ping_status":"closed","template":"","meta":{"footnotes":"","_links_to":"","_links_to_target":""},"class_list":["post-1200","page","type-page","status-publish","hentry"],"_links":{"self":[{"href":"https:\/\/sites.usp.br\/codage\/wp-json\/wp\/v2\/pages\/1200","targetHints":{"allow":["GET"]}}],"collection":[{"href":"https:\/\/sites.usp.br\/codage\/wp-json\/wp\/v2\/pages"}],"about":[{"href":"https:\/\/sites.usp.br\/codage\/wp-json\/wp\/v2\/types\/page"}],"author":[{"embeddable":true,"href":"https:\/\/sites.usp.br\/codage\/wp-json\/wp\/v2\/users\/70"}],"replies":[{"embeddable":true,"href":"https:\/\/sites.usp.br\/codage\/wp-json\/wp\/v2\/comments?post=1200"}],"version-history":[{"count":4,"href":"https:\/\/sites.usp.br\/codage\/wp-json\/wp\/v2\/pages\/1200\/revisions"}],"predecessor-version":[{"id":1767,"href":"https:\/\/sites.usp.br\/codage\/wp-json\/wp\/v2\/pages\/1200\/revisions\/1767"}],"up":[{"embeddable":true,"href":"https:\/\/sites.usp.br\/codage\/wp-json\/wp\/v2\/pages\/540"}],"wp:attachment":[{"href":"https:\/\/sites.usp.br\/codage\/wp-json\/wp\/v2\/media?parent=1200"}],"curies":[{"name":"wp","href":"https:\/\/api.w.org\/{rel}","templated":true}]}}