{"id":1209,"date":"2021-09-15T14:53:22","date_gmt":"2021-09-15T16:53:22","guid":{"rendered":"https:\/\/sites.usp.br\/codage\/?page_id=1209"},"modified":"2022-04-26T12:20:01","modified_gmt":"2022-04-26T14:20:01","slug":"circulares-2019","status":"publish","type":"page","link":"https:\/\/sites.usp.br\/codage\/comunicados\/circular-codage\/circulares-2019\/","title":{"rendered":"Circulares 2019"},"content":{"rendered":"<p><a href=\"https:\/\/sites.usp.br\/codage\/wp-content\/uploads\/sites\/264\/2021\/09\/CODAGE-CIRC-018_2019.pdf\">CODAGE CIRC 018_2019<\/a> &#8211; (Orienta\u00e7\u00e3o sobre solicita\u00e7\u00e3o pagamento Horas-Extras)<\/p>\n<p><a href=\"https:\/\/sites.usp.br\/codage\/wp-content\/uploads\/sites\/264\/2021\/09\/CODAGE-CIRC-017_2019.pdf\">CODAGE CIRC 017_2019 <\/a>&#8211; (Orienta\u00e7\u00e3o sobre encerramento exerc\u00edcio)<\/p>\n<p><a href=\"https:\/\/sites.usp.br\/codage\/wp-content\/uploads\/sites\/264\/2021\/09\/CODAGE-CIRC-16_2019.pdf\">CODAGE CIRC 16_2019 <\/a>&#8211; (Regulariza\u00e7\u00e3o espelhos ponto at\u00e9 30\/09\/2019 &#8211; ref. ACT 2018-2019)<\/p>\n<p><a href=\"https:\/\/sites.usp.br\/codage\/wp-content\/uploads\/sites\/264\/2021\/09\/CODAGE-CIRC-015_2019.pdf\">CODAGE CIRC 015_2019 <\/a>&#8211; (Solicita\u00e7\u00e3o propostas \u00e0s Unidade &#8220;Demandas Espec\u00edficas&#8221; para planejamento Or\u00e7amento Anual 2020)<\/p>\n<p><a href=\"https:\/\/sites.usp.br\/codage\/wp-content\/uploads\/sites\/264\/2021\/09\/CODAGE-CIRC-013_2019.pdf\">CODAGE CIRC 013_2019<\/a> &#8211; (Informa\u00e7\u00f5es e orienta\u00e7\u00f5es Sistema e-San\u00e7\u00f5es)<\/p>\n<p><a href=\"https:\/\/sites.usp.br\/codage\/wp-content\/uploads\/sites\/264\/2021\/09\/CODAGE-CIRC-012_2019-.pdf\">CODAGE CIRC 012_2019 <\/a>&#8211; (Orienta\u00e7\u00e3o sobre hor\u00e1rio especial de Lacta\u00e7\u00e3o)<\/p>\n<p><a href=\"https:\/\/sites.usp.br\/codage\/wp-content\/uploads\/sites\/264\/2021\/09\/CODAGE-CIRC-011_2019.pdf\">CODAGE CIRC 011_2019 <\/a>&#8211; (Informa\u00e7\u00e3o sobre horas-extras excedentes, Banco de Horas ACT 2018-2019- Acordos Individuais)<\/p>\n<p><a href=\"https:\/\/sites.usp.br\/codage\/wp-content\/uploads\/sites\/264\/2021\/09\/CODAGE-CIRC-007_2019.pdf\">CODAGE CIRC 007_2019 &#8211; <\/a>(Ref. Programa de Aperfei\u00e7oamento e Renova\u00e7\u00e3o Funcional &#8211; RENOVA -Previs\u00e3o extens\u00e3o aos <em>Campi<\/em> Interior)<\/p>\n<p><a href=\"https:\/\/sites.usp.br\/codage\/wp-content\/uploads\/sites\/264\/2021\/09\/CODAGE-CIRC-006-2019-Finalizacao-Banco-Horas-Acordo-Individual-antes-ACT-2017-2018-claus-9-3.pdf\">CODAGE-CIRC 006 2019<\/a> &#8211; (Encerramento Banco de Horas &#8211; ACT 2017-2018)<\/p>\n<p><a href=\"https:\/\/sites.usp.br\/codage\/wp-content\/uploads\/sites\/264\/2021\/09\/CODAGE-CIRC-005_2019-programa-de-mobilidade-USP.pdf\">CODAGE CIRC 005_2019 <\/a>&#8211; (Programa Mobilidade USP)<\/p>\n<p><a href=\"https:\/\/sites.usp.br\/codage\/wp-content\/uploads\/sites\/264\/2021\/09\/CODAGE-CIRC-004_2019-Programa-Renova.pdf\">CODAGE CIRC 004_2019<\/a> &#8211; (Ref. Programa de Aperfei\u00e7oamento e Renova\u00e7\u00e3o Funcional &#8211; RENOVA &#8211; Grupo B\u00e1sico)<\/p>\n<p><a href=\"https:\/\/sites.usp.br\/codage\/wp-content\/uploads\/sites\/264\/2021\/09\/CODAGE-CIRC-003_2019.pdf\">CODAGE CIRC 003_2019<\/a> &#8211; (Encerramento Banco de Horas ACT 2017-2018)<\/p>\n<p><a href=\"https:\/\/sites.usp.br\/codage\/wp-content\/uploads\/sites\/264\/2021\/09\/CODAGE-CIRC-002_2019.pdf\">CODAGE CIRC 002_2019<\/a> &#8211; (Orienta\u00e7\u00e3o sobre RAIS &#8211; Rela\u00e7\u00e3o Anual de Informa\u00e7\u00f5es Sociais)<\/p>\n<p><a href=\"https:\/\/sites.usp.br\/codage\/wp-content\/uploads\/sites\/264\/2021\/09\/CODAGE-CIRC-001_2019.pdf\">CODAGE CIRC 001_2019<\/a> &#8211; (Regulariza\u00e7\u00e3o dos espelhos de ponto ACT 2017-2018)<\/p>\n","protected":false},"excerpt":{"rendered":"<p>CODAGE CIRC 018_2019 &#8211; (Orienta\u00e7\u00e3o sobre solicita\u00e7\u00e3o pagamento Horas-Extras) CODAGE CIRC 017_2019 &#8211; (Orienta\u00e7\u00e3o sobre encerramento exerc\u00edcio) CODAGE CIRC 16_2019 &#8211; (Regulariza\u00e7\u00e3o espelhos ponto at\u00e9 30\/09\/2019 &#8211; ref. ACT 2018-2019) CODAGE CIRC 015_2019 &#8211;&#46;&#46;&#46;<\/p>\n","protected":false},"author":70,"featured_media":0,"parent":540,"menu_order":6,"comment_status":"closed","ping_status":"closed","template":"","meta":{"footnotes":"","_links_to":"","_links_to_target":""},"class_list":["post-1209","page","type-page","status-publish","hentry"],"_links":{"self":[{"href":"https:\/\/sites.usp.br\/codage\/wp-json\/wp\/v2\/pages\/1209","targetHints":{"allow":["GET"]}}],"collection":[{"href":"https:\/\/sites.usp.br\/codage\/wp-json\/wp\/v2\/pages"}],"about":[{"href":"https:\/\/sites.usp.br\/codage\/wp-json\/wp\/v2\/types\/page"}],"author":[{"embeddable":true,"href":"https:\/\/sites.usp.br\/codage\/wp-json\/wp\/v2\/users\/70"}],"replies":[{"embeddable":true,"href":"https:\/\/sites.usp.br\/codage\/wp-json\/wp\/v2\/comments?post=1209"}],"version-history":[{"count":5,"href":"https:\/\/sites.usp.br\/codage\/wp-json\/wp\/v2\/pages\/1209\/revisions"}],"predecessor-version":[{"id":1747,"href":"https:\/\/sites.usp.br\/codage\/wp-json\/wp\/v2\/pages\/1209\/revisions\/1747"}],"up":[{"embeddable":true,"href":"https:\/\/sites.usp.br\/codage\/wp-json\/wp\/v2\/pages\/540"}],"wp:attachment":[{"href":"https:\/\/sites.usp.br\/codage\/wp-json\/wp\/v2\/media?parent=1209"}],"curies":[{"name":"wp","href":"https:\/\/api.w.org\/{rel}","templated":true}]}}