{"id":1213,"date":"2021-09-15T14:54:54","date_gmt":"2021-09-15T16:54:54","guid":{"rendered":"https:\/\/sites.usp.br\/codage\/?page_id=1213"},"modified":"2022-03-31T12:53:56","modified_gmt":"2022-03-31T14:53:56","slug":"circulares-2021","status":"publish","type":"page","link":"https:\/\/sites.usp.br\/codage\/comunicados\/circular-codage\/circulares-2021\/","title":{"rendered":"Circulares 2021"},"content":{"rendered":"<p><a href=\"https:\/\/sites.usp.br\/codage\/wp-content\/uploads\/sites\/264\/2021\/09\/CODAGE-CIRC-005_2021-1.pdf\">CODAGE CIRC 005_2021<\/a> (Chamada para atender demandas de interven\u00e7\u00f5es estruturantes)<\/p>\n<p><a href=\"https:\/\/sites.usp.br\/codage\/wp-content\/uploads\/sites\/264\/2021\/09\/CODAGE-CIRC-003_2021.pdf\">CODAGE CIRC 003_2021<\/a> (Esclarecimentos sobre Nova Lei Licita\u00e7\u00f5es e Contratos)<\/p>\n<p><a href=\"https:\/\/sites.usp.br\/codage\/wp-content\/uploads\/sites\/264\/2021\/09\/CODAGE-CIRC-002_2021.pdf\">CODAGE CIRC 002_2021<\/a> (Esclarecimentos sobre entrega RAIS)<\/p>\n","protected":false},"excerpt":{"rendered":"<p>CODAGE CIRC 005_2021 (Chamada para atender demandas de interven\u00e7\u00f5es estruturantes) CODAGE CIRC 003_2021 (Esclarecimentos sobre Nova Lei Licita\u00e7\u00f5es e Contratos) CODAGE CIRC 002_2021 (Esclarecimentos sobre entrega RAIS)<\/p>\n","protected":false},"author":70,"featured_media":0,"parent":540,"menu_order":2,"comment_status":"closed","ping_status":"closed","template":"","meta":{"footnotes":"","_links_to":"","_links_to_target":""},"class_list":["post-1213","page","type-page","status-publish","hentry"],"_links":{"self":[{"href":"https:\/\/sites.usp.br\/codage\/wp-json\/wp\/v2\/pages\/1213","targetHints":{"allow":["GET"]}}],"collection":[{"href":"https:\/\/sites.usp.br\/codage\/wp-json\/wp\/v2\/pages"}],"about":[{"href":"https:\/\/sites.usp.br\/codage\/wp-json\/wp\/v2\/types\/page"}],"author":[{"embeddable":true,"href":"https:\/\/sites.usp.br\/codage\/wp-json\/wp\/v2\/users\/70"}],"replies":[{"embeddable":true,"href":"https:\/\/sites.usp.br\/codage\/wp-json\/wp\/v2\/comments?post=1213"}],"version-history":[{"count":4,"href":"https:\/\/sites.usp.br\/codage\/wp-json\/wp\/v2\/pages\/1213\/revisions"}],"predecessor-version":[{"id":1712,"href":"https:\/\/sites.usp.br\/codage\/wp-json\/wp\/v2\/pages\/1213\/revisions\/1712"}],"up":[{"embeddable":true,"href":"https:\/\/sites.usp.br\/codage\/wp-json\/wp\/v2\/pages\/540"}],"wp:attachment":[{"href":"https:\/\/sites.usp.br\/codage\/wp-json\/wp\/v2\/media?parent=1213"}],"curies":[{"name":"wp","href":"https:\/\/api.w.org\/{rel}","templated":true}]}}