{"id":133,"date":"2017-05-04T12:28:57","date_gmt":"2017-05-04T14:28:57","guid":{"rendered":"http:\/\/sites.usp.br\/codage\/?page_id=133"},"modified":"2026-01-27T15:48:52","modified_gmt":"2026-01-27T17:48:52","slug":"gabinete-da-codage","status":"publish","type":"page","link":"https:\/\/sites.usp.br\/codage\/sobre\/gabinete-da-codage\/","title":{"rendered":"Gabinete"},"content":{"rendered":"<p><a href=\"http:\/\/lattes.cnpq.br\/1053368113254185\"><br \/>\n<\/a><a href=\"http:\/\/lattes.cnpq.br\/1628758697973967\">Adriana Marotti de Mello<\/a> &#8211; \u00a0Coordenadora de Administra\u00e7\u00e3o Geral<\/p>\n<p><a href=\"http:\/\/lattes.cnpq.br\/9982654335814108\">Adriana Cristina Ferreira Caldana<\/a> &#8211; Coordenadora Adjunta<\/p>\n<p>&nbsp;<\/p>\n<h5><\/h5>\n<h5><\/h5>\n<h5><\/h5>\n<h5>Equipe Codage<\/h5>\n<h5>Secret\u00e1ria:<\/h5>\n<p>Marta Santana Leit\u00e3o<\/p>\n<p>Tel. 11 3091-3010<\/p>\n<p>E-mail: <a href=\"mailto:codage@usp.br\">codage@usp.br<\/a><\/p>\n<h5>Assistentes:<\/h5>\n<p>Alberto Teixeira Protti<\/p>\n<p>Hamilcar Jos\u00e9 Ferreira de Miranda<\/p>\n<p>Maria Cleni Braga<\/p>\n<p>Mariah Grimaldi e Cruz<\/p>\n<p>S\u00edlvia Maria de Carvalho Silva Domingues<\/p>\n<p>Zenon Seckler Ewald<\/p>\n<h5>Se\u00e7\u00e3o T\u00e9cnica de Auditoria Interna<\/h5>\n<p>Daniel Tadeu Rodrigues Bueno<\/p>\n<p>Fernanda Balduci Palma<\/p>\n<p>Vanessa Vieira de P\u00e1dua<\/p>\n<p>Vit\u00f3rio Tonetto Filho<\/p>\n<h5><strong>Escola USP de Gest\u00e3o:<\/strong><\/h5>\n<p>Gabriel Ferreira Soares<\/p>\n<p>Gezilda Balbino Pereira<\/p>\n<p>Marilucia Alves de Lima<\/p>\n<p>Susana Narimatsu Sato<\/p>\n<h3><\/h3>\n","protected":false},"excerpt":{"rendered":"<p>Equipe da Codage<\/p>\n","protected":false},"author":400,"featured_media":0,"parent":62,"menu_order":8,"comment_status":"closed","ping_status":"closed","template":"page-templates\/child-menu.php","meta":{"footnotes":"","_links_to":"","_links_to_target":""},"class_list":["post-133","page","type-page","status-publish","hentry"],"_links":{"self":[{"href":"https:\/\/sites.usp.br\/codage\/wp-json\/wp\/v2\/pages\/133","targetHints":{"allow":["GET"]}}],"collection":[{"href":"https:\/\/sites.usp.br\/codage\/wp-json\/wp\/v2\/pages"}],"about":[{"href":"https:\/\/sites.usp.br\/codage\/wp-json\/wp\/v2\/types\/page"}],"author":[{"embeddable":true,"href":"https:\/\/sites.usp.br\/codage\/wp-json\/wp\/v2\/users\/400"}],"replies":[{"embeddable":true,"href":"https:\/\/sites.usp.br\/codage\/wp-json\/wp\/v2\/comments?post=133"}],"version-history":[{"count":4,"href":"https:\/\/sites.usp.br\/codage\/wp-json\/wp\/v2\/pages\/133\/revisions"}],"predecessor-version":[{"id":2830,"href":"https:\/\/sites.usp.br\/codage\/wp-json\/wp\/v2\/pages\/133\/revisions\/2830"}],"up":[{"embeddable":true,"href":"https:\/\/sites.usp.br\/codage\/wp-json\/wp\/v2\/pages\/62"}],"wp:attachment":[{"href":"https:\/\/sites.usp.br\/codage\/wp-json\/wp\/v2\/media?parent=133"}],"curies":[{"name":"wp","href":"https:\/\/api.w.org\/{rel}","templated":true}]}}