{"id":157,"date":"2017-05-04T17:33:47","date_gmt":"2017-05-04T19:33:47","guid":{"rendered":"http:\/\/sites.usp.br\/codage\/?page_id=157"},"modified":"2026-03-20T15:21:58","modified_gmt":"2026-03-20T17:21:58","slug":"departamentos","status":"publish","type":"page","link":"https:\/\/sites.usp.br\/codage\/sobre\/departamentos\/","title":{"rendered":"Departamentos"},"content":{"rendered":"<h4>S\u00e3o departamentos da Codage:<\/h4>\n<p><a href=\"http:\/\/www.usp.br\/da\/\" target=\"_blank\" rel=\"noopener noreferrer\">Administra\u00e7\u00e3o (DA)<\/a><\/p>\n<p><a href=\"http:\/\/www.usp.br\/df2\/\" target=\"_blank\" rel=\"noopener noreferrer\">Finan\u00e7as (DF)<\/a><\/p>\n<p><a href=\"http:\/\/www.usp.br\/drh\/\" target=\"_blank\" rel=\"noopener noreferrer\">Recursos Humanos (DRH)<\/a><\/p>\n<p><a href=\"https:\/\/usp.br\/dconv\/\">Conv\u00eanios (DCONV)<\/a><\/p>\n<p><a href=\"https:\/\/sites.usp.br\/escolausp\/\">Escola USP<\/a><\/p>\n<p>&nbsp;<\/p>\n<p>&nbsp;<\/p>\n","protected":false},"excerpt":{"rendered":"<p>S\u00e3o departamentos da Codage: Administra\u00e7\u00e3o (DA) Finan\u00e7as (DF) Recursos Humanos (DRH) Conv\u00eanios (DCONV) Escola USP &nbsp; &nbsp;<\/p>\n","protected":false},"author":400,"featured_media":0,"parent":62,"menu_order":10,"comment_status":"closed","ping_status":"closed","template":"page-templates\/child-menu.php","meta":{"footnotes":"","_links_to":"","_links_to_target":""},"class_list":["post-157","page","type-page","status-publish","hentry"],"_links":{"self":[{"href":"https:\/\/sites.usp.br\/codage\/wp-json\/wp\/v2\/pages\/157","targetHints":{"allow":["GET"]}}],"collection":[{"href":"https:\/\/sites.usp.br\/codage\/wp-json\/wp\/v2\/pages"}],"about":[{"href":"https:\/\/sites.usp.br\/codage\/wp-json\/wp\/v2\/types\/page"}],"author":[{"embeddable":true,"href":"https:\/\/sites.usp.br\/codage\/wp-json\/wp\/v2\/users\/400"}],"replies":[{"embeddable":true,"href":"https:\/\/sites.usp.br\/codage\/wp-json\/wp\/v2\/comments?post=157"}],"version-history":[{"count":4,"href":"https:\/\/sites.usp.br\/codage\/wp-json\/wp\/v2\/pages\/157\/revisions"}],"predecessor-version":[{"id":2872,"href":"https:\/\/sites.usp.br\/codage\/wp-json\/wp\/v2\/pages\/157\/revisions\/2872"}],"up":[{"embeddable":true,"href":"https:\/\/sites.usp.br\/codage\/wp-json\/wp\/v2\/pages\/62"}],"wp:attachment":[{"href":"https:\/\/sites.usp.br\/codage\/wp-json\/wp\/v2\/media?parent=157"}],"curies":[{"name":"wp","href":"https:\/\/api.w.org\/{rel}","templated":true}]}}