{"id":1714,"date":"2022-03-31T13:02:53","date_gmt":"2022-03-31T15:02:53","guid":{"rendered":"https:\/\/sites.usp.br\/codage\/?page_id=1714"},"modified":"2023-03-03T12:31:23","modified_gmt":"2023-03-03T14:31:23","slug":"2022-2","status":"publish","type":"page","link":"https:\/\/sites.usp.br\/codage\/comunicados\/circular-codage\/2022-2\/","title":{"rendered":"Circulares 2022"},"content":{"rendered":"<p>&nbsp;<\/p>\n<p><a href=\"https:\/\/sites.usp.br\/codage\/wp-content\/uploads\/sites\/264\/2023\/03\/CODAGE-CIRC-248_2022.pdf\">CODAGE CIRC 248_2022<\/a> (Designa\u00e7\u00e3o membros Comiss\u00e3o Subsetorial de Invent\u00e1rio de Bens M\u00f3veis e de<br \/>\nEstoques)<\/p>\n<p><a href=\"https:\/\/sites.usp.br\/codage\/wp-content\/uploads\/sites\/264\/2022\/06\/CODAGE-CIRC-014-2022_Regularizao-if-ponto-horas-em-credito-ate-31052022.pdf\">CODAGE CIRC 014 2022<\/a> (Orienta\u00e7\u00e3o sobre regulariza\u00e7\u00e3o If Ponto ref. CODAGE CIRC 012_2022)<\/p>\n<p><a href=\"https:\/\/sites.usp.br\/codage\/wp-content\/uploads\/sites\/264\/2022\/06\/CODAGE-CIRC-012_2022_-Solvencia-horas-credito-TAC-01102019.pdf\">CODAGE CIRC 012_2022<\/a> (Solv\u00eancia horas em cr\u00e9dito TAC 2019)<\/p>\n<p><a href=\"https:\/\/sites.usp.br\/codage\/wp-content\/uploads\/sites\/264\/2022\/04\/OF-CODAGE-CIRC-09-2022-REPROGRAFIA-CORPORATIVA-INCLUI-ANEXOS.pdf\">CODAGE CIRC 09_2022 <\/a>\u00a0(Reprografia Corporativa, inclui anexos)<\/p>\n<p><a href=\"https:\/\/sites.usp.br\/codage\/wp-content\/uploads\/sites\/264\/2022\/03\/Codage_Circ_004_2022.pdf\">CODAGE CIRC_004_2022<\/a>\u00a0 (altera\u00e7\u00e3o do prazo para compensa\u00e7\u00e3o dos saldos de horas ref. ao per\u00edodo de 201 9-2021)<\/p>\n<p><a href=\"https:\/\/sites.usp.br\/codage\/wp-content\/uploads\/sites\/264\/2022\/04\/CODAGE-CIRC-001-2022-_-Afastamentos-e-Trabalho-Externo.pdf\">CODAGE CIRC_001_2022<\/a> (Afastamentos e Trabalhos Externos)<\/p>\n","protected":false},"excerpt":{"rendered":"<p>&nbsp; CODAGE CIRC 248_2022 (Designa\u00e7\u00e3o membros Comiss\u00e3o Subsetorial de Invent\u00e1rio de Bens M\u00f3veis e de Estoques) CODAGE CIRC 014 2022 (Orienta\u00e7\u00e3o sobre regulariza\u00e7\u00e3o If Ponto ref. CODAGE CIRC 012_2022) CODAGE CIRC 012_2022 (Solv\u00eancia horas&#46;&#46;&#46;<\/p>\n","protected":false},"author":70,"featured_media":0,"parent":540,"menu_order":0,"comment_status":"closed","ping_status":"closed","template":"","meta":{"footnotes":"","_links_to":"","_links_to_target":""},"class_list":["post-1714","page","type-page","status-publish","hentry"],"_links":{"self":[{"href":"https:\/\/sites.usp.br\/codage\/wp-json\/wp\/v2\/pages\/1714","targetHints":{"allow":["GET"]}}],"collection":[{"href":"https:\/\/sites.usp.br\/codage\/wp-json\/wp\/v2\/pages"}],"about":[{"href":"https:\/\/sites.usp.br\/codage\/wp-json\/wp\/v2\/types\/page"}],"author":[{"embeddable":true,"href":"https:\/\/sites.usp.br\/codage\/wp-json\/wp\/v2\/users\/70"}],"replies":[{"embeddable":true,"href":"https:\/\/sites.usp.br\/codage\/wp-json\/wp\/v2\/comments?post=1714"}],"version-history":[{"count":4,"href":"https:\/\/sites.usp.br\/codage\/wp-json\/wp\/v2\/pages\/1714\/revisions"}],"predecessor-version":[{"id":2087,"href":"https:\/\/sites.usp.br\/codage\/wp-json\/wp\/v2\/pages\/1714\/revisions\/2087"}],"up":[{"embeddable":true,"href":"https:\/\/sites.usp.br\/codage\/wp-json\/wp\/v2\/pages\/540"}],"wp:attachment":[{"href":"https:\/\/sites.usp.br\/codage\/wp-json\/wp\/v2\/media?parent=1714"}],"curies":[{"name":"wp","href":"https:\/\/api.w.org\/{rel}","templated":true}]}}