{"id":191,"date":"2017-05-05T17:55:52","date_gmt":"2017-05-05T19:55:52","guid":{"rendered":"http:\/\/sites.usp.br\/codage\/?page_id=191"},"modified":"2026-01-12T15:00:13","modified_gmt":"2026-01-12T17:00:13","slug":"prestacao-de-contas","status":"publish","type":"page","link":"https:\/\/sites.usp.br\/codage\/gestao-orcamentaria\/prestacao-de-contas\/","title":{"rendered":"Or\u00e7amento USP"},"content":{"rendered":"<h4><strong>OR\u00c7AMENTO USP 2026<\/strong><\/h4>\n<ul>\n<li><a href=\"http:\/\/sites.usp.br\/codage\/wp-content\/uploads\/sites\/264\/2026\/01\/2026_Diretrizes-Orcamentarias.pdf\">Diretrizes Or\u00e7ament\u00e1rias para 2026<\/a><\/li>\n<li><a href=\"http:\/\/sites.usp.br\/codage\/wp-content\/uploads\/sites\/264\/2026\/01\/2026_Proposta-Orcamentaria.pdf\">Proposta Or\u00e7ament\u00e1ria para 2026<\/a><\/li>\n<\/ul>\n<h4><\/h4>\n<h4><strong>OR\u00c7AMENTO USP 2025<\/strong><\/h4>\n<ul>\n<li><a href=\"https:\/\/sites.usp.br\/codage\/wp-content\/uploads\/sites\/264\/2024\/12\/2025_Diretrizes_Orcamentarias.pdf\">Diretrizes Or\u00e7ament\u00e1rias para 2025<\/a><\/li>\n<li><a href=\"https:\/\/sites.usp.br\/codage\/wp-content\/uploads\/sites\/264\/2024\/12\/2025_Proposta_Distribuicao_Orcamentaria.pdf\">Proposta Or\u00e7amento para 2025<\/a><\/li>\n<\/ul>\n<h4><\/h4>\n<h4><strong>OR\u00c7AMENTO USP 2024<\/strong><\/h4>\n<ul>\n<li><a href=\"https:\/\/sites.usp.br\/codage\/wp-content\/uploads\/sites\/264\/2022\/12\/2024_Diretrizes_Orcamentarias_Aprovada.pdf\">Diretrizes Or\u00e7ament\u00e1rias para 2024<\/a><\/li>\n<li><a href=\"https:\/\/sites.usp.br\/codage\/wp-content\/uploads\/sites\/264\/2022\/12\/2024_Proposta_de_Distribuicao_Orcamentaria_Aprovada.pdf\">Proposta Or\u00e7amento para 2024<\/a><\/li>\n<\/ul>\n<h4><\/h4>\n<h4><strong>OR\u00c7AMENTO USP 2023<\/strong><\/h4>\n<ul>\n<li><a href=\"https:\/\/sites.usp.br\/codage\/wp-content\/uploads\/sites\/264\/2022\/12\/Diretrizes-Orcamentarias-2023_Final.pdf\">Diretrizes Or\u00e7ament\u00e1rias para 2023<\/a><\/li>\n<li><a href=\"https:\/\/sites.usp.br\/codage\/wp-content\/uploads\/sites\/264\/2022\/12\/Proposta_Distribuicao_Orcamento-2023.pdf\">Proposta Or\u00e7amento para 2023<\/a><\/li>\n<\/ul>\n<h4><\/h4>\n<h4><strong>OR\u00c7AMENTO USP 2022<\/strong><\/h4>\n<ul>\n<li><a href=\"https:\/\/sites.usp.br\/codage\/wp-content\/uploads\/sites\/264\/2021\/12\/Diretrizes_Orcamentarias_2022_final.pdf\">Diretrizes Or\u00e7ament\u00e1rias para 2022<\/a><\/li>\n<li><a href=\"https:\/\/sites.usp.br\/codage\/wp-content\/uploads\/sites\/264\/2021\/12\/Proposta_Distribuicao_Orcamentaria_2022.pdf\">Proposta Or\u00e7ament\u00e1ria para 2022<\/a><\/li>\n<\/ul>\n<h4><\/h4>\n<h4><\/h4>\n<h4><strong>OR\u00c7AMENTO USP 2021<\/strong><\/h4>\n<ul>\n<li><a href=\"https:\/\/sites.usp.br\/codage\/wp-content\/uploads\/sites\/264\/2021\/09\/Diretrizes-Orcamentarias-2021.pdf\">Diretrizes Or\u00e7ament\u00e1rias para 2021<\/a><\/li>\n<li><a href=\"https:\/\/sites.usp.br\/codage\/wp-content\/uploads\/sites\/264\/2021\/09\/Distribuicao-Orcamento-2021_Final.pdf\">Proposta Or\u00e7ament\u00e1ria para 2021<\/a><\/li>\n<\/ul>\n<h3><\/h3>\n<h4><\/h4>\n<h4>OR\u00c7AMENTO USP 2020<\/h4>\n<ul>\n<li><a href=\"https:\/\/sites.usp.br\/codage\/wp-content\/uploads\/sites\/264\/2021\/09\/diretrizes_2020_FINAL.pdf\">Diretrizes Or\u00e7ament\u00e1rias para 2020<\/a><\/li>\n<li><a href=\"https:\/\/sites.usp.br\/codage\/wp-content\/uploads\/sites\/264\/2021\/09\/PDO2020_FINAL.pdf\">Proposta Or\u00e7ament\u00e1ria para 2020<\/a><\/li>\n<\/ul>\n<h3><\/h3>\n<h4><\/h4>\n<h4>OR\u00c7AMENTO USP 2019<\/h4>\n<ul>\n<li><a href=\"https:\/\/sites.usp.br\/codage\/wp-content\/uploads\/sites\/264\/2021\/09\/Norma-Plurianual-2019_2022_APROVADA.pdf\">Norma Plurianual 2019_2022<\/a><\/li>\n<li><a href=\"https:\/\/sites.usp.br\/codage\/wp-content\/uploads\/sites\/264\/2021\/09\/NDO-USP-2019.pdf\">Diretrizes Or\u00e7ament\u00e1rias para 2019<\/a><\/li>\n<li><a href=\"https:\/\/sites.usp.br\/codage\/wp-content\/uploads\/sites\/264\/2021\/09\/PDO-USP-COP-2018-04-12.pdf\">Proposta Or\u00e7ament\u00e1ria para 2019<\/a><\/li>\n<\/ul>\n<h3><\/h3>\n<h4><\/h4>\n<h4>OR\u00c7AMENTO USP 2018<\/h4>\n<ul>\n<li><a href=\"https:\/\/sites.usp.br\/codage\/wp-content\/uploads\/sites\/264\/2021\/09\/Diretrizes-Orcamentarias-2018-aprovada.pdf\">Diretrizes Or\u00e7ament\u00e1rias 2018 <\/a><\/li>\n<li><a href=\"https:\/\/sites.usp.br\/codage\/wp-content\/uploads\/sites\/264\/2021\/09\/POUSP2018-CO-12-12-2018.pdf\">Proposta Or\u00e7ament\u00e1ria 2018<\/a><\/li>\n<\/ul>\n<p><strong><a href=\"https:\/\/sites.usp.br\/codage\/wp-content\/uploads\/sites\/264\/2021\/09\/POUSP2017_aprov.pdf\">OR\u00c7AMENTO USP 2017<\/a>\u00a0<\/strong><\/p>\n<p><strong><a href=\"https:\/\/sites.usp.br\/codage\/wp-content\/uploads\/sites\/264\/2021\/09\/ORC_USP-2016.pdf\">OR\u00c7AMENTO USP 2016<\/a><\/strong><\/p>\n<p><a href=\"https:\/\/sites.usp.br\/codage\/wp-content\/uploads\/sites\/264\/2021\/09\/Orc_2015.pdf\"><strong>OR\u00c7AMENTO USP<\/strong><\/a><a href=\"https:\/\/sites.usp.br\/codage\/wp-content\/uploads\/sites\/264\/2021\/09\/Orc_2015.pdf\"><strong> 2015<\/strong><\/a><\/p>\n<p><a href=\"https:\/\/sites.usp.br\/codage\/wp-content\/uploads\/sites\/264\/2021\/08\/Orc_2014.pdf\"><strong>OR\u00c7AMENTO USP 2014<\/strong><\/a><\/p>\n<p><strong><a href=\"https:\/\/sites.usp.br\/codage\/wp-content\/uploads\/sites\/264\/2021\/08\/Orc_2013.pdf\">OR\u00c7AMENTO USP 2013<\/a><\/strong><\/p>\n<p><strong><a href=\"https:\/\/sites.usp.br\/codage\/wp-content\/uploads\/sites\/264\/2021\/08\/Orcamento_2012.pdf\">OR\u00c7AMENTO USP 2012<\/a><\/strong><\/p>\n<p><strong><a href=\"https:\/\/sites.usp.br\/codage\/wp-content\/uploads\/sites\/264\/2021\/08\/Orcamento-2011.pdf\">OR\u00c7AMENTO USP 2011<\/a><\/strong><\/p>\n<p><strong><a href=\"https:\/\/sites.usp.br\/codage\/wp-content\/uploads\/sites\/264\/dlm_uploads\/2021\/08\/Orc_2010.pdf\">OR\u00c7AMENTO USP 2010<\/a><\/strong><\/p>\n<p><strong><a href=\"https:\/\/sites.usp.br\/codage\/wp-content\/uploads\/sites\/264\/2021\/09\/Orc-2009.pdf\">OR\u00c7AMENTO USP<\/a><\/strong><strong><a href=\"https:\/\/sites.usp.br\/codage\/wp-content\/uploads\/sites\/264\/2021\/09\/Orc-2009.pdf\"> 2009<\/a><\/strong><\/p>\n","protected":false},"excerpt":{"rendered":"<p>OR\u00c7AMENTO USP 2026 Diretrizes Or\u00e7ament\u00e1rias para 2026 Proposta Or\u00e7ament\u00e1ria para 2026 OR\u00c7AMENTO USP 2025 Diretrizes Or\u00e7ament\u00e1rias para 2025 Proposta Or\u00e7amento para 2025 OR\u00c7AMENTO USP 2024 Diretrizes Or\u00e7ament\u00e1rias para 2024 Proposta Or\u00e7amento para 2024 OR\u00c7AMENTO&#46;&#46;&#46;<\/p>\n","protected":false},"author":400,"featured_media":0,"parent":193,"menu_order":12,"comment_status":"closed","ping_status":"closed","template":"page-templates\/child-menu.php","meta":{"footnotes":"","_links_to":"","_links_to_target":""},"class_list":["post-191","page","type-page","status-publish","hentry"],"_links":{"self":[{"href":"https:\/\/sites.usp.br\/codage\/wp-json\/wp\/v2\/pages\/191","targetHints":{"allow":["GET"]}}],"collection":[{"href":"https:\/\/sites.usp.br\/codage\/wp-json\/wp\/v2\/pages"}],"about":[{"href":"https:\/\/sites.usp.br\/codage\/wp-json\/wp\/v2\/types\/page"}],"author":[{"embeddable":true,"href":"https:\/\/sites.usp.br\/codage\/wp-json\/wp\/v2\/users\/400"}],"replies":[{"embeddable":true,"href":"https:\/\/sites.usp.br\/codage\/wp-json\/wp\/v2\/comments?post=191"}],"version-history":[{"count":4,"href":"https:\/\/sites.usp.br\/codage\/wp-json\/wp\/v2\/pages\/191\/revisions"}],"predecessor-version":[{"id":2773,"href":"https:\/\/sites.usp.br\/codage\/wp-json\/wp\/v2\/pages\/191\/revisions\/2773"}],"up":[{"embeddable":true,"href":"https:\/\/sites.usp.br\/codage\/wp-json\/wp\/v2\/pages\/193"}],"wp:attachment":[{"href":"https:\/\/sites.usp.br\/codage\/wp-json\/wp\/v2\/media?parent=191"}],"curies":[{"name":"wp","href":"https:\/\/api.w.org\/{rel}","templated":true}]}}