{"id":193,"date":"2017-05-09T11:33:03","date_gmt":"2017-05-09T13:33:03","guid":{"rendered":"http:\/\/sites.usp.br\/codage\/?page_id=193"},"modified":"2017-06-21T12:41:14","modified_gmt":"2017-06-21T14:41:14","slug":"gestao-orcamentaria","status":"publish","type":"page","link":"https:\/\/sites.usp.br\/codage\/gestao-orcamentaria\/","title":{"rendered":"PRESTANDO CONTAS"},"content":{"rendered":"<h4><a href=\"\/\/sites.usp.br\/codage\/diretrizes-orcamentarias\/\">Diretriz Or\u00e7ament\u00e1ria<\/a><\/h4>\n<h4><a href=\"\/\/sites.usp.br\/codage\/prestacao-de-contas\/\">Or\u00e7amento da USP<\/a><\/h4>\n<h4><a href=\"\/\/sites.usp.br\/codage\/demonstrativo-de-receitas-e-despesas\/\">Demonstrativo de Receitas e Despesas<\/a><\/h4>\n<h4><a href=\"\/\/sites.usp.br\/codage\/demonstracoes-contabeis\/\">Demonstra\u00e7\u00f5es Cont\u00e1beis<\/a><\/h4>\n<h4><a href=\"\/\/sites.usp.br\/codage\/planilha-cruesp\/\">Planilha\u00a0CRUESP<\/a><\/h4>\n","protected":false},"excerpt":{"rendered":"<p>Diretriz Or\u00e7ament\u00e1ria Or\u00e7amento da USP Demonstrativo de Receitas e Despesas Demonstra\u00e7\u00f5es Cont\u00e1beis Planilha\u00a0CRUESP<\/p>\n","protected":false},"author":400,"featured_media":0,"parent":0,"menu_order":13,"comment_status":"closed","ping_status":"closed","template":"page-templates\/child-menu.php","meta":{"footnotes":"","_links_to":"","_links_to_target":""},"class_list":["post-193","page","type-page","status-publish","hentry"],"_links":{"self":[{"href":"https:\/\/sites.usp.br\/codage\/wp-json\/wp\/v2\/pages\/193","targetHints":{"allow":["GET"]}}],"collection":[{"href":"https:\/\/sites.usp.br\/codage\/wp-json\/wp\/v2\/pages"}],"about":[{"href":"https:\/\/sites.usp.br\/codage\/wp-json\/wp\/v2\/types\/page"}],"author":[{"embeddable":true,"href":"https:\/\/sites.usp.br\/codage\/wp-json\/wp\/v2\/users\/400"}],"replies":[{"embeddable":true,"href":"https:\/\/sites.usp.br\/codage\/wp-json\/wp\/v2\/comments?post=193"}],"version-history":[{"count":4,"href":"https:\/\/sites.usp.br\/codage\/wp-json\/wp\/v2\/pages\/193\/revisions"}],"predecessor-version":[{"id":586,"href":"https:\/\/sites.usp.br\/codage\/wp-json\/wp\/v2\/pages\/193\/revisions\/586"}],"wp:attachment":[{"href":"https:\/\/sites.usp.br\/codage\/wp-json\/wp\/v2\/media?parent=193"}],"curies":[{"name":"wp","href":"https:\/\/api.w.org\/{rel}","templated":true}]}}