{"id":389,"date":"2021-03-25T10:00:25","date_gmt":"2021-03-25T12:00:25","guid":{"rendered":"http:\/\/sites.usp.br\/codage\/?page_id=389"},"modified":"2026-03-17T15:36:16","modified_gmt":"2026-03-17T17:36:16","slug":"planilha-cruesp","status":"publish","type":"page","link":"https:\/\/sites.usp.br\/codage\/gestao-orcamentaria\/planilha-cruesp\/","title":{"rendered":"Planilha CRUESP"},"content":{"rendered":"<h1><strong>Conceitos da Planilha CRUESP<\/strong><\/h1>\n<hr \/>\n<h2>ICMS L\u00edquido Previsto<\/h2>\n<p>A base de c\u00e1lculo do valor devido a ser repassado pela Secretaria da Fazenda do Estado \u2013 SFESP \u00e0 Universidade, considera a arrecada\u00e7\u00e3o do ICMS descontada a quota-parte dos munic\u00edpios (25% do total da arrecada\u00e7\u00e3o) e os recursos dos Programas Habitacionais.<\/p>\n<p>A partir de 2002, o valor deduzido mensalmente da arrecada\u00e7\u00e3o do ICMS quota-parte do Estado para repasse aos Programas Habitacionais, corresponde a 1\/12 do montante de recursos aprovados para essa finalidade na Lei Or\u00e7ament\u00e1ria. O valor da arrecada\u00e7\u00e3o do ICMS em um dado m\u00eas \u00e9 anunciado em dois momentos no tempo:<\/p>\n<p>a) No in\u00edcio do m\u00eas a SFESP informa o valor da arrecada\u00e7\u00e3o prevista. A partir dessa previs\u00e3o \u00e9 calculada a quota-parte da Universidade a ser liberada;<br \/>\nb) Os valores efetivamente arrecadados (dados definitivos) do m\u00eas que se encerrou s\u00e3o lan\u00e7ados no Sistema de Informa\u00e7\u00f5es Gerenciais de Execu\u00e7\u00e3o Or\u00e7ament\u00e1ria &#8211; SIGEO da Secretaria da Fazenda entre o primeiro e o vig\u00e9simo dia do pr\u00f3ximo m\u00eas. Com base nesse valor \u00e9 efetuado um ajuste do montante repassado no m\u00eas anterior. Essa corre\u00e7\u00e3o significar\u00e1 um desconto ou acr\u00e9scimo no valor repassado, caso a arrecada\u00e7\u00e3o tenha sido menor ou maior que a previs\u00e3o de arrecada\u00e7\u00e3o feita no in\u00edcio do m\u00eas anterior.<\/p>\n<h2>Pessoal<\/h2>\n<p>O valor bruto da folha de pagamento apresentado na planilha CRUESP obedece \u00e0 metodologia adotada pelo CRUESP para expressar as despesas com pessoal e encargos sociais, e incluem:<\/p>\n<ul>\n<li>o sal\u00e1rio l\u00edquido pago;<\/li>\n<li>as obriga\u00e7\u00f5es patronais e de lei;<\/li>\n<li>valores pagos a t\u00edtulo de aux\u00edlio creche, alimenta\u00e7\u00e3o e refei\u00e7\u00e3o;<\/li>\n<li>a provis\u00e3o feita para o pagamento do 13\u00ba do sal\u00e1rio, distribuido na propor\u00e7\u00e3o de 1\/12 a cada m\u00eas; e<\/li>\n<li>a provis\u00e3o feita para o pagamento do adicional constitucional de f\u00e9rias (1\/3), distribu\u00eddo uniformemente na propr\u00e7\u00e3o de 1\/36 a cada m\u00eas.<\/li>\n<\/ul>\n<p>Nos \u00faltimos dois itens, provis\u00e3o para o 13\u00ba sal\u00e1rio e f\u00e9rias, a distribui\u00e7\u00e3o ao longo do ano contribui para suavizar os picos de gastos com pessoal que ocorrem nos per\u00edodos de f\u00e9rias escolares e em novembro e dezembro, quando \u00e9 pago o 13\u00ba sal\u00e1rio. Para que n\u00e3o se cometa dupla contagem, s\u00e3o expurgados da folha de pagamento mensal o valor do adicional constitucional de f\u00e9rias (1\/3) pago em cada m\u00eas, e a antecipa\u00e7\u00e3o do 13\u00ba para os funcion\u00e1rios celetistas.<\/p>\n<p>&nbsp;<\/p>\n<h1><strong>Planilha Cruesp<\/strong><\/h1>\n<p><a href=\"http:\/\/sites.usp.br\/codage\/wp-content\/uploads\/sites\/264\/2026\/03\/quad02-2026.pdf\">Quadro 02-2026<\/a><\/p>\n<p>&nbsp;<\/p>\n<ul>\n<li><a href=\"http:\/\/sites.usp.br\/codage\/wp-content\/uploads\/sites\/264\/2026\/01\/quad12-2025_Fechamento.pdf\">Fechamento_2025<\/a><\/li>\n<li><a href=\"https:\/\/sites.usp.br\/codage\/wp-content\/uploads\/sites\/264\/2025\/01\/quad12-2024_Fechamento.pdf\">Fechamento_2024<\/a><\/li>\n<li><a href=\"https:\/\/sites.usp.br\/codage\/wp-content\/uploads\/sites\/264\/2024\/03\/quad12-2023__Fechamento.pdf\">Fechamento 2023<\/a><\/li>\n<li><a href=\"https:\/\/sites.usp.br\/codage\/wp-content\/uploads\/sites\/264\/2023\/01\/quad12-2022_Fechamento.pdf\">Fechamento 2022<\/a><\/li>\n<li><a href=\"https:\/\/sites.usp.br\/codage\/wp-content\/uploads\/sites\/264\/2022\/01\/quad12_2021_Fechamento.pdf\">Fechamento 2021<\/a><\/li>\n<li><a href=\"https:\/\/sites.usp.br\/codage\/wp-content\/uploads\/sites\/264\/2021\/09\/quad12-2020-fechamento.pdf\">Fechamento 2020<\/a><\/li>\n<li><a href=\"https:\/\/sites.usp.br\/codage\/wp-content\/uploads\/sites\/264\/2021\/09\/quad12-2019-fechamento.pdf\">Fechamento 2019<\/a><\/li>\n<li><a href=\"https:\/\/sites.usp.br\/codage\/wp-content\/uploads\/sites\/264\/2021\/09\/Fechamento-2018.pdf\">Fechamento 2018<\/a><\/li>\n<li><a href=\"https:\/\/sites.usp.br\/codage\/wp-content\/uploads\/sites\/264\/2021\/09\/quad12-2017-fechamento.pdf\">Fechamento 2017<\/a><\/li>\n<li><a href=\"https:\/\/sites.usp.br\/codage\/wp-content\/uploads\/sites\/264\/2021\/09\/quad12-2016-fechamento.pdf\">Fechamento 2016<\/a><\/li>\n<li><a href=\"https:\/\/sites.usp.br\/codage\/wp-content\/uploads\/sites\/264\/2021\/09\/quad12-2015-fechamento.pdf\">Fechamento 2015<\/a><\/li>\n<li><a href=\"https:\/\/sites.usp.br\/codage\/wp-content\/uploads\/sites\/264\/2021\/09\/quad12-2014-fechamento.pdf\">Fechamento 2014<\/a><\/li>\n<li><a href=\"https:\/\/sites.usp.br\/codage\/wp-content\/uploads\/sites\/264\/2021\/09\/quad12-2013-fechamento.pdf\">Fechamento 2013<\/a><\/li>\n<li><a href=\"https:\/\/sites.usp.br\/codage\/wp-content\/uploads\/sites\/264\/2021\/09\/quad12-2012-fechamento.pdf\">Fechamento 2012<\/a><\/li>\n<li><a href=\"https:\/\/sites.usp.br\/codage\/wp-content\/uploads\/sites\/264\/2021\/09\/Fechamento-2011-Tabela-8.pdf\">Fechamento 2011<\/a><\/li>\n<li><a href=\"https:\/\/sites.usp.br\/codage\/wp-content\/uploads\/sites\/264\/2021\/09\/quad12-2010-fechamento.pdf\">Fechamento 2010<\/a><\/li>\n<li><a href=\"https:\/\/sites.usp.br\/codage\/wp-content\/uploads\/sites\/264\/2021\/09\/quad12-2009-fechamento.pdf\">Fechamento 2009<\/a><\/li>\n<\/ul>\n","protected":false},"excerpt":{"rendered":"<p>Conceitos da Planilha CRUESP ICMS L\u00edquido Previsto A base de c\u00e1lculo do valor devido a ser repassado pela Secretaria da Fazenda do Estado \u2013 SFESP \u00e0 Universidade, considera a arrecada\u00e7\u00e3o do ICMS descontada a&#46;&#46;&#46;<\/p>\n","protected":false},"author":400,"featured_media":0,"parent":193,"menu_order":13,"comment_status":"closed","ping_status":"closed","template":"page-templates\/child-menu.php","meta":{"footnotes":"","_links_to":"","_links_to_target":""},"class_list":["post-389","page","type-page","status-publish","hentry"],"_links":{"self":[{"href":"https:\/\/sites.usp.br\/codage\/wp-json\/wp\/v2\/pages\/389","targetHints":{"allow":["GET"]}}],"collection":[{"href":"https:\/\/sites.usp.br\/codage\/wp-json\/wp\/v2\/pages"}],"about":[{"href":"https:\/\/sites.usp.br\/codage\/wp-json\/wp\/v2\/types\/page"}],"author":[{"embeddable":true,"href":"https:\/\/sites.usp.br\/codage\/wp-json\/wp\/v2\/users\/400"}],"replies":[{"embeddable":true,"href":"https:\/\/sites.usp.br\/codage\/wp-json\/wp\/v2\/comments?post=389"}],"version-history":[{"count":5,"href":"https:\/\/sites.usp.br\/codage\/wp-json\/wp\/v2\/pages\/389\/revisions"}],"predecessor-version":[{"id":2855,"href":"https:\/\/sites.usp.br\/codage\/wp-json\/wp\/v2\/pages\/389\/revisions\/2855"}],"up":[{"embeddable":true,"href":"https:\/\/sites.usp.br\/codage\/wp-json\/wp\/v2\/pages\/193"}],"wp:attachment":[{"href":"https:\/\/sites.usp.br\/codage\/wp-json\/wp\/v2\/media?parent=389"}],"curies":[{"name":"wp","href":"https:\/\/api.w.org\/{rel}","templated":true}]}}