{"id":393,"date":"2017-05-17T12:53:59","date_gmt":"2017-05-17T14:53:59","guid":{"rendered":"http:\/\/sites.usp.br\/codage\/?page_id=393"},"modified":"2026-03-31T10:25:30","modified_gmt":"2026-03-31T12:25:30","slug":"demonstracoes-contabeis","status":"publish","type":"page","link":"https:\/\/sites.usp.br\/codage\/gestao-orcamentaria\/demonstracoes-contabeis\/","title":{"rendered":"Balan\u00e7o"},"content":{"rendered":"<h1>Balan\u00e7os Or\u00e7ament\u00e1rios, Financeiros, Patrimoniais e Demonstrativo das Varia\u00e7\u00f5es Patrimoniais<\/h1>\n<div id=\"node-36\" class=\"node clear-block\">\n<div>As Demonstra\u00e7\u00f5es Cont\u00e1beis da Universidade de S\u00e3o Paulo contemplam uma execu\u00e7\u00e3o e a an\u00e1lise dos Or\u00e7amentos Fiscal e da Seguridade Social, sendo materializadas nos Balan\u00e7os Or\u00e7ament\u00e1rio, Financeiro e Patrimonial, nas Demonstra\u00e7\u00f5es das Varia\u00e7\u00f5es Patrimoniais e dos Fluxos de Caixa.<\/div>\n<div><\/div>\n<div><\/div>\n<\/div>\n<div><\/div>\n<div><\/div>\n<div><\/div>\n<div id=\"node-36\" class=\"node clear-block\">\n<div><\/div>\n<div class=\"meta\"><strong>EXERC\u00cdCIO<\/strong>:<\/div>\n<\/div>\n<p>&nbsp;<\/p>\n<h4>2025<\/h4>\n<p><a href=\"http:\/\/sites.usp.br\/codage\/wp-content\/uploads\/sites\/264\/2026\/03\/Balanco_2025.pdf\">Balan\u00e7o Completo<\/a><\/p>\n<p>&nbsp;<\/p>\n<p><strong><a href=\"https:\/\/sites.usp.br\/codage\/wp-content\/uploads\/sites\/264\/2025\/03\/Balanco_2024.pdf\">2024<\/a><\/strong><\/p>\n<h4><a href=\"https:\/\/sites.usp.br\/codage\/wp-content\/uploads\/sites\/264\/2024\/04\/Balanco_2023.pdf\"><strong>2023<\/strong><\/a><\/h4>\n<h4><strong><a href=\"https:\/\/sites.usp.br\/codage\/wp-content\/uploads\/sites\/264\/2023\/04\/Balanco_2022.pdf\">2022<\/a><\/strong><\/h4>\n<h4><a href=\"https:\/\/sites.usp.br\/codage\/wp-content\/uploads\/sites\/264\/2022\/06\/Balanco_2021-1.pdf\"><strong>2021<\/strong><\/a><\/h4>\n<h4 style=\"text-align: left;\"><a href=\"https:\/\/sites.usp.br\/codage\/wp-content\/uploads\/sites\/264\/2021\/09\/Bal2020.pdf\">2020<\/a><\/h4>\n<h4><strong><a href=\"https:\/\/sites.usp.br\/codage\/wp-content\/uploads\/sites\/264\/2021\/09\/Bal2019.pdf\">2019<\/a><\/strong><\/h4>\n<div id=\"node-36\" class=\"node clear-block\">\n<h4><strong><a href=\"https:\/\/sites.usp.br\/codage\/wp-content\/uploads\/sites\/264\/2021\/09\/Bal2018.pdf\">2018<\/a><\/strong><\/h4>\n<h4><strong><a href=\"https:\/\/sites.usp.br\/codage\/wp-content\/uploads\/sites\/264\/2021\/09\/Bal2017.pdf\">2017<\/a><\/strong><\/h4>\n<h4><strong><a href=\"https:\/\/sites.usp.br\/codage\/wp-content\/uploads\/sites\/264\/2021\/09\/Bal2016.pdf\">2016<\/a><\/strong><\/h4>\n<h4><strong><a href=\"https:\/\/sites.usp.br\/codage\/wp-content\/uploads\/sites\/264\/2021\/09\/bal2015.pdf\">2015<\/a><\/strong><\/h4>\n<h4><a href=\"https:\/\/sites.usp.br\/codage\/wp-content\/uploads\/sites\/264\/2021\/09\/bal2014.pdf\">2014<\/a><\/h4>\n<h4><a href=\"https:\/\/sites.usp.br\/codage\/wp-content\/uploads\/sites\/264\/2021\/09\/bal2013.pdf\">2013<\/a><\/h4>\n<h4><a href=\"https:\/\/sites.usp.br\/codage\/wp-content\/uploads\/sites\/264\/2021\/09\/bal2012.pdf\">2012<\/a><\/h4>\n<h4><a href=\"https:\/\/sites.usp.br\/codage\/wp-content\/uploads\/sites\/264\/2021\/09\/Bal_2011.pdf\">2011<\/a><\/h4>\n<h4><a href=\"https:\/\/sites.usp.br\/codage\/wp-content\/uploads\/sites\/264\/2021\/09\/Bal_2010.pdf\">2010<\/a><\/h4>\n<h4><a href=\"https:\/\/sites.usp.br\/codage\/wp-content\/uploads\/sites\/264\/2021\/09\/Bal_2009.pdf\">2009<\/a><\/h4>\n<h4><a href=\"https:\/\/sites.usp.br\/codage\/wp-content\/uploads\/sites\/264\/2021\/09\/Bal_2008.pdf\">20<\/a><a href=\"https:\/\/sites.usp.br\/codage\/wp-content\/uploads\/sites\/264\/2021\/09\/Bal_2008.pdf\">08<\/a><\/h4>\n<h4><a href=\"https:\/\/sites.usp.br\/codage\/wp-content\/uploads\/sites\/264\/2021\/09\/Bal_2007.pdf\">2007<\/a><\/h4>\n<h4><a href=\"https:\/\/sites.usp.br\/codage\/wp-content\/uploads\/sites\/264\/2021\/09\/Bal_2006.pdf\">2006<\/a><\/h4>\n<h4><a href=\"https:\/\/sites.usp.br\/codage\/wp-content\/uploads\/sites\/264\/2021\/09\/Bal_2005.pdf\">2005<\/a><\/h4>\n<h4><a href=\"https:\/\/sites.usp.br\/codage\/wp-content\/uploads\/sites\/264\/2021\/09\/Bal_2004.pdf\">2004<\/a><\/h4>\n<h4><a href=\"https:\/\/sites.usp.br\/codage\/wp-content\/uploads\/sites\/264\/2021\/09\/Bal_2003.pdf\">2003<\/a><\/h4>\n<h4><a href=\"https:\/\/sites.usp.br\/codage\/wp-content\/uploads\/sites\/264\/2021\/09\/Bal_2002.pdf\">2002<\/a><\/h4>\n<\/div>\n","protected":false},"excerpt":{"rendered":"<p>Balan\u00e7os Or\u00e7ament\u00e1rios, Financeiros, Patrimoniais e Demonstrativo das Varia\u00e7\u00f5es Patrimoniais As Demonstra\u00e7\u00f5es Cont\u00e1beis da Universidade de S\u00e3o Paulo contemplam uma execu\u00e7\u00e3o e a an\u00e1lise dos Or\u00e7amentos Fiscal e da Seguridade Social, sendo materializadas nos Balan\u00e7os&#46;&#46;&#46;<\/p>\n","protected":false},"author":400,"featured_media":0,"parent":193,"menu_order":5,"comment_status":"closed","ping_status":"closed","template":"page-templates\/child-menu.php","meta":{"footnotes":"","_links_to":"","_links_to_target":""},"class_list":["post-393","page","type-page","status-publish","hentry"],"_links":{"self":[{"href":"https:\/\/sites.usp.br\/codage\/wp-json\/wp\/v2\/pages\/393","targetHints":{"allow":["GET"]}}],"collection":[{"href":"https:\/\/sites.usp.br\/codage\/wp-json\/wp\/v2\/pages"}],"about":[{"href":"https:\/\/sites.usp.br\/codage\/wp-json\/wp\/v2\/types\/page"}],"author":[{"embeddable":true,"href":"https:\/\/sites.usp.br\/codage\/wp-json\/wp\/v2\/users\/400"}],"replies":[{"embeddable":true,"href":"https:\/\/sites.usp.br\/codage\/wp-json\/wp\/v2\/comments?post=393"}],"version-history":[{"count":5,"href":"https:\/\/sites.usp.br\/codage\/wp-json\/wp\/v2\/pages\/393\/revisions"}],"predecessor-version":[{"id":2875,"href":"https:\/\/sites.usp.br\/codage\/wp-json\/wp\/v2\/pages\/393\/revisions\/2875"}],"up":[{"embeddable":true,"href":"https:\/\/sites.usp.br\/codage\/wp-json\/wp\/v2\/pages\/193"}],"wp:attachment":[{"href":"https:\/\/sites.usp.br\/codage\/wp-json\/wp\/v2\/media?parent=393"}],"curies":[{"name":"wp","href":"https:\/\/api.w.org\/{rel}","templated":true}]}}