{"id":544,"date":"2017-06-13T16:58:30","date_gmt":"2017-06-13T18:58:30","guid":{"rendered":"http:\/\/sites.usp.br\/codage\/?page_id=544"},"modified":"2024-11-28T13:24:37","modified_gmt":"2024-11-28T15:24:37","slug":"portarias-codage","status":"publish","type":"page","link":"https:\/\/sites.usp.br\/codage\/comunicados\/portarias-codage\/","title":{"rendered":"Portarias Codage"},"content":{"rendered":"<h4><a href=\"https:\/\/sites.usp.br\/codage\/wp-content\/uploads\/sites\/264\/2023\/10\/Portaria-CODAGE-577.2023_30.08.23.pdf\">Portaria Codage 577 &#8211; 2023_30.08.23- Gerenciamento de Bens<\/a><\/h4>\n<h4><a href=\"https:\/\/sites.usp.br\/codage\/wp-content\/uploads\/sites\/264\/2023\/10\/Portaria_CODAGE_574.2023_Nao-Localizados.pdf\">Portaria Codage 574 &#8211; 2023 &#8211; Bens N\u00e3o Localizados<\/a><\/h4>\n<p>&nbsp;<\/p>\n<h4><a href=\"https:\/\/sites.usp.br\/codage\/wp-content\/uploads\/sites\/264\/2022\/07\/Portaria-CODAGE-685-de-15.07.2022.pdf\">Portaria Codage 685, de 15.07.2022<\/a><\/h4>\n<h4><\/h4>\n<p>&nbsp;<\/p>\n<h4><a href=\"https:\/\/sites.usp.br\/codage\/wp-content\/uploads\/sites\/264\/2021\/09\/Portaria-Codage-791.2019.pdf\">Portaria Codage 791.2019<\/a><\/h4>\n<h4><a href=\"https:\/\/sites.usp.br\/codage\/wp-content\/uploads\/sites\/264\/2021\/09\/Portaria-Codage-615.2019.pdf\">Portaria Codage 615.2019<\/a><\/h4>\n<h4><a href=\"https:\/\/sites.usp.br\/codage\/wp-content\/uploads\/sites\/264\/2021\/09\/Portaria-Codage-614.2019.pdf\">Portaria Codage 614.2019<\/a><\/h4>\n<h4><a href=\"https:\/\/sites.usp.br\/codage\/wp-content\/uploads\/sites\/264\/2021\/09\/Portaria-Codage-613.2019.pdf\">Portaria Codage 613.2019<\/a><\/h4>\n<p>&nbsp;<\/p>\n<h4><a href=\"https:\/\/sites.usp.br\/codage\/wp-content\/uploads\/sites\/264\/2021\/09\/Portaria-CODAGE-1014-2018-revoga-Port-Codage-52-2018-1.pdf\">Portaria CODAGE 1014 2018 revoga <\/a><a href=\"https:\/\/sites.usp.br\/codage\/wp-content\/uploads\/sites\/264\/2021\/09\/Portaria-CODAGE-1014-2018-revoga-Port-Codage-52-2018-1.pdf\">Port Codage 52 2018<\/a><\/h4>\n<h4><a href=\"https:\/\/sites.usp.br\/codage\/wp-content\/uploads\/sites\/264\/2021\/09\/Portaria-CODAGE-967_2018-DOE-1.pdf\">Portaria CODAGE 967_2018 DOE<\/a><\/h4>\n<h4><a href=\"https:\/\/sites.usp.br\/codage\/wp-content\/uploads\/sites\/264\/2021\/09\/Portaria-CODAGE-52-2018-valores-contratuais-com-duas-casas-decimais.pdf\">Portaria CODAGE 52 2018 &#8211; valores contratuais com duas casas decimais<\/a><\/h4>\n<p>&nbsp;<\/p>\n<h4><a href=\"\/\/sites.usp.br\/codage\/wp-content\/uploads\/sites\/264\/2017\/06\/Portaria_561-2015_Consigna\u00e7\u00f5es-por-meio-eletr\u00f4nico.pdf\">Portaria_561-2015_Consigna\u00e7\u00f5es por meio eletr\u00f4nico<\/a><\/h4>\n<p>&nbsp;<\/p>\n<h4><a href=\"\/\/sites.usp.br\/codage\/wp-content\/uploads\/sites\/264\/2017\/06\/Portaria_909-2013_Redu\u00e7\u00e3o-contratos-terceiros.pdf\">Portaria_909-2013_Redu\u00e7\u00e3o contratos terceiros<\/a><\/h4>\n<p>&nbsp;<\/p>\n<h4><a href=\"\/\/sites.usp.br\/codage\/wp-content\/uploads\/sites\/264\/2017\/06\/Portaria_003-2012_Designa\u00e7\u00e3o-Comit\u00eas-e-Subcomit\u00eas.pdf\">Portaria_003-2012_Designa\u00e7\u00e3o Comit\u00eas e Subcomit\u00eas<\/a><\/h4>\n<h4><a href=\"\/\/sites.usp.br\/codage\/wp-content\/uploads\/sites\/264\/2017\/06\/Portaria_002-2012_Anula\u00e7\u00e3o-elei\u00e7\u00e3o.pdf\">Portaria_002-2012_Anula\u00e7\u00e3o elei\u00e7\u00e3o<\/a><\/h4>\n<h4><a href=\"\/\/sites.usp.br\/codage\/wp-content\/uploads\/sites\/264\/2017\/06\/Portaria_001-2012_Resultado-Elei\u00e7\u00f5es.pdf\">Portaria_001-2012_Resultado Elei\u00e7\u00f5es<\/a><\/h4>\n<h4><a href=\"\/\/sites.usp.br\/codage\/wp-content\/uploads\/sites\/264\/2017\/06\/Portaria_001-2012_Inscritos.pdf\">Portaria_001-2012_Inscritos<\/a><\/h4>\n<h4><a href=\"\/\/sites.usp.br\/codage\/wp-content\/uploads\/sites\/264\/2017\/06\/Modelo_Inscri\u00e7\u00e3o_Subcomit\u00ea.pdf\">Modelo_Inscri\u00e7\u00e3o_Subcomit\u00ea<\/a><\/h4>\n<h4><a href=\"\/\/sites.usp.br\/codage\/wp-content\/uploads\/sites\/264\/2017\/06\/Modelo_Inscri\u00e7\u00e3o_Comit\u00ea.pdf\">Modelo_Inscri\u00e7\u00e3o_Comit\u00ea<\/a><\/h4>\n<p>&nbsp;<\/p>\n","protected":false},"excerpt":{"rendered":"<p>Portaria Codage 577 &#8211; 2023_30.08.23- Gerenciamento de Bens Portaria Codage 574 &#8211; 2023 &#8211; Bens N\u00e3o Localizados &nbsp; Portaria Codage 685, de 15.07.2022 &nbsp; Portaria Codage 791.2019 Portaria Codage 615.2019 Portaria Codage 614.2019 Portaria&#46;&#46;&#46;<\/p>\n","protected":false},"author":400,"featured_media":0,"parent":422,"menu_order":1,"comment_status":"closed","ping_status":"closed","template":"page-templates\/child-menu.php","meta":{"footnotes":"","_links_to":"","_links_to_target":""},"class_list":["post-544","page","type-page","status-publish","hentry"],"_links":{"self":[{"href":"https:\/\/sites.usp.br\/codage\/wp-json\/wp\/v2\/pages\/544","targetHints":{"allow":["GET"]}}],"collection":[{"href":"https:\/\/sites.usp.br\/codage\/wp-json\/wp\/v2\/pages"}],"about":[{"href":"https:\/\/sites.usp.br\/codage\/wp-json\/wp\/v2\/types\/page"}],"author":[{"embeddable":true,"href":"https:\/\/sites.usp.br\/codage\/wp-json\/wp\/v2\/users\/400"}],"replies":[{"embeddable":true,"href":"https:\/\/sites.usp.br\/codage\/wp-json\/wp\/v2\/comments?post=544"}],"version-history":[{"count":5,"href":"https:\/\/sites.usp.br\/codage\/wp-json\/wp\/v2\/pages\/544\/revisions"}],"predecessor-version":[{"id":2504,"href":"https:\/\/sites.usp.br\/codage\/wp-json\/wp\/v2\/pages\/544\/revisions\/2504"}],"up":[{"embeddable":true,"href":"https:\/\/sites.usp.br\/codage\/wp-json\/wp\/v2\/pages\/422"}],"wp:attachment":[{"href":"https:\/\/sites.usp.br\/codage\/wp-json\/wp\/v2\/media?parent=544"}],"curies":[{"name":"wp","href":"https:\/\/api.w.org\/{rel}","templated":true}]}}