{"id":662,"date":"2017-07-14T11:43:57","date_gmt":"2017-07-14T13:43:57","guid":{"rendered":"http:\/\/sites.usp.br\/codage\/?page_id=662"},"modified":"2022-06-10T10:51:30","modified_gmt":"2022-06-10T12:51:30","slug":"circulares-2011","status":"publish","type":"page","link":"https:\/\/sites.usp.br\/codage\/comunicados\/circular-codage\/circulares-2011\/","title":{"rendered":"Circulares 2011"},"content":{"rendered":"<p><a href=\"\/\/sites.usp.br\/codage\/wp-content\/uploads\/sites\/264\/2017\/07\/2011_CIRC-040-Condutor-ausente.pdf\">CIRC-040 &#8211;\u00a0 2011<\/a> (Indica\u00e7\u00e3o de Condutor Ausente)<\/p>\n<p><a href=\"\/\/sites.usp.br\/codage\/wp-content\/uploads\/sites\/264\/2017\/07\/2011_CIRC-037-Compensacao-de-horas.pdf\">CIRC-037 &#8211; 2011<\/a> (Compensa\u00e7\u00e3o de horas)<\/p>\n<p><a href=\"\/\/sites.usp.br\/codage\/wp-content\/uploads\/sites\/264\/2017\/07\/2011_CIRC-034-Diarias.pdf\">CIRC-034 &#8211; 2011\u00a0<\/a> (Tabela de di\u00e1rias em vigor a partir de 28\/11\/2011)<\/p>\n<p><a href=\"\/\/sites.usp.br\/codage\/wp-content\/uploads\/sites\/264\/2017\/07\/2011_CIRC-032-SAUSP.pdf\">CIRC-032 &#8211; 2011\u00a0<\/a> (Convite participa\u00e7\u00e3o 2\u00ba Semin\u00e1rio de Documentos em Meio Digital)<\/p>\n<p><a href=\"\/\/sites.usp.br\/codage\/wp-content\/uploads\/sites\/264\/2017\/07\/2011_CIRC-031-Programa-de-Incentivo-a-Pesquisa.pdf\">CIRC-031 &#8211; 2011\u00a0<\/a> (Procedimento para execu\u00e7\u00e3o Programa da Reitoria da USP de Incentivo \u00e0 Pesquisa)<\/p>\n<p><a href=\"\/\/sites.usp.br\/codage\/wp-content\/uploads\/sites\/264\/2017\/07\/2011_CIRC-024-DI.pdf\">CIRC-024 &#8211; 2011<\/a> (Disciplina repasse de valores por presta\u00e7\u00e3o de servi\u00e7os aos Centro de Inform\u00e1tica pelas Unidades\/\u00d3rg\u00e3os)<\/p>\n<p><a href=\"\/\/sites.usp.br\/codage\/wp-content\/uploads\/sites\/264\/2017\/07\/2011_CIRC-020-DF.pdf\">CIRC-020 &#8211; 2011<\/a> (Tabela de di\u00e1rias em vigor a partir de 1\u00ba\/08\/2011<\/p>\n<p><a href=\"\/\/sites.usp.br\/codage\/wp-content\/uploads\/sites\/264\/2017\/07\/2011_CIRC-018-DRH.pdf\">CIRC-018 &#8211; 2011<\/a> (Recadastramento Anual dos Servidores Aposentados)<\/p>\n<p><a href=\"\/\/sites.usp.br\/codage\/wp-content\/uploads\/sites\/264\/2017\/07\/2011_CIRC-017-e-anexo-DA.pdf\">CIRC-017 &#8211; 2011 e anexo<\/a> (Orienta\u00e7\u00e3o procedimento licitat\u00f3rios contrata\u00e7\u00e3o servi\u00e7os de c\u00f3pias e impress\u00e3o por meio de equipamentos multifuncionais)<\/p>\n<p><a href=\"\/\/sites.usp.br\/codage\/wp-content\/uploads\/sites\/264\/2017\/07\/2011_CIRC-016.pdf\">CIRC-016 &#8211; 2011<\/a> (Despesas com refei\u00e7\u00e3o &#8211; gest\u00e3o)<\/p>\n<p><a href=\"\/\/sites.usp.br\/codage\/wp-content\/uploads\/sites\/264\/2017\/07\/2011_CIRC-015.pdf\">CIRC-015 &#8211; 2011<\/a> (Despesas com refei\u00e7\u00f5es)<\/p>\n<p><a href=\"\/\/sites.usp.br\/codage\/wp-content\/uploads\/sites\/264\/2017\/07\/2011_CIRC-009-Mandatos-Eletivos.pdf\">CIRC-009 &#8211; 2011<\/a> (Cumprimento de madatos eletivos servidores aposentados pela compuls\u00f3ria)<\/p>\n<p><a href=\"\/\/sites.usp.br\/codage\/wp-content\/uploads\/sites\/264\/2017\/07\/2011_CIRC-006-DRH.pdf\">CIRC-006 &#8211; 2011<\/a> (Orienta\u00e7\u00e3o sobre Invalidade Jornada de Trabalho 12 x 36 na USP)<\/p>\n<p><a href=\"\/\/sites.usp.br\/codage\/wp-content\/uploads\/sites\/264\/2017\/07\/2011_CIRC-005-GR.pdf\">CIRC-005 &#8211; 2011<\/a> (Tabela de di\u00e1rias em vigor a partir de 1\u00ba\/03\/2011)<\/p>\n<p>&nbsp;<\/p>\n<p>&nbsp;<\/p>\n<p>&nbsp;<\/p>\n<p>&nbsp;<\/p>\n<p>&nbsp;<\/p>\n<p>&nbsp;<\/p>\n<p>&nbsp;<\/p>\n<p>&nbsp;<\/p>\n<p>&nbsp;<\/p>\n<p>&nbsp;<\/p>\n<p>&nbsp;<\/p>\n<p>&nbsp;<\/p>\n<p>&nbsp;<\/p>\n","protected":false},"excerpt":{"rendered":"<p>CIRC-040 &#8211;\u00a0 2011 (Indica\u00e7\u00e3o de Condutor Ausente) CIRC-037 &#8211; 2011 (Compensa\u00e7\u00e3o de horas) CIRC-034 &#8211; 2011\u00a0 (Tabela de di\u00e1rias em vigor a partir de 28\/11\/2011) CIRC-032 &#8211; 2011\u00a0 (Convite participa\u00e7\u00e3o 2\u00ba Semin\u00e1rio de Documentos&#46;&#46;&#46;<\/p>\n","protected":false},"author":400,"featured_media":0,"parent":540,"menu_order":21,"comment_status":"closed","ping_status":"closed","template":"","meta":{"footnotes":"","_links_to":"","_links_to_target":""},"class_list":["post-662","page","type-page","status-publish","hentry"],"_links":{"self":[{"href":"https:\/\/sites.usp.br\/codage\/wp-json\/wp\/v2\/pages\/662","targetHints":{"allow":["GET"]}}],"collection":[{"href":"https:\/\/sites.usp.br\/codage\/wp-json\/wp\/v2\/pages"}],"about":[{"href":"https:\/\/sites.usp.br\/codage\/wp-json\/wp\/v2\/types\/page"}],"author":[{"embeddable":true,"href":"https:\/\/sites.usp.br\/codage\/wp-json\/wp\/v2\/users\/400"}],"replies":[{"embeddable":true,"href":"https:\/\/sites.usp.br\/codage\/wp-json\/wp\/v2\/comments?post=662"}],"version-history":[{"count":4,"href":"https:\/\/sites.usp.br\/codage\/wp-json\/wp\/v2\/pages\/662\/revisions"}],"predecessor-version":[{"id":1926,"href":"https:\/\/sites.usp.br\/codage\/wp-json\/wp\/v2\/pages\/662\/revisions\/1926"}],"up":[{"embeddable":true,"href":"https:\/\/sites.usp.br\/codage\/wp-json\/wp\/v2\/pages\/540"}],"wp:attachment":[{"href":"https:\/\/sites.usp.br\/codage\/wp-json\/wp\/v2\/media?parent=662"}],"curies":[{"name":"wp","href":"https:\/\/api.w.org\/{rel}","templated":true}]}}