{"id":693,"date":"2017-07-14T11:52:30","date_gmt":"2017-07-14T13:52:30","guid":{"rendered":"http:\/\/sites.usp.br\/codage\/?page_id=693"},"modified":"2022-10-04T18:21:37","modified_gmt":"2022-10-04T20:21:37","slug":"circulares-2013","status":"publish","type":"page","link":"https:\/\/sites.usp.br\/codage\/comunicados\/circular-codage\/circulares-2013\/","title":{"rendered":"Circulares 2013"},"content":{"rendered":"<p><a href=\"\/\/sites.usp.br\/codage\/wp-content\/uploads\/sites\/264\/2017\/07\/VREA-CIRC-027-2013.pdf\">VREA-CIRC-027-2013<\/a> (Infraestrutura TI servi\u00e7o NuvemUSP)<\/p>\n<p><a href=\"\/\/sites.usp.br\/codage\/wp-content\/uploads\/sites\/264\/2017\/07\/VREA-CIRC-026-2013.pdf\">VREA-CIRC-026-2013<\/a> (Convite &#8220;3\u00ba Semin\u00e1rio Documentos em Meio Digital: da Produ\u00e7\u00e3o \u00e0 Preserva\u00e7\u00e3o&#8221;)<\/p>\n<p><a href=\"\/\/sites.usp.br\/codage\/wp-content\/uploads\/sites\/264\/2017\/07\/VREA-CIRC-025-2013.pdf\">VREA-CIRC-025-2013<\/a> (Informa sobre estudo readequa\u00e7\u00e3o postos vigil\u00e2ncia e portaria a ser realizado pela Superintend\u00eancia de Seguran\u00e7a)<\/p>\n<p><a href=\"https:\/\/sites.usp.br\/codage\/wp-content\/uploads\/sites\/264\/2017\/07\/VREA-CIRC-022-2013.pdf\">VREA-CIRC-022-2013<\/a> <a href=\"https:\/\/sites.usp.br\/codage\/wp-content\/uploads\/sites\/264\/2022\/10\/COMPLEMENTO-DE-OFICIO-VREA-22-2013.pdf\">COMPLEMENTO DE OF-VREA-22<\/a>\u00a0(Aprimoramento atividades administrativas\/financeiras da USP)<\/p>\n<p><a href=\"\/\/sites.usp.br\/codage\/wp-content\/uploads\/sites\/264\/2017\/07\/VREA-CIRC-022-2013-esclarecimentos.pdf\">VREA-CIRC-022-2013 (esclarecimentos)<\/a> (N\u00e3o abertura de processo f\u00edsico para solicita\u00e7\u00f5es Di\u00e1rias Internacionais TA e Docentes)<\/p>\n<p><a href=\"\/\/sites.usp.br\/codage\/wp-content\/uploads\/sites\/264\/2017\/07\/VREA-CIRC-021-2013.pdf\">VREA-CIRC-021-2013<\/a> (Revoga\u00e7\u00e3o of\u00edcios circulares 15 e 16 de 12 de julho de 2011)<\/p>\n<p><a href=\"\/\/sites.usp.br\/codage\/wp-content\/uploads\/sites\/264\/2017\/07\/VREA-CIRC-020-2013.pdf\">VREA-CIRC-020-2013<\/a> (Reitera\u00e7\u00e3o orienta\u00e7\u00f5es divulgadas of\u00edcios circulares GR\/60 e DRH\/009, ambos de 2013)<\/p>\n<p><a href=\"\/\/sites.usp.br\/codage\/wp-content\/uploads\/sites\/264\/2017\/07\/VREA-CIRC-013-2013.pdf\">VREA-CIRC-013-2013<\/a> (Ref. Termo Compromisso contrata\u00e7\u00e3o de treinamento \/ capacita\u00e7\u00e3o servidores t\u00e9cnicos administrativos)<\/p>\n<p><a href=\"\/\/sites.usp.br\/codage\/wp-content\/uploads\/sites\/264\/2017\/07\/VREA-CIRC-011-2013.pdf\">VREA-CIRC-011-2013<\/a> (Regras aplica\u00e7\u00e3o 2\u00aa etapa enquadramento servidores aut\u00e1rquicos aposentados)<\/p>\n<p>&nbsp;<\/p>\n<p>&nbsp;<\/p>\n<p>&nbsp;<\/p>\n<p>&nbsp;<\/p>\n<p>&nbsp;<\/p>\n<p>&nbsp;<\/p>\n<p>&nbsp;<\/p>\n<p>&nbsp;<\/p>\n","protected":false},"excerpt":{"rendered":"<p>VREA-CIRC-027-2013 (Infraestrutura TI servi\u00e7o NuvemUSP) VREA-CIRC-026-2013 (Convite &#8220;3\u00ba Semin\u00e1rio Documentos em Meio Digital: da Produ\u00e7\u00e3o \u00e0 Preserva\u00e7\u00e3o&#8221;) VREA-CIRC-025-2013 (Informa sobre estudo readequa\u00e7\u00e3o postos vigil\u00e2ncia e portaria a ser realizado pela Superintend\u00eancia de Seguran\u00e7a) VREA-CIRC-022-2013&#46;&#46;&#46;<\/p>\n","protected":false},"author":400,"featured_media":0,"parent":540,"menu_order":17,"comment_status":"closed","ping_status":"closed","template":"","meta":{"footnotes":"","_links_to":"","_links_to_target":""},"class_list":["post-693","page","type-page","status-publish","hentry"],"_links":{"self":[{"href":"https:\/\/sites.usp.br\/codage\/wp-json\/wp\/v2\/pages\/693","targetHints":{"allow":["GET"]}}],"collection":[{"href":"https:\/\/sites.usp.br\/codage\/wp-json\/wp\/v2\/pages"}],"about":[{"href":"https:\/\/sites.usp.br\/codage\/wp-json\/wp\/v2\/types\/page"}],"author":[{"embeddable":true,"href":"https:\/\/sites.usp.br\/codage\/wp-json\/wp\/v2\/users\/400"}],"replies":[{"embeddable":true,"href":"https:\/\/sites.usp.br\/codage\/wp-json\/wp\/v2\/comments?post=693"}],"version-history":[{"count":4,"href":"https:\/\/sites.usp.br\/codage\/wp-json\/wp\/v2\/pages\/693\/revisions"}],"predecessor-version":[{"id":2026,"href":"https:\/\/sites.usp.br\/codage\/wp-json\/wp\/v2\/pages\/693\/revisions\/2026"}],"up":[{"embeddable":true,"href":"https:\/\/sites.usp.br\/codage\/wp-json\/wp\/v2\/pages\/540"}],"wp:attachment":[{"href":"https:\/\/sites.usp.br\/codage\/wp-json\/wp\/v2\/media?parent=693"}],"curies":[{"name":"wp","href":"https:\/\/api.w.org\/{rel}","templated":true}]}}