{"id":704,"date":"2017-07-14T11:55:10","date_gmt":"2017-07-14T13:55:10","guid":{"rendered":"http:\/\/sites.usp.br\/codage\/?page_id=704"},"modified":"2022-06-08T17:19:03","modified_gmt":"2022-06-08T19:19:03","slug":"circulares-2014","status":"publish","type":"page","link":"https:\/\/sites.usp.br\/codage\/comunicados\/circular-codage\/circulares-2014\/","title":{"rendered":"Circulares 2014"},"content":{"rendered":"<p><a href=\"\/\/sites.usp.br\/codage\/wp-content\/uploads\/sites\/264\/2017\/07\/CODAGE-CIRC-030-2014.pdf\">CODAGE-CIRC-030-2014<\/a> (Recolhimento de Documentos ao Arquivo Geral da USP)<\/p>\n<p><a href=\"\/\/sites.usp.br\/codage\/wp-content\/uploads\/sites\/264\/2017\/07\/CODAGE-CIRC-028-2014.pdf\">CODAGE-CIRC-028-2014<\/a> (Altera composi\u00e7\u00e3o Comiss\u00e3o Of\/CIRC\/CODAGE 11\/2014 &#8211; novo prazo realiza\u00e7\u00e3o trabalhos)<\/p>\n<p><a href=\"\/\/sites.usp.br\/codage\/wp-content\/uploads\/sites\/264\/2017\/07\/CODAGE-CIRC-019-2014.pdf\">CODAGE-CIRC-019-2014<\/a> (Cria\u00e7\u00e3o Comiss\u00e3o avalia\u00e7\u00e3o procedimentos relacionados \u00e0 Sa\u00fade e Segfuran\u00e7a Trabalho na USP)<\/p>\n<p><a href=\"\/\/sites.usp.br\/codage\/wp-content\/uploads\/sites\/264\/2017\/07\/CODAGE-CIRC-016-2014.pdf\">CODAGE-CIRC-016-2014<\/a> (Determina\u00e7\u00e3o prazo ex\u00edguo atualiza\u00e7\u00e3o s\u00edtio www.terceirizados.gov.br)<\/p>\n<p><a href=\"\/\/sites.usp.br\/codage\/wp-content\/uploads\/sites\/264\/2017\/07\/CODAGE-CIRC-011-2014.pdf\">CODAGE-CIRC-011-2014<\/a> (Cria\u00e7\u00e3o Comiss\u00e3o Avalia\u00e7\u00e3o Estrutura e Distribui\u00e7\u00e3o Quadro Seguran\u00e7a Pr\u00f3prio e Terceirizado USP)<\/p>\n<p><a href=\"\/\/sites.usp.br\/codage\/wp-content\/uploads\/sites\/264\/2017\/07\/CODAGE-CIRC-009-2014.pdf\">CODAGE-CIRC-009-2014<\/a> (Observ\u00e2ncia recomenda\u00e7\u00f5es TCE\/SP)<\/p>\n<p><a href=\"\/\/sites.usp.br\/codage\/wp-content\/uploads\/sites\/264\/2017\/07\/CODAGE-CIRC-008-2014.pdf\">CODAGE-CIRC-008-2014<\/a> (Atualiza\u00e7\u00e3o composi\u00e7\u00e3o Comiss\u00e3o Setorial SAUSP)<\/p>\n<p><a href=\"\/\/sites.usp.br\/codage\/wp-content\/uploads\/sites\/264\/2017\/07\/CODAGE-CIRC-007-2014.pdf\">CODAGE-CIRC-007-2014<\/a> (Banco de Oportunidades USP)<\/p>\n<p><a href=\"\/\/sites.usp.br\/codage\/wp-content\/uploads\/sites\/264\/2017\/07\/VREA-CIRC-003-2014.pdf\">VREA-CIRC-003-2014<\/a> (Suspens\u00e3o de convoca\u00e7\u00f5es candidatos classificados em editais de contrata\u00e7\u00f5es CLT)<\/p>\n<p><a href=\"\/\/sites.usp.br\/codage\/wp-content\/uploads\/sites\/264\/2017\/07\/VREA-CIRC-001-2014.pdf\">VREA-CIRC-001-2014<\/a>(Entrega RAIS\/2013)<\/p>\n","protected":false},"excerpt":{"rendered":"<p>CODAGE-CIRC-030-2014 (Recolhimento de Documentos ao Arquivo Geral da USP) CODAGE-CIRC-028-2014 (Altera composi\u00e7\u00e3o Comiss\u00e3o Of\/CIRC\/CODAGE 11\/2014 &#8211; novo prazo realiza\u00e7\u00e3o trabalhos) CODAGE-CIRC-019-2014 (Cria\u00e7\u00e3o Comiss\u00e3o avalia\u00e7\u00e3o procedimentos relacionados \u00e0 Sa\u00fade e Segfuran\u00e7a Trabalho na USP) CODAGE-CIRC-016-2014&#46;&#46;&#46;<\/p>\n","protected":false},"author":400,"featured_media":0,"parent":540,"menu_order":17,"comment_status":"closed","ping_status":"closed","template":"","meta":{"footnotes":"","_links_to":"","_links_to_target":""},"class_list":["post-704","page","type-page","status-publish","hentry"],"_links":{"self":[{"href":"https:\/\/sites.usp.br\/codage\/wp-json\/wp\/v2\/pages\/704","targetHints":{"allow":["GET"]}}],"collection":[{"href":"https:\/\/sites.usp.br\/codage\/wp-json\/wp\/v2\/pages"}],"about":[{"href":"https:\/\/sites.usp.br\/codage\/wp-json\/wp\/v2\/types\/page"}],"author":[{"embeddable":true,"href":"https:\/\/sites.usp.br\/codage\/wp-json\/wp\/v2\/users\/400"}],"replies":[{"embeddable":true,"href":"https:\/\/sites.usp.br\/codage\/wp-json\/wp\/v2\/comments?post=704"}],"version-history":[{"count":4,"href":"https:\/\/sites.usp.br\/codage\/wp-json\/wp\/v2\/pages\/704\/revisions"}],"predecessor-version":[{"id":1907,"href":"https:\/\/sites.usp.br\/codage\/wp-json\/wp\/v2\/pages\/704\/revisions\/1907"}],"up":[{"embeddable":true,"href":"https:\/\/sites.usp.br\/codage\/wp-json\/wp\/v2\/pages\/540"}],"wp:attachment":[{"href":"https:\/\/sites.usp.br\/codage\/wp-json\/wp\/v2\/media?parent=704"}],"curies":[{"name":"wp","href":"https:\/\/api.w.org\/{rel}","templated":true}]}}