{"id":716,"date":"2017-07-14T11:57:55","date_gmt":"2017-07-14T13:57:55","guid":{"rendered":"http:\/\/sites.usp.br\/codage\/?page_id=716"},"modified":"2022-06-08T13:06:20","modified_gmt":"2022-06-08T15:06:20","slug":"circulares-2015","status":"publish","type":"page","link":"https:\/\/sites.usp.br\/codage\/comunicados\/circular-codage\/circulares-2015\/","title":{"rendered":"Circulares 2015"},"content":{"rendered":"<p>&nbsp;<\/p>\n<p><a href=\"\/\/sites.usp.br\/codage\/wp-content\/uploads\/sites\/264\/2017\/07\/CODAGE-CIRC-040-2015.pdf\">CODAGE-CIRC-040-2015<\/a> (Altera disposi\u00e7\u00f5es Termo Compromisso Of. VREA\/CIRC\/013\/2013- contrata\u00e7\u00e3o\/capacita\u00e7\u00e3o servidores)<\/p>\n<p><a href=\"\/\/sites.usp.br\/codage\/wp-content\/uploads\/sites\/264\/2017\/07\/CODAGE-CIRC-034-2015.pdf\">CODAGE-CIRC-034-2015<\/a> (Orienta\u00e7\u00e3o geral consulta rela\u00e7\u00e3o apenados publicada TCE\/SP)<\/p>\n<p><a href=\"\/\/sites.usp.br\/codage\/wp-content\/uploads\/sites\/264\/2017\/07\/CODAGE-CIRC-028-2015.pdf\">CODAGE-CIRC-028-2015<\/a> (Cancela e substitui of\u00edcio CODAGE\/CIRC\/025\/2015)<\/p>\n<p><a href=\"\/\/sites.usp.br\/codage\/wp-content\/uploads\/sites\/264\/2017\/07\/CODAGE-CIRC-027-2015.pdf\">CODAGE-CIRC-027-2015<\/a> (Programa de Mobilidade USP)<\/p>\n<p><a href=\"\/\/sites.usp.br\/codage\/wp-content\/uploads\/sites\/264\/2017\/07\/CODAGE-CIRC-026-2015.pdf\">CODAGE-CIRC-026-2015<\/a> (Elabora\u00e7\u00e3o de propostas aperfei\u00e7oamento procedimentos relacionados \u00e0 Seguran\u00e7a do Trabalho na USP)<\/p>\n<p><a href=\"\/\/sites.usp.br\/codage\/wp-content\/uploads\/sites\/264\/2017\/07\/CODAGE-CIRC-025-2015.pdf\">CODAGE-CIRC-025-2015 <\/a>\u00a0(A\u00e7\u00f5es para atender disposto Decreto Estadual 53336\/08 &#8211; PECPS)<\/p>\n<p><a href=\"\/\/sites.usp.br\/codage\/wp-content\/uploads\/sites\/264\/2017\/07\/CODAGE-CIRC-017-2015.pdf\">CODAGE-CIRC-017-2015<\/a> (Estabelecimento de prazo para corre\u00e7\u00e3o\/altera\u00e7\u00e3o frequ\u00eancia servidores t\u00e9cnico-administrativos)<\/p>\n<p><a href=\"\/\/sites.usp.br\/codage\/wp-content\/uploads\/sites\/264\/2017\/07\/CODAGE-CIRC-016-2015.pdf\">CODAGE-CIRC-016-2015<\/a> (Complemento of\u00edcio CODAGE\/CIRC\/009\/2006- trata necessidade curso especializa\u00e7\u00e3o transporte coletivo)<\/p>\n<p><a href=\"\/\/sites.usp.br\/codage\/wp-content\/uploads\/sites\/264\/2017\/07\/CODAGE-CIRC-015-2015.pdf\">CODAGE-CIRC-015-2015<\/a> (Programa Mobilidade USP &#8211; Cronograma s\u00e9rie videoconfer\u00eancias esclarecimento de d\u00favidas)<\/p>\n<p><a href=\"\/\/sites.usp.br\/codage\/wp-content\/uploads\/sites\/264\/2017\/07\/CODAGE-CIRC-013-2015.pdf\">CODAGE-CIRC-013-2015<\/a> (Contrato 17\/2015 &#8211; N\u00e3o prev\u00ea cobran\u00e7a taxa emiss\u00e3o 2\u00aa via cart\u00e3o Vale Alimenta\u00e7\u00e3o)<\/p>\n<p><a href=\"\/\/sites.usp.br\/codage\/wp-content\/uploads\/sites\/264\/2017\/07\/CODAGE-CIRC-011-2015.pdf\">CODAGE-CIRC-011-2015<\/a> (Consulta \u00e0s unidades sobre redu\u00e7\u00e3o da frota pr\u00f3pria veicular)<\/p>\n<p><a href=\"\/\/sites.usp.br\/codage\/wp-content\/uploads\/sites\/264\/2017\/07\/CODAGE-CIRC-008-2015.pdf\">CODAGE-CIRC-008-2015<\/a> (Cria\u00e7\u00e3o Centro Gerencial Pool &#8211; Servi\u00e7os de Transportes no Sistema Merc\u00fario Web)<\/p>\n<p><a href=\"\/\/sites.usp.br\/codage\/wp-content\/uploads\/sites\/264\/2017\/07\/CODAGE-CIRC-007-2015.pdf\">CODAGE-CIRC-007-2015<\/a> (Tabela valor limite pagamento Aux\u00edlio a Assessores Externos dentro do Programa de Avalia\u00e7\u00e3o Institucional USP)<\/p>\n<p><a href=\"\/\/sites.usp.br\/codage\/wp-content\/uploads\/sites\/264\/2017\/07\/CODAGE-CIRC-006-2015.pdf\">CODAGE-CIRC-006-2015<\/a> (Consulta Unidades porposta coopera\u00e7\u00e3o para amplia\u00e7\u00e3o quadro operacional Pool)<\/p>\n<p><a href=\"\/\/sites.usp.br\/codage\/wp-content\/uploads\/sites\/264\/2017\/07\/CODAGE-CIRC-002-2015.pdf\">CODAGE-CIRC-002-2015<\/a> (Documentos\/rela\u00e7\u00e3o equipamentos utilizados por funcion\u00e1rios que realizam trabalho em altura)<\/p>\n<p>&nbsp;<\/p>\n<p>&nbsp;<\/p>\n<p>&nbsp;<\/p>\n<p>&nbsp;<\/p>\n<p>&nbsp;<\/p>\n<p>&nbsp;<\/p>\n<p>&nbsp;<\/p>\n<p>&nbsp;<\/p>\n<p>&nbsp;<\/p>\n<p>&nbsp;<\/p>\n<p>&nbsp;<\/p>\n<p>&nbsp;<\/p>\n","protected":false},"excerpt":{"rendered":"<p>&nbsp; CODAGE-CIRC-040-2015 (Altera disposi\u00e7\u00f5es Termo Compromisso Of. VREA\/CIRC\/013\/2013- contrata\u00e7\u00e3o\/capacita\u00e7\u00e3o servidores) CODAGE-CIRC-034-2015 (Orienta\u00e7\u00e3o geral consulta rela\u00e7\u00e3o apenados publicada TCE\/SP) CODAGE-CIRC-028-2015 (Cancela e substitui of\u00edcio CODAGE\/CIRC\/025\/2015) CODAGE-CIRC-027-2015 (Programa de Mobilidade USP) CODAGE-CIRC-026-2015 (Elabora\u00e7\u00e3o de propostas aperfei\u00e7oamento&#46;&#46;&#46;<\/p>\n","protected":false},"author":400,"featured_media":0,"parent":540,"menu_order":13,"comment_status":"closed","ping_status":"closed","template":"","meta":{"footnotes":"","_links_to":"","_links_to_target":""},"class_list":["post-716","page","type-page","status-publish","hentry"],"_links":{"self":[{"href":"https:\/\/sites.usp.br\/codage\/wp-json\/wp\/v2\/pages\/716","targetHints":{"allow":["GET"]}}],"collection":[{"href":"https:\/\/sites.usp.br\/codage\/wp-json\/wp\/v2\/pages"}],"about":[{"href":"https:\/\/sites.usp.br\/codage\/wp-json\/wp\/v2\/types\/page"}],"author":[{"embeddable":true,"href":"https:\/\/sites.usp.br\/codage\/wp-json\/wp\/v2\/users\/400"}],"replies":[{"embeddable":true,"href":"https:\/\/sites.usp.br\/codage\/wp-json\/wp\/v2\/comments?post=716"}],"version-history":[{"count":4,"href":"https:\/\/sites.usp.br\/codage\/wp-json\/wp\/v2\/pages\/716\/revisions"}],"predecessor-version":[{"id":1896,"href":"https:\/\/sites.usp.br\/codage\/wp-json\/wp\/v2\/pages\/716\/revisions\/1896"}],"up":[{"embeddable":true,"href":"https:\/\/sites.usp.br\/codage\/wp-json\/wp\/v2\/pages\/540"}],"wp:attachment":[{"href":"https:\/\/sites.usp.br\/codage\/wp-json\/wp\/v2\/media?parent=716"}],"curies":[{"name":"wp","href":"https:\/\/api.w.org\/{rel}","templated":true}]}}