{"id":733,"date":"2017-07-14T12:01:05","date_gmt":"2017-07-14T14:01:05","guid":{"rendered":"http:\/\/sites.usp.br\/codage\/?page_id=733"},"modified":"2022-04-26T16:17:25","modified_gmt":"2022-04-26T18:17:25","slug":"circulares-2016","status":"publish","type":"page","link":"https:\/\/sites.usp.br\/codage\/comunicados\/circular-codage\/circulares-2016\/","title":{"rendered":"Circulares 2016"},"content":{"rendered":"<p><a href=\"\/\/sites.usp.br\/codage\/wp-content\/uploads\/sites\/264\/2017\/07\/CODAGE-CIRC-065-2016.pdf\">CODAGE-CIRC-065-2016<\/a>&#8211; (Atualiza\u00e7\u00e3o de cadastro no Sistema MarteWeb)<\/p>\n<p><a href=\"\/\/sites.usp.br\/codage\/wp-content\/uploads\/sites\/264\/2017\/07\/CODAGE-CIRC-063-2016.pdf\">CODAGE-CIRC-063-2016<\/a> &#8211; (Procedimentos ap\u00f3s efetiva implanta\u00e7\u00e3o do Sistema de Malotes Unificados)<\/p>\n<p><a href=\"\/\/sites.usp.br\/codage\/wp-content\/uploads\/sites\/264\/2017\/07\/CODAGE-CIRC-062-2016.pdf\">CODAGE-CIRC-062-2016<\/a> &#8211; (Reporta ao CODAGE-Circ-033-2016 &#8211; Cadastro AUDESP e E-TCESP)<\/p>\n<p><a href=\"\/\/sites.usp.br\/codage\/wp-content\/uploads\/sites\/264\/2017\/07\/CODAGE-CIRC-054-2016.pdf\">CODAGE-CIRC-054-2016<\/a> &#8211; (Aquisi\u00e7\u00e3o dos REP das Unidades\/\u00d3rg\u00e3os remanescentes que n\u00e3o fizeram parte do Projeto Piloto)<\/p>\n<p><a href=\"\/\/sites.usp.br\/codage\/wp-content\/uploads\/sites\/264\/2017\/07\/CODAGE-CIRC-051-2016.pdf\">CODAGE-CIRC-051-2016<\/a> &#8211; (Regras e procedimentos para padroniza\u00e7\u00e3o e amplia\u00e7\u00e3o do cadastro de locais na USP)<\/p>\n<p><a href=\"\/\/sites.usp.br\/codage\/wp-content\/uploads\/sites\/264\/2017\/07\/CODAGE-CIRC-045-2016.pdf\">CODAGE-CIRC-045-2016<\/a> &#8211; (Informa\u00e7\u00f5es complementares s\/procedimentos p\/ implanta\u00e7\u00e3o do Sistema de Malotes Unificados)<\/p>\n<p><a href=\"\/\/sites.usp.br\/codage\/wp-content\/uploads\/sites\/264\/2017\/07\/CODAGE-CIRC-040-2016.pdf\">CODAGE-CIRC-040-2016<\/a> &#8211; (Prorroga\u00e7\u00e3o de prazo cadastro de forma prec\u00e1ria e emergencial das designa\u00e7\u00f5es pelo DRH)<\/p>\n<p><a href=\"\/\/sites.usp.br\/codage\/wp-content\/uploads\/sites\/264\/2017\/07\/CODAGE-CIRC-036-2016.pdf\">CODAGE-CIRC-036-2016<\/a> &#8211; (Cadastro de bens\/itens diretamente no sistema de Materiais Siafisico Net)<\/p>\n<p><a href=\"\/\/sites.usp.br\/codage\/wp-content\/uploads\/sites\/264\/2017\/07\/CODAGE-CIRC-035-2016.pdf\">CODAGE-CIRC-035-2016<\/a> &#8211; (Altera disposi\u00e7\u00f5es do Termo de Compromisso ref. capacita\u00e7\u00e3o de servidores t\u00e9cnico-administrativos)<\/p>\n<p><a href=\"\/\/sites.usp.br\/codage\/wp-content\/uploads\/sites\/264\/2017\/07\/CODAGE-CIRC-034-2016.pdf\">CODAGE-CIRC-034-2016<\/a> &#8211; (Apresentando o Sistema de Malotes Unificados)<\/p>\n<p><a href=\"\/\/sites.usp.br\/codage\/wp-content\/uploads\/sites\/264\/2017\/07\/CODAGE-CIRC-033-2016.pdf\">CODAGE-CIRC-033-2016<\/a> &#8211; (Orienta\u00e7\u00f5es Gerais da Fase IV Sistema AUDESP e e-TCESP)<\/p>\n<p><a href=\"\/\/sites.usp.br\/codage\/wp-content\/uploads\/sites\/264\/2017\/07\/CODAGE-CIRC-032-2016.pdf\">CODAGE-CIRC-032-2016<\/a> &#8211; (Objetivando padronizar aquisi\u00e7\u00e3o de passagens a\u00e9reas no \u00e2mbito da USP)<\/p>\n<p><a href=\"\/\/sites.usp.br\/codage\/wp-content\/uploads\/sites\/264\/2017\/07\/CODAGE-CIRC-023_2016.pdf\">CODAGE-CIRC-<\/a><a href=\"\/\/sites.usp.br\/codage\/wp-content\/uploads\/sites\/264\/2017\/07\/CODAGE-CIRC-023_2016.pdf\">023_2016<\/a> &#8211; (Extin\u00e7\u00e3o Comiss\u00e3o criada pelo of\u00edcio CODAGE\/CIRC\/019\/2014)<\/p>\n<p><a href=\"\/\/sites.usp.br\/codage\/wp-content\/uploads\/sites\/264\/2017\/07\/CODAGE-CIRC-003-2016.pdf\">CODAGE-CIRC-003-2016<\/a> &#8211; (Consulta sobre redu\u00e7\u00e3o de frota de ve\u00edculos)<\/p>\n<p><a href=\"\/\/sites.usp.br\/codage\/wp-content\/uploads\/sites\/264\/2017\/07\/CODAGE-CIRC-001-2016.pdf\">CODAGE-CIRC-001-2016<\/a> &#8211; (Solicita informa\u00e7\u00e3o sobre quantidade e localiza\u00e7\u00e3o dos REP)<\/p>\n<p>&nbsp;<\/p>\n<p>&nbsp;<\/p>\n<p>&nbsp;<\/p>\n<p>&nbsp;<\/p>\n<p>&nbsp;<\/p>\n<p>&nbsp;<\/p>\n<p>&nbsp;<\/p>\n<p>&nbsp;<\/p>\n<p>&nbsp;<\/p>\n<p>&nbsp;<\/p>\n<p>&nbsp;<\/p>\n<p>&nbsp;<\/p>\n<p>&nbsp;<\/p>\n<p>&nbsp;<\/p>\n<p>&nbsp;<\/p>\n<p>&nbsp;<\/p>\n","protected":false},"excerpt":{"rendered":"<p>CODAGE-CIRC-065-2016&#8211; (Atualiza\u00e7\u00e3o de cadastro no Sistema MarteWeb) CODAGE-CIRC-063-2016 &#8211; (Procedimentos ap\u00f3s efetiva implanta\u00e7\u00e3o do Sistema de Malotes Unificados) CODAGE-CIRC-062-2016 &#8211; (Reporta ao CODAGE-Circ-033-2016 &#8211; Cadastro AUDESP e E-TCESP) CODAGE-CIRC-054-2016 &#8211; (Aquisi\u00e7\u00e3o dos REP das&#46;&#46;&#46;<\/p>\n","protected":false},"author":400,"featured_media":0,"parent":540,"menu_order":12,"comment_status":"closed","ping_status":"closed","template":"","meta":{"footnotes":"","_links_to":"","_links_to_target":""},"class_list":["post-733","page","type-page","status-publish","hentry"],"_links":{"self":[{"href":"https:\/\/sites.usp.br\/codage\/wp-json\/wp\/v2\/pages\/733","targetHints":{"allow":["GET"]}}],"collection":[{"href":"https:\/\/sites.usp.br\/codage\/wp-json\/wp\/v2\/pages"}],"about":[{"href":"https:\/\/sites.usp.br\/codage\/wp-json\/wp\/v2\/types\/page"}],"author":[{"embeddable":true,"href":"https:\/\/sites.usp.br\/codage\/wp-json\/wp\/v2\/users\/400"}],"replies":[{"embeddable":true,"href":"https:\/\/sites.usp.br\/codage\/wp-json\/wp\/v2\/comments?post=733"}],"version-history":[{"count":5,"href":"https:\/\/sites.usp.br\/codage\/wp-json\/wp\/v2\/pages\/733\/revisions"}],"predecessor-version":[{"id":1798,"href":"https:\/\/sites.usp.br\/codage\/wp-json\/wp\/v2\/pages\/733\/revisions\/1798"}],"up":[{"embeddable":true,"href":"https:\/\/sites.usp.br\/codage\/wp-json\/wp\/v2\/pages\/540"}],"wp:attachment":[{"href":"https:\/\/sites.usp.br\/codage\/wp-json\/wp\/v2\/media?parent=733"}],"curies":[{"name":"wp","href":"https:\/\/api.w.org\/{rel}","templated":true}]}}