{"id":751,"date":"2017-07-14T12:02:56","date_gmt":"2017-07-14T14:02:56","guid":{"rendered":"http:\/\/sites.usp.br\/codage\/?page_id=751"},"modified":"2022-04-26T15:20:08","modified_gmt":"2022-04-26T17:20:08","slug":"circulares-2017","status":"publish","type":"page","link":"https:\/\/sites.usp.br\/codage\/comunicados\/circular-codage\/circulares-2017\/","title":{"rendered":"Circulares 2017"},"content":{"rendered":"<p><a href=\"https:\/\/sites.usp.br\/codage\/wp-content\/uploads\/sites\/264\/2021\/09\/CODAGE-CIRC-035-2017.pdf\">CODAGE-CIRC-035-2017<\/a> &#8211; (Novos Fluxos e melhoria em fluxos existentes Sistema Marte Web)<\/p>\n<p><a href=\"https:\/\/sites.usp.br\/codage\/wp-content\/uploads\/sites\/264\/2021\/09\/CODAGE-CIRC-034-2017.pdf\">CODAGE-CIRC-034-2017<\/a> &#8211; (Adequa\u00e7\u00e3o de rotinas dando cumprimento \u00e0s disposi\u00e7\u00f5es da\u00a0 Lei 13.467\/2017)<\/p>\n<p><a href=\"\/\/sites.usp.br\/codage\/wp-content\/uploads\/sites\/264\/2017\/07\/CODAGE-CIRC-028-2017.pdf\">CODAGE-CIRC-028-2017<\/a> -(Adicional de insalubridade de acordo com Conven\u00e7\u00e3o Coletiva 2017\/2018 da SIEMACO\/SEAC &#8220;Agente de Higieniza\u00e7\u00e3o&#8221;)<\/p>\n<p><a href=\"\/\/sites.usp.br\/codage\/wp-content\/uploads\/sites\/264\/2017\/07\/CODAGE-CIRC-011-2017.pdf\">CODAGE-CIRC-011-2017<\/a> &#8211; (Esclarecimentos relativos aos dispositivos da Lei 13.287\/2016)<\/p>\n<p><a href=\"\/\/sites.usp.br\/codage\/wp-content\/uploads\/sites\/264\/2017\/07\/CODAGE-CIRC-006-2017.pdf\">CODAGE-CIRC-006-2017<\/a> &#8211; (Aviso sobre assinatura contrato empresa fornecedora dos REP)<\/p>\n<p><a href=\"\/\/sites.usp.br\/codage\/wp-content\/uploads\/sites\/264\/2017\/07\/CODAGE-CIRC-005-2017.pdf\">CODAGE-CIRC-005-2017<\/a> &#8211; (Informa\u00e7\u00e3o sobre abertura procedimento licitat\u00f3rio contrata\u00e7\u00e3o empresa Reprografia Corporativa)<\/p>\n<p>&nbsp;<\/p>\n<h4><\/h4>\n","protected":false},"excerpt":{"rendered":"<p>CODAGE-CIRC-035-2017 &#8211; (Novos Fluxos e melhoria em fluxos existentes Sistema Marte Web) CODAGE-CIRC-034-2017 &#8211; (Adequa\u00e7\u00e3o de rotinas dando cumprimento \u00e0s disposi\u00e7\u00f5es da\u00a0 Lei 13.467\/2017) CODAGE-CIRC-028-2017 -(Adicional de insalubridade de acordo com Conven\u00e7\u00e3o Coletiva 2017\/2018&#46;&#46;&#46;<\/p>\n","protected":false},"author":400,"featured_media":0,"parent":540,"menu_order":11,"comment_status":"closed","ping_status":"closed","template":"","meta":{"footnotes":"","_links_to":"","_links_to_target":""},"class_list":["post-751","page","type-page","status-publish","hentry"],"_links":{"self":[{"href":"https:\/\/sites.usp.br\/codage\/wp-json\/wp\/v2\/pages\/751","targetHints":{"allow":["GET"]}}],"collection":[{"href":"https:\/\/sites.usp.br\/codage\/wp-json\/wp\/v2\/pages"}],"about":[{"href":"https:\/\/sites.usp.br\/codage\/wp-json\/wp\/v2\/types\/page"}],"author":[{"embeddable":true,"href":"https:\/\/sites.usp.br\/codage\/wp-json\/wp\/v2\/users\/400"}],"replies":[{"embeddable":true,"href":"https:\/\/sites.usp.br\/codage\/wp-json\/wp\/v2\/comments?post=751"}],"version-history":[{"count":5,"href":"https:\/\/sites.usp.br\/codage\/wp-json\/wp\/v2\/pages\/751\/revisions"}],"predecessor-version":[{"id":1774,"href":"https:\/\/sites.usp.br\/codage\/wp-json\/wp\/v2\/pages\/751\/revisions\/1774"}],"up":[{"embeddable":true,"href":"https:\/\/sites.usp.br\/codage\/wp-json\/wp\/v2\/pages\/540"}],"wp:attachment":[{"href":"https:\/\/sites.usp.br\/codage\/wp-json\/wp\/v2\/media?parent=751"}],"curies":[{"name":"wp","href":"https:\/\/api.w.org\/{rel}","templated":true}]}}